{"id":26781,"date":"2021-11-05T02:01:37","date_gmt":"2021-11-05T02:01:37","guid":{"rendered":"https:\/\/mouldking.store\/?post_type=product&#038;p=26781"},"modified":"2021-12-23T09:40:50","modified_gmt":"2021-12-23T09:40:50","slug":"k-box-10220-porsche-964-with-2435-pieces","status":"publish","type":"product","link":"https:\/\/mouldking.store\/de\/shop\/k-box-10220-porsche-964-with-2435-pieces\/","title":{"rendered":"K-BOX 10220 Porsche 964 mit 2435 Teilen"},"content":{"rendered":"<p>Produktinformation:<\/p>\n<ol>\n<li>Marke: K-BOX<\/li>\n<li>Geschlecht: Unisex<\/li>\n<li>Name: Porsche 964<\/li>\n<li>Altersspanne: &gt; 14 Jahre alt<\/li>\n<li>Model Number: 10220<\/li>\n<li>Einstufung: Assemblage<\/li>\n<li>Kunststoffblockform: Selbstsichernde Steine<\/li>\n<li>Material: Kunststoff<\/li>\n<li>Kunststofftyp: ABS<\/li>\n<li>Bricks Blocks: 2435 PCS<\/li>\n<li>Enth\u00e4lt eine ausf\u00fchrliche Montageanleitung.<\/li>\n<\/ol>\n<p>Notiz:<br \/>\n1. Ohne Originalverpackung, aber wir garantieren, dass unsere Produkte eine Qualit\u00e4tssicherung und eine sch\u00f6ne Verpackung haben.<br \/>\n2. Wie alle Teile, die wir vor dem Versand \u00fcberpr\u00fcft haben, machen Sie sich keine Sorgen, wenn Sie feststellen, dass einige Teile fehlen oder besch\u00e4digt sind, und kontaktieren Sie uns einfach, und wir k\u00f6nnen sie Ihnen umgehend kostenlos erneut zusenden.<\/p>\n<p>&nbsp;<\/p>\n<figure id=\"attachment_26784\" aria-describedby=\"caption-attachment-26784\" style=\"width: 800px\" class=\"wp-caption aligncenter\"><img fetchpriority=\"high\" decoding=\"async\" class=\"wp-image-26784 size-full\" src=\"https:\/\/mouldking.store\/wp-content\/uploads\/2021\/11\/K-BOX-10220-Porsche-964-with-2435-pieces-1.jpg\" alt=\"K-BOX 10220 Porsche 964 with 2435 pieces\" width=\"800\" height=\"800\" title=\"-\" srcset=\"https:\/\/mouldking.store\/wp-content\/uploads\/2021\/11\/K-BOX-10220-Porsche-964-with-2435-pieces-1.jpg 800w, https:\/\/mouldking.store\/wp-content\/uploads\/2021\/11\/K-BOX-10220-Porsche-964-with-2435-pieces-1-300x300.jpg 300w, https:\/\/mouldking.store\/wp-content\/uploads\/2021\/11\/K-BOX-10220-Porsche-964-with-2435-pieces-1-768x768.jpg 768w, https:\/\/mouldking.store\/wp-content\/uploads\/2021\/11\/K-BOX-10220-Porsche-964-with-2435-pieces-1-600x600.jpg 600w, https:\/\/mouldking.store\/wp-content\/uploads\/2021\/11\/K-BOX-10220-Porsche-964-with-2435-pieces-1-150x150.jpg 150w\" sizes=\"(max-width: 800px) 100vw, 800px\" \/><figcaption id=\"caption-attachment-26784\" class=\"wp-caption-text\">K-BOX 10220 Porsche 964 mit 2435 Teilen<\/figcaption><\/figure>\n<figure id=\"attachment_26790\" aria-describedby=\"caption-attachment-26790\" style=\"width: 801px\" class=\"wp-caption aligncenter\"><img decoding=\"async\" class=\"wp-image-26790 size-full\" src=\"https:\/\/mouldking.store\/wp-content\/uploads\/2021\/11\/K-BOX-10220-Porsche-964-with-2435-pieces-7.jpg\" alt=\"K-BOX 10220 Porsche 964 with 2435 pieces\" width=\"801\" height=\"800\" title=\"-\" srcset=\"https:\/\/mouldking.store\/wp-content\/uploads\/2021\/11\/K-BOX-10220-Porsche-964-with-2435-pieces-7.jpg 801w, https:\/\/mouldking.store\/wp-content\/uploads\/2021\/11\/K-BOX-10220-Porsche-964-with-2435-pieces-7-300x300.jpg 300w, https:\/\/mouldking.store\/wp-content\/uploads\/2021\/11\/K-BOX-10220-Porsche-964-with-2435-pieces-7-768x767.jpg 768w, https:\/\/mouldking.store\/wp-content\/uploads\/2021\/11\/K-BOX-10220-Porsche-964-with-2435-pieces-7-600x599.jpg 600w, https:\/\/mouldking.store\/wp-content\/uploads\/2021\/11\/K-BOX-10220-Porsche-964-with-2435-pieces-7-150x150.jpg 150w\" sizes=\"(max-width: 801px) 100vw, 801px\" \/><figcaption id=\"caption-attachment-26790\" class=\"wp-caption-text\">K-BOX 10220 Porsche 964 mit 2435 Teilen<\/figcaption><\/figure>\n<figure id=\"attachment_26788\" aria-describedby=\"caption-attachment-26788\" style=\"width: 801px\" class=\"wp-caption aligncenter\"><img decoding=\"async\" class=\"wp-image-26788 size-full\" src=\"https:\/\/mouldking.store\/wp-content\/uploads\/2021\/11\/K-BOX-10220-Porsche-964-with-2435-pieces-5.jpg\" alt=\"K-BOX 10220 Porsche 964 with 2435 pieces\" width=\"801\" height=\"800\" title=\"-\" srcset=\"https:\/\/mouldking.store\/wp-content\/uploads\/2021\/11\/K-BOX-10220-Porsche-964-with-2435-pieces-5.jpg 801w, https:\/\/mouldking.store\/wp-content\/uploads\/2021\/11\/K-BOX-10220-Porsche-964-with-2435-pieces-5-300x300.jpg 300w, https:\/\/mouldking.store\/wp-content\/uploads\/2021\/11\/K-BOX-10220-Porsche-964-with-2435-pieces-5-768x767.jpg 768w, https:\/\/mouldking.store\/wp-content\/uploads\/2021\/11\/K-BOX-10220-Porsche-964-with-2435-pieces-5-600x599.jpg 600w, https:\/\/mouldking.store\/wp-content\/uploads\/2021\/11\/K-BOX-10220-Porsche-964-with-2435-pieces-5-150x150.jpg 150w\" sizes=\"(max-width: 801px) 100vw, 801px\" \/><figcaption id=\"caption-attachment-26788\" class=\"wp-caption-text\">K-BOX 10220 Porsche 964 mit 2435 Teilen<\/figcaption><\/figure>\n<figure id=\"attachment_26789\" aria-describedby=\"caption-attachment-26789\" style=\"width: 801px\" class=\"wp-caption aligncenter\"><img loading=\"lazy\" decoding=\"async\" class=\"wp-image-26789 size-full\" src=\"https:\/\/mouldking.store\/wp-content\/uploads\/2021\/11\/K-BOX-10220-Porsche-964-with-2435-pieces-6.jpg\" alt=\"K-BOX 10220 Porsche 964 with 2435 pieces\" width=\"801\" height=\"800\" title=\"-\" srcset=\"https:\/\/mouldking.store\/wp-content\/uploads\/2021\/11\/K-BOX-10220-Porsche-964-with-2435-pieces-6.jpg 801w, https:\/\/mouldking.store\/wp-content\/uploads\/2021\/11\/K-BOX-10220-Porsche-964-with-2435-pieces-6-300x300.jpg 300w, https:\/\/mouldking.store\/wp-content\/uploads\/2021\/11\/K-BOX-10220-Porsche-964-with-2435-pieces-6-768x767.jpg 768w, https:\/\/mouldking.store\/wp-content\/uploads\/2021\/11\/K-BOX-10220-Porsche-964-with-2435-pieces-6-600x599.jpg 600w, https:\/\/mouldking.store\/wp-content\/uploads\/2021\/11\/K-BOX-10220-Porsche-964-with-2435-pieces-6-150x150.jpg 150w\" sizes=\"(max-width: 801px) 100vw, 801px\" \/><figcaption id=\"caption-attachment-26789\" class=\"wp-caption-text\">K-BOX 10220 Porsche 964 mit 2435 Teilen<\/figcaption><\/figure>\n<figure id=\"attachment_26787\" aria-describedby=\"caption-attachment-26787\" style=\"width: 800px\" class=\"wp-caption aligncenter\"><img loading=\"lazy\" decoding=\"async\" class=\"wp-image-26787 size-full\" src=\"https:\/\/mouldking.store\/wp-content\/uploads\/2021\/11\/K-BOX-10220-Porsche-964-with-2435-pieces-4.jpg\" alt=\"K-BOX 10220 Porsche 964 with 2435 pieces\" width=\"800\" height=\"800\" title=\"-\" srcset=\"https:\/\/mouldking.store\/wp-content\/uploads\/2021\/11\/K-BOX-10220-Porsche-964-with-2435-pieces-4.jpg 800w, https:\/\/mouldking.store\/wp-content\/uploads\/2021\/11\/K-BOX-10220-Porsche-964-with-2435-pieces-4-300x300.jpg 300w, https:\/\/mouldking.store\/wp-content\/uploads\/2021\/11\/K-BOX-10220-Porsche-964-with-2435-pieces-4-768x768.jpg 768w, https:\/\/mouldking.store\/wp-content\/uploads\/2021\/11\/K-BOX-10220-Porsche-964-with-2435-pieces-4-600x600.jpg 600w, https:\/\/mouldking.store\/wp-content\/uploads\/2021\/11\/K-BOX-10220-Porsche-964-with-2435-pieces-4-150x150.jpg 150w\" sizes=\"(max-width: 800px) 100vw, 800px\" \/><figcaption id=\"caption-attachment-26787\" class=\"wp-caption-text\">K-BOX 10220 Porsche 964 mit 2435 Teilen<\/figcaption><\/figure>\n<figure id=\"attachment_26785\" aria-describedby=\"caption-attachment-26785\" style=\"width: 800px\" class=\"wp-caption aligncenter\"><img loading=\"lazy\" decoding=\"async\" class=\"wp-image-26785 size-full\" src=\"https:\/\/mouldking.store\/wp-content\/uploads\/2021\/11\/K-BOX-10220-Porsche-964-with-2435-pieces-2.jpg\" alt=\"K-BOX 10220 Porsche 964 with 2435 pieces\" width=\"800\" height=\"902\" title=\"-\" srcset=\"https:\/\/mouldking.store\/wp-content\/uploads\/2021\/11\/K-BOX-10220-Porsche-964-with-2435-pieces-2.jpg 800w, https:\/\/mouldking.store\/wp-content\/uploads\/2021\/11\/K-BOX-10220-Porsche-964-with-2435-pieces-2-266x300.jpg 266w, https:\/\/mouldking.store\/wp-content\/uploads\/2021\/11\/K-BOX-10220-Porsche-964-with-2435-pieces-2-768x866.jpg 768w, https:\/\/mouldking.store\/wp-content\/uploads\/2021\/11\/K-BOX-10220-Porsche-964-with-2435-pieces-2-300x338.jpg 300w, https:\/\/mouldking.store\/wp-content\/uploads\/2021\/11\/K-BOX-10220-Porsche-964-with-2435-pieces-2-600x677.jpg 600w, https:\/\/mouldking.store\/wp-content\/uploads\/2021\/11\/K-BOX-10220-Porsche-964-with-2435-pieces-2-133x150.jpg 133w\" sizes=\"(max-width: 800px) 100vw, 800px\" \/><figcaption id=\"caption-attachment-26785\" class=\"wp-caption-text\">K-BOX 10220 Porsche 964 mit 2435 Teilen<\/figcaption><\/figure>\n<figure id=\"attachment_26786\" aria-describedby=\"caption-attachment-26786\" style=\"width: 800px\" class=\"wp-caption aligncenter\"><img loading=\"lazy\" decoding=\"async\" class=\"wp-image-26786 size-full\" src=\"https:\/\/mouldking.store\/wp-content\/uploads\/2021\/11\/K-BOX-10220-Porsche-964-with-2435-pieces-3.jpg\" alt=\"K-BOX 10220 Porsche 964 with 2435 pieces\" width=\"800\" height=\"800\" title=\"-\" srcset=\"https:\/\/mouldking.store\/wp-content\/uploads\/2021\/11\/K-BOX-10220-Porsche-964-with-2435-pieces-3.jpg 800w, https:\/\/mouldking.store\/wp-content\/uploads\/2021\/11\/K-BOX-10220-Porsche-964-with-2435-pieces-3-300x300.jpg 300w, https:\/\/mouldking.store\/wp-content\/uploads\/2021\/11\/K-BOX-10220-Porsche-964-with-2435-pieces-3-768x768.jpg 768w, https:\/\/mouldking.store\/wp-content\/uploads\/2021\/11\/K-BOX-10220-Porsche-964-with-2435-pieces-3-600x600.jpg 600w, https:\/\/mouldking.store\/wp-content\/uploads\/2021\/11\/K-BOX-10220-Porsche-964-with-2435-pieces-3-150x150.jpg 150w\" sizes=\"(max-width: 800px) 100vw, 800px\" \/><figcaption id=\"caption-attachment-26786\" class=\"wp-caption-text\">K-BOX 10220 Porsche 964 mit 2435 Teilen<\/figcaption><\/figure>","protected":false},"excerpt":{"rendered":"<p>Product information: Brand: K-BOX Gender: Unisex Name: Porsche 964 Age Range: &gt; 14 years old Model Number: 10220 Classification: Assemblage Plastic Block Shape: Self-Locking Bricks Material: Plastic Plastic Type: ABS Bricks Blocks: 2435 PCS Contains detailed assembly instructions. Notice: 1. Without an original box, but we guarantee our products have quality assurance and nice packaging. [&hellip;]<\/p>","protected":false},"featured_media":26784,"comment_status":"open","ping_status":"closed","template":"","meta":{"_acf_changed":false},"product_cat":[364],"product_tag":[3228,3231,3227,3230,2754,3229],"class_list":["product","first","instock","shipping-taxable","purchasable","product-type-variable"],"acf":[],"_links":{"self":[{"href":"https:\/\/mouldking.store\/de\/wp-json\/wp\/v2\/product\/26781","targetHints":{"allow":["GET"]}}],"collection":[{"href":"https:\/\/mouldking.store\/de\/wp-json\/wp\/v2\/product"}],"about":[{"href":"https:\/\/mouldking.store\/de\/wp-json\/wp\/v2\/types\/product"}],"replies":[{"embeddable":true,"href":"https:\/\/mouldking.store\/de\/wp-json\/wp\/v2\/comments?post=26781"}],"wp:featuredmedia":[{"embeddable":true,"href":"https:\/\/mouldking.store\/de\/wp-json\/wp\/v2\/media\/26784"}],"wp:attachment":[{"href":"https:\/\/mouldking.store\/de\/wp-json\/wp\/v2\/media?parent=26781"}],"wp:term":[{"taxonomy":"product_cat","embeddable":true,"href":"https:\/\/mouldking.store\/de\/wp-json\/wp\/v2\/product_cat?post=26781"},{"taxonomy":"product_tag","embeddable":true,"href":"https:\/\/mouldking.store\/de\/wp-json\/wp\/v2\/product_tag?post=26781"}],"curies":[{"name":"wp","href":"https:\/\/api.w.org\/{rel}","templated":true}]}}