{"id":26783,"date":"2021-11-05T02:06:02","date_gmt":"2021-11-05T02:06:02","guid":{"rendered":"https:\/\/mouldking.store\/?post_type=product&#038;p=26783"},"modified":"2021-12-23T09:40:50","modified_gmt":"2021-12-23T09:40:50","slug":"tgl-t5005-super-car-488-with-3608-pieces","status":"publish","type":"product","link":"https:\/\/mouldking.store\/de\/shop\/tgl-t5005-super-car-488-with-3608-pieces\/","title":{"rendered":"TGL T5005 Super Car 488 mit 3608 Teilen"},"content":{"rendered":"<p>Produktinformation:<\/p>\n<ol>\n<li>Marke: TGL<\/li>\n<li>Geschlecht: Unisex<\/li>\n<li>Name: Super Car 488<\/li>\n<li>Altersspanne: &gt; 6 Jahre alt<\/li>\n<li>Model Number: T5005<\/li>\n<li>Einstufung: Assemblage<\/li>\n<li>Kunststoffblockform: Selbstsichernde Steine<\/li>\n<li>Material: Kunststoff<\/li>\n<li>Kunststofftyp: ABS<\/li>\n<li>Bricks Blocks: 3608 PCS<\/li>\n<li>Enth\u00e4lt eine ausf\u00fchrliche Montageanleitung.<\/li>\n<\/ol>\n<p>Notiz:<br \/>\n1. Ohne Originalverpackung, aber wir garantieren, dass unsere Produkte eine Qualit\u00e4tssicherung und eine sch\u00f6ne Verpackung haben.<br \/>\n2. Wie alle Teile, die wir vor dem Versand \u00fcberpr\u00fcft haben, machen Sie sich keine Sorgen, wenn Sie feststellen, dass einige Teile fehlen oder besch\u00e4digt sind, und kontaktieren Sie uns einfach, und wir k\u00f6nnen sie Ihnen umgehend kostenlos erneut zusenden.<\/p>\n<figure id=\"attachment_26801\" aria-describedby=\"caption-attachment-26801\" style=\"width: 800px\" class=\"wp-caption aligncenter\"><img fetchpriority=\"high\" decoding=\"async\" class=\"wp-image-26801 size-full\" src=\"https:\/\/mouldking.store\/wp-content\/uploads\/2021\/11\/TGL-T5005-Super-Car-488-with-3608-pieces-4.jpg\" alt=\"TGL T5005 Super Car 488 with 3608 pieces\" width=\"800\" height=\"800\" title=\"-\" srcset=\"https:\/\/mouldking.store\/wp-content\/uploads\/2021\/11\/TGL-T5005-Super-Car-488-with-3608-pieces-4.jpg 800w, https:\/\/mouldking.store\/wp-content\/uploads\/2021\/11\/TGL-T5005-Super-Car-488-with-3608-pieces-4-300x300.jpg 300w, https:\/\/mouldking.store\/wp-content\/uploads\/2021\/11\/TGL-T5005-Super-Car-488-with-3608-pieces-4-768x768.jpg 768w, https:\/\/mouldking.store\/wp-content\/uploads\/2021\/11\/TGL-T5005-Super-Car-488-with-3608-pieces-4-600x600.jpg 600w, https:\/\/mouldking.store\/wp-content\/uploads\/2021\/11\/TGL-T5005-Super-Car-488-with-3608-pieces-4-150x150.jpg 150w\" sizes=\"(max-width: 800px) 100vw, 800px\" \/><figcaption id=\"caption-attachment-26801\" class=\"wp-caption-text\">TGL T5005 Super Car 488 mit 3608 Teilen<\/figcaption><\/figure>\n<figure id=\"attachment_26793\" aria-describedby=\"caption-attachment-26793\" style=\"width: 800px\" class=\"wp-caption aligncenter\"><img decoding=\"async\" class=\"wp-image-26793 size-full\" src=\"https:\/\/mouldking.store\/wp-content\/uploads\/2021\/11\/TGL-T5005-Super-Car-488-with-3608-pieces-1.png\" alt=\"TGL T5005 Super Car 488 with 3608 pieces\" width=\"800\" height=\"800\" title=\"-\" srcset=\"https:\/\/mouldking.store\/wp-content\/uploads\/2021\/11\/TGL-T5005-Super-Car-488-with-3608-pieces-1.png 800w, https:\/\/mouldking.store\/wp-content\/uploads\/2021\/11\/TGL-T5005-Super-Car-488-with-3608-pieces-1-300x300.png 300w, https:\/\/mouldking.store\/wp-content\/uploads\/2021\/11\/TGL-T5005-Super-Car-488-with-3608-pieces-1-768x768.png 768w, https:\/\/mouldking.store\/wp-content\/uploads\/2021\/11\/TGL-T5005-Super-Car-488-with-3608-pieces-1-600x600.png 600w, https:\/\/mouldking.store\/wp-content\/uploads\/2021\/11\/TGL-T5005-Super-Car-488-with-3608-pieces-1-150x150.png 150w\" sizes=\"(max-width: 800px) 100vw, 800px\" \/><figcaption id=\"caption-attachment-26793\" class=\"wp-caption-text\">TGL T5005 Super Car 488 mit 3608 Teilen<\/figcaption><\/figure>\n<figure id=\"attachment_26800\" aria-describedby=\"caption-attachment-26800\" style=\"width: 800px\" class=\"wp-caption aligncenter\"><img decoding=\"async\" class=\"wp-image-26800 size-full\" src=\"https:\/\/mouldking.store\/wp-content\/uploads\/2021\/11\/TGL-T5005-Super-Car-488-with-3608-pieces-4.png\" alt=\"TGL T5005 Super Car 488 with 3608 pieces\" width=\"800\" height=\"800\" title=\"-\" srcset=\"https:\/\/mouldking.store\/wp-content\/uploads\/2021\/11\/TGL-T5005-Super-Car-488-with-3608-pieces-4.png 800w, https:\/\/mouldking.store\/wp-content\/uploads\/2021\/11\/TGL-T5005-Super-Car-488-with-3608-pieces-4-300x300.png 300w, https:\/\/mouldking.store\/wp-content\/uploads\/2021\/11\/TGL-T5005-Super-Car-488-with-3608-pieces-4-768x768.png 768w, https:\/\/mouldking.store\/wp-content\/uploads\/2021\/11\/TGL-T5005-Super-Car-488-with-3608-pieces-4-600x600.png 600w, https:\/\/mouldking.store\/wp-content\/uploads\/2021\/11\/TGL-T5005-Super-Car-488-with-3608-pieces-4-150x150.png 150w\" sizes=\"(max-width: 800px) 100vw, 800px\" \/><figcaption id=\"caption-attachment-26800\" class=\"wp-caption-text\">TGL T5005 Super Car 488 mit 3608 Teilen<\/figcaption><\/figure>\n<figure id=\"attachment_26797\" aria-describedby=\"caption-attachment-26797\" style=\"width: 800px\" class=\"wp-caption aligncenter\"><img loading=\"lazy\" decoding=\"async\" class=\"wp-image-26797 size-full\" src=\"https:\/\/mouldking.store\/wp-content\/uploads\/2021\/11\/TGL-T5005-Super-Car-488-with-3608-pieces-2.png\" alt=\"TGL T5005 Super Car 488 with 3608 pieces\" width=\"800\" height=\"800\" title=\"-\" srcset=\"https:\/\/mouldking.store\/wp-content\/uploads\/2021\/11\/TGL-T5005-Super-Car-488-with-3608-pieces-2.png 800w, https:\/\/mouldking.store\/wp-content\/uploads\/2021\/11\/TGL-T5005-Super-Car-488-with-3608-pieces-2-300x300.png 300w, https:\/\/mouldking.store\/wp-content\/uploads\/2021\/11\/TGL-T5005-Super-Car-488-with-3608-pieces-2-768x768.png 768w, https:\/\/mouldking.store\/wp-content\/uploads\/2021\/11\/TGL-T5005-Super-Car-488-with-3608-pieces-2-600x600.png 600w, https:\/\/mouldking.store\/wp-content\/uploads\/2021\/11\/TGL-T5005-Super-Car-488-with-3608-pieces-2-150x150.png 150w\" sizes=\"(max-width: 800px) 100vw, 800px\" \/><figcaption id=\"caption-attachment-26797\" class=\"wp-caption-text\">TGL T5005 Super Car 488 mit 3608 Teilen<\/figcaption><\/figure>\n<figure id=\"attachment_26798\" aria-describedby=\"caption-attachment-26798\" style=\"width: 800px\" class=\"wp-caption aligncenter\"><img loading=\"lazy\" decoding=\"async\" class=\"wp-image-26798 size-full\" src=\"https:\/\/mouldking.store\/wp-content\/uploads\/2021\/11\/TGL-T5005-Super-Car-488-with-3608-pieces-3.png\" alt=\"TGL T5005 Super Car 488 with 3608 pieces\" width=\"800\" height=\"800\" title=\"-\" srcset=\"https:\/\/mouldking.store\/wp-content\/uploads\/2021\/11\/TGL-T5005-Super-Car-488-with-3608-pieces-3.png 800w, https:\/\/mouldking.store\/wp-content\/uploads\/2021\/11\/TGL-T5005-Super-Car-488-with-3608-pieces-3-300x300.png 300w, https:\/\/mouldking.store\/wp-content\/uploads\/2021\/11\/TGL-T5005-Super-Car-488-with-3608-pieces-3-768x768.png 768w, https:\/\/mouldking.store\/wp-content\/uploads\/2021\/11\/TGL-T5005-Super-Car-488-with-3608-pieces-3-600x600.png 600w, https:\/\/mouldking.store\/wp-content\/uploads\/2021\/11\/TGL-T5005-Super-Car-488-with-3608-pieces-3-150x150.png 150w\" sizes=\"(max-width: 800px) 100vw, 800px\" \/><figcaption id=\"caption-attachment-26798\" class=\"wp-caption-text\">TGL T5005 Super Car 488 mit 3608 Teilen<\/figcaption><\/figure>\n<figure id=\"attachment_26796\" aria-describedby=\"caption-attachment-26796\" style=\"width: 800px\" class=\"wp-caption aligncenter\"><img loading=\"lazy\" decoding=\"async\" class=\"wp-image-26796 size-full\" src=\"https:\/\/mouldking.store\/wp-content\/uploads\/2021\/11\/TGL-T5005-Super-Car-488-with-3608-pieces-3.jpg\" alt=\"TGL T5005 Super Car 488 with 3608 pieces\" width=\"800\" height=\"800\" title=\"-\" srcset=\"https:\/\/mouldking.store\/wp-content\/uploads\/2021\/11\/TGL-T5005-Super-Car-488-with-3608-pieces-3.jpg 800w, https:\/\/mouldking.store\/wp-content\/uploads\/2021\/11\/TGL-T5005-Super-Car-488-with-3608-pieces-3-300x300.jpg 300w, https:\/\/mouldking.store\/wp-content\/uploads\/2021\/11\/TGL-T5005-Super-Car-488-with-3608-pieces-3-768x768.jpg 768w, https:\/\/mouldking.store\/wp-content\/uploads\/2021\/11\/TGL-T5005-Super-Car-488-with-3608-pieces-3-600x600.jpg 600w, https:\/\/mouldking.store\/wp-content\/uploads\/2021\/11\/TGL-T5005-Super-Car-488-with-3608-pieces-3-150x150.jpg 150w\" sizes=\"(max-width: 800px) 100vw, 800px\" \/><figcaption id=\"caption-attachment-26796\" class=\"wp-caption-text\">TGL T5005 Super Car 488 mit 3608 Teilen<\/figcaption><\/figure>\n<figure id=\"attachment_26795\" aria-describedby=\"caption-attachment-26795\" style=\"width: 800px\" class=\"wp-caption aligncenter\"><img loading=\"lazy\" decoding=\"async\" class=\"wp-image-26795 size-full\" src=\"https:\/\/mouldking.store\/wp-content\/uploads\/2021\/11\/TGL-T5005-Super-Car-488-with-3608-pieces-2.jpg\" alt=\"TGL T5005 Super Car 488 with 3608 pieces\" width=\"800\" height=\"800\" title=\"-\" srcset=\"https:\/\/mouldking.store\/wp-content\/uploads\/2021\/11\/TGL-T5005-Super-Car-488-with-3608-pieces-2.jpg 800w, https:\/\/mouldking.store\/wp-content\/uploads\/2021\/11\/TGL-T5005-Super-Car-488-with-3608-pieces-2-300x300.jpg 300w, https:\/\/mouldking.store\/wp-content\/uploads\/2021\/11\/TGL-T5005-Super-Car-488-with-3608-pieces-2-768x768.jpg 768w, https:\/\/mouldking.store\/wp-content\/uploads\/2021\/11\/TGL-T5005-Super-Car-488-with-3608-pieces-2-600x600.jpg 600w, https:\/\/mouldking.store\/wp-content\/uploads\/2021\/11\/TGL-T5005-Super-Car-488-with-3608-pieces-2-150x150.jpg 150w\" sizes=\"(max-width: 800px) 100vw, 800px\" \/><figcaption id=\"caption-attachment-26795\" class=\"wp-caption-text\">TGL T5005 Super Car 488 mit 3608 Teilen<\/figcaption><\/figure>\n<figure id=\"attachment_26794\" aria-describedby=\"caption-attachment-26794\" style=\"width: 800px\" class=\"wp-caption aligncenter\"><img loading=\"lazy\" decoding=\"async\" class=\"wp-image-26794 size-full\" src=\"https:\/\/mouldking.store\/wp-content\/uploads\/2021\/11\/TGL-T5005-Super-Car-488-with-3608-pieces-1.jpg\" alt=\"TGL T5005 Super Car 488 with 3608 pieces\" width=\"800\" height=\"800\" title=\"-\" srcset=\"https:\/\/mouldking.store\/wp-content\/uploads\/2021\/11\/TGL-T5005-Super-Car-488-with-3608-pieces-1.jpg 800w, https:\/\/mouldking.store\/wp-content\/uploads\/2021\/11\/TGL-T5005-Super-Car-488-with-3608-pieces-1-300x300.jpg 300w, https:\/\/mouldking.store\/wp-content\/uploads\/2021\/11\/TGL-T5005-Super-Car-488-with-3608-pieces-1-768x768.jpg 768w, https:\/\/mouldking.store\/wp-content\/uploads\/2021\/11\/TGL-T5005-Super-Car-488-with-3608-pieces-1-600x600.jpg 600w, https:\/\/mouldking.store\/wp-content\/uploads\/2021\/11\/TGL-T5005-Super-Car-488-with-3608-pieces-1-150x150.jpg 150w\" sizes=\"(max-width: 800px) 100vw, 800px\" \/><figcaption id=\"caption-attachment-26794\" class=\"wp-caption-text\">TGL T5005 Super Car 488 mit 3608 Teilen<\/figcaption><\/figure>","protected":false},"excerpt":{"rendered":"<p>Produktinformationen: Marke: TGL Geschlecht: Unisex Name: Super Car 488 Altersgruppe: &gt; 6 Jahre Modellnummer: T5005 Klassifizierung: Assemblage Kunststoffblock Form: Selbstsichernde Steine Material: Kunststoff Kunststofftyp: ABS Steine Bl\u00f6cke: 3608 PCS Enth\u00e4lt detailliert Montageanleitungen. Hinweis: 1. Ohne Originalverpackung, aber wir garantieren, dass unsere Produkte Qualit\u00e4tssicherung und sch\u00f6ne [\u2026]<\/p>","protected":false},"featured_media":26801,"comment_status":"open","ping_status":"closed","template":"","meta":{"_acf_changed":false},"product_cat":[364],"product_tag":[3236,552,3234,3235,3233,3232],"class_list":["product","first","instock","shipping-taxable","purchasable","product-type-variable"],"acf":[],"_links":{"self":[{"href":"https:\/\/mouldking.store\/de\/wp-json\/wp\/v2\/product\/26783","targetHints":{"allow":["GET"]}}],"collection":[{"href":"https:\/\/mouldking.store\/de\/wp-json\/wp\/v2\/product"}],"about":[{"href":"https:\/\/mouldking.store\/de\/wp-json\/wp\/v2\/types\/product"}],"replies":[{"embeddable":true,"href":"https:\/\/mouldking.store\/de\/wp-json\/wp\/v2\/comments?post=26783"}],"wp:featuredmedia":[{"embeddable":true,"href":"https:\/\/mouldking.store\/de\/wp-json\/wp\/v2\/media\/26801"}],"wp:attachment":[{"href":"https:\/\/mouldking.store\/de\/wp-json\/wp\/v2\/media?parent=26783"}],"wp:term":[{"taxonomy":"product_cat","embeddable":true,"href":"https:\/\/mouldking.store\/de\/wp-json\/wp\/v2\/product_cat?post=26783"},{"taxonomy":"product_tag","embeddable":true,"href":"https:\/\/mouldking.store\/de\/wp-json\/wp\/v2\/product_tag?post=26783"}],"curies":[{"name":"wp","href":"https:\/\/api.w.org\/{rel}","templated":true}]}}