{"id":26872,"date":"2021-11-06T15:45:42","date_gmt":"2021-11-06T15:45:42","guid":{"rendered":"https:\/\/mouldking.store\/?post_type=product&#038;p=26872"},"modified":"2025-12-25T09:17:08","modified_gmt":"2025-12-25T02:17:08","slug":"moc-52050-mudhorn-with-60-pieces","status":"publish","type":"product","link":"https:\/\/mouldking.store\/de\/shop\/moc-52050-mudhorn-with-60-pieces\/","title":{"rendered":"MOC-52050 Schlammhorn mit 60 St\u00fcck"},"content":{"rendered":"<p>Produktinformation:<\/p>\n<ol>\n<li>Marke: MOC<\/li>\n<li>Geschlecht: Unisex<\/li>\n<li>Name: Mudhorn<\/li>\n<li>Altersspanne: &gt; 6 Jahre alt<\/li>\n<li>Model Number: MOC-52050<\/li>\n<li>Einstufung: Assemblage<\/li>\n<li>Kunststoffblockform: Selbstsichernde Steine<\/li>\n<li>Material: Kunststoff<\/li>\n<li>Kunststofftyp: ABS<\/li>\n<li>Ziegelsteine: 60 ST<\/li>\n<li>Enth\u00e4lt eine ausf\u00fchrliche Montageanleitung.<\/li>\n<\/ol>\n<p>Notiz:<br \/>\n1. Ohne Originalverpackung, aber wir garantieren, dass unsere Produkte eine Qualit\u00e4tssicherung und eine sch\u00f6ne Verpackung haben.<br \/>\n2. Wie alle Teile, die wir vor dem Versand \u00fcberpr\u00fcft haben, machen Sie sich keine Sorgen, wenn Sie feststellen, dass einige Teile fehlen oder besch\u00e4digt sind, und kontaktieren Sie uns einfach, und wir k\u00f6nnen sie Ihnen umgehend kostenlos erneut zusenden.<\/p>\n<figure id=\"attachment_26873\" aria-describedby=\"caption-attachment-26873\" style=\"width: 1000px\" class=\"wp-caption aligncenter\"><img fetchpriority=\"high\" decoding=\"async\" class=\"size-full wp-image-26873\" title=\"MOC-52050 Schlammhorn mit 60 St\u00fcck\" src=\"https:\/\/mouldking.store\/wp-content\/uploads\/2021\/11\/moc-52050-mudhorn-with-60-pieces.jpg\" alt=\"MOC-52050 Mudhorn with 60 pieces\" width=\"1000\" height=\"1000\" srcset=\"https:\/\/mouldking.store\/wp-content\/uploads\/2021\/11\/moc-52050-mudhorn-with-60-pieces.jpg 1000w, https:\/\/mouldking.store\/wp-content\/uploads\/2021\/11\/moc-52050-mudhorn-with-60-pieces-300x300.jpg 300w, https:\/\/mouldking.store\/wp-content\/uploads\/2021\/11\/moc-52050-mudhorn-with-60-pieces-768x768.jpg 768w, https:\/\/mouldking.store\/wp-content\/uploads\/2021\/11\/moc-52050-mudhorn-with-60-pieces-600x600.jpg 600w, https:\/\/mouldking.store\/wp-content\/uploads\/2021\/11\/moc-52050-mudhorn-with-60-pieces-150x150.jpg 150w\" sizes=\"(max-width: 1000px) 100vw, 1000px\" \/><figcaption id=\"caption-attachment-26873\" class=\"wp-caption-text\">MOC-52050 Schlammhorn mit 60 St\u00fcck<\/figcaption><\/figure>\n<figure id=\"attachment_26874\" aria-describedby=\"caption-attachment-26874\" style=\"width: 1000px\" class=\"wp-caption aligncenter\"><img decoding=\"async\" class=\"size-full wp-image-26874\" title=\"MOC-52050 Schlammhorn mit 60 St\u00fcck\" src=\"https:\/\/mouldking.store\/wp-content\/uploads\/2021\/11\/moc-52050-mudhorn-with-60-pieces-1.jpg\" alt=\"MOC-52050 Mudhorn with 60 pieces\" width=\"1000\" height=\"1000\" srcset=\"https:\/\/mouldking.store\/wp-content\/uploads\/2021\/11\/moc-52050-mudhorn-with-60-pieces-1.jpg 1000w, https:\/\/mouldking.store\/wp-content\/uploads\/2021\/11\/moc-52050-mudhorn-with-60-pieces-1-300x300.jpg 300w, https:\/\/mouldking.store\/wp-content\/uploads\/2021\/11\/moc-52050-mudhorn-with-60-pieces-1-768x768.jpg 768w, https:\/\/mouldking.store\/wp-content\/uploads\/2021\/11\/moc-52050-mudhorn-with-60-pieces-1-600x600.jpg 600w, https:\/\/mouldking.store\/wp-content\/uploads\/2021\/11\/moc-52050-mudhorn-with-60-pieces-1-150x150.jpg 150w\" sizes=\"(max-width: 1000px) 100vw, 1000px\" \/><figcaption id=\"caption-attachment-26874\" class=\"wp-caption-text\">MOC-52050 Schlammhorn mit 60 St\u00fcck<\/figcaption><\/figure>\n<p>&nbsp;<\/p>\n<figure id=\"attachment_26875\" aria-describedby=\"caption-attachment-26875\" style=\"width: 1000px\" class=\"wp-caption aligncenter\"><img decoding=\"async\" class=\"size-full wp-image-26875\" title=\"MOC-52050 Schlammhorn mit 60 St\u00fcck\" src=\"https:\/\/mouldking.store\/wp-content\/uploads\/2021\/11\/moc-52050-mudhorn-with-60-pieces-2.jpg\" alt=\"MOC-52050 Mudhorn with 60 pieces\" width=\"1000\" height=\"1000\" srcset=\"https:\/\/mouldking.store\/wp-content\/uploads\/2021\/11\/moc-52050-mudhorn-with-60-pieces-2.jpg 1000w, https:\/\/mouldking.store\/wp-content\/uploads\/2021\/11\/moc-52050-mudhorn-with-60-pieces-2-300x300.jpg 300w, https:\/\/mouldking.store\/wp-content\/uploads\/2021\/11\/moc-52050-mudhorn-with-60-pieces-2-768x768.jpg 768w, https:\/\/mouldking.store\/wp-content\/uploads\/2021\/11\/moc-52050-mudhorn-with-60-pieces-2-600x600.jpg 600w, https:\/\/mouldking.store\/wp-content\/uploads\/2021\/11\/moc-52050-mudhorn-with-60-pieces-2-150x150.jpg 150w\" sizes=\"(max-width: 1000px) 100vw, 1000px\" \/><figcaption id=\"caption-attachment-26875\" class=\"wp-caption-text\">MOC-52050 Schlammhorn mit 60 St\u00fcck<\/figcaption><\/figure>","protected":false},"excerpt":{"rendered":"<p>Product information: Brand: MOC Gender: Unisex Name: Mudhorn Age Range: &gt; 6 years old Model Number: MOC-52050 Classification: Assemblage Plastic Block Shape: Self-Locking Bricks Material: Plastic Plastic Type: ABS Bricks Blocks: 60 PCS Contains detailed assembly instructions. Notice: 1. Without an original box, but we guarantee our products have quality assurance and nice packaging. 2. [&hellip;]<\/p>","protected":false},"featured_media":26876,"comment_status":"open","ping_status":"closed","template":"","meta":{"_acf_changed":false},"product_cat":[581],"product_tag":[3278,3279],"class_list":["product","first","instock","shipping-taxable","purchasable","product-type-simple"],"acf":[],"_links":{"self":[{"href":"https:\/\/mouldking.store\/de\/wp-json\/wp\/v2\/product\/26872","targetHints":{"allow":["GET"]}}],"collection":[{"href":"https:\/\/mouldking.store\/de\/wp-json\/wp\/v2\/product"}],"about":[{"href":"https:\/\/mouldking.store\/de\/wp-json\/wp\/v2\/types\/product"}],"replies":[{"embeddable":true,"href":"https:\/\/mouldking.store\/de\/wp-json\/wp\/v2\/comments?post=26872"}],"wp:featuredmedia":[{"embeddable":true,"href":"https:\/\/mouldking.store\/de\/wp-json\/wp\/v2\/media\/26876"}],"wp:attachment":[{"href":"https:\/\/mouldking.store\/de\/wp-json\/wp\/v2\/media?parent=26872"}],"wp:term":[{"taxonomy":"product_cat","embeddable":true,"href":"https:\/\/mouldking.store\/de\/wp-json\/wp\/v2\/product_cat?post=26872"},{"taxonomy":"product_tag","embeddable":true,"href":"https:\/\/mouldking.store\/de\/wp-json\/wp\/v2\/product_tag?post=26872"}],"curies":[{"name":"wp","href":"https:\/\/api.w.org\/{rel}","templated":true}]}}