{"id":26949,"date":"2021-11-09T10:51:49","date_gmt":"2021-11-09T10:51:49","guid":{"rendered":"https:\/\/mouldking.store\/?post_type=product&#038;p=26949"},"modified":"2021-12-23T09:40:45","modified_gmt":"2021-12-23T09:40:45","slug":"mould-king-17023-rc-pneumatic-bulldozer-with-3963-pieces","status":"publish","type":"product","link":"https:\/\/mouldking.store\/de\/shop\/mould-king-17023-rc-pneumatic-bulldozer-with-3963-pieces\/","title":{"rendered":"Mould King 17023 RC Pneumatischer Bulldozer mit 3963 Teilen"},"content":{"rendered":"<p>Produktinformation:<\/p>\n<ol>\n<li>Marke: Mould King<\/li>\n<li>Geschlecht: Unisex<\/li>\n<li>Name: RC Pneumatischer Bulldozer<\/li>\n<li>Altersspanne: &gt; 14 Jahre alt<\/li>\n<li>Modellnummer: 17023<\/li>\n<li>Einstufung: Assemblage<\/li>\n<li>Kunststoffblockform: Selbstsichernde Steine<\/li>\n<li>Material: Kunststoff<\/li>\n<li>Kunststofftyp: ABS<\/li>\n<li>Ziegelsteine: 3963 PCS<\/li>\n<li>Enth\u00e4lt eine ausf\u00fchrliche Montageanleitung.<\/li>\n<\/ol>\n<p>Notiz:<br \/>\n1. Ohne Originalverpackung, aber wir garantieren, dass unsere Produkte eine Qualit\u00e4tssicherung und eine sch\u00f6ne Verpackung haben.<br \/>\n2. Wie alle Teile, die wir vor dem Versand \u00fcberpr\u00fcft haben, machen Sie sich keine Sorgen, wenn Sie feststellen, dass einige Teile fehlen oder besch\u00e4digt sind, und kontaktieren Sie uns einfach, und wir k\u00f6nnen sie Ihnen umgehend kostenlos erneut zusenden.<\/p>\n<figure id=\"attachment_26950\" aria-describedby=\"caption-attachment-26950\" style=\"width: 800px\" class=\"wp-caption aligncenter\"><img fetchpriority=\"high\" decoding=\"async\" class=\"wp-image-26950 size-full\" src=\"https:\/\/mouldking.store\/wp-content\/uploads\/2021\/11\/Mould-King-17023-RC-Pneumatic-Bulldozer-with-3963-pieces-1.jpg\" alt=\"Mould King 17023 RC Pneumatic Bulldozer with 3963 pieces\" width=\"800\" height=\"800\" title=\"-\" srcset=\"https:\/\/mouldking.store\/wp-content\/uploads\/2021\/11\/Mould-King-17023-RC-Pneumatic-Bulldozer-with-3963-pieces-1.jpg 800w, https:\/\/mouldking.store\/wp-content\/uploads\/2021\/11\/Mould-King-17023-RC-Pneumatic-Bulldozer-with-3963-pieces-1-300x300.jpg 300w, https:\/\/mouldking.store\/wp-content\/uploads\/2021\/11\/Mould-King-17023-RC-Pneumatic-Bulldozer-with-3963-pieces-1-768x768.jpg 768w, https:\/\/mouldking.store\/wp-content\/uploads\/2021\/11\/Mould-King-17023-RC-Pneumatic-Bulldozer-with-3963-pieces-1-600x600.jpg 600w, https:\/\/mouldking.store\/wp-content\/uploads\/2021\/11\/Mould-King-17023-RC-Pneumatic-Bulldozer-with-3963-pieces-1-150x150.jpg 150w\" sizes=\"(max-width: 800px) 100vw, 800px\" \/><figcaption id=\"caption-attachment-26950\" class=\"wp-caption-text\">Mould King 17023 RC Pneumatischer Bulldozer mit 3963 Teilen<\/figcaption><\/figure>\n<figure id=\"attachment_26955\" aria-describedby=\"caption-attachment-26955\" style=\"width: 800px\" class=\"wp-caption aligncenter\"><img decoding=\"async\" class=\"wp-image-26955 size-full\" src=\"https:\/\/mouldking.store\/wp-content\/uploads\/2021\/11\/Mould-King-17023-RC-Pneumatic-Bulldozer-with-3963-pieces-6.jpg\" alt=\"Mould King 17023 RC Pneumatic Bulldozer with 3963 pieces\" width=\"800\" height=\"800\" title=\"-\" srcset=\"https:\/\/mouldking.store\/wp-content\/uploads\/2021\/11\/Mould-King-17023-RC-Pneumatic-Bulldozer-with-3963-pieces-6.jpg 800w, https:\/\/mouldking.store\/wp-content\/uploads\/2021\/11\/Mould-King-17023-RC-Pneumatic-Bulldozer-with-3963-pieces-6-300x300.jpg 300w, https:\/\/mouldking.store\/wp-content\/uploads\/2021\/11\/Mould-King-17023-RC-Pneumatic-Bulldozer-with-3963-pieces-6-768x768.jpg 768w, https:\/\/mouldking.store\/wp-content\/uploads\/2021\/11\/Mould-King-17023-RC-Pneumatic-Bulldozer-with-3963-pieces-6-600x600.jpg 600w, https:\/\/mouldking.store\/wp-content\/uploads\/2021\/11\/Mould-King-17023-RC-Pneumatic-Bulldozer-with-3963-pieces-6-150x150.jpg 150w\" sizes=\"(max-width: 800px) 100vw, 800px\" \/><figcaption id=\"caption-attachment-26955\" class=\"wp-caption-text\">Mould King 17023 RC Pneumatischer Bulldozer mit 3963 Teilen<\/figcaption><\/figure>\n<figure id=\"attachment_26953\" aria-describedby=\"caption-attachment-26953\" style=\"width: 780px\" class=\"wp-caption aligncenter\"><img decoding=\"async\" class=\"wp-image-26953 size-full\" src=\"https:\/\/mouldking.store\/wp-content\/uploads\/2021\/11\/Mould-King-17023-RC-Pneumatic-Bulldozer-with-3963-pieces-4.jpg\" alt=\"Mould King 17023 RC Pneumatic Bulldozer with 3963 pieces\" width=\"780\" height=\"1024\" title=\"-\" srcset=\"https:\/\/mouldking.store\/wp-content\/uploads\/2021\/11\/Mould-King-17023-RC-Pneumatic-Bulldozer-with-3963-pieces-4.jpg 780w, https:\/\/mouldking.store\/wp-content\/uploads\/2021\/11\/Mould-King-17023-RC-Pneumatic-Bulldozer-with-3963-pieces-4-229x300.jpg 229w, https:\/\/mouldking.store\/wp-content\/uploads\/2021\/11\/Mould-King-17023-RC-Pneumatic-Bulldozer-with-3963-pieces-4-768x1008.jpg 768w, https:\/\/mouldking.store\/wp-content\/uploads\/2021\/11\/Mould-King-17023-RC-Pneumatic-Bulldozer-with-3963-pieces-4-300x394.jpg 300w, https:\/\/mouldking.store\/wp-content\/uploads\/2021\/11\/Mould-King-17023-RC-Pneumatic-Bulldozer-with-3963-pieces-4-600x788.jpg 600w, https:\/\/mouldking.store\/wp-content\/uploads\/2021\/11\/Mould-King-17023-RC-Pneumatic-Bulldozer-with-3963-pieces-4-114x150.jpg 114w\" sizes=\"(max-width: 780px) 100vw, 780px\" \/><figcaption id=\"caption-attachment-26953\" class=\"wp-caption-text\">Mould King 17023 RC Pneumatischer Bulldozer mit 3963 Teilen<\/figcaption><\/figure>\n<figure id=\"attachment_26952\" aria-describedby=\"caption-attachment-26952\" style=\"width: 790px\" class=\"wp-caption aligncenter\"><img loading=\"lazy\" decoding=\"async\" class=\"wp-image-26952 size-full\" src=\"https:\/\/mouldking.store\/wp-content\/uploads\/2021\/11\/Mould-King-17023-RC-Pneumatic-Bulldozer-with-3963-pieces-3.jpg\" alt=\"Mould King 17023 RC Pneumatic Bulldozer with 3963 pieces\" width=\"790\" height=\"949\" title=\"-\" srcset=\"https:\/\/mouldking.store\/wp-content\/uploads\/2021\/11\/Mould-King-17023-RC-Pneumatic-Bulldozer-with-3963-pieces-3.jpg 790w, https:\/\/mouldking.store\/wp-content\/uploads\/2021\/11\/Mould-King-17023-RC-Pneumatic-Bulldozer-with-3963-pieces-3-250x300.jpg 250w, https:\/\/mouldking.store\/wp-content\/uploads\/2021\/11\/Mould-King-17023-RC-Pneumatic-Bulldozer-with-3963-pieces-3-768x923.jpg 768w, https:\/\/mouldking.store\/wp-content\/uploads\/2021\/11\/Mould-King-17023-RC-Pneumatic-Bulldozer-with-3963-pieces-3-300x360.jpg 300w, https:\/\/mouldking.store\/wp-content\/uploads\/2021\/11\/Mould-King-17023-RC-Pneumatic-Bulldozer-with-3963-pieces-3-600x721.jpg 600w, https:\/\/mouldking.store\/wp-content\/uploads\/2021\/11\/Mould-King-17023-RC-Pneumatic-Bulldozer-with-3963-pieces-3-125x150.jpg 125w\" sizes=\"(max-width: 790px) 100vw, 790px\" \/><figcaption id=\"caption-attachment-26952\" class=\"wp-caption-text\">Mould King 17023 RC Pneumatischer Bulldozer mit 3963 Teilen<\/figcaption><\/figure>\n<figure id=\"attachment_26954\" aria-describedby=\"caption-attachment-26954\" style=\"width: 800px\" class=\"wp-caption aligncenter\"><img loading=\"lazy\" decoding=\"async\" class=\"wp-image-26954 size-full\" src=\"https:\/\/mouldking.store\/wp-content\/uploads\/2021\/11\/Mould-King-17023-RC-Pneumatic-Bulldozer-with-3963-pieces-5.jpg\" alt=\"Mould King 17023 RC Pneumatic Bulldozer with 3963 pieces\" width=\"800\" height=\"800\" title=\"-\" srcset=\"https:\/\/mouldking.store\/wp-content\/uploads\/2021\/11\/Mould-King-17023-RC-Pneumatic-Bulldozer-with-3963-pieces-5.jpg 800w, https:\/\/mouldking.store\/wp-content\/uploads\/2021\/11\/Mould-King-17023-RC-Pneumatic-Bulldozer-with-3963-pieces-5-300x300.jpg 300w, https:\/\/mouldking.store\/wp-content\/uploads\/2021\/11\/Mould-King-17023-RC-Pneumatic-Bulldozer-with-3963-pieces-5-768x768.jpg 768w, https:\/\/mouldking.store\/wp-content\/uploads\/2021\/11\/Mould-King-17023-RC-Pneumatic-Bulldozer-with-3963-pieces-5-600x600.jpg 600w, https:\/\/mouldking.store\/wp-content\/uploads\/2021\/11\/Mould-King-17023-RC-Pneumatic-Bulldozer-with-3963-pieces-5-150x150.jpg 150w\" sizes=\"(max-width: 800px) 100vw, 800px\" \/><figcaption id=\"caption-attachment-26954\" class=\"wp-caption-text\">Mould King 17023 RC Pneumatischer Bulldozer mit 3963 Teilen<\/figcaption><\/figure>\n<figure id=\"attachment_26951\" aria-describedby=\"caption-attachment-26951\" style=\"width: 790px\" class=\"wp-caption aligncenter\"><img loading=\"lazy\" decoding=\"async\" class=\"wp-image-26951 size-full\" src=\"https:\/\/mouldking.store\/wp-content\/uploads\/2021\/11\/Mould-King-17023-RC-Pneumatic-Bulldozer-with-3963-pieces-2.jpg\" alt=\"Mould King 17023 RC Pneumatic Bulldozer with 3963 pieces\" width=\"790\" height=\"965\" title=\"-\" srcset=\"https:\/\/mouldking.store\/wp-content\/uploads\/2021\/11\/Mould-King-17023-RC-Pneumatic-Bulldozer-with-3963-pieces-2.jpg 790w, https:\/\/mouldking.store\/wp-content\/uploads\/2021\/11\/Mould-King-17023-RC-Pneumatic-Bulldozer-with-3963-pieces-2-246x300.jpg 246w, https:\/\/mouldking.store\/wp-content\/uploads\/2021\/11\/Mould-King-17023-RC-Pneumatic-Bulldozer-with-3963-pieces-2-768x938.jpg 768w, https:\/\/mouldking.store\/wp-content\/uploads\/2021\/11\/Mould-King-17023-RC-Pneumatic-Bulldozer-with-3963-pieces-2-300x366.jpg 300w, https:\/\/mouldking.store\/wp-content\/uploads\/2021\/11\/Mould-King-17023-RC-Pneumatic-Bulldozer-with-3963-pieces-2-600x733.jpg 600w, https:\/\/mouldking.store\/wp-content\/uploads\/2021\/11\/Mould-King-17023-RC-Pneumatic-Bulldozer-with-3963-pieces-2-123x150.jpg 123w\" sizes=\"(max-width: 790px) 100vw, 790px\" \/><figcaption id=\"caption-attachment-26951\" class=\"wp-caption-text\">Mould King 17023 RC Pneumatischer Bulldozer mit 3963 Teilen<\/figcaption><\/figure>","protected":false},"excerpt":{"rendered":"<p>Product information: Brand: Mould King Gender: Unisex Name: RC Pneumatic Bulldozer Age Range: &gt; 14 years old Model Number: 17023 Classification: Assemblage Plastic Block Shape: Self-Locking Bricks Material: Plastic Plastic Type: ABS Bricks Blocks: 3963 PCS Contains detailed assembly instructions. Notice: 1. Without an original box, but we guarantee our products have quality assurance and [&hellip;]<\/p>","protected":false},"featured_media":26950,"comment_status":"open","ping_status":"closed","template":"","meta":{"_acf_changed":false},"product_cat":[364],"product_tag":[3310,3309,3315,3314,3312,3313,481,3311],"class_list":["product","first","instock","shipping-taxable","purchasable","product-type-simple"],"acf":[],"_links":{"self":[{"href":"https:\/\/mouldking.store\/de\/wp-json\/wp\/v2\/product\/26949","targetHints":{"allow":["GET"]}}],"collection":[{"href":"https:\/\/mouldking.store\/de\/wp-json\/wp\/v2\/product"}],"about":[{"href":"https:\/\/mouldking.store\/de\/wp-json\/wp\/v2\/types\/product"}],"replies":[{"embeddable":true,"href":"https:\/\/mouldking.store\/de\/wp-json\/wp\/v2\/comments?post=26949"}],"wp:featuredmedia":[{"embeddable":true,"href":"https:\/\/mouldking.store\/de\/wp-json\/wp\/v2\/media\/26950"}],"wp:attachment":[{"href":"https:\/\/mouldking.store\/de\/wp-json\/wp\/v2\/media?parent=26949"}],"wp:term":[{"taxonomy":"product_cat","embeddable":true,"href":"https:\/\/mouldking.store\/de\/wp-json\/wp\/v2\/product_cat?post=26949"},{"taxonomy":"product_tag","embeddable":true,"href":"https:\/\/mouldking.store\/de\/wp-json\/wp\/v2\/product_tag?post=26949"}],"curies":[{"name":"wp","href":"https:\/\/api.w.org\/{rel}","templated":true}]}}