{"id":26961,"date":"2021-11-09T11:00:07","date_gmt":"2021-11-09T11:00:07","guid":{"rendered":"https:\/\/mouldking.store\/?post_type=product&#038;p=26961"},"modified":"2021-12-23T09:40:45","modified_gmt":"2021-12-23T09:40:45","slug":"mould-king-10004-bugatti-110-with-1116-pieces","status":"publish","type":"product","link":"https:\/\/mouldking.store\/de\/shop\/mould-king-10004-bugatti-110-with-1116-pieces\/","title":{"rendered":"Mold King 10004 Bugatti 110 mit 1116 Teilen"},"content":{"rendered":"<p>Produktinformation:<\/p>\n<ol>\n<li>Marke: Mould King<\/li>\n<li>Geschlecht: Unisex<\/li>\n<li>Name: Bugatti 110<\/li>\n<li>Altersspanne: &gt; 8 Jahre alt<\/li>\n<li>Model Number: 10004<\/li>\n<li>Einstufung: Assemblage<\/li>\n<li>Kunststoffblockform: Selbstsichernde Steine<\/li>\n<li>Material: Kunststoff<\/li>\n<li>Kunststofftyp: ABS<\/li>\n<li>Bricks Blocks: 1116 PCS<\/li>\n<li>Enth\u00e4lt eine ausf\u00fchrliche Montageanleitung.<\/li>\n<\/ol>\n<p>Notiz:<br \/>\n1. Ohne Originalverpackung, aber wir garantieren, dass unsere Produkte eine Qualit\u00e4tssicherung und eine sch\u00f6ne Verpackung haben.<br \/>\n2. Wie alle Teile, die wir vor dem Versand \u00fcberpr\u00fcft haben, machen Sie sich keine Sorgen, wenn Sie feststellen, dass einige Teile fehlen oder besch\u00e4digt sind, und kontaktieren Sie uns einfach, und wir k\u00f6nnen sie Ihnen umgehend kostenlos erneut zusenden.<\/p>\n<figure id=\"attachment_26962\" aria-describedby=\"caption-attachment-26962\" style=\"width: 800px\" class=\"wp-caption aligncenter\"><img fetchpriority=\"high\" decoding=\"async\" class=\"wp-image-26962 size-full\" src=\"https:\/\/mouldking.store\/wp-content\/uploads\/2021\/11\/Mould-King-10004-Bugatti-110-with-1116-pieces-1.jpg\" alt=\"Mould King 10004 Bugatti 110 with 1116 pieces\" width=\"800\" height=\"800\" title=\"-\" srcset=\"https:\/\/mouldking.store\/wp-content\/uploads\/2021\/11\/Mould-King-10004-Bugatti-110-with-1116-pieces-1.jpg 800w, https:\/\/mouldking.store\/wp-content\/uploads\/2021\/11\/Mould-King-10004-Bugatti-110-with-1116-pieces-1-300x300.jpg 300w, https:\/\/mouldking.store\/wp-content\/uploads\/2021\/11\/Mould-King-10004-Bugatti-110-with-1116-pieces-1-768x768.jpg 768w, https:\/\/mouldking.store\/wp-content\/uploads\/2021\/11\/Mould-King-10004-Bugatti-110-with-1116-pieces-1-600x600.jpg 600w, https:\/\/mouldking.store\/wp-content\/uploads\/2021\/11\/Mould-King-10004-Bugatti-110-with-1116-pieces-1-150x150.jpg 150w\" sizes=\"(max-width: 800px) 100vw, 800px\" \/><figcaption id=\"caption-attachment-26962\" class=\"wp-caption-text\">Mold King 10004 Bugatti 110 mit 1116 Teilen<\/figcaption><\/figure>\n<figure id=\"attachment_26968\" aria-describedby=\"caption-attachment-26968\" style=\"width: 800px\" class=\"wp-caption aligncenter\"><img decoding=\"async\" class=\"wp-image-26968 size-full\" src=\"https:\/\/mouldking.store\/wp-content\/uploads\/2021\/11\/Mould-King-10004-Bugatti-110-with-1116-pieces-7.jpg\" alt=\"Mould King 10004 Bugatti 110 with 1116 pieces\" width=\"800\" height=\"800\" title=\"-\" srcset=\"https:\/\/mouldking.store\/wp-content\/uploads\/2021\/11\/Mould-King-10004-Bugatti-110-with-1116-pieces-7.jpg 800w, https:\/\/mouldking.store\/wp-content\/uploads\/2021\/11\/Mould-King-10004-Bugatti-110-with-1116-pieces-7-300x300.jpg 300w, https:\/\/mouldking.store\/wp-content\/uploads\/2021\/11\/Mould-King-10004-Bugatti-110-with-1116-pieces-7-768x768.jpg 768w, https:\/\/mouldking.store\/wp-content\/uploads\/2021\/11\/Mould-King-10004-Bugatti-110-with-1116-pieces-7-600x600.jpg 600w, https:\/\/mouldking.store\/wp-content\/uploads\/2021\/11\/Mould-King-10004-Bugatti-110-with-1116-pieces-7-150x150.jpg 150w\" sizes=\"(max-width: 800px) 100vw, 800px\" \/><figcaption id=\"caption-attachment-26968\" class=\"wp-caption-text\">Mold King 10004 Bugatti 110 mit 1116 Teilen<\/figcaption><\/figure>\n<figure id=\"attachment_26969\" aria-describedby=\"caption-attachment-26969\" style=\"width: 800px\" class=\"wp-caption aligncenter\"><img decoding=\"async\" class=\"wp-image-26969 size-full\" src=\"https:\/\/mouldking.store\/wp-content\/uploads\/2021\/11\/Mould-King-10004-Bugatti-110-with-1116-pieces-8.jpg\" alt=\"Mould King 10004 Bugatti 110 with 1116 pieces\" width=\"800\" height=\"800\" title=\"-\" srcset=\"https:\/\/mouldking.store\/wp-content\/uploads\/2021\/11\/Mould-King-10004-Bugatti-110-with-1116-pieces-8.jpg 800w, https:\/\/mouldking.store\/wp-content\/uploads\/2021\/11\/Mould-King-10004-Bugatti-110-with-1116-pieces-8-300x300.jpg 300w, https:\/\/mouldking.store\/wp-content\/uploads\/2021\/11\/Mould-King-10004-Bugatti-110-with-1116-pieces-8-768x768.jpg 768w, https:\/\/mouldking.store\/wp-content\/uploads\/2021\/11\/Mould-King-10004-Bugatti-110-with-1116-pieces-8-600x600.jpg 600w, https:\/\/mouldking.store\/wp-content\/uploads\/2021\/11\/Mould-King-10004-Bugatti-110-with-1116-pieces-8-150x150.jpg 150w\" sizes=\"(max-width: 800px) 100vw, 800px\" \/><figcaption id=\"caption-attachment-26969\" class=\"wp-caption-text\">Mold King 10004 Bugatti 110 mit 1116 Teilen<\/figcaption><\/figure>\n<figure id=\"attachment_26964\" aria-describedby=\"caption-attachment-26964\" style=\"width: 790px\" class=\"wp-caption aligncenter\"><img loading=\"lazy\" decoding=\"async\" class=\"wp-image-26964 size-full\" src=\"https:\/\/mouldking.store\/wp-content\/uploads\/2021\/11\/Mould-King-10004-Bugatti-110-with-1116-pieces-3.jpg\" alt=\"Mould King 10004 Bugatti 110 with 1116 pieces\" width=\"790\" height=\"639\" title=\"-\" srcset=\"https:\/\/mouldking.store\/wp-content\/uploads\/2021\/11\/Mould-King-10004-Bugatti-110-with-1116-pieces-3.jpg 790w, https:\/\/mouldking.store\/wp-content\/uploads\/2021\/11\/Mould-King-10004-Bugatti-110-with-1116-pieces-3-300x243.jpg 300w, https:\/\/mouldking.store\/wp-content\/uploads\/2021\/11\/Mould-King-10004-Bugatti-110-with-1116-pieces-3-768x621.jpg 768w, https:\/\/mouldking.store\/wp-content\/uploads\/2021\/11\/Mould-King-10004-Bugatti-110-with-1116-pieces-3-600x485.jpg 600w, https:\/\/mouldking.store\/wp-content\/uploads\/2021\/11\/Mould-King-10004-Bugatti-110-with-1116-pieces-3-150x121.jpg 150w\" sizes=\"(max-width: 790px) 100vw, 790px\" \/><figcaption id=\"caption-attachment-26964\" class=\"wp-caption-text\">Mold King 10004 Bugatti 110 mit 1116 Teilen<\/figcaption><\/figure>\n<figure id=\"attachment_26965\" aria-describedby=\"caption-attachment-26965\" style=\"width: 790px\" class=\"wp-caption aligncenter\"><img loading=\"lazy\" decoding=\"async\" class=\"wp-image-26965 size-full\" src=\"https:\/\/mouldking.store\/wp-content\/uploads\/2021\/11\/Mould-King-10004-Bugatti-110-with-1116-pieces-4.jpg\" alt=\"Mould King 10004 Bugatti 110 with 1116 pieces\" width=\"790\" height=\"642\" title=\"-\" srcset=\"https:\/\/mouldking.store\/wp-content\/uploads\/2021\/11\/Mould-King-10004-Bugatti-110-with-1116-pieces-4.jpg 790w, https:\/\/mouldking.store\/wp-content\/uploads\/2021\/11\/Mould-King-10004-Bugatti-110-with-1116-pieces-4-300x244.jpg 300w, https:\/\/mouldking.store\/wp-content\/uploads\/2021\/11\/Mould-King-10004-Bugatti-110-with-1116-pieces-4-768x624.jpg 768w, https:\/\/mouldking.store\/wp-content\/uploads\/2021\/11\/Mould-King-10004-Bugatti-110-with-1116-pieces-4-600x488.jpg 600w, https:\/\/mouldking.store\/wp-content\/uploads\/2021\/11\/Mould-King-10004-Bugatti-110-with-1116-pieces-4-150x122.jpg 150w\" sizes=\"(max-width: 790px) 100vw, 790px\" \/><figcaption id=\"caption-attachment-26965\" class=\"wp-caption-text\">Mold King 10004 Bugatti 110 mit 1116 Teilen<\/figcaption><\/figure>\n<figure id=\"attachment_26966\" aria-describedby=\"caption-attachment-26966\" style=\"width: 790px\" class=\"wp-caption aligncenter\"><img loading=\"lazy\" decoding=\"async\" class=\"wp-image-26966 size-full\" src=\"https:\/\/mouldking.store\/wp-content\/uploads\/2021\/11\/Mould-King-10004-Bugatti-110-with-1116-pieces-5.jpg\" alt=\"Mould King 10004 Bugatti 110 with 1116 pieces\" width=\"790\" height=\"625\" title=\"-\" srcset=\"https:\/\/mouldking.store\/wp-content\/uploads\/2021\/11\/Mould-King-10004-Bugatti-110-with-1116-pieces-5.jpg 790w, https:\/\/mouldking.store\/wp-content\/uploads\/2021\/11\/Mould-King-10004-Bugatti-110-with-1116-pieces-5-300x237.jpg 300w, https:\/\/mouldking.store\/wp-content\/uploads\/2021\/11\/Mould-King-10004-Bugatti-110-with-1116-pieces-5-768x608.jpg 768w, https:\/\/mouldking.store\/wp-content\/uploads\/2021\/11\/Mould-King-10004-Bugatti-110-with-1116-pieces-5-600x475.jpg 600w, https:\/\/mouldking.store\/wp-content\/uploads\/2021\/11\/Mould-King-10004-Bugatti-110-with-1116-pieces-5-150x119.jpg 150w\" sizes=\"(max-width: 790px) 100vw, 790px\" \/><figcaption id=\"caption-attachment-26966\" class=\"wp-caption-text\">Mold King 10004 Bugatti 110 mit 1116 Teilen<\/figcaption><\/figure>\n<figure id=\"attachment_26967\" aria-describedby=\"caption-attachment-26967\" style=\"width: 790px\" class=\"wp-caption aligncenter\"><img loading=\"lazy\" decoding=\"async\" class=\"wp-image-26967 size-full\" src=\"https:\/\/mouldking.store\/wp-content\/uploads\/2021\/11\/Mould-King-10004-Bugatti-110-with-1116-pieces-6.jpg\" alt=\"Mould King 10004 Bugatti 110 with 1116 pieces\" width=\"790\" height=\"628\" title=\"-\" srcset=\"https:\/\/mouldking.store\/wp-content\/uploads\/2021\/11\/Mould-King-10004-Bugatti-110-with-1116-pieces-6.jpg 790w, https:\/\/mouldking.store\/wp-content\/uploads\/2021\/11\/Mould-King-10004-Bugatti-110-with-1116-pieces-6-300x238.jpg 300w, https:\/\/mouldking.store\/wp-content\/uploads\/2021\/11\/Mould-King-10004-Bugatti-110-with-1116-pieces-6-768x611.jpg 768w, https:\/\/mouldking.store\/wp-content\/uploads\/2021\/11\/Mould-King-10004-Bugatti-110-with-1116-pieces-6-600x477.jpg 600w, https:\/\/mouldking.store\/wp-content\/uploads\/2021\/11\/Mould-King-10004-Bugatti-110-with-1116-pieces-6-150x119.jpg 150w\" sizes=\"(max-width: 790px) 100vw, 790px\" \/><figcaption id=\"caption-attachment-26967\" class=\"wp-caption-text\">Mold King 10004 Bugatti 110 mit 1116 Teilen<\/figcaption><\/figure>\n<figure id=\"attachment_26963\" aria-describedby=\"caption-attachment-26963\" style=\"width: 790px\" class=\"wp-caption aligncenter\"><img loading=\"lazy\" decoding=\"async\" class=\"wp-image-26963 size-full\" src=\"https:\/\/mouldking.store\/wp-content\/uploads\/2021\/11\/Mould-King-10004-Bugatti-110-with-1116-pieces-2.jpg\" alt=\"Mould King 10004 Bugatti 110 with 1116 pieces\" width=\"790\" height=\"646\" title=\"-\" srcset=\"https:\/\/mouldking.store\/wp-content\/uploads\/2021\/11\/Mould-King-10004-Bugatti-110-with-1116-pieces-2.jpg 790w, https:\/\/mouldking.store\/wp-content\/uploads\/2021\/11\/Mould-King-10004-Bugatti-110-with-1116-pieces-2-300x245.jpg 300w, https:\/\/mouldking.store\/wp-content\/uploads\/2021\/11\/Mould-King-10004-Bugatti-110-with-1116-pieces-2-768x628.jpg 768w, https:\/\/mouldking.store\/wp-content\/uploads\/2021\/11\/Mould-King-10004-Bugatti-110-with-1116-pieces-2-600x491.jpg 600w, https:\/\/mouldking.store\/wp-content\/uploads\/2021\/11\/Mould-King-10004-Bugatti-110-with-1116-pieces-2-150x123.jpg 150w\" sizes=\"(max-width: 790px) 100vw, 790px\" \/><figcaption id=\"caption-attachment-26963\" class=\"wp-caption-text\">Mold King 10004 Bugatti 110 mit 1116 Teilen<\/figcaption><\/figure>","protected":false},"excerpt":{"rendered":"<p>Product information: Brand: Mould King Gender: Unisex Name: Bugatti 110 Age Range: &gt; 8 years old Model Number: 10004 Classification: Assemblage Plastic Block Shape: Self-Locking Bricks Material: Plastic Plastic Type: ABS Bricks Blocks: 1116 PCS Contains detailed assembly instructions. Notice: 1. Without an original box, but we guarantee our products have quality assurance and nice [&hellip;]<\/p>","protected":false},"featured_media":26962,"comment_status":"open","ping_status":"closed","template":"","meta":{"_acf_changed":false},"product_cat":[364],"product_tag":[3328,3327,3325,3324,3326,3330,3329],"class_list":["product","first","instock","shipping-taxable","purchasable","product-type-simple"],"acf":[],"_links":{"self":[{"href":"https:\/\/mouldking.store\/de\/wp-json\/wp\/v2\/product\/26961","targetHints":{"allow":["GET"]}}],"collection":[{"href":"https:\/\/mouldking.store\/de\/wp-json\/wp\/v2\/product"}],"about":[{"href":"https:\/\/mouldking.store\/de\/wp-json\/wp\/v2\/types\/product"}],"replies":[{"embeddable":true,"href":"https:\/\/mouldking.store\/de\/wp-json\/wp\/v2\/comments?post=26961"}],"wp:featuredmedia":[{"embeddable":true,"href":"https:\/\/mouldking.store\/de\/wp-json\/wp\/v2\/media\/26962"}],"wp:attachment":[{"href":"https:\/\/mouldking.store\/de\/wp-json\/wp\/v2\/media?parent=26961"}],"wp:term":[{"taxonomy":"product_cat","embeddable":true,"href":"https:\/\/mouldking.store\/de\/wp-json\/wp\/v2\/product_cat?post=26961"},{"taxonomy":"product_tag","embeddable":true,"href":"https:\/\/mouldking.store\/de\/wp-json\/wp\/v2\/product_tag?post=26961"}],"curies":[{"name":"wp","href":"https:\/\/api.w.org\/{rel}","templated":true}]}}