{"id":26970,"date":"2021-11-09T11:04:43","date_gmt":"2021-11-09T04:04:43","guid":{"rendered":"https:\/\/mouldking.store\/?post_type=product&#038;p=26970"},"modified":"2025-12-25T09:17:08","modified_gmt":"2025-12-25T02:17:08","slug":"moc-12902-eas-agamemnon-from-babylon-5-with-4720-pieces","status":"publish","type":"product","link":"https:\/\/mouldking.store\/de\/shop\/moc-12902-eas-agamemnon-from-babylon-5-with-4720-pieces\/","title":{"rendered":"MOC-12902 EAS Agamemnon aus Babylon 5 mit 4720 St\u00fcck"},"content":{"rendered":"<p>Produktinformation:<\/p>\n<ol>\n<li>Marke: MOC<\/li>\n<li>Geschlecht: Unisex<\/li>\n<li>Name: EAS Agamemnon from Babylon 5<\/li>\n<li>Altersspanne: &gt; 6 Jahre alt<\/li>\n<li>Model Number: 12902<\/li>\n<li>Einstufung: Assemblage<\/li>\n<li>Kunststoffblockform: Selbstsichernde Steine<\/li>\n<li>Material: Kunststoff<\/li>\n<li>Kunststofftyp: ABS<\/li>\n<li>Bricks Blocks: 4720 PCS<\/li>\n<li>Enth\u00e4lt eine ausf\u00fchrliche Montageanleitung.<\/li>\n<\/ol>\n<p>Notiz:<br \/>\n1. Ohne Originalverpackung, aber wir garantieren, dass unsere Produkte eine Qualit\u00e4tssicherung und eine sch\u00f6ne Verpackung haben.<br \/>\n2. Wie alle Teile, die wir vor dem Versand \u00fcberpr\u00fcft haben, machen Sie sich keine Sorgen, wenn Sie feststellen, dass einige Teile fehlen oder besch\u00e4digt sind, und kontaktieren Sie uns einfach, und wir k\u00f6nnen sie Ihnen umgehend kostenlos erneut zusenden.<\/p>\n<figure id=\"attachment_26971\" aria-describedby=\"caption-attachment-26971\" style=\"width: 800px\" class=\"wp-caption aligncenter\"><img fetchpriority=\"high\" decoding=\"async\" class=\"wp-image-26971 size-full\" src=\"https:\/\/mouldking.store\/wp-content\/uploads\/2021\/11\/MOC-12902-EAS-Agamemnon-from-Babylon-5-with-4720-pieces-1.jpg\" alt=\"MOC-12902 EAS Agamemnon from Babylon 5 with 4720 pieces\" width=\"800\" height=\"800\" title=\"-\" srcset=\"https:\/\/mouldking.store\/wp-content\/uploads\/2021\/11\/MOC-12902-EAS-Agamemnon-from-Babylon-5-with-4720-pieces-1.jpg 800w, https:\/\/mouldking.store\/wp-content\/uploads\/2021\/11\/MOC-12902-EAS-Agamemnon-from-Babylon-5-with-4720-pieces-1-300x300.jpg 300w, https:\/\/mouldking.store\/wp-content\/uploads\/2021\/11\/MOC-12902-EAS-Agamemnon-from-Babylon-5-with-4720-pieces-1-768x768.jpg 768w, https:\/\/mouldking.store\/wp-content\/uploads\/2021\/11\/MOC-12902-EAS-Agamemnon-from-Babylon-5-with-4720-pieces-1-600x600.jpg 600w, https:\/\/mouldking.store\/wp-content\/uploads\/2021\/11\/MOC-12902-EAS-Agamemnon-from-Babylon-5-with-4720-pieces-1-150x150.jpg 150w\" sizes=\"(max-width: 800px) 100vw, 800px\" \/><figcaption id=\"caption-attachment-26971\" class=\"wp-caption-text\">MOC-12902 EAS Agamemnon aus Babylon 5 mit 4720 St\u00fcck<\/figcaption><\/figure>\n<figure id=\"attachment_26972\" aria-describedby=\"caption-attachment-26972\" style=\"width: 800px\" class=\"wp-caption aligncenter\"><img decoding=\"async\" class=\"wp-image-26972 size-full\" src=\"https:\/\/mouldking.store\/wp-content\/uploads\/2021\/11\/MOC-12902-EAS-Agamemnon-from-Babylon-5-with-4720-pieces-2.jpg\" alt=\"MOC-12902 EAS Agamemnon from Babylon 5 with 4720 pieces\" width=\"800\" height=\"800\" title=\"-\" srcset=\"https:\/\/mouldking.store\/wp-content\/uploads\/2021\/11\/MOC-12902-EAS-Agamemnon-from-Babylon-5-with-4720-pieces-2.jpg 800w, https:\/\/mouldking.store\/wp-content\/uploads\/2021\/11\/MOC-12902-EAS-Agamemnon-from-Babylon-5-with-4720-pieces-2-300x300.jpg 300w, https:\/\/mouldking.store\/wp-content\/uploads\/2021\/11\/MOC-12902-EAS-Agamemnon-from-Babylon-5-with-4720-pieces-2-768x768.jpg 768w, https:\/\/mouldking.store\/wp-content\/uploads\/2021\/11\/MOC-12902-EAS-Agamemnon-from-Babylon-5-with-4720-pieces-2-600x600.jpg 600w, https:\/\/mouldking.store\/wp-content\/uploads\/2021\/11\/MOC-12902-EAS-Agamemnon-from-Babylon-5-with-4720-pieces-2-150x150.jpg 150w\" sizes=\"(max-width: 800px) 100vw, 800px\" \/><figcaption id=\"caption-attachment-26972\" class=\"wp-caption-text\">MOC-12902 EAS Agamemnon aus Babylon 5 mit 4720 St\u00fcck<\/figcaption><\/figure>","protected":false},"excerpt":{"rendered":"<p>Product information: Brand: MOC Gender: Unisex Name: EAS Agamemnon from Babylon 5 Age Range: &gt; 6 years old Model Number: 12902 Classification: Assemblage Plastic Block Shape: Self-Locking Bricks Material: Plastic Plastic Type: ABS Bricks Blocks: 4720 PCS Contains detailed assembly instructions. Notice: 1. Without an original box, but we guarantee our products have quality assurance [&hellip;]<\/p>","protected":false},"featured_media":26971,"comment_status":"open","ping_status":"closed","template":"","meta":{"_acf_changed":false},"product_cat":[581],"product_tag":[3339,3336,3338,3337,3334,3333,3335,3332,3331],"class_list":["product","first","instock","shipping-taxable","purchasable","product-type-simple"],"acf":[],"_links":{"self":[{"href":"https:\/\/mouldking.store\/de\/wp-json\/wp\/v2\/product\/26970","targetHints":{"allow":["GET"]}}],"collection":[{"href":"https:\/\/mouldking.store\/de\/wp-json\/wp\/v2\/product"}],"about":[{"href":"https:\/\/mouldking.store\/de\/wp-json\/wp\/v2\/types\/product"}],"replies":[{"embeddable":true,"href":"https:\/\/mouldking.store\/de\/wp-json\/wp\/v2\/comments?post=26970"}],"wp:featuredmedia":[{"embeddable":true,"href":"https:\/\/mouldking.store\/de\/wp-json\/wp\/v2\/media\/26971"}],"wp:attachment":[{"href":"https:\/\/mouldking.store\/de\/wp-json\/wp\/v2\/media?parent=26970"}],"wp:term":[{"taxonomy":"product_cat","embeddable":true,"href":"https:\/\/mouldking.store\/de\/wp-json\/wp\/v2\/product_cat?post=26970"},{"taxonomy":"product_tag","embeddable":true,"href":"https:\/\/mouldking.store\/de\/wp-json\/wp\/v2\/product_tag?post=26970"}],"curies":[{"name":"wp","href":"https:\/\/api.w.org\/{rel}","templated":true}]}}