{"id":26991,"date":"2021-11-09T11:19:22","date_gmt":"2021-11-09T11:19:22","guid":{"rendered":"https:\/\/mouldking.store\/?post_type=product&#038;p=26991"},"modified":"2021-12-23T09:40:45","modified_gmt":"2021-12-23T09:40:45","slug":"k-box-10215-audi-r8-with-1435-pieces","status":"publish","type":"product","link":"https:\/\/mouldking.store\/de\/shop\/k-box-10215-audi-r8-with-1435-pieces\/","title":{"rendered":"K-BOX 10215 Audi R8 mit 1435 Teilen"},"content":{"rendered":"<p>Produktinformation:<\/p>\n<ol>\n<li>Marke: K-BOX<\/li>\n<li>Geschlecht: Unisex<\/li>\n<li>Name: Audi R8<\/li>\n<li>Altersspanne: &gt; 14 Jahre alt<\/li>\n<li>Modellnummer: 10215<\/li>\n<li>Einstufung: Assemblage<\/li>\n<li>Kunststoffblockform: Selbstsichernde Steine<\/li>\n<li>Material: Kunststoff<\/li>\n<li>Kunststofftyp: ABS<\/li>\n<li>Ziegelsteine: 1435 ST\u00dcCKE<\/li>\n<li>Enth\u00e4lt eine ausf\u00fchrliche Montageanleitung.<\/li>\n<\/ol>\n<p>Notiz:<br \/>\n1. Ohne Originalverpackung, aber wir garantieren, dass unsere Produkte eine Qualit\u00e4tssicherung und eine sch\u00f6ne Verpackung haben.<br \/>\n2. Wie alle Teile, die wir vor dem Versand \u00fcberpr\u00fcft haben, machen Sie sich keine Sorgen, wenn Sie feststellen, dass einige Teile fehlen oder besch\u00e4digt sind, und kontaktieren Sie uns einfach, und wir k\u00f6nnen sie Ihnen umgehend kostenlos erneut zusenden.<\/p>\n<figure id=\"attachment_26996\" aria-describedby=\"caption-attachment-26996\" style=\"width: 800px\" class=\"wp-caption aligncenter\"><img fetchpriority=\"high\" decoding=\"async\" class=\"wp-image-26996 size-full\" src=\"https:\/\/mouldking.store\/wp-content\/uploads\/2021\/11\/K-BOX-10215-Audi-R8-with-1435-pieces-1.jpg\" alt=\"K-BOX 10215 Audi R8 with 1435 pieces\" width=\"800\" height=\"800\" title=\"-\" srcset=\"https:\/\/mouldking.store\/wp-content\/uploads\/2021\/11\/K-BOX-10215-Audi-R8-with-1435-pieces-1.jpg 800w, https:\/\/mouldking.store\/wp-content\/uploads\/2021\/11\/K-BOX-10215-Audi-R8-with-1435-pieces-1-300x300.jpg 300w, https:\/\/mouldking.store\/wp-content\/uploads\/2021\/11\/K-BOX-10215-Audi-R8-with-1435-pieces-1-768x768.jpg 768w, https:\/\/mouldking.store\/wp-content\/uploads\/2021\/11\/K-BOX-10215-Audi-R8-with-1435-pieces-1-600x600.jpg 600w, https:\/\/mouldking.store\/wp-content\/uploads\/2021\/11\/K-BOX-10215-Audi-R8-with-1435-pieces-1-150x150.jpg 150w\" sizes=\"(max-width: 800px) 100vw, 800px\" \/><figcaption id=\"caption-attachment-26996\" class=\"wp-caption-text\">K-BOX 10215 Audi R8 mit 1435 Teilen<\/figcaption><\/figure>\n<figure id=\"attachment_27001\" aria-describedby=\"caption-attachment-27001\" style=\"width: 800px\" class=\"wp-caption aligncenter\"><img decoding=\"async\" class=\"wp-image-27001 size-full\" src=\"https:\/\/mouldking.store\/wp-content\/uploads\/2021\/11\/K-BOX-10215-Audi-R8-with-1435-pieces-6.jpg\" alt=\"K-BOX 10215 Audi R8 with 1435 pieces\" width=\"800\" height=\"800\" title=\"-\" srcset=\"https:\/\/mouldking.store\/wp-content\/uploads\/2021\/11\/K-BOX-10215-Audi-R8-with-1435-pieces-6.jpg 800w, https:\/\/mouldking.store\/wp-content\/uploads\/2021\/11\/K-BOX-10215-Audi-R8-with-1435-pieces-6-300x300.jpg 300w, https:\/\/mouldking.store\/wp-content\/uploads\/2021\/11\/K-BOX-10215-Audi-R8-with-1435-pieces-6-768x768.jpg 768w, https:\/\/mouldking.store\/wp-content\/uploads\/2021\/11\/K-BOX-10215-Audi-R8-with-1435-pieces-6-600x600.jpg 600w, https:\/\/mouldking.store\/wp-content\/uploads\/2021\/11\/K-BOX-10215-Audi-R8-with-1435-pieces-6-150x150.jpg 150w\" sizes=\"(max-width: 800px) 100vw, 800px\" \/><figcaption id=\"caption-attachment-27001\" class=\"wp-caption-text\">K-BOX 10215 Audi R8 mit 1435 Teilen<\/figcaption><\/figure>\n<figure id=\"attachment_26999\" aria-describedby=\"caption-attachment-26999\" style=\"width: 800px\" class=\"wp-caption aligncenter\"><img decoding=\"async\" class=\"wp-image-26999 size-full\" src=\"https:\/\/mouldking.store\/wp-content\/uploads\/2021\/11\/K-BOX-10215-Audi-R8-with-1435-pieces-4.jpg\" alt=\"K-BOX 10215 Audi R8 with 1435 pieces\" width=\"800\" height=\"800\" title=\"-\" srcset=\"https:\/\/mouldking.store\/wp-content\/uploads\/2021\/11\/K-BOX-10215-Audi-R8-with-1435-pieces-4.jpg 800w, https:\/\/mouldking.store\/wp-content\/uploads\/2021\/11\/K-BOX-10215-Audi-R8-with-1435-pieces-4-300x300.jpg 300w, https:\/\/mouldking.store\/wp-content\/uploads\/2021\/11\/K-BOX-10215-Audi-R8-with-1435-pieces-4-768x768.jpg 768w, https:\/\/mouldking.store\/wp-content\/uploads\/2021\/11\/K-BOX-10215-Audi-R8-with-1435-pieces-4-600x600.jpg 600w, https:\/\/mouldking.store\/wp-content\/uploads\/2021\/11\/K-BOX-10215-Audi-R8-with-1435-pieces-4-150x150.jpg 150w\" sizes=\"(max-width: 800px) 100vw, 800px\" \/><figcaption id=\"caption-attachment-26999\" class=\"wp-caption-text\">K-BOX 10215 Audi R8 mit 1435 Teilen<\/figcaption><\/figure>\n<figure id=\"attachment_27000\" aria-describedby=\"caption-attachment-27000\" style=\"width: 800px\" class=\"wp-caption aligncenter\"><img loading=\"lazy\" decoding=\"async\" class=\"wp-image-27000 size-full\" src=\"https:\/\/mouldking.store\/wp-content\/uploads\/2021\/11\/K-BOX-10215-Audi-R8-with-1435-pieces-5.jpg\" alt=\"K-BOX 10215 Audi R8 with 1435 pieces\" width=\"800\" height=\"800\" title=\"-\" srcset=\"https:\/\/mouldking.store\/wp-content\/uploads\/2021\/11\/K-BOX-10215-Audi-R8-with-1435-pieces-5.jpg 800w, https:\/\/mouldking.store\/wp-content\/uploads\/2021\/11\/K-BOX-10215-Audi-R8-with-1435-pieces-5-300x300.jpg 300w, https:\/\/mouldking.store\/wp-content\/uploads\/2021\/11\/K-BOX-10215-Audi-R8-with-1435-pieces-5-768x768.jpg 768w, https:\/\/mouldking.store\/wp-content\/uploads\/2021\/11\/K-BOX-10215-Audi-R8-with-1435-pieces-5-600x600.jpg 600w, https:\/\/mouldking.store\/wp-content\/uploads\/2021\/11\/K-BOX-10215-Audi-R8-with-1435-pieces-5-150x150.jpg 150w\" sizes=\"(max-width: 800px) 100vw, 800px\" \/><figcaption id=\"caption-attachment-27000\" class=\"wp-caption-text\">K-BOX 10215 Audi R8 mit 1435 Teilen<\/figcaption><\/figure>\n<figure id=\"attachment_26998\" aria-describedby=\"caption-attachment-26998\" style=\"width: 800px\" class=\"wp-caption aligncenter\"><img loading=\"lazy\" decoding=\"async\" class=\"wp-image-26998 size-full\" src=\"https:\/\/mouldking.store\/wp-content\/uploads\/2021\/11\/K-BOX-10215-Audi-R8-with-1435-pieces-3.jpg\" alt=\"K-BOX 10215 Audi R8 with 1435 pieces\" width=\"800\" height=\"800\" title=\"-\" srcset=\"https:\/\/mouldking.store\/wp-content\/uploads\/2021\/11\/K-BOX-10215-Audi-R8-with-1435-pieces-3.jpg 800w, https:\/\/mouldking.store\/wp-content\/uploads\/2021\/11\/K-BOX-10215-Audi-R8-with-1435-pieces-3-300x300.jpg 300w, https:\/\/mouldking.store\/wp-content\/uploads\/2021\/11\/K-BOX-10215-Audi-R8-with-1435-pieces-3-768x768.jpg 768w, https:\/\/mouldking.store\/wp-content\/uploads\/2021\/11\/K-BOX-10215-Audi-R8-with-1435-pieces-3-600x600.jpg 600w, https:\/\/mouldking.store\/wp-content\/uploads\/2021\/11\/K-BOX-10215-Audi-R8-with-1435-pieces-3-150x150.jpg 150w\" sizes=\"(max-width: 800px) 100vw, 800px\" \/><figcaption id=\"caption-attachment-26998\" class=\"wp-caption-text\">K-BOX 10215 Audi R8 mit 1435 Teilen<\/figcaption><\/figure>\n<figure id=\"attachment_26997\" aria-describedby=\"caption-attachment-26997\" style=\"width: 800px\" class=\"wp-caption aligncenter\"><img loading=\"lazy\" decoding=\"async\" class=\"wp-image-26997 size-full\" src=\"https:\/\/mouldking.store\/wp-content\/uploads\/2021\/11\/K-BOX-10215-Audi-R8-with-1435-pieces-2.jpg\" alt=\"K-BOX 10215 Audi R8 with 1435 pieces\" width=\"800\" height=\"800\" title=\"-\" srcset=\"https:\/\/mouldking.store\/wp-content\/uploads\/2021\/11\/K-BOX-10215-Audi-R8-with-1435-pieces-2.jpg 800w, https:\/\/mouldking.store\/wp-content\/uploads\/2021\/11\/K-BOX-10215-Audi-R8-with-1435-pieces-2-300x300.jpg 300w, https:\/\/mouldking.store\/wp-content\/uploads\/2021\/11\/K-BOX-10215-Audi-R8-with-1435-pieces-2-768x768.jpg 768w, https:\/\/mouldking.store\/wp-content\/uploads\/2021\/11\/K-BOX-10215-Audi-R8-with-1435-pieces-2-600x600.jpg 600w, https:\/\/mouldking.store\/wp-content\/uploads\/2021\/11\/K-BOX-10215-Audi-R8-with-1435-pieces-2-150x150.jpg 150w\" sizes=\"(max-width: 800px) 100vw, 800px\" \/><figcaption id=\"caption-attachment-26997\" class=\"wp-caption-text\">K-BOX 10215 Audi R8 mit 1435 Teilen<\/figcaption><\/figure>","protected":false},"excerpt":{"rendered":"<p>Product information: Brand: K-BOX Gender: Unisex Name: Audi R8 Age Range: &gt; 14 years old Model Number: 10215 Classification: Assemblage Plastic Block Shape: Self-Locking Bricks Material: Plastic Plastic Type: ABS Bricks Blocks: 1435 PCS Contains detailed assembly instructions. Notice: 1. Without an original box, but we guarantee our products have quality assurance and nice packaging. [&hellip;]<\/p>","protected":false},"featured_media":26996,"comment_status":"open","ping_status":"closed","template":"","meta":{"_acf_changed":false},"product_cat":[364],"product_tag":[3359,2884,2969,3357,3356,3355,3358],"class_list":["product","first","instock","shipping-taxable","purchasable","product-type-simple"],"acf":[],"_links":{"self":[{"href":"https:\/\/mouldking.store\/de\/wp-json\/wp\/v2\/product\/26991","targetHints":{"allow":["GET"]}}],"collection":[{"href":"https:\/\/mouldking.store\/de\/wp-json\/wp\/v2\/product"}],"about":[{"href":"https:\/\/mouldking.store\/de\/wp-json\/wp\/v2\/types\/product"}],"replies":[{"embeddable":true,"href":"https:\/\/mouldking.store\/de\/wp-json\/wp\/v2\/comments?post=26991"}],"wp:featuredmedia":[{"embeddable":true,"href":"https:\/\/mouldking.store\/de\/wp-json\/wp\/v2\/media\/26996"}],"wp:attachment":[{"href":"https:\/\/mouldking.store\/de\/wp-json\/wp\/v2\/media?parent=26991"}],"wp:term":[{"taxonomy":"product_cat","embeddable":true,"href":"https:\/\/mouldking.store\/de\/wp-json\/wp\/v2\/product_cat?post=26991"},{"taxonomy":"product_tag","embeddable":true,"href":"https:\/\/mouldking.store\/de\/wp-json\/wp\/v2\/product_tag?post=26991"}],"curies":[{"name":"wp","href":"https:\/\/api.w.org\/{rel}","templated":true}]}}