{"id":27062,"date":"2021-11-10T15:00:40","date_gmt":"2021-11-10T15:00:40","guid":{"rendered":"https:\/\/mouldking.store\/?post_type=product&#038;p=27062"},"modified":"2025-12-25T09:17:07","modified_gmt":"2025-12-25T02:17:07","slug":"moc-45459-ww-25l-air-speederby-with-368-pieces","status":"publish","type":"product","link":"https:\/\/mouldking.store\/de\/shop\/moc-45459-ww-25l-air-speederby-with-368-pieces\/","title":{"rendered":"MOC-45459 WW-25L Air Speederby mit 368 Teilen"},"content":{"rendered":"<p>Produktinformation:<\/p>\n<ol>\n<li>Marke: MOC<\/li>\n<li>Geschlecht: Unisex<\/li>\n<li>Name: WW-25L Air Speederby<\/li>\n<li>Altersspanne: &gt; 6 Jahre alt<\/li>\n<li>Model Number: MOC-45459<\/li>\n<li>Einstufung: Assemblage<\/li>\n<li>Kunststoffblockform: Selbstsichernde Steine<\/li>\n<li>Material: Kunststoff<\/li>\n<li>Kunststofftyp: ABS<\/li>\n<li>Ziegelsteine: 368 ST\u00dcCKE<\/li>\n<li>Enth\u00e4lt eine ausf\u00fchrliche Montageanleitung.<\/li>\n<li>Zeiteinteilung: 4-8 Wochen<\/li>\n<\/ol>\n<p>Notiz:<br \/>\n1. Ohne Originalverpackung, aber wir garantieren, dass unsere Produkte eine Qualit\u00e4tssicherung und eine sch\u00f6ne Verpackung haben.<br \/>\n2. Wie alle Teile, die wir vor dem Versand \u00fcberpr\u00fcft haben, machen Sie sich keine Sorgen, wenn Sie feststellen, dass einige Teile fehlen oder besch\u00e4digt sind, und kontaktieren Sie uns einfach, und wir k\u00f6nnen sie Ihnen umgehend kostenlos erneut zusenden.<\/p>\n<figure id=\"attachment_27063\" aria-describedby=\"caption-attachment-27063\" style=\"width: 1000px\" class=\"wp-caption aligncenter\"><img fetchpriority=\"high\" decoding=\"async\" class=\"size-full wp-image-27063\" title=\"MOC-45459 WW-25L Air Speederby mit 368 Teilen\" src=\"https:\/\/mouldking.store\/wp-content\/uploads\/2021\/11\/moc-45459-ww-25l-air-speederby-with-368-pieces.jpg\" alt=\"MOC-45459 WW-25L Air Speederby with 368 pieces\" width=\"1000\" height=\"1000\" srcset=\"https:\/\/mouldking.store\/wp-content\/uploads\/2021\/11\/moc-45459-ww-25l-air-speederby-with-368-pieces.jpg 1000w, https:\/\/mouldking.store\/wp-content\/uploads\/2021\/11\/moc-45459-ww-25l-air-speederby-with-368-pieces-300x300.jpg 300w, https:\/\/mouldking.store\/wp-content\/uploads\/2021\/11\/moc-45459-ww-25l-air-speederby-with-368-pieces-768x768.jpg 768w, https:\/\/mouldking.store\/wp-content\/uploads\/2021\/11\/moc-45459-ww-25l-air-speederby-with-368-pieces-600x600.jpg 600w, https:\/\/mouldking.store\/wp-content\/uploads\/2021\/11\/moc-45459-ww-25l-air-speederby-with-368-pieces-150x150.jpg 150w\" sizes=\"(max-width: 1000px) 100vw, 1000px\" \/><figcaption id=\"caption-attachment-27063\" class=\"wp-caption-text\">MOC-45459 WW-25L Air Speederby mit 368 Teilen<\/figcaption><\/figure>\n<figure id=\"attachment_27064\" aria-describedby=\"caption-attachment-27064\" style=\"width: 1000px\" class=\"wp-caption aligncenter\"><img decoding=\"async\" class=\"size-full wp-image-27064\" title=\"MOC-45459 WW-25L Air Speederby mit 368 Teilen\" src=\"https:\/\/mouldking.store\/wp-content\/uploads\/2021\/11\/moc-45459-ww-25l-air-speederby-with-368-pieces-1.jpg\" alt=\"MOC-45459 WW-25L Air Speederby with 368 pieces\" width=\"1000\" height=\"1000\" srcset=\"https:\/\/mouldking.store\/wp-content\/uploads\/2021\/11\/moc-45459-ww-25l-air-speederby-with-368-pieces-1.jpg 1000w, https:\/\/mouldking.store\/wp-content\/uploads\/2021\/11\/moc-45459-ww-25l-air-speederby-with-368-pieces-1-300x300.jpg 300w, https:\/\/mouldking.store\/wp-content\/uploads\/2021\/11\/moc-45459-ww-25l-air-speederby-with-368-pieces-1-768x768.jpg 768w, https:\/\/mouldking.store\/wp-content\/uploads\/2021\/11\/moc-45459-ww-25l-air-speederby-with-368-pieces-1-600x600.jpg 600w, https:\/\/mouldking.store\/wp-content\/uploads\/2021\/11\/moc-45459-ww-25l-air-speederby-with-368-pieces-1-150x150.jpg 150w\" sizes=\"(max-width: 1000px) 100vw, 1000px\" \/><figcaption id=\"caption-attachment-27064\" class=\"wp-caption-text\">MOC-45459 WW-25L Air Speederby mit 368 Teilen<\/figcaption><\/figure>\n<figure id=\"attachment_27065\" aria-describedby=\"caption-attachment-27065\" style=\"width: 1000px\" class=\"wp-caption aligncenter\"><img decoding=\"async\" class=\"size-full wp-image-27065\" title=\"MOC-45459 WW-25L Air Speederby mit 368 Teilen\" src=\"https:\/\/mouldking.store\/wp-content\/uploads\/2021\/11\/moc-45459-ww-25l-air-speederby-with-368-pieces-2.jpg\" alt=\"MOC-45459 WW-25L Air Speederby with 368 pieces\" width=\"1000\" height=\"1000\" srcset=\"https:\/\/mouldking.store\/wp-content\/uploads\/2021\/11\/moc-45459-ww-25l-air-speederby-with-368-pieces-2.jpg 1000w, https:\/\/mouldking.store\/wp-content\/uploads\/2021\/11\/moc-45459-ww-25l-air-speederby-with-368-pieces-2-300x300.jpg 300w, https:\/\/mouldking.store\/wp-content\/uploads\/2021\/11\/moc-45459-ww-25l-air-speederby-with-368-pieces-2-768x768.jpg 768w, https:\/\/mouldking.store\/wp-content\/uploads\/2021\/11\/moc-45459-ww-25l-air-speederby-with-368-pieces-2-600x600.jpg 600w, https:\/\/mouldking.store\/wp-content\/uploads\/2021\/11\/moc-45459-ww-25l-air-speederby-with-368-pieces-2-150x150.jpg 150w\" sizes=\"(max-width: 1000px) 100vw, 1000px\" \/><figcaption id=\"caption-attachment-27065\" class=\"wp-caption-text\">MOC-45459 WW-25L Air Speederby mit 368 Teilen<\/figcaption><\/figure>","protected":false},"excerpt":{"rendered":"<p>Product information: Brand: MOC Gender: Unisex Name: WW-25L Air Speederby Age Range: &gt; 6 years old Model Number: MOC-45459 Classification: Assemblage Plastic Block Shape: Self-Locking Bricks Material: Plastic Plastic Type: ABS Bricks Blocks: 368 PCS Contains detailed assembly instructions. Time arrange: 4-8 weeks Notice: 1. Without an original box, but we guarantee our products have [&hellip;]<\/p>","protected":false},"featured_media":27066,"comment_status":"open","ping_status":"closed","template":"","meta":{"_acf_changed":false},"product_cat":[364],"product_tag":[3386,3387],"class_list":["product","first","instock","shipping-taxable","purchasable","product-type-simple"],"acf":[],"_links":{"self":[{"href":"https:\/\/mouldking.store\/de\/wp-json\/wp\/v2\/product\/27062","targetHints":{"allow":["GET"]}}],"collection":[{"href":"https:\/\/mouldking.store\/de\/wp-json\/wp\/v2\/product"}],"about":[{"href":"https:\/\/mouldking.store\/de\/wp-json\/wp\/v2\/types\/product"}],"replies":[{"embeddable":true,"href":"https:\/\/mouldking.store\/de\/wp-json\/wp\/v2\/comments?post=27062"}],"wp:featuredmedia":[{"embeddable":true,"href":"https:\/\/mouldking.store\/de\/wp-json\/wp\/v2\/media\/27066"}],"wp:attachment":[{"href":"https:\/\/mouldking.store\/de\/wp-json\/wp\/v2\/media?parent=27062"}],"wp:term":[{"taxonomy":"product_cat","embeddable":true,"href":"https:\/\/mouldking.store\/de\/wp-json\/wp\/v2\/product_cat?post=27062"},{"taxonomy":"product_tag","embeddable":true,"href":"https:\/\/mouldking.store\/de\/wp-json\/wp\/v2\/product_tag?post=27062"}],"curies":[{"name":"wp","href":"https:\/\/api.w.org\/{rel}","templated":true}]}}