{"id":27095,"date":"2021-11-11T11:38:38","date_gmt":"2021-11-11T11:38:38","guid":{"rendered":"https:\/\/mouldking.store\/?post_type=product&#038;p=27095"},"modified":"2025-12-25T09:17:07","modified_gmt":"2025-12-25T02:17:07","slug":"moc-23445-destiny-handcannon-duke-mk-10-with-420-pieces","status":"publish","type":"product","link":"https:\/\/mouldking.store\/de\/shop\/moc-23445-destiny-handcannon-duke-mk-10-with-420-pieces\/","title":{"rendered":"MOC-23445 Destiny Handcannon \u2013 Duke Mk 10 mit 420 St\u00fcck"},"content":{"rendered":"<p>Produktinformation:<\/p>\n<ol>\n<li>Marke: MOC<\/li>\n<li>Geschlecht: Unisex<\/li>\n<li>Name: Destiny Handkanone \u2013 Duke Mk 10<\/li>\n<li>Altersspanne: &gt; 6 Jahre alt<\/li>\n<li>Modellnummer: MOC-23445<\/li>\n<li>Einstufung: Assemblage<\/li>\n<li>Kunststoffblockform: Selbstsichernde Steine<\/li>\n<li>Material: Kunststoff<\/li>\n<li>Kunststofftyp: ABS<\/li>\n<li>Ziegelsteine: 420 St\u00fcck<\/li>\n<li>Enth\u00e4lt eine ausf\u00fchrliche Montageanleitung.<\/li>\n<\/ol>\n<p>Notiz:<br \/>\n1. Ohne Originalverpackung, aber wir garantieren, dass unsere Produkte eine Qualit\u00e4tssicherung und eine sch\u00f6ne Verpackung haben.<br \/>\n2. Wie alle Teile, die wir vor dem Versand \u00fcberpr\u00fcft haben, machen Sie sich keine Sorgen, wenn Sie feststellen, dass einige Teile fehlen oder besch\u00e4digt sind, und kontaktieren Sie uns einfach, und wir k\u00f6nnen sie Ihnen umgehend kostenlos erneut zusenden.<\/p>\n<figure id=\"attachment_27096\" aria-describedby=\"caption-attachment-27096\" style=\"width: 1000px\" class=\"wp-caption aligncenter\"><img fetchpriority=\"high\" decoding=\"async\" class=\"size-full wp-image-27096\" title=\"MOC-23445 Destiny Handkanone - Duke Mk 10 mit 420 St\u00fcck\" src=\"https:\/\/mouldking.store\/wp-content\/uploads\/2021\/11\/moc-23445-destiny-handcannon-duke-mk-10-with-420-pieces.jpg\" alt=\"MOC-23445 Destiny Handcannon - Duke Mk 10 with 420 pieces\" width=\"1000\" height=\"1000\" srcset=\"https:\/\/mouldking.store\/wp-content\/uploads\/2021\/11\/moc-23445-destiny-handcannon-duke-mk-10-with-420-pieces.jpg 1000w, https:\/\/mouldking.store\/wp-content\/uploads\/2021\/11\/moc-23445-destiny-handcannon-duke-mk-10-with-420-pieces-300x300.jpg 300w, https:\/\/mouldking.store\/wp-content\/uploads\/2021\/11\/moc-23445-destiny-handcannon-duke-mk-10-with-420-pieces-768x768.jpg 768w, https:\/\/mouldking.store\/wp-content\/uploads\/2021\/11\/moc-23445-destiny-handcannon-duke-mk-10-with-420-pieces-600x600.jpg 600w, https:\/\/mouldking.store\/wp-content\/uploads\/2021\/11\/moc-23445-destiny-handcannon-duke-mk-10-with-420-pieces-150x150.jpg 150w\" sizes=\"(max-width: 1000px) 100vw, 1000px\" \/><figcaption id=\"caption-attachment-27096\" class=\"wp-caption-text\">MOC-23445 Destiny Handcannon \u2013 Duke Mk 10 mit 420 St\u00fcck<\/figcaption><\/figure>\n<figure id=\"attachment_27097\" aria-describedby=\"caption-attachment-27097\" style=\"width: 1000px\" class=\"wp-caption aligncenter\"><img decoding=\"async\" class=\"size-full wp-image-27097\" title=\"MOC-23445 Destiny Handkanone - Duke Mk 10 mit 420 St\u00fcck\" src=\"https:\/\/mouldking.store\/wp-content\/uploads\/2021\/11\/moc-23445-destiny-handcannon-duke-mk-10-with-420-pieces-1.jpg\" alt=\"MOC-23445 Destiny Handcannon - Duke Mk 10 with 420 pieces\" width=\"1000\" height=\"1000\" srcset=\"https:\/\/mouldking.store\/wp-content\/uploads\/2021\/11\/moc-23445-destiny-handcannon-duke-mk-10-with-420-pieces-1.jpg 1000w, https:\/\/mouldking.store\/wp-content\/uploads\/2021\/11\/moc-23445-destiny-handcannon-duke-mk-10-with-420-pieces-1-300x300.jpg 300w, https:\/\/mouldking.store\/wp-content\/uploads\/2021\/11\/moc-23445-destiny-handcannon-duke-mk-10-with-420-pieces-1-768x768.jpg 768w, https:\/\/mouldking.store\/wp-content\/uploads\/2021\/11\/moc-23445-destiny-handcannon-duke-mk-10-with-420-pieces-1-600x600.jpg 600w, https:\/\/mouldking.store\/wp-content\/uploads\/2021\/11\/moc-23445-destiny-handcannon-duke-mk-10-with-420-pieces-1-150x150.jpg 150w\" sizes=\"(max-width: 1000px) 100vw, 1000px\" \/><figcaption id=\"caption-attachment-27097\" class=\"wp-caption-text\">MOC-23445 Destiny Handcannon \u2013 Duke Mk 10 mit 420 St\u00fcck<\/figcaption><\/figure>","protected":false},"excerpt":{"rendered":"<p>Product information: Brand: MOC Gender: Unisex Name: Destiny Hand cannon &#8211; Duke Mk 10 Age Range: &gt; 6 years old Model Number: MOC-23445 Classification: Assemblage Plastic Block Shape: Self-Locking Bricks Material: Plastic Plastic Type: ABS Bricks Blocks: 420 PCS Contains detailed assembly instructions. Notice: 1. Without an original box, but we guarantee our products have [&hellip;]<\/p>","protected":false},"featured_media":27098,"comment_status":"open","ping_status":"closed","template":"","meta":{"_acf_changed":false},"product_cat":[372],"product_tag":[3399,3398],"class_list":["product","first","instock","shipping-taxable","purchasable","product-type-simple"],"acf":[],"_links":{"self":[{"href":"https:\/\/mouldking.store\/de\/wp-json\/wp\/v2\/product\/27095","targetHints":{"allow":["GET"]}}],"collection":[{"href":"https:\/\/mouldking.store\/de\/wp-json\/wp\/v2\/product"}],"about":[{"href":"https:\/\/mouldking.store\/de\/wp-json\/wp\/v2\/types\/product"}],"replies":[{"embeddable":true,"href":"https:\/\/mouldking.store\/de\/wp-json\/wp\/v2\/comments?post=27095"}],"wp:featuredmedia":[{"embeddable":true,"href":"https:\/\/mouldking.store\/de\/wp-json\/wp\/v2\/media\/27098"}],"wp:attachment":[{"href":"https:\/\/mouldking.store\/de\/wp-json\/wp\/v2\/media?parent=27095"}],"wp:term":[{"taxonomy":"product_cat","embeddable":true,"href":"https:\/\/mouldking.store\/de\/wp-json\/wp\/v2\/product_cat?post=27095"},{"taxonomy":"product_tag","embeddable":true,"href":"https:\/\/mouldking.store\/de\/wp-json\/wp\/v2\/product_tag?post=27095"}],"curies":[{"name":"wp","href":"https:\/\/api.w.org\/{rel}","templated":true}]}}