{"id":27168,"date":"2021-11-12T02:33:51","date_gmt":"2021-11-12T02:33:51","guid":{"rendered":"https:\/\/mouldking.store\/?post_type=product&#038;p=27168"},"modified":"2021-12-23T09:40:43","modified_gmt":"2021-12-23T09:40:43","slug":"urge-50101-medievaltown-market-with-1724-pieces","status":"publish","type":"product","link":"https:\/\/mouldking.store\/de\/shop\/urge-50101-medievaltown-market-with-1724-pieces\/","title":{"rendered":"URGE 50101 Mittelaltermarkt mit 1724 St\u00fcck"},"content":{"rendered":"<p>Produktinformation:<\/p>\n<ol>\n<li>Marke: URGE<\/li>\n<li>Geschlecht: Unisex<\/li>\n<li>Name: Medievaltown Market<\/li>\n<li>Altersspanne: &gt; 6 Jahre alt<\/li>\n<li>Model Number: 50101<\/li>\n<li>Einstufung: Assemblage<\/li>\n<li>Kunststoffblockform: Selbstsichernde Steine<\/li>\n<li>Material: Kunststoff<\/li>\n<li>Kunststofftyp: ABS<\/li>\n<li>Ziegelsteine: 1724 ST\u00dcCKE<\/li>\n<li>Enth\u00e4lt eine ausf\u00fchrliche Montageanleitung.<\/li>\n<\/ol>\n<p>Notiz:<br \/>\n1. Ohne Originalverpackung, aber wir garantieren, dass unsere Produkte eine Qualit\u00e4tssicherung und eine sch\u00f6ne Verpackung haben.<br \/>\n2. Wie alle Teile, die wir vor dem Versand \u00fcberpr\u00fcft haben, machen Sie sich keine Sorgen, wenn Sie feststellen, dass einige Teile fehlen oder besch\u00e4digt sind, und kontaktieren Sie uns einfach, und wir k\u00f6nnen sie Ihnen umgehend kostenlos erneut zusenden.<\/p>\n<figure id=\"attachment_27176\" aria-describedby=\"caption-attachment-27176\" style=\"width: 580px\" class=\"wp-caption aligncenter\"><img fetchpriority=\"high\" decoding=\"async\" class=\"wp-image-27176 size-full\" src=\"https:\/\/mouldking.store\/wp-content\/uploads\/2021\/11\/URGE-50101-Medievaltown-Market-with-1724-pieces-8.jpg\" alt=\"URGE 50101 Medievaltown Market with 1724 pieces\" width=\"580\" height=\"1023\" title=\"-\" srcset=\"https:\/\/mouldking.store\/wp-content\/uploads\/2021\/11\/URGE-50101-Medievaltown-Market-with-1724-pieces-8.jpg 580w, https:\/\/mouldking.store\/wp-content\/uploads\/2021\/11\/URGE-50101-Medievaltown-Market-with-1724-pieces-8-170x300.jpg 170w, https:\/\/mouldking.store\/wp-content\/uploads\/2021\/11\/URGE-50101-Medievaltown-Market-with-1724-pieces-8-300x529.jpg 300w, https:\/\/mouldking.store\/wp-content\/uploads\/2021\/11\/URGE-50101-Medievaltown-Market-with-1724-pieces-8-85x150.jpg 85w\" sizes=\"(max-width: 580px) 100vw, 580px\" \/><figcaption id=\"caption-attachment-27176\" class=\"wp-caption-text\">URGE 50101 Mittelaltermarkt mit 1724 St\u00fcck<\/figcaption><\/figure>\n<figure id=\"attachment_27177\" aria-describedby=\"caption-attachment-27177\" style=\"width: 750px\" class=\"wp-caption aligncenter\"><img decoding=\"async\" class=\"wp-image-27177 size-full\" src=\"https:\/\/mouldking.store\/wp-content\/uploads\/2021\/11\/URGE-50101-Medievaltown-Market-with-1724-pieces-9.jpg\" alt=\"URGE 50101 Medievaltown Market with 1724 pieces\" width=\"750\" height=\"750\" title=\"-\" srcset=\"https:\/\/mouldking.store\/wp-content\/uploads\/2021\/11\/URGE-50101-Medievaltown-Market-with-1724-pieces-9.jpg 750w, https:\/\/mouldking.store\/wp-content\/uploads\/2021\/11\/URGE-50101-Medievaltown-Market-with-1724-pieces-9-300x300.jpg 300w, https:\/\/mouldking.store\/wp-content\/uploads\/2021\/11\/URGE-50101-Medievaltown-Market-with-1724-pieces-9-600x600.jpg 600w, https:\/\/mouldking.store\/wp-content\/uploads\/2021\/11\/URGE-50101-Medievaltown-Market-with-1724-pieces-9-150x150.jpg 150w\" sizes=\"(max-width: 750px) 100vw, 750px\" \/><figcaption id=\"caption-attachment-27177\" class=\"wp-caption-text\">URGE 50101 Mittelaltermarkt mit 1724 St\u00fcck<\/figcaption><\/figure>\n<figure id=\"attachment_27175\" aria-describedby=\"caption-attachment-27175\" style=\"width: 584px\" class=\"wp-caption aligncenter\"><img decoding=\"async\" class=\"wp-image-27175 size-full\" src=\"https:\/\/mouldking.store\/wp-content\/uploads\/2021\/11\/URGE-50101-Medievaltown-Market-with-1724-pieces-7.jpg\" alt=\"URGE 50101 Medievaltown Market with 1724 pieces\" width=\"584\" height=\"1023\" title=\"-\" srcset=\"https:\/\/mouldking.store\/wp-content\/uploads\/2021\/11\/URGE-50101-Medievaltown-Market-with-1724-pieces-7.jpg 584w, https:\/\/mouldking.store\/wp-content\/uploads\/2021\/11\/URGE-50101-Medievaltown-Market-with-1724-pieces-7-171x300.jpg 171w, https:\/\/mouldking.store\/wp-content\/uploads\/2021\/11\/URGE-50101-Medievaltown-Market-with-1724-pieces-7-300x526.jpg 300w, https:\/\/mouldking.store\/wp-content\/uploads\/2021\/11\/URGE-50101-Medievaltown-Market-with-1724-pieces-7-86x150.jpg 86w\" sizes=\"(max-width: 584px) 100vw, 584px\" \/><figcaption id=\"caption-attachment-27175\" class=\"wp-caption-text\">URGE 50101 Mittelaltermarkt mit 1724 St\u00fcck<\/figcaption><\/figure>\n<figure id=\"attachment_27170\" aria-describedby=\"caption-attachment-27170\" style=\"width: 750px\" class=\"wp-caption aligncenter\"><img loading=\"lazy\" decoding=\"async\" class=\"wp-image-27170 size-full\" src=\"https:\/\/mouldking.store\/wp-content\/uploads\/2021\/11\/URGE-50101-Medievaltown-Market-with-1724-pieces-2.jpg\" alt=\"URGE 50101 Medievaltown Market with 1724 pieces\" width=\"750\" height=\"815\" title=\"-\" srcset=\"https:\/\/mouldking.store\/wp-content\/uploads\/2021\/11\/URGE-50101-Medievaltown-Market-with-1724-pieces-2.jpg 750w, https:\/\/mouldking.store\/wp-content\/uploads\/2021\/11\/URGE-50101-Medievaltown-Market-with-1724-pieces-2-276x300.jpg 276w, https:\/\/mouldking.store\/wp-content\/uploads\/2021\/11\/URGE-50101-Medievaltown-Market-with-1724-pieces-2-300x326.jpg 300w, https:\/\/mouldking.store\/wp-content\/uploads\/2021\/11\/URGE-50101-Medievaltown-Market-with-1724-pieces-2-600x652.jpg 600w, https:\/\/mouldking.store\/wp-content\/uploads\/2021\/11\/URGE-50101-Medievaltown-Market-with-1724-pieces-2-138x150.jpg 138w\" sizes=\"(max-width: 750px) 100vw, 750px\" \/><figcaption id=\"caption-attachment-27170\" class=\"wp-caption-text\">URGE 50101 Mittelaltermarkt mit 1724 St\u00fcck<\/figcaption><\/figure>\n<figure id=\"attachment_27171\" aria-describedby=\"caption-attachment-27171\" style=\"width: 750px\" class=\"wp-caption aligncenter\"><img loading=\"lazy\" decoding=\"async\" class=\"wp-image-27171 size-full\" src=\"https:\/\/mouldking.store\/wp-content\/uploads\/2021\/11\/URGE-50101-Medievaltown-Market-with-1724-pieces-3.jpg\" alt=\"URGE 50101 Medievaltown Market with 1724 pieces\" width=\"750\" height=\"795\" title=\"-\" srcset=\"https:\/\/mouldking.store\/wp-content\/uploads\/2021\/11\/URGE-50101-Medievaltown-Market-with-1724-pieces-3.jpg 750w, https:\/\/mouldking.store\/wp-content\/uploads\/2021\/11\/URGE-50101-Medievaltown-Market-with-1724-pieces-3-283x300.jpg 283w, https:\/\/mouldking.store\/wp-content\/uploads\/2021\/11\/URGE-50101-Medievaltown-Market-with-1724-pieces-3-300x318.jpg 300w, https:\/\/mouldking.store\/wp-content\/uploads\/2021\/11\/URGE-50101-Medievaltown-Market-with-1724-pieces-3-600x636.jpg 600w, https:\/\/mouldking.store\/wp-content\/uploads\/2021\/11\/URGE-50101-Medievaltown-Market-with-1724-pieces-3-142x150.jpg 142w\" sizes=\"(max-width: 750px) 100vw, 750px\" \/><figcaption id=\"caption-attachment-27171\" class=\"wp-caption-text\">URGE 50101 Mittelaltermarkt mit 1724 St\u00fcck<\/figcaption><\/figure>\n<figure id=\"attachment_27172\" aria-describedby=\"caption-attachment-27172\" style=\"width: 750px\" class=\"wp-caption aligncenter\"><img loading=\"lazy\" decoding=\"async\" class=\"wp-image-27172 size-full\" src=\"https:\/\/mouldking.store\/wp-content\/uploads\/2021\/11\/URGE-50101-Medievaltown-Market-with-1724-pieces-4.jpg\" alt=\"URGE 50101 Medievaltown Market with 1724 pieces\" width=\"750\" height=\"943\" title=\"-\" srcset=\"https:\/\/mouldking.store\/wp-content\/uploads\/2021\/11\/URGE-50101-Medievaltown-Market-with-1724-pieces-4.jpg 750w, https:\/\/mouldking.store\/wp-content\/uploads\/2021\/11\/URGE-50101-Medievaltown-Market-with-1724-pieces-4-239x300.jpg 239w, https:\/\/mouldking.store\/wp-content\/uploads\/2021\/11\/URGE-50101-Medievaltown-Market-with-1724-pieces-4-300x377.jpg 300w, https:\/\/mouldking.store\/wp-content\/uploads\/2021\/11\/URGE-50101-Medievaltown-Market-with-1724-pieces-4-600x754.jpg 600w, https:\/\/mouldking.store\/wp-content\/uploads\/2021\/11\/URGE-50101-Medievaltown-Market-with-1724-pieces-4-119x150.jpg 119w\" sizes=\"(max-width: 750px) 100vw, 750px\" \/><figcaption id=\"caption-attachment-27172\" class=\"wp-caption-text\">URGE 50101 Mittelaltermarkt mit 1724 St\u00fcck<\/figcaption><\/figure>\n<figure id=\"attachment_27173\" aria-describedby=\"caption-attachment-27173\" style=\"width: 675px\" class=\"wp-caption aligncenter\"><img loading=\"lazy\" decoding=\"async\" class=\"wp-image-27173 size-full\" src=\"https:\/\/mouldking.store\/wp-content\/uploads\/2021\/11\/URGE-50101-Medievaltown-Market-with-1724-pieces-5.jpg\" alt=\"URGE 50101 Medievaltown Market with 1724 pieces\" width=\"675\" height=\"1024\" title=\"-\" srcset=\"https:\/\/mouldking.store\/wp-content\/uploads\/2021\/11\/URGE-50101-Medievaltown-Market-with-1724-pieces-5.jpg 675w, https:\/\/mouldking.store\/wp-content\/uploads\/2021\/11\/URGE-50101-Medievaltown-Market-with-1724-pieces-5-198x300.jpg 198w, https:\/\/mouldking.store\/wp-content\/uploads\/2021\/11\/URGE-50101-Medievaltown-Market-with-1724-pieces-5-300x455.jpg 300w, https:\/\/mouldking.store\/wp-content\/uploads\/2021\/11\/URGE-50101-Medievaltown-Market-with-1724-pieces-5-600x910.jpg 600w, https:\/\/mouldking.store\/wp-content\/uploads\/2021\/11\/URGE-50101-Medievaltown-Market-with-1724-pieces-5-99x150.jpg 99w\" sizes=\"(max-width: 675px) 100vw, 675px\" \/><figcaption id=\"caption-attachment-27173\" class=\"wp-caption-text\">URGE 50101 Mittelaltermarkt mit 1724 St\u00fcck<\/figcaption><\/figure>\n<figure id=\"attachment_27174\" aria-describedby=\"caption-attachment-27174\" style=\"width: 553px\" class=\"wp-caption aligncenter\"><img loading=\"lazy\" decoding=\"async\" class=\"wp-image-27174 size-full\" src=\"https:\/\/mouldking.store\/wp-content\/uploads\/2021\/11\/URGE-50101-Medievaltown-Market-with-1724-pieces-6.jpg\" alt=\"URGE 50101 Medievaltown Market with 1724 pieces\" width=\"553\" height=\"1023\" title=\"-\" srcset=\"https:\/\/mouldking.store\/wp-content\/uploads\/2021\/11\/URGE-50101-Medievaltown-Market-with-1724-pieces-6.jpg 553w, https:\/\/mouldking.store\/wp-content\/uploads\/2021\/11\/URGE-50101-Medievaltown-Market-with-1724-pieces-6-162x300.jpg 162w, https:\/\/mouldking.store\/wp-content\/uploads\/2021\/11\/URGE-50101-Medievaltown-Market-with-1724-pieces-6-300x555.jpg 300w, https:\/\/mouldking.store\/wp-content\/uploads\/2021\/11\/URGE-50101-Medievaltown-Market-with-1724-pieces-6-81x150.jpg 81w\" sizes=\"(max-width: 553px) 100vw, 553px\" \/><figcaption id=\"caption-attachment-27174\" class=\"wp-caption-text\">URGE 50101 Mittelaltermarkt mit 1724 St\u00fcck<\/figcaption><\/figure>","protected":false},"excerpt":{"rendered":"<p>Product information: Brand: URGE Gender: Unisex Name: Medievaltown Market Age Range: &gt; 6 years old Model Number: 50101 Classification: Assemblage Plastic Block Shape: Self-Locking Bricks Material: Plastic Plastic Type: ABS Bricks Blocks: 1724 PCS Contains detailed assembly instructions. Notice: 1. Without an original box, but we guarantee our products have quality assurance and nice packaging. [&hellip;]<\/p>","protected":false},"featured_media":27169,"comment_status":"open","ping_status":"closed","template":"","meta":{"_acf_changed":false},"product_cat":[390],"product_tag":[3449,3450,3451,2763,3448,1912,3447,3446,3445],"class_list":["product","first","instock","shipping-taxable","purchasable","product-type-simple"],"acf":[],"_links":{"self":[{"href":"https:\/\/mouldking.store\/de\/wp-json\/wp\/v2\/product\/27168","targetHints":{"allow":["GET"]}}],"collection":[{"href":"https:\/\/mouldking.store\/de\/wp-json\/wp\/v2\/product"}],"about":[{"href":"https:\/\/mouldking.store\/de\/wp-json\/wp\/v2\/types\/product"}],"replies":[{"embeddable":true,"href":"https:\/\/mouldking.store\/de\/wp-json\/wp\/v2\/comments?post=27168"}],"wp:featuredmedia":[{"embeddable":true,"href":"https:\/\/mouldking.store\/de\/wp-json\/wp\/v2\/media\/27169"}],"wp:attachment":[{"href":"https:\/\/mouldking.store\/de\/wp-json\/wp\/v2\/media?parent=27168"}],"wp:term":[{"taxonomy":"product_cat","embeddable":true,"href":"https:\/\/mouldking.store\/de\/wp-json\/wp\/v2\/product_cat?post=27168"},{"taxonomy":"product_tag","embeddable":true,"href":"https:\/\/mouldking.store\/de\/wp-json\/wp\/v2\/product_tag?post=27168"}],"curies":[{"name":"wp","href":"https:\/\/api.w.org\/{rel}","templated":true}]}}