{"id":27192,"date":"2021-11-12T02:52:42","date_gmt":"2021-11-12T02:52:42","guid":{"rendered":"https:\/\/mouldking.store\/?post_type=product&#038;p=27192"},"modified":"2023-02-07T17:51:18","modified_gmt":"2023-02-07T10:51:18","slug":"18k-k93-k93b-rolls-royce-cullinan-with-3161-pieces","status":"publish","type":"product","link":"https:\/\/mouldking.store\/de\/shop\/18k-k93-k93b-rolls-royce-cullinan-with-3161-pieces\/","title":{"rendered":"18K K93 K93B Rolls-Royce Cullinan mit 3161 Teilen"},"content":{"rendered":"<p>Produktinformation:<\/p>\n<ol>\n<li>Marke: 18K<\/li>\n<li>Geschlecht: Unisex<\/li>\n<li>Name: Rolls-Royce Cullinan<\/li>\n<li>Altersspanne: &gt; 6 Jahre alt<\/li>\n<li>Model Number: K93 K93B<\/li>\n<li>Einstufung: Assemblage<\/li>\n<li>Kunststoffblockform: Selbstsichernde Steine<\/li>\n<li>Material: Kunststoff<\/li>\n<li>Kunststofftyp: ABS<\/li>\n<li>Bricks Blocks: 3161 PCS<\/li>\n<li>Enth\u00e4lt eine ausf\u00fchrliche Montageanleitung.<\/li>\n<\/ol>\n<p>Notiz:<br \/>\n1. Ohne Originalverpackung, aber wir garantieren, dass unsere Produkte eine Qualit\u00e4tssicherung und eine sch\u00f6ne Verpackung haben.<br \/>\n2. Wie alle Teile, die wir vor dem Versand \u00fcberpr\u00fcft haben, machen Sie sich keine Sorgen, wenn Sie feststellen, dass einige Teile fehlen oder besch\u00e4digt sind, und kontaktieren Sie uns einfach, und wir k\u00f6nnen sie Ihnen umgehend kostenlos erneut zusenden.<\/p>\n<figure id=\"attachment_27193\" aria-describedby=\"caption-attachment-27193\" style=\"width: 800px\" class=\"wp-caption aligncenter\"><img fetchpriority=\"high\" decoding=\"async\" class=\"wp-image-27193 size-full\" src=\"https:\/\/mouldking.store\/wp-content\/uploads\/2021\/11\/18K-K93-K93B-Rolls-Royce-Cullinan-1.jpg\" alt=\"18K K93 K93B Rolls-Royce Cullinan\" width=\"800\" height=\"800\" title=\"-\" srcset=\"https:\/\/mouldking.store\/wp-content\/uploads\/2021\/11\/18K-K93-K93B-Rolls-Royce-Cullinan-1.jpg 800w, https:\/\/mouldking.store\/wp-content\/uploads\/2021\/11\/18K-K93-K93B-Rolls-Royce-Cullinan-1-300x300.jpg 300w, https:\/\/mouldking.store\/wp-content\/uploads\/2021\/11\/18K-K93-K93B-Rolls-Royce-Cullinan-1-768x768.jpg 768w, https:\/\/mouldking.store\/wp-content\/uploads\/2021\/11\/18K-K93-K93B-Rolls-Royce-Cullinan-1-600x600.jpg 600w, https:\/\/mouldking.store\/wp-content\/uploads\/2021\/11\/18K-K93-K93B-Rolls-Royce-Cullinan-1-150x150.jpg 150w\" sizes=\"(max-width: 800px) 100vw, 800px\" \/><figcaption id=\"caption-attachment-27193\" class=\"wp-caption-text\">18K K93 K93B Rolls-Royce Cullinan<\/figcaption><\/figure>\n<figure id=\"attachment_27194\" aria-describedby=\"caption-attachment-27194\" style=\"width: 800px\" class=\"wp-caption aligncenter\"><img decoding=\"async\" class=\"wp-image-27194 size-full\" src=\"https:\/\/mouldking.store\/wp-content\/uploads\/2021\/11\/18K-K93-K93B-Rolls-Royce-Cullinan-2.jpg\" alt=\"18K K93 K93B Rolls-Royce Cullinan\" width=\"800\" height=\"800\" title=\"-\" srcset=\"https:\/\/mouldking.store\/wp-content\/uploads\/2021\/11\/18K-K93-K93B-Rolls-Royce-Cullinan-2.jpg 800w, https:\/\/mouldking.store\/wp-content\/uploads\/2021\/11\/18K-K93-K93B-Rolls-Royce-Cullinan-2-300x300.jpg 300w, https:\/\/mouldking.store\/wp-content\/uploads\/2021\/11\/18K-K93-K93B-Rolls-Royce-Cullinan-2-768x768.jpg 768w, https:\/\/mouldking.store\/wp-content\/uploads\/2021\/11\/18K-K93-K93B-Rolls-Royce-Cullinan-2-600x600.jpg 600w, https:\/\/mouldking.store\/wp-content\/uploads\/2021\/11\/18K-K93-K93B-Rolls-Royce-Cullinan-2-150x150.jpg 150w\" sizes=\"(max-width: 800px) 100vw, 800px\" \/><figcaption id=\"caption-attachment-27194\" class=\"wp-caption-text\">18K K93 K93B Rolls-Royce Cullinan<\/figcaption><\/figure>\n<figure id=\"attachment_27196\" aria-describedby=\"caption-attachment-27196\" style=\"width: 800px\" class=\"wp-caption aligncenter\"><img decoding=\"async\" class=\"wp-image-27196 size-full\" src=\"https:\/\/mouldking.store\/wp-content\/uploads\/2021\/11\/18K-K93-K93B-Rolls-Royce-Cullinan-4.jpg\" alt=\"18K K93 K93B Rolls-Royce Cullinan\" width=\"800\" height=\"800\" title=\"-\" srcset=\"https:\/\/mouldking.store\/wp-content\/uploads\/2021\/11\/18K-K93-K93B-Rolls-Royce-Cullinan-4.jpg 800w, https:\/\/mouldking.store\/wp-content\/uploads\/2021\/11\/18K-K93-K93B-Rolls-Royce-Cullinan-4-300x300.jpg 300w, https:\/\/mouldking.store\/wp-content\/uploads\/2021\/11\/18K-K93-K93B-Rolls-Royce-Cullinan-4-768x768.jpg 768w, https:\/\/mouldking.store\/wp-content\/uploads\/2021\/11\/18K-K93-K93B-Rolls-Royce-Cullinan-4-600x600.jpg 600w, https:\/\/mouldking.store\/wp-content\/uploads\/2021\/11\/18K-K93-K93B-Rolls-Royce-Cullinan-4-150x150.jpg 150w\" sizes=\"(max-width: 800px) 100vw, 800px\" \/><figcaption id=\"caption-attachment-27196\" class=\"wp-caption-text\">18K K93 K93B Rolls-Royce Cullinan<\/figcaption><\/figure>\n<figure id=\"attachment_27203\" aria-describedby=\"caption-attachment-27203\" style=\"width: 790px\" class=\"wp-caption aligncenter\"><img loading=\"lazy\" decoding=\"async\" class=\"wp-image-27203 size-full\" src=\"https:\/\/mouldking.store\/wp-content\/uploads\/2021\/11\/18K-K93-K93B-Rolls-Royce-Cullinan-11.jpg\" alt=\"18K K93 K93B Rolls-Royce Cullinan\" width=\"790\" height=\"783\" title=\"-\" srcset=\"https:\/\/mouldking.store\/wp-content\/uploads\/2021\/11\/18K-K93-K93B-Rolls-Royce-Cullinan-11.jpg 790w, https:\/\/mouldking.store\/wp-content\/uploads\/2021\/11\/18K-K93-K93B-Rolls-Royce-Cullinan-11-300x297.jpg 300w, https:\/\/mouldking.store\/wp-content\/uploads\/2021\/11\/18K-K93-K93B-Rolls-Royce-Cullinan-11-768x761.jpg 768w, https:\/\/mouldking.store\/wp-content\/uploads\/2021\/11\/18K-K93-K93B-Rolls-Royce-Cullinan-11-600x595.jpg 600w, https:\/\/mouldking.store\/wp-content\/uploads\/2021\/11\/18K-K93-K93B-Rolls-Royce-Cullinan-11-150x150.jpg 150w\" sizes=\"(max-width: 790px) 100vw, 790px\" \/><figcaption id=\"caption-attachment-27203\" class=\"wp-caption-text\">18K K93 K93B Rolls-Royce Cullinan<\/figcaption><\/figure>\n<figure id=\"attachment_27204\" aria-describedby=\"caption-attachment-27204\" style=\"width: 790px\" class=\"wp-caption aligncenter\"><img loading=\"lazy\" decoding=\"async\" class=\"wp-image-27204 size-full\" src=\"https:\/\/mouldking.store\/wp-content\/uploads\/2021\/11\/18K-K93-K93B-Rolls-Royce-Cullinan-12.jpg\" alt=\"18K K93 K93B Rolls-Royce Cullinan\" width=\"790\" height=\"817\" title=\"-\" srcset=\"https:\/\/mouldking.store\/wp-content\/uploads\/2021\/11\/18K-K93-K93B-Rolls-Royce-Cullinan-12.jpg 790w, https:\/\/mouldking.store\/wp-content\/uploads\/2021\/11\/18K-K93-K93B-Rolls-Royce-Cullinan-12-290x300.jpg 290w, https:\/\/mouldking.store\/wp-content\/uploads\/2021\/11\/18K-K93-K93B-Rolls-Royce-Cullinan-12-768x794.jpg 768w, https:\/\/mouldking.store\/wp-content\/uploads\/2021\/11\/18K-K93-K93B-Rolls-Royce-Cullinan-12-300x310.jpg 300w, https:\/\/mouldking.store\/wp-content\/uploads\/2021\/11\/18K-K93-K93B-Rolls-Royce-Cullinan-12-600x621.jpg 600w, https:\/\/mouldking.store\/wp-content\/uploads\/2021\/11\/18K-K93-K93B-Rolls-Royce-Cullinan-12-145x150.jpg 145w\" sizes=\"(max-width: 790px) 100vw, 790px\" \/><figcaption id=\"caption-attachment-27204\" class=\"wp-caption-text\">18K K93 K93B Rolls-Royce Cullinan<\/figcaption><\/figure>\n<figure id=\"attachment_27202\" aria-describedby=\"caption-attachment-27202\" style=\"width: 800px\" class=\"wp-caption aligncenter\"><img loading=\"lazy\" decoding=\"async\" class=\"wp-image-27202 size-full\" src=\"https:\/\/mouldking.store\/wp-content\/uploads\/2021\/11\/18K-K93-K93B-Rolls-Royce-Cullinan-10.jpg\" alt=\"18K K93 K93B Rolls-Royce Cullinan\" width=\"800\" height=\"800\" title=\"-\" srcset=\"https:\/\/mouldking.store\/wp-content\/uploads\/2021\/11\/18K-K93-K93B-Rolls-Royce-Cullinan-10.jpg 800w, https:\/\/mouldking.store\/wp-content\/uploads\/2021\/11\/18K-K93-K93B-Rolls-Royce-Cullinan-10-300x300.jpg 300w, https:\/\/mouldking.store\/wp-content\/uploads\/2021\/11\/18K-K93-K93B-Rolls-Royce-Cullinan-10-768x768.jpg 768w, https:\/\/mouldking.store\/wp-content\/uploads\/2021\/11\/18K-K93-K93B-Rolls-Royce-Cullinan-10-600x600.jpg 600w, https:\/\/mouldking.store\/wp-content\/uploads\/2021\/11\/18K-K93-K93B-Rolls-Royce-Cullinan-10-150x150.jpg 150w\" sizes=\"(max-width: 800px) 100vw, 800px\" \/><figcaption id=\"caption-attachment-27202\" class=\"wp-caption-text\">18K K93 K93B Rolls-Royce Cullinan<\/figcaption><\/figure>\n<figure id=\"attachment_27201\" aria-describedby=\"caption-attachment-27201\" style=\"width: 800px\" class=\"wp-caption aligncenter\"><img loading=\"lazy\" decoding=\"async\" class=\"wp-image-27201 size-full\" src=\"https:\/\/mouldking.store\/wp-content\/uploads\/2021\/11\/18K-K93-K93B-Rolls-Royce-Cullinan-9.jpg\" alt=\"18K K93 K93B Rolls-Royce Cullinan\" width=\"800\" height=\"800\" title=\"-\" srcset=\"https:\/\/mouldking.store\/wp-content\/uploads\/2021\/11\/18K-K93-K93B-Rolls-Royce-Cullinan-9.jpg 800w, https:\/\/mouldking.store\/wp-content\/uploads\/2021\/11\/18K-K93-K93B-Rolls-Royce-Cullinan-9-300x300.jpg 300w, https:\/\/mouldking.store\/wp-content\/uploads\/2021\/11\/18K-K93-K93B-Rolls-Royce-Cullinan-9-768x768.jpg 768w, https:\/\/mouldking.store\/wp-content\/uploads\/2021\/11\/18K-K93-K93B-Rolls-Royce-Cullinan-9-600x600.jpg 600w, https:\/\/mouldking.store\/wp-content\/uploads\/2021\/11\/18K-K93-K93B-Rolls-Royce-Cullinan-9-150x150.jpg 150w\" sizes=\"(max-width: 800px) 100vw, 800px\" \/><figcaption id=\"caption-attachment-27201\" class=\"wp-caption-text\">18K K93 K93B Rolls-Royce Cullinan<\/figcaption><\/figure>\n<figure id=\"attachment_27200\" aria-describedby=\"caption-attachment-27200\" style=\"width: 800px\" class=\"wp-caption aligncenter\"><img loading=\"lazy\" decoding=\"async\" class=\"wp-image-27200 size-full\" src=\"https:\/\/mouldking.store\/wp-content\/uploads\/2021\/11\/18K-K93-K93B-Rolls-Royce-Cullinan-8.jpg\" alt=\"18K K93 K93B Rolls-Royce Cullinan\" width=\"800\" height=\"800\" title=\"-\" srcset=\"https:\/\/mouldking.store\/wp-content\/uploads\/2021\/11\/18K-K93-K93B-Rolls-Royce-Cullinan-8.jpg 800w, https:\/\/mouldking.store\/wp-content\/uploads\/2021\/11\/18K-K93-K93B-Rolls-Royce-Cullinan-8-300x300.jpg 300w, https:\/\/mouldking.store\/wp-content\/uploads\/2021\/11\/18K-K93-K93B-Rolls-Royce-Cullinan-8-768x768.jpg 768w, https:\/\/mouldking.store\/wp-content\/uploads\/2021\/11\/18K-K93-K93B-Rolls-Royce-Cullinan-8-600x600.jpg 600w, https:\/\/mouldking.store\/wp-content\/uploads\/2021\/11\/18K-K93-K93B-Rolls-Royce-Cullinan-8-150x150.jpg 150w\" sizes=\"(max-width: 800px) 100vw, 800px\" \/><figcaption id=\"caption-attachment-27200\" class=\"wp-caption-text\">18K K93 K93B Rolls-Royce Cullinan<\/figcaption><\/figure>\n<figure id=\"attachment_27195\" aria-describedby=\"caption-attachment-27195\" style=\"width: 640px\" class=\"wp-caption aligncenter\"><img loading=\"lazy\" decoding=\"async\" class=\"wp-image-27195 size-full\" src=\"https:\/\/mouldking.store\/wp-content\/uploads\/2021\/11\/18K-K93-K93B-Rolls-Royce-Cullinan-3.jpg\" alt=\"18K K93 K93B Rolls-Royce Cullinan\" width=\"640\" height=\"640\" title=\"-\" srcset=\"https:\/\/mouldking.store\/wp-content\/uploads\/2021\/11\/18K-K93-K93B-Rolls-Royce-Cullinan-3.jpg 640w, https:\/\/mouldking.store\/wp-content\/uploads\/2021\/11\/18K-K93-K93B-Rolls-Royce-Cullinan-3-300x300.jpg 300w, https:\/\/mouldking.store\/wp-content\/uploads\/2021\/11\/18K-K93-K93B-Rolls-Royce-Cullinan-3-600x600.jpg 600w, https:\/\/mouldking.store\/wp-content\/uploads\/2021\/11\/18K-K93-K93B-Rolls-Royce-Cullinan-3-150x150.jpg 150w\" sizes=\"(max-width: 640px) 100vw, 640px\" \/><figcaption id=\"caption-attachment-27195\" class=\"wp-caption-text\">18K K93 K93B Rolls-Royce Cullinan<\/figcaption><\/figure>\n<figure id=\"attachment_27199\" aria-describedby=\"caption-attachment-27199\" style=\"width: 800px\" class=\"wp-caption aligncenter\"><img loading=\"lazy\" decoding=\"async\" class=\"wp-image-27199\" src=\"https:\/\/mouldking.store\/wp-content\/uploads\/2021\/11\/18K-K93-K93B-Rolls-Royce-Cullinan-7-300x300.jpg\" alt=\"18K K93 K93B Rolls-Royce Cullinan\" width=\"800\" height=\"800\" title=\"-\" srcset=\"https:\/\/mouldking.store\/wp-content\/uploads\/2021\/11\/18K-K93-K93B-Rolls-Royce-Cullinan-7-300x300.jpg 300w, https:\/\/mouldking.store\/wp-content\/uploads\/2021\/11\/18K-K93-K93B-Rolls-Royce-Cullinan-7-768x768.jpg 768w, https:\/\/mouldking.store\/wp-content\/uploads\/2021\/11\/18K-K93-K93B-Rolls-Royce-Cullinan-7-600x600.jpg 600w, https:\/\/mouldking.store\/wp-content\/uploads\/2021\/11\/18K-K93-K93B-Rolls-Royce-Cullinan-7-150x150.jpg 150w, https:\/\/mouldking.store\/wp-content\/uploads\/2021\/11\/18K-K93-K93B-Rolls-Royce-Cullinan-7.jpg 1024w\" sizes=\"(max-width: 800px) 100vw, 800px\" \/><figcaption id=\"caption-attachment-27199\" class=\"wp-caption-text\">18K K93 K93B Rolls-Royce Cullinan<\/figcaption><\/figure>\n<figure id=\"attachment_27198\" aria-describedby=\"caption-attachment-27198\" style=\"width: 801px\" class=\"wp-caption aligncenter\"><img loading=\"lazy\" decoding=\"async\" class=\"wp-image-27198 size-full\" src=\"https:\/\/mouldking.store\/wp-content\/uploads\/2021\/11\/18K-K93-K93B-Rolls-Royce-Cullinan-6.jpg\" alt=\"18K K93 K93B Rolls-Royce Cullinan\" width=\"801\" height=\"800\" title=\"-\" srcset=\"https:\/\/mouldking.store\/wp-content\/uploads\/2021\/11\/18K-K93-K93B-Rolls-Royce-Cullinan-6.jpg 801w, https:\/\/mouldking.store\/wp-content\/uploads\/2021\/11\/18K-K93-K93B-Rolls-Royce-Cullinan-6-300x300.jpg 300w, https:\/\/mouldking.store\/wp-content\/uploads\/2021\/11\/18K-K93-K93B-Rolls-Royce-Cullinan-6-768x767.jpg 768w, https:\/\/mouldking.store\/wp-content\/uploads\/2021\/11\/18K-K93-K93B-Rolls-Royce-Cullinan-6-600x599.jpg 600w, https:\/\/mouldking.store\/wp-content\/uploads\/2021\/11\/18K-K93-K93B-Rolls-Royce-Cullinan-6-150x150.jpg 150w\" sizes=\"(max-width: 801px) 100vw, 801px\" \/><figcaption id=\"caption-attachment-27198\" class=\"wp-caption-text\">18K K93 K93B Rolls-Royce Cullinan<\/figcaption><\/figure>\n<figure id=\"attachment_27197\" aria-describedby=\"caption-attachment-27197\" style=\"width: 790px\" class=\"wp-caption aligncenter\"><img loading=\"lazy\" decoding=\"async\" class=\"wp-image-27197 size-full\" src=\"https:\/\/mouldking.store\/wp-content\/uploads\/2021\/11\/18K-K93-K93B-Rolls-Royce-Cullinan-5.jpg\" alt=\"18K K93 K93B Rolls-Royce Cullinan\" width=\"790\" height=\"512\" title=\"-\" srcset=\"https:\/\/mouldking.store\/wp-content\/uploads\/2021\/11\/18K-K93-K93B-Rolls-Royce-Cullinan-5.jpg 790w, https:\/\/mouldking.store\/wp-content\/uploads\/2021\/11\/18K-K93-K93B-Rolls-Royce-Cullinan-5-300x194.jpg 300w, https:\/\/mouldking.store\/wp-content\/uploads\/2021\/11\/18K-K93-K93B-Rolls-Royce-Cullinan-5-768x498.jpg 768w, https:\/\/mouldking.store\/wp-content\/uploads\/2021\/11\/18K-K93-K93B-Rolls-Royce-Cullinan-5-600x389.jpg 600w, https:\/\/mouldking.store\/wp-content\/uploads\/2021\/11\/18K-K93-K93B-Rolls-Royce-Cullinan-5-150x97.jpg 150w\" sizes=\"(max-width: 790px) 100vw, 790px\" \/><figcaption id=\"caption-attachment-27197\" class=\"wp-caption-text\">18K K93 K93B Rolls-Royce Cullinan<\/figcaption><\/figure>","protected":false},"excerpt":{"rendered":"<p>Product information: Brand: 18K Gender: Unisex Name: Rolls-Royce Cullinan Age Range: &gt; 6 years old Model Number: K93 K93B Classification: Assemblage Plastic Block Shape: Self-Locking Bricks Material: Plastic Plastic Type: ABS Bricks Blocks: 3161 PCS Contains detailed assembly instructions. Notice: 1. Without an original box, but we guarantee our products have quality assurance and nice [&hellip;]<\/p>","protected":false},"author":105,"featured_media":27193,"comment_status":"open","ping_status":"closed","template":"","meta":{"_acf_changed":false},"product_cat":[364],"product_tag":[1770,3469,3468,3467,2942,3473,3471,3474,3472,3470],"class_list":["product","first","instock","shipping-taxable","purchasable","product-type-variable"],"acf":[],"_links":{"self":[{"href":"https:\/\/mouldking.store\/de\/wp-json\/wp\/v2\/product\/27192","targetHints":{"allow":["GET"]}}],"collection":[{"href":"https:\/\/mouldking.store\/de\/wp-json\/wp\/v2\/product"}],"about":[{"href":"https:\/\/mouldking.store\/de\/wp-json\/wp\/v2\/types\/product"}],"author":[{"embeddable":true,"href":"https:\/\/mouldking.store\/de\/wp-json\/wp\/v2\/users\/105"}],"replies":[{"embeddable":true,"href":"https:\/\/mouldking.store\/de\/wp-json\/wp\/v2\/comments?post=27192"}],"wp:featuredmedia":[{"embeddable":true,"href":"https:\/\/mouldking.store\/de\/wp-json\/wp\/v2\/media\/27193"}],"wp:attachment":[{"href":"https:\/\/mouldking.store\/de\/wp-json\/wp\/v2\/media?parent=27192"}],"wp:term":[{"taxonomy":"product_cat","embeddable":true,"href":"https:\/\/mouldking.store\/de\/wp-json\/wp\/v2\/product_cat?post=27192"},{"taxonomy":"product_tag","embeddable":true,"href":"https:\/\/mouldking.store\/de\/wp-json\/wp\/v2\/product_tag?post=27192"}],"curies":[{"name":"wp","href":"https:\/\/api.w.org\/{rel}","templated":true}]}}