{"id":27296,"date":"2021-11-13T10:17:54","date_gmt":"2021-11-13T03:17:54","guid":{"rendered":"https:\/\/mouldking.store\/?post_type=product&#038;p=27296"},"modified":"2025-12-25T09:17:05","modified_gmt":"2025-12-25T02:17:05","slug":"moc-7698-vortex-class-scout-cruiser-with-927-pieces","status":"publish","type":"product","link":"https:\/\/mouldking.store\/de\/shop\/moc-7698-vortex-class-scout-cruiser-with-927-pieces\/","title":{"rendered":"MOC-7698 Scout Cruiser der Vortex-Klasse mit 927 Teilen"},"content":{"rendered":"<p>Produktinformation:<\/p>\n<ol>\n<li>Marke: MOC<\/li>\n<li>Geschlecht: Unisex<\/li>\n<li>Name: Vortex Class Scout Cruiser<\/li>\n<li>Altersspanne: &gt; 6 Jahre alt<\/li>\n<li>Model Number: MOC-7698<\/li>\n<li>Einstufung: Assemblage<\/li>\n<li>Kunststoffblockform: Selbstsichernde Steine<\/li>\n<li>Material: Kunststoff<\/li>\n<li>Kunststofftyp: ABS<\/li>\n<li>Bricks Blocks: 927 PCS<\/li>\n<li>Dimensions: 32 x 20 x 14 cm<\/li>\n<li>Gewicht: 0,72 kg<\/li>\n<li>Zeit vereinbaren: 30-50 Tage (Sonderanfertigung)<\/li>\n<li>Enth\u00e4lt eine ausf\u00fchrliche Montageanleitung.<\/li>\n<\/ol>\n<p>Notiz:<br \/>\n1. Ohne Originalverpackung, aber wir garantieren, dass unsere Produkte eine Qualit\u00e4tssicherung und eine sch\u00f6ne Verpackung haben.<br \/>\n2. Wie alle Teile, die wir vor dem Versand \u00fcberpr\u00fcft haben, machen Sie sich keine Sorgen, wenn Sie feststellen, dass einige Teile fehlen oder besch\u00e4digt sind, und kontaktieren Sie uns einfach, und wir k\u00f6nnen sie Ihnen umgehend kostenlos erneut zusenden.<\/p>\n<figure id=\"attachment_27297\" aria-describedby=\"caption-attachment-27297\" style=\"width: 1000px\" class=\"wp-caption aligncenter\"><img fetchpriority=\"high\" decoding=\"async\" class=\"size-full wp-image-27297\" title=\"MOC-7698 Scout Cruiser der Vortex-Klasse mit 927 Teilen\" src=\"https:\/\/mouldking.store\/wp-content\/uploads\/2021\/11\/moc-7698-vortex-class-scout-cruiser-with-927-pieces.jpg\" alt=\"MOC-7698 Vortex Class Scout Cruiser with 927 pieces\" width=\"1000\" height=\"1000\" srcset=\"https:\/\/mouldking.store\/wp-content\/uploads\/2021\/11\/moc-7698-vortex-class-scout-cruiser-with-927-pieces.jpg 1000w, https:\/\/mouldking.store\/wp-content\/uploads\/2021\/11\/moc-7698-vortex-class-scout-cruiser-with-927-pieces-300x300.jpg 300w, https:\/\/mouldking.store\/wp-content\/uploads\/2021\/11\/moc-7698-vortex-class-scout-cruiser-with-927-pieces-768x768.jpg 768w, https:\/\/mouldking.store\/wp-content\/uploads\/2021\/11\/moc-7698-vortex-class-scout-cruiser-with-927-pieces-600x600.jpg 600w, https:\/\/mouldking.store\/wp-content\/uploads\/2021\/11\/moc-7698-vortex-class-scout-cruiser-with-927-pieces-150x150.jpg 150w\" sizes=\"(max-width: 1000px) 100vw, 1000px\" \/><figcaption id=\"caption-attachment-27297\" class=\"wp-caption-text\">MOC-7698 Scout Cruiser der Vortex-Klasse mit 927 Teilen<\/figcaption><\/figure>\n<figure id=\"attachment_27298\" aria-describedby=\"caption-attachment-27298\" style=\"width: 1000px\" class=\"wp-caption aligncenter\"><img decoding=\"async\" class=\"size-full wp-image-27298\" title=\"MOC-7698 Scout Cruiser der Vortex-Klasse mit 927 Teilen\" src=\"https:\/\/mouldking.store\/wp-content\/uploads\/2021\/11\/moc-7698-vortex-class-scout-cruiser-with-927-pieces-1.jpg\" alt=\"MOC-7698 Vortex Class Scout Cruiser with 927 pieces\" width=\"1000\" height=\"1000\" srcset=\"https:\/\/mouldking.store\/wp-content\/uploads\/2021\/11\/moc-7698-vortex-class-scout-cruiser-with-927-pieces-1.jpg 1000w, https:\/\/mouldking.store\/wp-content\/uploads\/2021\/11\/moc-7698-vortex-class-scout-cruiser-with-927-pieces-1-300x300.jpg 300w, https:\/\/mouldking.store\/wp-content\/uploads\/2021\/11\/moc-7698-vortex-class-scout-cruiser-with-927-pieces-1-768x768.jpg 768w, https:\/\/mouldking.store\/wp-content\/uploads\/2021\/11\/moc-7698-vortex-class-scout-cruiser-with-927-pieces-1-600x600.jpg 600w, https:\/\/mouldking.store\/wp-content\/uploads\/2021\/11\/moc-7698-vortex-class-scout-cruiser-with-927-pieces-1-150x150.jpg 150w\" sizes=\"(max-width: 1000px) 100vw, 1000px\" \/><figcaption id=\"caption-attachment-27298\" class=\"wp-caption-text\">MOC-7698 Scout Cruiser der Vortex-Klasse mit 927 Teilen<\/figcaption><\/figure>\n<figure id=\"attachment_27299\" aria-describedby=\"caption-attachment-27299\" style=\"width: 1000px\" class=\"wp-caption aligncenter\"><img decoding=\"async\" class=\"size-full wp-image-27299\" title=\"MOC-7698 Scout Cruiser der Vortex-Klasse mit 927 Teilen\" src=\"https:\/\/mouldking.store\/wp-content\/uploads\/2021\/11\/moc-7698-vortex-class-scout-cruiser-with-927-pieces-2.jpg\" alt=\"MOC-7698 Vortex Class Scout Cruiser with 927 pieces\" width=\"1000\" height=\"1000\" srcset=\"https:\/\/mouldking.store\/wp-content\/uploads\/2021\/11\/moc-7698-vortex-class-scout-cruiser-with-927-pieces-2.jpg 1000w, https:\/\/mouldking.store\/wp-content\/uploads\/2021\/11\/moc-7698-vortex-class-scout-cruiser-with-927-pieces-2-300x300.jpg 300w, https:\/\/mouldking.store\/wp-content\/uploads\/2021\/11\/moc-7698-vortex-class-scout-cruiser-with-927-pieces-2-768x768.jpg 768w, https:\/\/mouldking.store\/wp-content\/uploads\/2021\/11\/moc-7698-vortex-class-scout-cruiser-with-927-pieces-2-600x600.jpg 600w, https:\/\/mouldking.store\/wp-content\/uploads\/2021\/11\/moc-7698-vortex-class-scout-cruiser-with-927-pieces-2-150x150.jpg 150w\" sizes=\"(max-width: 1000px) 100vw, 1000px\" \/><figcaption id=\"caption-attachment-27299\" class=\"wp-caption-text\">MOC-7698 Scout Cruiser der Vortex-Klasse mit 927 Teilen<\/figcaption><\/figure>\n<p>&nbsp;<\/p>","protected":false},"excerpt":{"rendered":"<p>Product information: Brand: MOC Gender: Unisex Name: Vortex Class Scout Cruiser Age Range: &gt; 6 years old Model Number: MOC-7698 Classification: Assemblage Plastic Block Shape: Self-Locking Bricks Material: Plastic Plastic Type: ABS Bricks Blocks: 927 PCS Dimensions: 32 x 20 x 14 cm Weight: 0.72 kg Arrange Time: 30-50 days (custom item) Contains detailed assembly [&hellip;]<\/p>","protected":false},"featured_media":27300,"comment_status":"open","ping_status":"closed","template":"","meta":{"_acf_changed":false},"product_cat":[364],"product_tag":[3513,3514],"class_list":["product","first","instock","shipping-taxable","purchasable","product-type-simple"],"acf":[],"_links":{"self":[{"href":"https:\/\/mouldking.store\/de\/wp-json\/wp\/v2\/product\/27296","targetHints":{"allow":["GET"]}}],"collection":[{"href":"https:\/\/mouldking.store\/de\/wp-json\/wp\/v2\/product"}],"about":[{"href":"https:\/\/mouldking.store\/de\/wp-json\/wp\/v2\/types\/product"}],"replies":[{"embeddable":true,"href":"https:\/\/mouldking.store\/de\/wp-json\/wp\/v2\/comments?post=27296"}],"wp:featuredmedia":[{"embeddable":true,"href":"https:\/\/mouldking.store\/de\/wp-json\/wp\/v2\/media\/27300"}],"wp:attachment":[{"href":"https:\/\/mouldking.store\/de\/wp-json\/wp\/v2\/media?parent=27296"}],"wp:term":[{"taxonomy":"product_cat","embeddable":true,"href":"https:\/\/mouldking.store\/de\/wp-json\/wp\/v2\/product_cat?post=27296"},{"taxonomy":"product_tag","embeddable":true,"href":"https:\/\/mouldking.store\/de\/wp-json\/wp\/v2\/product_tag?post=27296"}],"curies":[{"name":"wp","href":"https:\/\/api.w.org\/{rel}","templated":true}]}}