{"id":27389,"date":"2021-11-16T09:39:21","date_gmt":"2021-11-16T02:39:21","guid":{"rendered":"https:\/\/mouldking.store\/?post_type=product&#038;p=27389"},"modified":"2023-11-16T14:51:55","modified_gmt":"2023-11-16T07:51:55","slug":"tgl-t4007-rc-fire-truck-with-5030-pieces","status":"publish","type":"product","link":"https:\/\/mouldking.store\/de\/shop\/tgl-t4007-rc-fire-truck-with-5030-pieces\/","title":{"rendered":"TGL T4007 RC Feuerwehrauto mit 5030 Teilen"},"content":{"rendered":"<p>Produktinformation:<\/p>\n<ol>\n<li>Marke: TGL<\/li>\n<li>Geschlecht: Unisex<\/li>\n<li>Name: RC Fire Truck<\/li>\n<li>Altersspanne: &gt; 6 Jahre alt<\/li>\n<li>Model Number: T4007<\/li>\n<li>Einstufung: Assemblage<\/li>\n<li>Kunststoffblockform: Selbstsichernde Steine<\/li>\n<li>Material: Kunststoff<\/li>\n<li>Kunststofftyp: ABS<\/li>\n<li>Bricks Blocks: 5030 PCS<\/li>\n<li>Enth\u00e4lt eine ausf\u00fchrliche Montageanleitung.<\/li>\n<\/ol>\n<p>Notiz:<br \/>\n1. Ohne Originalverpackung, aber wir garantieren, dass unsere Produkte eine Qualit\u00e4tssicherung und eine sch\u00f6ne Verpackung haben.<br \/>\n2. Wie alle Teile, die wir vor dem Versand \u00fcberpr\u00fcft haben, machen Sie sich keine Sorgen, wenn Sie feststellen, dass einige Teile fehlen oder besch\u00e4digt sind, und kontaktieren Sie uns einfach, und wir k\u00f6nnen sie Ihnen umgehend kostenlos erneut zusenden.<\/p>\n<figure id=\"attachment_27390\" aria-describedby=\"caption-attachment-27390\" style=\"width: 800px\" class=\"wp-caption aligncenter\"><img fetchpriority=\"high\" decoding=\"async\" class=\"wp-image-27390 size-full\" src=\"https:\/\/mouldking.store\/wp-content\/uploads\/2021\/11\/TGL-T4007-RC-Fire-Truck-with-5030-pieces-1.jpg\" alt=\"TGL T4007 RC Fire Truck with 5030 pieces\" width=\"800\" height=\"800\" title=\"-\" srcset=\"https:\/\/mouldking.store\/wp-content\/uploads\/2021\/11\/TGL-T4007-RC-Fire-Truck-with-5030-pieces-1.jpg 800w, https:\/\/mouldking.store\/wp-content\/uploads\/2021\/11\/TGL-T4007-RC-Fire-Truck-with-5030-pieces-1-300x300.jpg 300w, https:\/\/mouldking.store\/wp-content\/uploads\/2021\/11\/TGL-T4007-RC-Fire-Truck-with-5030-pieces-1-768x768.jpg 768w, https:\/\/mouldking.store\/wp-content\/uploads\/2021\/11\/TGL-T4007-RC-Fire-Truck-with-5030-pieces-1-600x600.jpg 600w, https:\/\/mouldking.store\/wp-content\/uploads\/2021\/11\/TGL-T4007-RC-Fire-Truck-with-5030-pieces-1-150x150.jpg 150w\" sizes=\"(max-width: 800px) 100vw, 800px\" \/><figcaption id=\"caption-attachment-27390\" class=\"wp-caption-text\">TGL T4007 RC Feuerwehrauto mit 5030 Teilen<\/figcaption><\/figure>\n<figure id=\"attachment_27392\" aria-describedby=\"caption-attachment-27392\" style=\"width: 800px\" class=\"wp-caption aligncenter\"><img decoding=\"async\" class=\"wp-image-27392\" src=\"https:\/\/mouldking.store\/wp-content\/uploads\/2021\/11\/TGL-T4007-RC-Fire-Truck-with-5030-pieces-3-300x300.jpg\" alt=\"TGL T4007 RC Fire Truck with 5030 pieces\" width=\"800\" height=\"800\" title=\"-\" srcset=\"https:\/\/mouldking.store\/wp-content\/uploads\/2021\/11\/TGL-T4007-RC-Fire-Truck-with-5030-pieces-3-300x300.jpg 300w, https:\/\/mouldking.store\/wp-content\/uploads\/2021\/11\/TGL-T4007-RC-Fire-Truck-with-5030-pieces-3-768x768.jpg 768w, https:\/\/mouldking.store\/wp-content\/uploads\/2021\/11\/TGL-T4007-RC-Fire-Truck-with-5030-pieces-3-600x600.jpg 600w, https:\/\/mouldking.store\/wp-content\/uploads\/2021\/11\/TGL-T4007-RC-Fire-Truck-with-5030-pieces-3-150x150.jpg 150w, https:\/\/mouldking.store\/wp-content\/uploads\/2021\/11\/TGL-T4007-RC-Fire-Truck-with-5030-pieces-3.jpg 1024w\" sizes=\"(max-width: 800px) 100vw, 800px\" \/><figcaption id=\"caption-attachment-27392\" class=\"wp-caption-text\">TGL T4007 RC Feuerwehrauto mit 5030 Teilen<\/figcaption><\/figure>\n<figure id=\"attachment_27393\" aria-describedby=\"caption-attachment-27393\" style=\"width: 800px\" class=\"wp-caption aligncenter\"><img decoding=\"async\" class=\"wp-image-27393\" src=\"https:\/\/mouldking.store\/wp-content\/uploads\/2021\/11\/TGL-T4007-RC-Fire-Truck-with-5030-pieces-4-300x300.jpg\" alt=\"TGL T4007 RC Fire Truck with 5030 pieces\" width=\"800\" height=\"800\" title=\"-\" srcset=\"https:\/\/mouldking.store\/wp-content\/uploads\/2021\/11\/TGL-T4007-RC-Fire-Truck-with-5030-pieces-4-300x300.jpg 300w, https:\/\/mouldking.store\/wp-content\/uploads\/2021\/11\/TGL-T4007-RC-Fire-Truck-with-5030-pieces-4-768x768.jpg 768w, https:\/\/mouldking.store\/wp-content\/uploads\/2021\/11\/TGL-T4007-RC-Fire-Truck-with-5030-pieces-4-600x600.jpg 600w, https:\/\/mouldking.store\/wp-content\/uploads\/2021\/11\/TGL-T4007-RC-Fire-Truck-with-5030-pieces-4-150x150.jpg 150w, https:\/\/mouldking.store\/wp-content\/uploads\/2021\/11\/TGL-T4007-RC-Fire-Truck-with-5030-pieces-4.jpg 1024w\" sizes=\"(max-width: 800px) 100vw, 800px\" \/><figcaption id=\"caption-attachment-27393\" class=\"wp-caption-text\">TGL T4007 RC Feuerwehrauto mit 5030 Teilen<\/figcaption><\/figure>\n<figure id=\"attachment_27391\" aria-describedby=\"caption-attachment-27391\" style=\"width: 800px\" class=\"wp-caption aligncenter\"><img loading=\"lazy\" decoding=\"async\" class=\"wp-image-27391\" src=\"https:\/\/mouldking.store\/wp-content\/uploads\/2021\/11\/TGL-T4007-RC-Fire-Truck-with-5030-pieces-2-300x300.jpg\" alt=\"TGL T4007 RC Fire Truck with 5030 pieces\" width=\"800\" height=\"800\" title=\"-\" srcset=\"https:\/\/mouldking.store\/wp-content\/uploads\/2021\/11\/TGL-T4007-RC-Fire-Truck-with-5030-pieces-2-300x300.jpg 300w, https:\/\/mouldking.store\/wp-content\/uploads\/2021\/11\/TGL-T4007-RC-Fire-Truck-with-5030-pieces-2-768x768.jpg 768w, https:\/\/mouldking.store\/wp-content\/uploads\/2021\/11\/TGL-T4007-RC-Fire-Truck-with-5030-pieces-2-600x600.jpg 600w, https:\/\/mouldking.store\/wp-content\/uploads\/2021\/11\/TGL-T4007-RC-Fire-Truck-with-5030-pieces-2-150x150.jpg 150w, https:\/\/mouldking.store\/wp-content\/uploads\/2021\/11\/TGL-T4007-RC-Fire-Truck-with-5030-pieces-2.jpg 1024w\" sizes=\"(max-width: 800px) 100vw, 800px\" \/><figcaption id=\"caption-attachment-27391\" class=\"wp-caption-text\">TGL T4007 RC Feuerwehrauto mit 5030 Teilen<\/figcaption><\/figure>","protected":false},"excerpt":{"rendered":"<p>Product information: Brand: TGL Gender: Unisex Name: RC Fire Truck Age Range: &gt; 6 years old Model Number: T4007 Classification: Assemblage Plastic Block Shape: Self-Locking Bricks Material: Plastic Plastic Type: ABS Bricks Blocks: 5030 PCS Contains detailed assembly instructions. Notice: 1. Without an original box, but we guarantee our products have quality assurance and nice [&hellip;]<\/p>","protected":false},"featured_media":27390,"comment_status":"open","ping_status":"closed","template":"","meta":{"_acf_changed":false},"product_cat":[364],"product_tag":[3560,3565,481,3562,3564,2739,3563,3561,3559,3558],"class_list":["product","first","outofstock","shipping-taxable","purchasable","product-type-simple"],"acf":[],"_links":{"self":[{"href":"https:\/\/mouldking.store\/de\/wp-json\/wp\/v2\/product\/27389","targetHints":{"allow":["GET"]}}],"collection":[{"href":"https:\/\/mouldking.store\/de\/wp-json\/wp\/v2\/product"}],"about":[{"href":"https:\/\/mouldking.store\/de\/wp-json\/wp\/v2\/types\/product"}],"replies":[{"embeddable":true,"href":"https:\/\/mouldking.store\/de\/wp-json\/wp\/v2\/comments?post=27389"}],"wp:featuredmedia":[{"embeddable":true,"href":"https:\/\/mouldking.store\/de\/wp-json\/wp\/v2\/media\/27390"}],"wp:attachment":[{"href":"https:\/\/mouldking.store\/de\/wp-json\/wp\/v2\/media?parent=27389"}],"wp:term":[{"taxonomy":"product_cat","embeddable":true,"href":"https:\/\/mouldking.store\/de\/wp-json\/wp\/v2\/product_cat?post=27389"},{"taxonomy":"product_tag","embeddable":true,"href":"https:\/\/mouldking.store\/de\/wp-json\/wp\/v2\/product_tag?post=27389"}],"curies":[{"name":"wp","href":"https:\/\/api.w.org\/{rel}","templated":true}]}}