{"id":27394,"date":"2021-11-16T09:55:32","date_gmt":"2021-11-16T09:55:32","guid":{"rendered":"https:\/\/mouldking.store\/?post_type=product&#038;p=27394"},"modified":"2021-12-23T09:40:39","modified_gmt":"2021-12-23T09:40:39","slug":"juhang-86006-mushroom-house-with-lights-with-2633-pieces","status":"publish","type":"product","link":"https:\/\/mouldking.store\/de\/shop\/juhang-86006-mushroom-house-with-lights-with-2633-pieces\/","title":{"rendered":"JUHANG 86006 Pilzhaus mit Lichtern mit 2633 Teilen"},"content":{"rendered":"<p>Produktinformation:<\/p>\n<ol>\n<li>Brand: JUHANG<\/li>\n<li>Geschlecht: Unisex<\/li>\n<li>Name: Mushroom House with Lights<\/li>\n<li>Altersspanne: &gt; 6 Jahre alt<\/li>\n<li>Model Number: 86006<\/li>\n<li>Einstufung: Assemblage<\/li>\n<li>Kunststoffblockform: Selbstsichernde Steine<\/li>\n<li>Material: Kunststoff<\/li>\n<li>Kunststofftyp: ABS<\/li>\n<li>Bricks Blocks: 2633 PCS<\/li>\n<li>Enth\u00e4lt eine ausf\u00fchrliche Montageanleitung.<\/li>\n<\/ol>\n<p>Notiz:<br \/>\n1. Ohne Originalverpackung, aber wir garantieren, dass unsere Produkte eine Qualit\u00e4tssicherung und eine sch\u00f6ne Verpackung haben.<br \/>\n2. Wie alle Teile, die wir vor dem Versand \u00fcberpr\u00fcft haben, machen Sie sich keine Sorgen, wenn Sie feststellen, dass einige Teile fehlen oder besch\u00e4digt sind, und kontaktieren Sie uns einfach, und wir k\u00f6nnen sie Ihnen umgehend kostenlos erneut zusenden.<\/p>\n<figure id=\"attachment_27395\" aria-describedby=\"caption-attachment-27395\" style=\"width: 800px\" class=\"wp-caption aligncenter\"><img fetchpriority=\"high\" decoding=\"async\" class=\"wp-image-27395 size-full\" src=\"https:\/\/mouldking.store\/wp-content\/uploads\/2021\/11\/JUHANG-86006-Mushroom-House-with-Lights-with-2633-pieces-1.jpg\" alt=\"JUHANG 86006 Mushroom House with Lights with 2633 pieces\" width=\"800\" height=\"800\" title=\"-\" srcset=\"https:\/\/mouldking.store\/wp-content\/uploads\/2021\/11\/JUHANG-86006-Mushroom-House-with-Lights-with-2633-pieces-1.jpg 800w, https:\/\/mouldking.store\/wp-content\/uploads\/2021\/11\/JUHANG-86006-Mushroom-House-with-Lights-with-2633-pieces-1-300x300.jpg 300w, https:\/\/mouldking.store\/wp-content\/uploads\/2021\/11\/JUHANG-86006-Mushroom-House-with-Lights-with-2633-pieces-1-768x768.jpg 768w, https:\/\/mouldking.store\/wp-content\/uploads\/2021\/11\/JUHANG-86006-Mushroom-House-with-Lights-with-2633-pieces-1-600x600.jpg 600w, https:\/\/mouldking.store\/wp-content\/uploads\/2021\/11\/JUHANG-86006-Mushroom-House-with-Lights-with-2633-pieces-1-150x150.jpg 150w\" sizes=\"(max-width: 800px) 100vw, 800px\" \/><figcaption id=\"caption-attachment-27395\" class=\"wp-caption-text\">JUHANG 86006 Pilzhaus mit Lichtern mit 2633 Teilen<\/figcaption><\/figure>\n<figure id=\"attachment_27404\" aria-describedby=\"caption-attachment-27404\" style=\"width: 612px\" class=\"wp-caption aligncenter\"><img decoding=\"async\" class=\"wp-image-27404 size-full\" src=\"https:\/\/mouldking.store\/wp-content\/uploads\/2021\/11\/JUHANG-86006-Mushroom-House-with-Lights-with-2633-pieces-10.jpg\" alt=\"JUHANG 86006 Mushroom House with Lights with 2633 pieces\" width=\"612\" height=\"1023\" title=\"-\" srcset=\"https:\/\/mouldking.store\/wp-content\/uploads\/2021\/11\/JUHANG-86006-Mushroom-House-with-Lights-with-2633-pieces-10.jpg 612w, https:\/\/mouldking.store\/wp-content\/uploads\/2021\/11\/JUHANG-86006-Mushroom-House-with-Lights-with-2633-pieces-10-179x300.jpg 179w, https:\/\/mouldking.store\/wp-content\/uploads\/2021\/11\/JUHANG-86006-Mushroom-House-with-Lights-with-2633-pieces-10-300x501.jpg 300w, https:\/\/mouldking.store\/wp-content\/uploads\/2021\/11\/JUHANG-86006-Mushroom-House-with-Lights-with-2633-pieces-10-600x1003.jpg 600w, https:\/\/mouldking.store\/wp-content\/uploads\/2021\/11\/JUHANG-86006-Mushroom-House-with-Lights-with-2633-pieces-10-90x150.jpg 90w\" sizes=\"(max-width: 612px) 100vw, 612px\" \/><figcaption id=\"caption-attachment-27404\" class=\"wp-caption-text\">JUHANG 86006 Pilzhaus mit Lichtern mit 2633 Teilen<\/figcaption><\/figure>\n<figure id=\"attachment_27406\" aria-describedby=\"caption-attachment-27406\" style=\"width: 616px\" class=\"wp-caption aligncenter\"><img decoding=\"async\" class=\"wp-image-27406 size-full\" src=\"https:\/\/mouldking.store\/wp-content\/uploads\/2021\/11\/JUHANG-86006-Mushroom-House-with-Lights-with-2633-pieces-12.jpg\" alt=\"JUHANG 86006 Mushroom House with Lights with 2633 pieces\" width=\"616\" height=\"1024\" title=\"-\" srcset=\"https:\/\/mouldking.store\/wp-content\/uploads\/2021\/11\/JUHANG-86006-Mushroom-House-with-Lights-with-2633-pieces-12.jpg 616w, https:\/\/mouldking.store\/wp-content\/uploads\/2021\/11\/JUHANG-86006-Mushroom-House-with-Lights-with-2633-pieces-12-180x300.jpg 180w, https:\/\/mouldking.store\/wp-content\/uploads\/2021\/11\/JUHANG-86006-Mushroom-House-with-Lights-with-2633-pieces-12-300x499.jpg 300w, https:\/\/mouldking.store\/wp-content\/uploads\/2021\/11\/JUHANG-86006-Mushroom-House-with-Lights-with-2633-pieces-12-600x997.jpg 600w, https:\/\/mouldking.store\/wp-content\/uploads\/2021\/11\/JUHANG-86006-Mushroom-House-with-Lights-with-2633-pieces-12-90x150.jpg 90w\" sizes=\"(max-width: 616px) 100vw, 616px\" \/><figcaption id=\"caption-attachment-27406\" class=\"wp-caption-text\">JUHANG 86006 Pilzhaus mit Lichtern mit 2633 Teilen<\/figcaption><\/figure>\n<figure id=\"attachment_27403\" aria-describedby=\"caption-attachment-27403\" style=\"width: 610px\" class=\"wp-caption aligncenter\"><img loading=\"lazy\" decoding=\"async\" class=\"wp-image-27403 size-full\" src=\"https:\/\/mouldking.store\/wp-content\/uploads\/2021\/11\/JUHANG-86006-Mushroom-House-with-Lights-with-2633-pieces-9.jpg\" alt=\"JUHANG 86006 Mushroom House with Lights with 2633 pieces\" width=\"610\" height=\"1024\" title=\"-\" srcset=\"https:\/\/mouldking.store\/wp-content\/uploads\/2021\/11\/JUHANG-86006-Mushroom-House-with-Lights-with-2633-pieces-9.jpg 610w, https:\/\/mouldking.store\/wp-content\/uploads\/2021\/11\/JUHANG-86006-Mushroom-House-with-Lights-with-2633-pieces-9-179x300.jpg 179w, https:\/\/mouldking.store\/wp-content\/uploads\/2021\/11\/JUHANG-86006-Mushroom-House-with-Lights-with-2633-pieces-9-300x504.jpg 300w, https:\/\/mouldking.store\/wp-content\/uploads\/2021\/11\/JUHANG-86006-Mushroom-House-with-Lights-with-2633-pieces-9-600x1007.jpg 600w, https:\/\/mouldking.store\/wp-content\/uploads\/2021\/11\/JUHANG-86006-Mushroom-House-with-Lights-with-2633-pieces-9-89x150.jpg 89w\" sizes=\"(max-width: 610px) 100vw, 610px\" \/><figcaption id=\"caption-attachment-27403\" class=\"wp-caption-text\">JUHANG 86006 Pilzhaus mit Lichtern mit 2633 Teilen<\/figcaption><\/figure>\n<figure id=\"attachment_27407\" aria-describedby=\"caption-attachment-27407\" style=\"width: 800px\" class=\"wp-caption aligncenter\"><img loading=\"lazy\" decoding=\"async\" class=\"wp-image-27407 size-full\" src=\"https:\/\/mouldking.store\/wp-content\/uploads\/2021\/11\/JUHANG-86006-Mushroom-House-with-Lights-with-2633-pieces-13.jpg\" alt=\"JUHANG 86006 Mushroom House with Lights with 2633 pieces\" width=\"800\" height=\"800\" title=\"-\" srcset=\"https:\/\/mouldking.store\/wp-content\/uploads\/2021\/11\/JUHANG-86006-Mushroom-House-with-Lights-with-2633-pieces-13.jpg 800w, https:\/\/mouldking.store\/wp-content\/uploads\/2021\/11\/JUHANG-86006-Mushroom-House-with-Lights-with-2633-pieces-13-300x300.jpg 300w, https:\/\/mouldking.store\/wp-content\/uploads\/2021\/11\/JUHANG-86006-Mushroom-House-with-Lights-with-2633-pieces-13-768x768.jpg 768w, https:\/\/mouldking.store\/wp-content\/uploads\/2021\/11\/JUHANG-86006-Mushroom-House-with-Lights-with-2633-pieces-13-600x600.jpg 600w, https:\/\/mouldking.store\/wp-content\/uploads\/2021\/11\/JUHANG-86006-Mushroom-House-with-Lights-with-2633-pieces-13-150x150.jpg 150w\" sizes=\"(max-width: 800px) 100vw, 800px\" \/><figcaption id=\"caption-attachment-27407\" class=\"wp-caption-text\">JUHANG 86006 Pilzhaus mit Lichtern mit 2633 Teilen<\/figcaption><\/figure>\n<figure id=\"attachment_27396\" aria-describedby=\"caption-attachment-27396\" style=\"width: 800px\" class=\"wp-caption aligncenter\"><img loading=\"lazy\" decoding=\"async\" class=\"wp-image-27396 size-full\" src=\"https:\/\/mouldking.store\/wp-content\/uploads\/2021\/11\/JUHANG-86006-Mushroom-House-with-Lights-with-2633-pieces-2.jpg\" alt=\"JUHANG 86006 Mushroom House with Lights with 2633 pieces\" width=\"800\" height=\"800\" title=\"-\" srcset=\"https:\/\/mouldking.store\/wp-content\/uploads\/2021\/11\/JUHANG-86006-Mushroom-House-with-Lights-with-2633-pieces-2.jpg 800w, https:\/\/mouldking.store\/wp-content\/uploads\/2021\/11\/JUHANG-86006-Mushroom-House-with-Lights-with-2633-pieces-2-300x300.jpg 300w, https:\/\/mouldking.store\/wp-content\/uploads\/2021\/11\/JUHANG-86006-Mushroom-House-with-Lights-with-2633-pieces-2-768x768.jpg 768w, https:\/\/mouldking.store\/wp-content\/uploads\/2021\/11\/JUHANG-86006-Mushroom-House-with-Lights-with-2633-pieces-2-600x600.jpg 600w, https:\/\/mouldking.store\/wp-content\/uploads\/2021\/11\/JUHANG-86006-Mushroom-House-with-Lights-with-2633-pieces-2-150x150.jpg 150w\" sizes=\"(max-width: 800px) 100vw, 800px\" \/><figcaption id=\"caption-attachment-27396\" class=\"wp-caption-text\">JUHANG 86006 Pilzhaus mit Lichtern mit 2633 Teilen<\/figcaption><\/figure>\n<figure id=\"attachment_27397\" aria-describedby=\"caption-attachment-27397\" style=\"width: 800px\" class=\"wp-caption aligncenter\"><img loading=\"lazy\" decoding=\"async\" class=\"wp-image-27397 size-full\" src=\"https:\/\/mouldking.store\/wp-content\/uploads\/2021\/11\/JUHANG-86006-Mushroom-House-with-Lights-with-2633-pieces-3.jpg\" alt=\"JUHANG 86006 Mushroom House with Lights with 2633 pieces\" width=\"800\" height=\"800\" title=\"-\" srcset=\"https:\/\/mouldking.store\/wp-content\/uploads\/2021\/11\/JUHANG-86006-Mushroom-House-with-Lights-with-2633-pieces-3.jpg 800w, https:\/\/mouldking.store\/wp-content\/uploads\/2021\/11\/JUHANG-86006-Mushroom-House-with-Lights-with-2633-pieces-3-300x300.jpg 300w, https:\/\/mouldking.store\/wp-content\/uploads\/2021\/11\/JUHANG-86006-Mushroom-House-with-Lights-with-2633-pieces-3-768x768.jpg 768w, https:\/\/mouldking.store\/wp-content\/uploads\/2021\/11\/JUHANG-86006-Mushroom-House-with-Lights-with-2633-pieces-3-600x600.jpg 600w, https:\/\/mouldking.store\/wp-content\/uploads\/2021\/11\/JUHANG-86006-Mushroom-House-with-Lights-with-2633-pieces-3-150x150.jpg 150w\" sizes=\"(max-width: 800px) 100vw, 800px\" \/><figcaption id=\"caption-attachment-27397\" class=\"wp-caption-text\">JUHANG 86006 Pilzhaus mit Lichtern mit 2633 Teilen<\/figcaption><\/figure>\n<figure id=\"attachment_27398\" aria-describedby=\"caption-attachment-27398\" style=\"width: 800px\" class=\"wp-caption aligncenter\"><img loading=\"lazy\" decoding=\"async\" class=\"wp-image-27398 size-full\" src=\"https:\/\/mouldking.store\/wp-content\/uploads\/2021\/11\/JUHANG-86006-Mushroom-House-with-Lights-with-2633-pieces-4.jpg\" alt=\"JUHANG 86006 Mushroom House with Lights with 2633 pieces\" width=\"800\" height=\"800\" title=\"-\" srcset=\"https:\/\/mouldking.store\/wp-content\/uploads\/2021\/11\/JUHANG-86006-Mushroom-House-with-Lights-with-2633-pieces-4.jpg 800w, https:\/\/mouldking.store\/wp-content\/uploads\/2021\/11\/JUHANG-86006-Mushroom-House-with-Lights-with-2633-pieces-4-300x300.jpg 300w, https:\/\/mouldking.store\/wp-content\/uploads\/2021\/11\/JUHANG-86006-Mushroom-House-with-Lights-with-2633-pieces-4-768x768.jpg 768w, https:\/\/mouldking.store\/wp-content\/uploads\/2021\/11\/JUHANG-86006-Mushroom-House-with-Lights-with-2633-pieces-4-600x600.jpg 600w, https:\/\/mouldking.store\/wp-content\/uploads\/2021\/11\/JUHANG-86006-Mushroom-House-with-Lights-with-2633-pieces-4-150x150.jpg 150w\" sizes=\"(max-width: 800px) 100vw, 800px\" \/><figcaption id=\"caption-attachment-27398\" class=\"wp-caption-text\">JUHANG 86006 Pilzhaus mit Lichtern mit 2633 Teilen<\/figcaption><\/figure>\n<figure id=\"attachment_27401\" aria-describedby=\"caption-attachment-27401\" style=\"width: 705px\" class=\"wp-caption aligncenter\"><img loading=\"lazy\" decoding=\"async\" class=\"wp-image-27401 size-full\" src=\"https:\/\/mouldking.store\/wp-content\/uploads\/2021\/11\/JUHANG-86006-Mushroom-House-with-Lights-with-2633-pieces-7.jpg\" alt=\"JUHANG 86006 Mushroom House with Lights with 2633 pieces\" width=\"705\" height=\"1024\" title=\"-\" srcset=\"https:\/\/mouldking.store\/wp-content\/uploads\/2021\/11\/JUHANG-86006-Mushroom-House-with-Lights-with-2633-pieces-7.jpg 705w, https:\/\/mouldking.store\/wp-content\/uploads\/2021\/11\/JUHANG-86006-Mushroom-House-with-Lights-with-2633-pieces-7-207x300.jpg 207w, https:\/\/mouldking.store\/wp-content\/uploads\/2021\/11\/JUHANG-86006-Mushroom-House-with-Lights-with-2633-pieces-7-300x436.jpg 300w, https:\/\/mouldking.store\/wp-content\/uploads\/2021\/11\/JUHANG-86006-Mushroom-House-with-Lights-with-2633-pieces-7-600x871.jpg 600w, https:\/\/mouldking.store\/wp-content\/uploads\/2021\/11\/JUHANG-86006-Mushroom-House-with-Lights-with-2633-pieces-7-103x150.jpg 103w\" sizes=\"(max-width: 705px) 100vw, 705px\" \/><figcaption id=\"caption-attachment-27401\" class=\"wp-caption-text\">JUHANG 86006 Pilzhaus mit Lichtern mit 2633 Teilen<\/figcaption><\/figure>\n<figure id=\"attachment_27400\" aria-describedby=\"caption-attachment-27400\" style=\"width: 750px\" class=\"wp-caption aligncenter\"><img loading=\"lazy\" decoding=\"async\" class=\"wp-image-27400 size-full\" src=\"https:\/\/mouldking.store\/wp-content\/uploads\/2021\/11\/JUHANG-86006-Mushroom-House-with-Lights-with-2633-pieces-6.jpg\" alt=\"JUHANG 86006 Mushroom House with Lights with 2633 pieces\" width=\"750\" height=\"798\" title=\"-\" srcset=\"https:\/\/mouldking.store\/wp-content\/uploads\/2021\/11\/JUHANG-86006-Mushroom-House-with-Lights-with-2633-pieces-6.jpg 750w, https:\/\/mouldking.store\/wp-content\/uploads\/2021\/11\/JUHANG-86006-Mushroom-House-with-Lights-with-2633-pieces-6-282x300.jpg 282w, https:\/\/mouldking.store\/wp-content\/uploads\/2021\/11\/JUHANG-86006-Mushroom-House-with-Lights-with-2633-pieces-6-300x319.jpg 300w, https:\/\/mouldking.store\/wp-content\/uploads\/2021\/11\/JUHANG-86006-Mushroom-House-with-Lights-with-2633-pieces-6-600x638.jpg 600w, https:\/\/mouldking.store\/wp-content\/uploads\/2021\/11\/JUHANG-86006-Mushroom-House-with-Lights-with-2633-pieces-6-141x150.jpg 141w\" sizes=\"(max-width: 750px) 100vw, 750px\" \/><figcaption id=\"caption-attachment-27400\" class=\"wp-caption-text\">JUHANG 86006 Pilzhaus mit Lichtern mit 2633 Teilen<\/figcaption><\/figure>\n<figure id=\"attachment_27402\" aria-describedby=\"caption-attachment-27402\" style=\"width: 609px\" class=\"wp-caption aligncenter\"><img loading=\"lazy\" decoding=\"async\" class=\"wp-image-27402 size-full\" src=\"https:\/\/mouldking.store\/wp-content\/uploads\/2021\/11\/JUHANG-86006-Mushroom-House-with-Lights-with-2633-pieces-8.jpg\" alt=\"JUHANG 86006 Mushroom House with Lights with 2633 pieces\" width=\"609\" height=\"1024\" title=\"-\" srcset=\"https:\/\/mouldking.store\/wp-content\/uploads\/2021\/11\/JUHANG-86006-Mushroom-House-with-Lights-with-2633-pieces-8.jpg 609w, https:\/\/mouldking.store\/wp-content\/uploads\/2021\/11\/JUHANG-86006-Mushroom-House-with-Lights-with-2633-pieces-8-178x300.jpg 178w, https:\/\/mouldking.store\/wp-content\/uploads\/2021\/11\/JUHANG-86006-Mushroom-House-with-Lights-with-2633-pieces-8-300x504.jpg 300w, https:\/\/mouldking.store\/wp-content\/uploads\/2021\/11\/JUHANG-86006-Mushroom-House-with-Lights-with-2633-pieces-8-600x1009.jpg 600w, https:\/\/mouldking.store\/wp-content\/uploads\/2021\/11\/JUHANG-86006-Mushroom-House-with-Lights-with-2633-pieces-8-89x150.jpg 89w\" sizes=\"(max-width: 609px) 100vw, 609px\" \/><figcaption id=\"caption-attachment-27402\" class=\"wp-caption-text\">JUHANG 86006 Pilzhaus mit Lichtern mit 2633 Teilen<\/figcaption><\/figure>\n<figure id=\"attachment_27399\" aria-describedby=\"caption-attachment-27399\" style=\"width: 750px\" class=\"wp-caption aligncenter\"><img loading=\"lazy\" decoding=\"async\" class=\"wp-image-27399 size-full\" src=\"https:\/\/mouldking.store\/wp-content\/uploads\/2021\/11\/JUHANG-86006-Mushroom-House-with-Lights-with-2633-pieces-5.jpg\" alt=\"JUHANG 86006 Mushroom House with Lights with 2633 pieces\" width=\"750\" height=\"824\" title=\"-\" srcset=\"https:\/\/mouldking.store\/wp-content\/uploads\/2021\/11\/JUHANG-86006-Mushroom-House-with-Lights-with-2633-pieces-5.jpg 750w, https:\/\/mouldking.store\/wp-content\/uploads\/2021\/11\/JUHANG-86006-Mushroom-House-with-Lights-with-2633-pieces-5-273x300.jpg 273w, https:\/\/mouldking.store\/wp-content\/uploads\/2021\/11\/JUHANG-86006-Mushroom-House-with-Lights-with-2633-pieces-5-300x330.jpg 300w, https:\/\/mouldking.store\/wp-content\/uploads\/2021\/11\/JUHANG-86006-Mushroom-House-with-Lights-with-2633-pieces-5-600x659.jpg 600w, https:\/\/mouldking.store\/wp-content\/uploads\/2021\/11\/JUHANG-86006-Mushroom-House-with-Lights-with-2633-pieces-5-137x150.jpg 137w\" sizes=\"(max-width: 750px) 100vw, 750px\" \/><figcaption id=\"caption-attachment-27399\" class=\"wp-caption-text\">JUHANG 86006 Pilzhaus mit Lichtern mit 2633 Teilen<\/figcaption><\/figure>","protected":false},"excerpt":{"rendered":"<p>Product information: Brand: JUHANG Gender: Unisex Name: Mushroom House with Lights Age Range: &gt; 6 years old Model Number: 86006 Classification: Assemblage Plastic Block Shape: Self-Locking Bricks Material: Plastic Plastic Type: ABS Bricks Blocks: 2633 PCS Contains detailed assembly instructions. Notice: 1. Without an original box, but we guarantee our products have quality assurance and [&hellip;]<\/p>","protected":false},"featured_media":27395,"comment_status":"open","ping_status":"closed","template":"","meta":{"_acf_changed":false},"product_cat":[390],"product_tag":[3570,3572,2649,3567,3569,3566,3571,3573,3568],"class_list":["product","first","instock","shipping-taxable","purchasable","product-type-simple"],"acf":[],"_links":{"self":[{"href":"https:\/\/mouldking.store\/de\/wp-json\/wp\/v2\/product\/27394","targetHints":{"allow":["GET"]}}],"collection":[{"href":"https:\/\/mouldking.store\/de\/wp-json\/wp\/v2\/product"}],"about":[{"href":"https:\/\/mouldking.store\/de\/wp-json\/wp\/v2\/types\/product"}],"replies":[{"embeddable":true,"href":"https:\/\/mouldking.store\/de\/wp-json\/wp\/v2\/comments?post=27394"}],"wp:featuredmedia":[{"embeddable":true,"href":"https:\/\/mouldking.store\/de\/wp-json\/wp\/v2\/media\/27395"}],"wp:attachment":[{"href":"https:\/\/mouldking.store\/de\/wp-json\/wp\/v2\/media?parent=27394"}],"wp:term":[{"taxonomy":"product_cat","embeddable":true,"href":"https:\/\/mouldking.store\/de\/wp-json\/wp\/v2\/product_cat?post=27394"},{"taxonomy":"product_tag","embeddable":true,"href":"https:\/\/mouldking.store\/de\/wp-json\/wp\/v2\/product_tag?post=27394"}],"curies":[{"name":"wp","href":"https:\/\/api.w.org\/{rel}","templated":true}]}}