{"id":27450,"date":"2021-11-16T10:30:00","date_gmt":"2021-11-16T10:30:00","guid":{"rendered":"https:\/\/mouldking.store\/?post_type=product&#038;p=27450"},"modified":"2021-12-23T09:40:38","modified_gmt":"2021-12-23T09:40:38","slug":"qizhile-91002-phonograph-with-1688-pieces","status":"publish","type":"product","link":"https:\/\/mouldking.store\/de\/shop\/qizhile-91002-phonograph-with-1688-pieces\/","title":{"rendered":"QIZHILE 91002 Phonograph mit 1688 St\u00fcck"},"content":{"rendered":"<p>Produktinformation:<\/p>\n<ol>\n<li>Brand: QIZHILE<\/li>\n<li>Geschlecht: Unisex<\/li>\n<li>Name: Phonograph<\/li>\n<li>Altersspanne: &gt; 14 Jahre alt<\/li>\n<li>Model Number: 91002<\/li>\n<li>Einstufung: Assemblage<\/li>\n<li>Kunststoffblockform: Selbstsichernde Steine<\/li>\n<li>Material: Kunststoff<\/li>\n<li>Kunststofftyp: ABS<\/li>\n<li>Bricks Blocks: 1688 PCS<\/li>\n<li>Enth\u00e4lt eine ausf\u00fchrliche Montageanleitung.<\/li>\n<\/ol>\n<p>Notiz:<br \/>\n1. Ohne Originalverpackung, aber wir garantieren, dass unsere Produkte eine Qualit\u00e4tssicherung und eine sch\u00f6ne Verpackung haben.<br \/>\n2. Wie alle Teile, die wir vor dem Versand \u00fcberpr\u00fcft haben, machen Sie sich keine Sorgen, wenn Sie feststellen, dass einige Teile fehlen oder besch\u00e4digt sind, und kontaktieren Sie uns einfach, und wir k\u00f6nnen sie Ihnen umgehend kostenlos erneut zusenden.<\/p>\n<figure id=\"attachment_27451\" aria-describedby=\"caption-attachment-27451\" style=\"width: 800px\" class=\"wp-caption aligncenter\"><img fetchpriority=\"high\" decoding=\"async\" class=\"wp-image-27451 size-full\" src=\"https:\/\/mouldking.store\/wp-content\/uploads\/2021\/11\/QIZHILE-91002-Phonograph-with-1688-pieces-1.jpg\" alt=\"QIZHILE 91002 Phonograph with 1688 pieces\" width=\"800\" height=\"800\" title=\"-\" srcset=\"https:\/\/mouldking.store\/wp-content\/uploads\/2021\/11\/QIZHILE-91002-Phonograph-with-1688-pieces-1.jpg 800w, https:\/\/mouldking.store\/wp-content\/uploads\/2021\/11\/QIZHILE-91002-Phonograph-with-1688-pieces-1-300x300.jpg 300w, https:\/\/mouldking.store\/wp-content\/uploads\/2021\/11\/QIZHILE-91002-Phonograph-with-1688-pieces-1-768x768.jpg 768w, https:\/\/mouldking.store\/wp-content\/uploads\/2021\/11\/QIZHILE-91002-Phonograph-with-1688-pieces-1-600x600.jpg 600w, https:\/\/mouldking.store\/wp-content\/uploads\/2021\/11\/QIZHILE-91002-Phonograph-with-1688-pieces-1-150x150.jpg 150w\" sizes=\"(max-width: 800px) 100vw, 800px\" \/><figcaption id=\"caption-attachment-27451\" class=\"wp-caption-text\">QIZHILE 91002 Phonograph mit 1688 St\u00fcck<\/figcaption><\/figure>\n<figure id=\"attachment_27454\" aria-describedby=\"caption-attachment-27454\" style=\"width: 800px\" class=\"wp-caption aligncenter\"><img decoding=\"async\" class=\"wp-image-27454 size-full\" src=\"https:\/\/mouldking.store\/wp-content\/uploads\/2021\/11\/QIZHILE-91002-Phonograph-with-1688-pieces-4.jpg\" alt=\"QIZHILE 91002 Phonograph with 1688 pieces\" width=\"800\" height=\"800\" title=\"-\" srcset=\"https:\/\/mouldking.store\/wp-content\/uploads\/2021\/11\/QIZHILE-91002-Phonograph-with-1688-pieces-4.jpg 800w, https:\/\/mouldking.store\/wp-content\/uploads\/2021\/11\/QIZHILE-91002-Phonograph-with-1688-pieces-4-300x300.jpg 300w, https:\/\/mouldking.store\/wp-content\/uploads\/2021\/11\/QIZHILE-91002-Phonograph-with-1688-pieces-4-768x768.jpg 768w, https:\/\/mouldking.store\/wp-content\/uploads\/2021\/11\/QIZHILE-91002-Phonograph-with-1688-pieces-4-600x600.jpg 600w, https:\/\/mouldking.store\/wp-content\/uploads\/2021\/11\/QIZHILE-91002-Phonograph-with-1688-pieces-4-150x150.jpg 150w\" sizes=\"(max-width: 800px) 100vw, 800px\" \/><figcaption id=\"caption-attachment-27454\" class=\"wp-caption-text\">QIZHILE 91002 Phonograph mit 1688 St\u00fcck<\/figcaption><\/figure>\n<figure id=\"attachment_27452\" aria-describedby=\"caption-attachment-27452\" style=\"width: 800px\" class=\"wp-caption aligncenter\"><img decoding=\"async\" class=\"wp-image-27452 size-full\" src=\"https:\/\/mouldking.store\/wp-content\/uploads\/2021\/11\/QIZHILE-91002-Phonograph-with-1688-pieces-2.jpg\" alt=\"QIZHILE 91002 Phonograph with 1688 pieces\" width=\"800\" height=\"800\" title=\"-\" srcset=\"https:\/\/mouldking.store\/wp-content\/uploads\/2021\/11\/QIZHILE-91002-Phonograph-with-1688-pieces-2.jpg 800w, https:\/\/mouldking.store\/wp-content\/uploads\/2021\/11\/QIZHILE-91002-Phonograph-with-1688-pieces-2-300x300.jpg 300w, https:\/\/mouldking.store\/wp-content\/uploads\/2021\/11\/QIZHILE-91002-Phonograph-with-1688-pieces-2-768x768.jpg 768w, https:\/\/mouldking.store\/wp-content\/uploads\/2021\/11\/QIZHILE-91002-Phonograph-with-1688-pieces-2-600x600.jpg 600w, https:\/\/mouldking.store\/wp-content\/uploads\/2021\/11\/QIZHILE-91002-Phonograph-with-1688-pieces-2-150x150.jpg 150w\" sizes=\"(max-width: 800px) 100vw, 800px\" \/><figcaption id=\"caption-attachment-27452\" class=\"wp-caption-text\">QIZHILE 91002 Phonograph mit 1688 St\u00fcck<\/figcaption><\/figure>\n<figure id=\"attachment_27453\" aria-describedby=\"caption-attachment-27453\" style=\"width: 800px\" class=\"wp-caption aligncenter\"><img loading=\"lazy\" decoding=\"async\" class=\"wp-image-27453 size-full\" src=\"https:\/\/mouldking.store\/wp-content\/uploads\/2021\/11\/QIZHILE-91002-Phonograph-with-1688-pieces-3.jpg\" alt=\"QIZHILE 91002 Phonograph with 1688 pieces\" width=\"800\" height=\"800\" title=\"-\" srcset=\"https:\/\/mouldking.store\/wp-content\/uploads\/2021\/11\/QIZHILE-91002-Phonograph-with-1688-pieces-3.jpg 800w, https:\/\/mouldking.store\/wp-content\/uploads\/2021\/11\/QIZHILE-91002-Phonograph-with-1688-pieces-3-300x300.jpg 300w, https:\/\/mouldking.store\/wp-content\/uploads\/2021\/11\/QIZHILE-91002-Phonograph-with-1688-pieces-3-768x768.jpg 768w, https:\/\/mouldking.store\/wp-content\/uploads\/2021\/11\/QIZHILE-91002-Phonograph-with-1688-pieces-3-600x600.jpg 600w, https:\/\/mouldking.store\/wp-content\/uploads\/2021\/11\/QIZHILE-91002-Phonograph-with-1688-pieces-3-150x150.jpg 150w\" sizes=\"(max-width: 800px) 100vw, 800px\" \/><figcaption id=\"caption-attachment-27453\" class=\"wp-caption-text\">QIZHILE 91002 Phonograph mit 1688 St\u00fcck<\/figcaption><\/figure>","protected":false},"excerpt":{"rendered":"<p>Product information: Brand: QIZHILE Gender: Unisex Name: Phonograph Age Range: &gt; 14 years old Model Number: 91002 Classification: Assemblage Plastic Block Shape: Self-Locking Bricks Material: Plastic Plastic Type: ABS Bricks Blocks: 1688 PCS Contains detailed assembly instructions. Notice: 1. Without an original box, but we guarantee our products have quality assurance and nice packaging. 2. [&hellip;]<\/p>","protected":false},"featured_media":27451,"comment_status":"open","ping_status":"closed","template":"","meta":{"_acf_changed":false},"product_cat":[371],"product_tag":[3607,3611,3610,1750,3609,3606,3605,3608],"class_list":["product","first","instock","shipping-taxable","purchasable","product-type-simple"],"acf":[],"_links":{"self":[{"href":"https:\/\/mouldking.store\/de\/wp-json\/wp\/v2\/product\/27450","targetHints":{"allow":["GET"]}}],"collection":[{"href":"https:\/\/mouldking.store\/de\/wp-json\/wp\/v2\/product"}],"about":[{"href":"https:\/\/mouldking.store\/de\/wp-json\/wp\/v2\/types\/product"}],"replies":[{"embeddable":true,"href":"https:\/\/mouldking.store\/de\/wp-json\/wp\/v2\/comments?post=27450"}],"wp:featuredmedia":[{"embeddable":true,"href":"https:\/\/mouldking.store\/de\/wp-json\/wp\/v2\/media\/27451"}],"wp:attachment":[{"href":"https:\/\/mouldking.store\/de\/wp-json\/wp\/v2\/media?parent=27450"}],"wp:term":[{"taxonomy":"product_cat","embeddable":true,"href":"https:\/\/mouldking.store\/de\/wp-json\/wp\/v2\/product_cat?post=27450"},{"taxonomy":"product_tag","embeddable":true,"href":"https:\/\/mouldking.store\/de\/wp-json\/wp\/v2\/product_tag?post=27450"}],"curies":[{"name":"wp","href":"https:\/\/api.w.org\/{rel}","templated":true}]}}