{"id":27473,"date":"2021-11-16T10:50:45","date_gmt":"2021-11-16T10:50:45","guid":{"rendered":"https:\/\/mouldking.store\/?post_type=product&#038;p=27473"},"modified":"2022-06-27T12:54:13","modified_gmt":"2022-06-27T05:54:13","slug":"fei-fan-f10001-18-benz-green-amg-with-2898-pieces","status":"publish","type":"product","link":"https:\/\/mouldking.store\/de\/shop\/fei-fan-f10001-18-benz-green-amg-with-2898-pieces\/","title":{"rendered":"FEI FAN F10001 1:8 Benz Gr\u00fcn AMG mit 2898 Teilen"},"content":{"rendered":"<p>Produktinformation:<\/p>\n<ol>\n<li>Marke: FEI FAN<\/li>\n<li>Geschlecht: Unisex<\/li>\n<li>Bezeichnung: 1:8 Benz Gr\u00fcn AMG<\/li>\n<li>Altersspanne: &gt; 14 Jahre alt<\/li>\n<li>Modellnummer: F10001<\/li>\n<li>Einstufung: Assemblage<\/li>\n<li>Kunststoffblockform: Selbstsichernde Steine<\/li>\n<li>Material: Kunststoff<\/li>\n<li>Kunststofftyp: ABS<\/li>\n<li>Ziegelsteine: 2898 PCS<\/li>\n<li>Enth\u00e4lt eine ausf\u00fchrliche Montageanleitung.<\/li>\n<\/ol>\n<p>Notiz:<br \/>\n1. Ohne Originalverpackung, aber wir garantieren, dass unsere Produkte eine Qualit\u00e4tssicherung und eine sch\u00f6ne Verpackung haben.<br \/>\n2. Wie alle Teile, die wir vor dem Versand \u00fcberpr\u00fcft haben, machen Sie sich keine Sorgen, wenn Sie feststellen, dass einige Teile fehlen oder besch\u00e4digt sind, und kontaktieren Sie uns einfach, und wir k\u00f6nnen sie Ihnen umgehend kostenlos erneut zusenden.<\/p>\n<figure id=\"attachment_27474\" aria-describedby=\"caption-attachment-27474\" style=\"width: 800px\" class=\"wp-caption aligncenter\"><img fetchpriority=\"high\" decoding=\"async\" class=\"wp-image-27474 size-full\" src=\"https:\/\/mouldking.store\/wp-content\/uploads\/2021\/11\/FEI-FAN-F10001-18-Benz-Green-AMG-with-2898-pieces-1.jpg\" alt=\"FEI FAN F10001 1:8 Benz Green AMG with 2898 pieces\" width=\"800\" height=\"800\" title=\"-\" srcset=\"https:\/\/mouldking.store\/wp-content\/uploads\/2021\/11\/FEI-FAN-F10001-18-Benz-Green-AMG-with-2898-pieces-1.jpg 800w, https:\/\/mouldking.store\/wp-content\/uploads\/2021\/11\/FEI-FAN-F10001-18-Benz-Green-AMG-with-2898-pieces-1-300x300.jpg 300w, https:\/\/mouldking.store\/wp-content\/uploads\/2021\/11\/FEI-FAN-F10001-18-Benz-Green-AMG-with-2898-pieces-1-768x768.jpg 768w, https:\/\/mouldking.store\/wp-content\/uploads\/2021\/11\/FEI-FAN-F10001-18-Benz-Green-AMG-with-2898-pieces-1-600x600.jpg 600w, https:\/\/mouldking.store\/wp-content\/uploads\/2021\/11\/FEI-FAN-F10001-18-Benz-Green-AMG-with-2898-pieces-1-150x150.jpg 150w\" sizes=\"(max-width: 800px) 100vw, 800px\" \/><figcaption id=\"caption-attachment-27474\" class=\"wp-caption-text\">FEI FAN F10001 1:8 Benz Gr\u00fcn AMG mit 2898 Teilen<\/figcaption><\/figure>\n<figure id=\"attachment_27484\" aria-describedby=\"caption-attachment-27484\" style=\"width: 828px\" class=\"wp-caption aligncenter\"><img decoding=\"async\" class=\"wp-image-27484 size-full\" src=\"https:\/\/mouldking.store\/wp-content\/uploads\/2021\/11\/FEI-FAN-F10001-18-Benz-Green-AMG-with-2898-pieces-11.jpg\" alt=\"FEI FAN F10001 1:8 Benz Green AMG with 2898 pieces\" width=\"828\" height=\"871\" title=\"-\" srcset=\"https:\/\/mouldking.store\/wp-content\/uploads\/2021\/11\/FEI-FAN-F10001-18-Benz-Green-AMG-with-2898-pieces-11.jpg 828w, https:\/\/mouldking.store\/wp-content\/uploads\/2021\/11\/FEI-FAN-F10001-18-Benz-Green-AMG-with-2898-pieces-11-285x300.jpg 285w, https:\/\/mouldking.store\/wp-content\/uploads\/2021\/11\/FEI-FAN-F10001-18-Benz-Green-AMG-with-2898-pieces-11-768x808.jpg 768w, https:\/\/mouldking.store\/wp-content\/uploads\/2021\/11\/FEI-FAN-F10001-18-Benz-Green-AMG-with-2898-pieces-11-300x316.jpg 300w, https:\/\/mouldking.store\/wp-content\/uploads\/2021\/11\/FEI-FAN-F10001-18-Benz-Green-AMG-with-2898-pieces-11-600x631.jpg 600w, https:\/\/mouldking.store\/wp-content\/uploads\/2021\/11\/FEI-FAN-F10001-18-Benz-Green-AMG-with-2898-pieces-11-143x150.jpg 143w\" sizes=\"(max-width: 828px) 100vw, 828px\" \/><figcaption id=\"caption-attachment-27484\" class=\"wp-caption-text\">FEI FAN F10001 1:8 Benz Gr\u00fcn AMG mit 2898 Teilen<\/figcaption><\/figure>\n<figure id=\"attachment_27483\" aria-describedby=\"caption-attachment-27483\" style=\"width: 750px\" class=\"wp-caption aligncenter\"><img decoding=\"async\" class=\"wp-image-27483 size-full\" src=\"https:\/\/mouldking.store\/wp-content\/uploads\/2021\/11\/FEI-FAN-F10001-18-Benz-Green-AMG-with-2898-pieces-10.jpg\" alt=\"FEI FAN F10001 1:8 Benz Green AMG with 2898 pieces\" width=\"750\" height=\"751\" title=\"-\" srcset=\"https:\/\/mouldking.store\/wp-content\/uploads\/2021\/11\/FEI-FAN-F10001-18-Benz-Green-AMG-with-2898-pieces-10.jpg 750w, https:\/\/mouldking.store\/wp-content\/uploads\/2021\/11\/FEI-FAN-F10001-18-Benz-Green-AMG-with-2898-pieces-10-300x300.jpg 300w, https:\/\/mouldking.store\/wp-content\/uploads\/2021\/11\/FEI-FAN-F10001-18-Benz-Green-AMG-with-2898-pieces-10-600x601.jpg 600w, https:\/\/mouldking.store\/wp-content\/uploads\/2021\/11\/FEI-FAN-F10001-18-Benz-Green-AMG-with-2898-pieces-10-150x150.jpg 150w\" sizes=\"(max-width: 750px) 100vw, 750px\" \/><figcaption id=\"caption-attachment-27483\" class=\"wp-caption-text\">FEI FAN F10001 1:8 Benz Gr\u00fcn AMG mit 2898 Teilen<\/figcaption><\/figure>\n<figure id=\"attachment_27475\" aria-describedby=\"caption-attachment-27475\" style=\"width: 800px\" class=\"wp-caption aligncenter\"><img loading=\"lazy\" decoding=\"async\" class=\"wp-image-27475 size-full\" src=\"https:\/\/mouldking.store\/wp-content\/uploads\/2021\/11\/FEI-FAN-F10001-18-Benz-Green-AMG-with-2898-pieces-2.jpg\" alt=\"FEI FAN F10001 1:8 Benz Green AMG with 2898 pieces\" width=\"800\" height=\"800\" title=\"-\" srcset=\"https:\/\/mouldking.store\/wp-content\/uploads\/2021\/11\/FEI-FAN-F10001-18-Benz-Green-AMG-with-2898-pieces-2.jpg 800w, https:\/\/mouldking.store\/wp-content\/uploads\/2021\/11\/FEI-FAN-F10001-18-Benz-Green-AMG-with-2898-pieces-2-300x300.jpg 300w, https:\/\/mouldking.store\/wp-content\/uploads\/2021\/11\/FEI-FAN-F10001-18-Benz-Green-AMG-with-2898-pieces-2-768x768.jpg 768w, https:\/\/mouldking.store\/wp-content\/uploads\/2021\/11\/FEI-FAN-F10001-18-Benz-Green-AMG-with-2898-pieces-2-600x600.jpg 600w, https:\/\/mouldking.store\/wp-content\/uploads\/2021\/11\/FEI-FAN-F10001-18-Benz-Green-AMG-with-2898-pieces-2-150x150.jpg 150w\" sizes=\"(max-width: 800px) 100vw, 800px\" \/><figcaption id=\"caption-attachment-27475\" class=\"wp-caption-text\">FEI FAN F10001 1:8 Benz Gr\u00fcn AMG mit 2898 Teilen<\/figcaption><\/figure>\n<figure id=\"attachment_27477\" aria-describedby=\"caption-attachment-27477\" style=\"width: 825px\" class=\"wp-caption aligncenter\"><img loading=\"lazy\" decoding=\"async\" class=\"wp-image-27477 size-full\" src=\"https:\/\/mouldking.store\/wp-content\/uploads\/2021\/11\/FEI-FAN-F10001-18-Benz-Green-AMG-with-2898-pieces-4.jpg\" alt=\"FEI FAN F10001 1:8 Benz Green AMG with 2898 pieces\" width=\"825\" height=\"708\" title=\"-\" srcset=\"https:\/\/mouldking.store\/wp-content\/uploads\/2021\/11\/FEI-FAN-F10001-18-Benz-Green-AMG-with-2898-pieces-4.jpg 825w, https:\/\/mouldking.store\/wp-content\/uploads\/2021\/11\/FEI-FAN-F10001-18-Benz-Green-AMG-with-2898-pieces-4-300x257.jpg 300w, https:\/\/mouldking.store\/wp-content\/uploads\/2021\/11\/FEI-FAN-F10001-18-Benz-Green-AMG-with-2898-pieces-4-768x659.jpg 768w, https:\/\/mouldking.store\/wp-content\/uploads\/2021\/11\/FEI-FAN-F10001-18-Benz-Green-AMG-with-2898-pieces-4-600x515.jpg 600w, https:\/\/mouldking.store\/wp-content\/uploads\/2021\/11\/FEI-FAN-F10001-18-Benz-Green-AMG-with-2898-pieces-4-150x129.jpg 150w\" sizes=\"(max-width: 825px) 100vw, 825px\" \/><figcaption id=\"caption-attachment-27477\" class=\"wp-caption-text\">FEI FAN F10001 1:8 Benz Gr\u00fcn AMG mit 2898 Teilen<\/figcaption><\/figure>\n<figure id=\"attachment_27479\" aria-describedby=\"caption-attachment-27479\" style=\"width: 621px\" class=\"wp-caption aligncenter\"><img loading=\"lazy\" decoding=\"async\" class=\"wp-image-27479 size-full\" src=\"https:\/\/mouldking.store\/wp-content\/uploads\/2021\/11\/FEI-FAN-F10001-18-Benz-Green-AMG-with-2898-pieces-6.jpg\" alt=\"FEI FAN F10001 1:8 Benz Green AMG with 2898 pieces\" width=\"621\" height=\"1024\" title=\"-\" srcset=\"https:\/\/mouldking.store\/wp-content\/uploads\/2021\/11\/FEI-FAN-F10001-18-Benz-Green-AMG-with-2898-pieces-6.jpg 621w, https:\/\/mouldking.store\/wp-content\/uploads\/2021\/11\/FEI-FAN-F10001-18-Benz-Green-AMG-with-2898-pieces-6-182x300.jpg 182w, https:\/\/mouldking.store\/wp-content\/uploads\/2021\/11\/FEI-FAN-F10001-18-Benz-Green-AMG-with-2898-pieces-6-300x495.jpg 300w, https:\/\/mouldking.store\/wp-content\/uploads\/2021\/11\/FEI-FAN-F10001-18-Benz-Green-AMG-with-2898-pieces-6-600x989.jpg 600w, https:\/\/mouldking.store\/wp-content\/uploads\/2021\/11\/FEI-FAN-F10001-18-Benz-Green-AMG-with-2898-pieces-6-91x150.jpg 91w\" sizes=\"(max-width: 621px) 100vw, 621px\" \/><figcaption id=\"caption-attachment-27479\" class=\"wp-caption-text\">FEI FAN F10001 1:8 Benz Gr\u00fcn AMG mit 2898 Teilen<\/figcaption><\/figure>\n<figure id=\"attachment_27481\" aria-describedby=\"caption-attachment-27481\" style=\"width: 741px\" class=\"wp-caption aligncenter\"><img loading=\"lazy\" decoding=\"async\" class=\"wp-image-27481 size-full\" src=\"https:\/\/mouldking.store\/wp-content\/uploads\/2021\/11\/FEI-FAN-F10001-18-Benz-Green-AMG-with-2898-pieces-8.jpg\" alt=\"FEI FAN F10001 1:8 Benz Green AMG with 2898 pieces\" width=\"741\" height=\"1024\" title=\"-\" srcset=\"https:\/\/mouldking.store\/wp-content\/uploads\/2021\/11\/FEI-FAN-F10001-18-Benz-Green-AMG-with-2898-pieces-8.jpg 741w, https:\/\/mouldking.store\/wp-content\/uploads\/2021\/11\/FEI-FAN-F10001-18-Benz-Green-AMG-with-2898-pieces-8-217x300.jpg 217w, https:\/\/mouldking.store\/wp-content\/uploads\/2021\/11\/FEI-FAN-F10001-18-Benz-Green-AMG-with-2898-pieces-8-300x415.jpg 300w, https:\/\/mouldking.store\/wp-content\/uploads\/2021\/11\/FEI-FAN-F10001-18-Benz-Green-AMG-with-2898-pieces-8-600x829.jpg 600w, https:\/\/mouldking.store\/wp-content\/uploads\/2021\/11\/FEI-FAN-F10001-18-Benz-Green-AMG-with-2898-pieces-8-109x150.jpg 109w\" sizes=\"(max-width: 741px) 100vw, 741px\" \/><figcaption id=\"caption-attachment-27481\" class=\"wp-caption-text\">FEI FAN F10001 1:8 Benz Gr\u00fcn AMG mit 2898 Teilen<\/figcaption><\/figure>\n<figure id=\"attachment_27482\" aria-describedby=\"caption-attachment-27482\" style=\"width: 471px\" class=\"wp-caption aligncenter\"><img loading=\"lazy\" decoding=\"async\" class=\"wp-image-27482 size-full\" src=\"https:\/\/mouldking.store\/wp-content\/uploads\/2021\/11\/FEI-FAN-F10001-18-Benz-Green-AMG-with-2898-pieces-9.jpg\" alt=\"FEI FAN F10001 1:8 Benz Green AMG with 2898 pieces\" width=\"471\" height=\"1024\" title=\"-\" srcset=\"https:\/\/mouldking.store\/wp-content\/uploads\/2021\/11\/FEI-FAN-F10001-18-Benz-Green-AMG-with-2898-pieces-9.jpg 471w, https:\/\/mouldking.store\/wp-content\/uploads\/2021\/11\/FEI-FAN-F10001-18-Benz-Green-AMG-with-2898-pieces-9-138x300.jpg 138w, https:\/\/mouldking.store\/wp-content\/uploads\/2021\/11\/FEI-FAN-F10001-18-Benz-Green-AMG-with-2898-pieces-9-300x652.jpg 300w, https:\/\/mouldking.store\/wp-content\/uploads\/2021\/11\/FEI-FAN-F10001-18-Benz-Green-AMG-with-2898-pieces-9-69x150.jpg 69w\" sizes=\"(max-width: 471px) 100vw, 471px\" \/><figcaption id=\"caption-attachment-27482\" class=\"wp-caption-text\">FEI FAN F10001 1:8 Benz Gr\u00fcn AMG mit 2898 Teilen<\/figcaption><\/figure>\n<figure id=\"attachment_27480\" aria-describedby=\"caption-attachment-27480\" style=\"width: 516px\" class=\"wp-caption aligncenter\"><img loading=\"lazy\" decoding=\"async\" class=\"wp-image-27480 size-full\" src=\"https:\/\/mouldking.store\/wp-content\/uploads\/2021\/11\/FEI-FAN-F10001-18-Benz-Green-AMG-with-2898-pieces-7.jpg\" alt=\"FEI FAN F10001 1:8 Benz Green AMG with 2898 pieces\" width=\"516\" height=\"1024\" title=\"-\" srcset=\"https:\/\/mouldking.store\/wp-content\/uploads\/2021\/11\/FEI-FAN-F10001-18-Benz-Green-AMG-with-2898-pieces-7.jpg 516w, https:\/\/mouldking.store\/wp-content\/uploads\/2021\/11\/FEI-FAN-F10001-18-Benz-Green-AMG-with-2898-pieces-7-151x300.jpg 151w, https:\/\/mouldking.store\/wp-content\/uploads\/2021\/11\/FEI-FAN-F10001-18-Benz-Green-AMG-with-2898-pieces-7-300x595.jpg 300w, https:\/\/mouldking.store\/wp-content\/uploads\/2021\/11\/FEI-FAN-F10001-18-Benz-Green-AMG-with-2898-pieces-7-76x150.jpg 76w\" sizes=\"(max-width: 516px) 100vw, 516px\" \/><figcaption id=\"caption-attachment-27480\" class=\"wp-caption-text\">FEI FAN F10001 1:8 Benz Gr\u00fcn AMG mit 2898 Teilen<\/figcaption><\/figure>\n<figure id=\"attachment_27476\" aria-describedby=\"caption-attachment-27476\" style=\"width: 750px\" class=\"wp-caption aligncenter\"><img loading=\"lazy\" decoding=\"async\" class=\"wp-image-27476 size-full\" src=\"https:\/\/mouldking.store\/wp-content\/uploads\/2021\/11\/FEI-FAN-F10001-18-Benz-Green-AMG-with-2898-pieces-3.jpg\" alt=\"FEI FAN F10001 1:8 Benz Green AMG with 2898 pieces\" width=\"750\" height=\"629\" title=\"-\" srcset=\"https:\/\/mouldking.store\/wp-content\/uploads\/2021\/11\/FEI-FAN-F10001-18-Benz-Green-AMG-with-2898-pieces-3.jpg 750w, https:\/\/mouldking.store\/wp-content\/uploads\/2021\/11\/FEI-FAN-F10001-18-Benz-Green-AMG-with-2898-pieces-3-300x252.jpg 300w, https:\/\/mouldking.store\/wp-content\/uploads\/2021\/11\/FEI-FAN-F10001-18-Benz-Green-AMG-with-2898-pieces-3-600x503.jpg 600w, https:\/\/mouldking.store\/wp-content\/uploads\/2021\/11\/FEI-FAN-F10001-18-Benz-Green-AMG-with-2898-pieces-3-150x126.jpg 150w\" sizes=\"(max-width: 750px) 100vw, 750px\" \/><figcaption id=\"caption-attachment-27476\" class=\"wp-caption-text\">FEI FAN F10001 1:8 Benz Gr\u00fcn AMG mit 2898 Teilen<\/figcaption><\/figure>\n<figure id=\"attachment_27478\" aria-describedby=\"caption-attachment-27478\" style=\"width: 828px\" class=\"wp-caption aligncenter\"><img loading=\"lazy\" decoding=\"async\" class=\"wp-image-27478 size-full\" src=\"https:\/\/mouldking.store\/wp-content\/uploads\/2021\/11\/FEI-FAN-F10001-18-Benz-Green-AMG-with-2898-pieces-5.jpg\" alt=\"FEI FAN F10001 1:8 Benz Green AMG with 2898 pieces\" width=\"828\" height=\"834\" title=\"-\" srcset=\"https:\/\/mouldking.store\/wp-content\/uploads\/2021\/11\/FEI-FAN-F10001-18-Benz-Green-AMG-with-2898-pieces-5.jpg 828w, https:\/\/mouldking.store\/wp-content\/uploads\/2021\/11\/FEI-FAN-F10001-18-Benz-Green-AMG-with-2898-pieces-5-298x300.jpg 298w, https:\/\/mouldking.store\/wp-content\/uploads\/2021\/11\/FEI-FAN-F10001-18-Benz-Green-AMG-with-2898-pieces-5-768x774.jpg 768w, https:\/\/mouldking.store\/wp-content\/uploads\/2021\/11\/FEI-FAN-F10001-18-Benz-Green-AMG-with-2898-pieces-5-300x302.jpg 300w, https:\/\/mouldking.store\/wp-content\/uploads\/2021\/11\/FEI-FAN-F10001-18-Benz-Green-AMG-with-2898-pieces-5-600x604.jpg 600w, https:\/\/mouldking.store\/wp-content\/uploads\/2021\/11\/FEI-FAN-F10001-18-Benz-Green-AMG-with-2898-pieces-5-150x150.jpg 150w\" sizes=\"(max-width: 828px) 100vw, 828px\" \/><figcaption id=\"caption-attachment-27478\" class=\"wp-caption-text\">FEI FAN F10001 1:8 Benz Gr\u00fcn AMG mit 2898 Teilen<\/figcaption><\/figure>","protected":false},"excerpt":{"rendered":"<p>Product information: Brand: FEI FAN Gender: Unisex Name: 1:8 Benz Green AMG Age Range: &gt; 14 years old Model Number: F10001 Classification: Assemblage Plastic Block Shape: Self-Locking Bricks Material: Plastic Plastic Type: ABS Bricks Blocks: 2898 PCS Contains detailed assembly instructions. Notice: 1. Without an original box, but we guarantee our products have quality assurance [&hellip;]<\/p>","protected":false},"featured_media":27474,"comment_status":"open","ping_status":"closed","template":"","meta":{"_acf_changed":false},"product_cat":[364],"product_tag":[598,3628,3626,1456,1457,3634,3632,3631,3630,3629,3627,3633,3625,3624],"class_list":["product","first","instock","shipping-taxable","purchasable","product-type-variable"],"acf":[],"_links":{"self":[{"href":"https:\/\/mouldking.store\/de\/wp-json\/wp\/v2\/product\/27473","targetHints":{"allow":["GET"]}}],"collection":[{"href":"https:\/\/mouldking.store\/de\/wp-json\/wp\/v2\/product"}],"about":[{"href":"https:\/\/mouldking.store\/de\/wp-json\/wp\/v2\/types\/product"}],"replies":[{"embeddable":true,"href":"https:\/\/mouldking.store\/de\/wp-json\/wp\/v2\/comments?post=27473"}],"wp:featuredmedia":[{"embeddable":true,"href":"https:\/\/mouldking.store\/de\/wp-json\/wp\/v2\/media\/27474"}],"wp:attachment":[{"href":"https:\/\/mouldking.store\/de\/wp-json\/wp\/v2\/media?parent=27473"}],"wp:term":[{"taxonomy":"product_cat","embeddable":true,"href":"https:\/\/mouldking.store\/de\/wp-json\/wp\/v2\/product_cat?post=27473"},{"taxonomy":"product_tag","embeddable":true,"href":"https:\/\/mouldking.store\/de\/wp-json\/wp\/v2\/product_tag?post=27473"}],"curies":[{"name":"wp","href":"https:\/\/api.w.org\/{rel}","templated":true}]}}