{"id":27592,"date":"2021-11-19T03:03:39","date_gmt":"2021-11-19T03:03:39","guid":{"rendered":"https:\/\/mouldking.store\/?post_type=product&#038;p=27592"},"modified":"2025-12-25T09:17:02","modified_gmt":"2025-12-25T02:17:02","slug":"moc-55659-miniscale-cylon-centurion-raider-with-383-pieces","status":"publish","type":"product","link":"https:\/\/mouldking.store\/de\/shop\/moc-55659-miniscale-cylon-centurion-raider-with-383-pieces\/","title":{"rendered":"MOC-55659 MINISCALE CYLON CENTURION RAIDER mit 383 Teilen"},"content":{"rendered":"<p>Produktinformation:<\/p>\n<ol>\n<li>Marke: MOC<\/li>\n<li>Geschlecht: Unisex<\/li>\n<li>Name: MINISCALE CYLON CENTURION RAIDER<\/li>\n<li>Altersspanne: &gt; 6 Jahre alt<\/li>\n<li>Modellnummer: MOC-55659<\/li>\n<li>Einstufung: Assemblage<\/li>\n<li>Kunststoffblockform: Selbstsichernde Steine<\/li>\n<li>Material: Kunststoff<\/li>\n<li>Kunststofftyp: ABS<\/li>\n<li>Ziegelsteine: 383 ST\u00dcCKE<\/li>\n<li>Enth\u00e4lt eine ausf\u00fchrliche Montageanleitung.<\/li>\n<\/ol>\n<p>Notiz:<br \/>\n1. Ohne Originalverpackung, aber wir garantieren, dass unsere Produkte eine Qualit\u00e4tssicherung und eine sch\u00f6ne Verpackung haben.<br \/>\n2. Wie alle Teile, die wir vor dem Versand \u00fcberpr\u00fcft haben, machen Sie sich keine Sorgen, wenn Sie feststellen, dass einige Teile fehlen oder besch\u00e4digt sind, und kontaktieren Sie uns einfach, und wir k\u00f6nnen sie Ihnen umgehend kostenlos erneut zusenden.<\/p>\n<figure id=\"attachment_27593\" aria-describedby=\"caption-attachment-27593\" style=\"width: 1000px\" class=\"wp-caption aligncenter\"><img fetchpriority=\"high\" decoding=\"async\" class=\"size-full wp-image-27593\" title=\"MOC-55659 MINISCALE CYLON CENTURION RAIDER mit 383 Teilen\" src=\"https:\/\/mouldking.store\/wp-content\/uploads\/2021\/11\/moc-55659-miniscale-cylon-centurion-raider-with-383-pieces.jpg\" alt=\"MOC-55659 MINISCALE CYLON CENTURION RAIDER with 383 pieces\" width=\"1000\" height=\"1000\" srcset=\"https:\/\/mouldking.store\/wp-content\/uploads\/2021\/11\/moc-55659-miniscale-cylon-centurion-raider-with-383-pieces.jpg 1000w, https:\/\/mouldking.store\/wp-content\/uploads\/2021\/11\/moc-55659-miniscale-cylon-centurion-raider-with-383-pieces-300x300.jpg 300w, https:\/\/mouldking.store\/wp-content\/uploads\/2021\/11\/moc-55659-miniscale-cylon-centurion-raider-with-383-pieces-768x768.jpg 768w, https:\/\/mouldking.store\/wp-content\/uploads\/2021\/11\/moc-55659-miniscale-cylon-centurion-raider-with-383-pieces-600x600.jpg 600w, https:\/\/mouldking.store\/wp-content\/uploads\/2021\/11\/moc-55659-miniscale-cylon-centurion-raider-with-383-pieces-150x150.jpg 150w\" sizes=\"(max-width: 1000px) 100vw, 1000px\" \/><figcaption id=\"caption-attachment-27593\" class=\"wp-caption-text\">MOC-55659 MINISCALE CYLON CENTURION RAIDER mit 383 Teilen<\/figcaption><\/figure>\n<figure id=\"attachment_27594\" aria-describedby=\"caption-attachment-27594\" style=\"width: 1000px\" class=\"wp-caption aligncenter\"><img decoding=\"async\" class=\"size-full wp-image-27594\" title=\"MOC-55659 MINISCALE CYLON CENTURION RAIDER mit 383 Teilen\" src=\"https:\/\/mouldking.store\/wp-content\/uploads\/2021\/11\/moc-55659-miniscale-cylon-centurion-raider-with-383-pieces-1.jpg\" alt=\"MOC-55659 MINISCALE CYLON CENTURION RAIDER with 383 pieces\" width=\"1000\" height=\"1000\" srcset=\"https:\/\/mouldking.store\/wp-content\/uploads\/2021\/11\/moc-55659-miniscale-cylon-centurion-raider-with-383-pieces-1.jpg 1000w, https:\/\/mouldking.store\/wp-content\/uploads\/2021\/11\/moc-55659-miniscale-cylon-centurion-raider-with-383-pieces-1-300x300.jpg 300w, https:\/\/mouldking.store\/wp-content\/uploads\/2021\/11\/moc-55659-miniscale-cylon-centurion-raider-with-383-pieces-1-768x768.jpg 768w, https:\/\/mouldking.store\/wp-content\/uploads\/2021\/11\/moc-55659-miniscale-cylon-centurion-raider-with-383-pieces-1-600x600.jpg 600w, https:\/\/mouldking.store\/wp-content\/uploads\/2021\/11\/moc-55659-miniscale-cylon-centurion-raider-with-383-pieces-1-150x150.jpg 150w\" sizes=\"(max-width: 1000px) 100vw, 1000px\" \/><figcaption id=\"caption-attachment-27594\" class=\"wp-caption-text\">MOC-55659 MINISCALE CYLON CENTURION RAIDER mit 383 Teilen<\/figcaption><\/figure>\n<figure id=\"attachment_27595\" aria-describedby=\"caption-attachment-27595\" style=\"width: 1000px\" class=\"wp-caption aligncenter\"><img decoding=\"async\" class=\"size-full wp-image-27595\" title=\"MOC-55659 MINISCALE CYLON CENTURION RAIDER mit 383 Teilen\" src=\"https:\/\/mouldking.store\/wp-content\/uploads\/2021\/11\/moc-55659-miniscale-cylon-centurion-raider-with-383-pieces-2.jpg\" alt=\"MOC-55659 MINISCALE CYLON CENTURION RAIDER with 383 pieces\" width=\"1000\" height=\"1000\" srcset=\"https:\/\/mouldking.store\/wp-content\/uploads\/2021\/11\/moc-55659-miniscale-cylon-centurion-raider-with-383-pieces-2.jpg 1000w, https:\/\/mouldking.store\/wp-content\/uploads\/2021\/11\/moc-55659-miniscale-cylon-centurion-raider-with-383-pieces-2-300x300.jpg 300w, https:\/\/mouldking.store\/wp-content\/uploads\/2021\/11\/moc-55659-miniscale-cylon-centurion-raider-with-383-pieces-2-768x768.jpg 768w, https:\/\/mouldking.store\/wp-content\/uploads\/2021\/11\/moc-55659-miniscale-cylon-centurion-raider-with-383-pieces-2-600x600.jpg 600w, https:\/\/mouldking.store\/wp-content\/uploads\/2021\/11\/moc-55659-miniscale-cylon-centurion-raider-with-383-pieces-2-150x150.jpg 150w\" sizes=\"(max-width: 1000px) 100vw, 1000px\" \/><figcaption id=\"caption-attachment-27595\" class=\"wp-caption-text\">MOC-55659 MINISCALE CYLON CENTURION RAIDER mit 383 Teilen<\/figcaption><\/figure>","protected":false},"excerpt":{"rendered":"<p>Product information: Brand: MOC Gender: Unisex Name: MINISCALE CYLON CENTURION RAIDER Age Range: &gt; 6 years old Model Number: MOC-55659 Classification: Assemblage Plastic Block Shape: Self-Locking Bricks Material: Plastic Plastic Type: ABS Bricks Blocks: 383 PCS Contains detailed assembly instructions. Notice: 1. Without an original box, but we guarantee our products have quality assurance and [&hellip;]<\/p>","protected":false},"featured_media":27596,"comment_status":"open","ping_status":"closed","template":"","meta":{"_acf_changed":false},"product_cat":[581],"product_tag":[3675,3674],"class_list":["product","first","instock","shipping-taxable","purchasable","product-type-simple"],"acf":[],"_links":{"self":[{"href":"https:\/\/mouldking.store\/de\/wp-json\/wp\/v2\/product\/27592","targetHints":{"allow":["GET"]}}],"collection":[{"href":"https:\/\/mouldking.store\/de\/wp-json\/wp\/v2\/product"}],"about":[{"href":"https:\/\/mouldking.store\/de\/wp-json\/wp\/v2\/types\/product"}],"replies":[{"embeddable":true,"href":"https:\/\/mouldking.store\/de\/wp-json\/wp\/v2\/comments?post=27592"}],"wp:featuredmedia":[{"embeddable":true,"href":"https:\/\/mouldking.store\/de\/wp-json\/wp\/v2\/media\/27596"}],"wp:attachment":[{"href":"https:\/\/mouldking.store\/de\/wp-json\/wp\/v2\/media?parent=27592"}],"wp:term":[{"taxonomy":"product_cat","embeddable":true,"href":"https:\/\/mouldking.store\/de\/wp-json\/wp\/v2\/product_cat?post=27592"},{"taxonomy":"product_tag","embeddable":true,"href":"https:\/\/mouldking.store\/de\/wp-json\/wp\/v2\/product_tag?post=27592"}],"curies":[{"name":"wp","href":"https:\/\/api.w.org\/{rel}","templated":true}]}}