{"id":27793,"date":"2021-11-24T04:38:45","date_gmt":"2021-11-23T21:38:45","guid":{"rendered":"https:\/\/mouldking.store\/?post_type=product&#038;p=27793"},"modified":"2025-12-25T09:17:00","modified_gmt":"2025-12-25T02:17:00","slug":"moc-63700-madam-malkins-robes-for-all-occasions-and-potages-cauldron-shop-with-1119-pieces","status":"publish","type":"product","link":"https:\/\/mouldking.store\/de\/shop\/moc-63700-madam-malkins-robes-for-all-occasions-and-potages-cauldron-shop-with-1119-pieces\/","title":{"rendered":"MOC-63700 Madam Malkin&#8217;s Robes for All Occasions and Potage&#8217;s Cauldron Shop with 1119 pieces"},"content":{"rendered":"<p>Produktinformation:<\/p>\n<ol>\n<li>Marke: MOC<\/li>\n<li>Geschlecht: Unisex<\/li>\n<li>Name: Madam Malkin&#8217;s Robes for All Occasions and Potage&#8217;s Cauldron Shop<\/li>\n<li>Altersspanne: &gt; 6 Jahre alt<\/li>\n<li>Model Number: MOC-63700<\/li>\n<li>Einstufung: Assemblage<\/li>\n<li>Kunststoffblockform: Selbstsichernde Steine<\/li>\n<li>Material: Kunststoff<\/li>\n<li>Kunststofftyp: ABS<\/li>\n<li>Bricks Blocks: 1119 PCS<\/li>\n<li>Enth\u00e4lt eine ausf\u00fchrliche Montageanleitung.<\/li>\n<\/ol>\n<p>Notiz:<br \/>\n1. Ohne Originalverpackung, aber wir garantieren, dass unsere Produkte eine Qualit\u00e4tssicherung und eine sch\u00f6ne Verpackung haben.<br \/>\n2. Wie alle Teile, die wir vor dem Versand \u00fcberpr\u00fcft haben, machen Sie sich keine Sorgen, wenn Sie feststellen, dass einige Teile fehlen oder besch\u00e4digt sind, und kontaktieren Sie uns einfach, und wir k\u00f6nnen sie Ihnen umgehend kostenlos erneut zusenden.<\/p>\n<figure id=\"attachment_27794\" aria-describedby=\"caption-attachment-27794\" style=\"width: 1000px\" class=\"wp-caption aligncenter\"><img fetchpriority=\"high\" decoding=\"async\" class=\"size-full wp-image-27794\" title=\"MOC-63700 Madam Malkin's Robes for All Occasions and Potage's Cauldron Shop with 1119 pieces\" src=\"https:\/\/mouldking.store\/wp-content\/uploads\/2021\/11\/moc-63700-madam-malkins-robes-for-all-occasions-and-potages-cauldron-shop-with-1119-pieces.jpg\" alt=\"MOC-63700 Madam Malkin's Robes for All Occasions and Potage's Cauldron Shop with 1119 pieces\" width=\"1000\" height=\"1000\" srcset=\"https:\/\/mouldking.store\/wp-content\/uploads\/2021\/11\/moc-63700-madam-malkins-robes-for-all-occasions-and-potages-cauldron-shop-with-1119-pieces.jpg 1000w, https:\/\/mouldking.store\/wp-content\/uploads\/2021\/11\/moc-63700-madam-malkins-robes-for-all-occasions-and-potages-cauldron-shop-with-1119-pieces-300x300.jpg 300w, https:\/\/mouldking.store\/wp-content\/uploads\/2021\/11\/moc-63700-madam-malkins-robes-for-all-occasions-and-potages-cauldron-shop-with-1119-pieces-768x768.jpg 768w, https:\/\/mouldking.store\/wp-content\/uploads\/2021\/11\/moc-63700-madam-malkins-robes-for-all-occasions-and-potages-cauldron-shop-with-1119-pieces-600x600.jpg 600w, https:\/\/mouldking.store\/wp-content\/uploads\/2021\/11\/moc-63700-madam-malkins-robes-for-all-occasions-and-potages-cauldron-shop-with-1119-pieces-150x150.jpg 150w\" sizes=\"(max-width: 1000px) 100vw, 1000px\" \/><figcaption id=\"caption-attachment-27794\" class=\"wp-caption-text\">MOC-63700 Madam Malkin&#8217;s Robes for All Occasions and Potage&#8217;s Cauldron Shop with 1119 pieces<\/figcaption><\/figure>\n<figure id=\"attachment_27795\" aria-describedby=\"caption-attachment-27795\" style=\"width: 1000px\" class=\"wp-caption aligncenter\"><img decoding=\"async\" class=\"size-full wp-image-27795\" title=\"MOC-63700 Madam Malkin's Robes for All Occasions and Potage's Cauldron Shop with 1119 pieces\" src=\"https:\/\/mouldking.store\/wp-content\/uploads\/2021\/11\/moc-63700-madam-malkins-robes-for-all-occasions-and-potages-cauldron-shop-with-1119-pieces-1.jpg\" alt=\"MOC-63700 Madam Malkin's Robes for All Occasions and Potage's Cauldron Shop with 1119 pieces\" width=\"1000\" height=\"1000\" srcset=\"https:\/\/mouldking.store\/wp-content\/uploads\/2021\/11\/moc-63700-madam-malkins-robes-for-all-occasions-and-potages-cauldron-shop-with-1119-pieces-1.jpg 1000w, https:\/\/mouldking.store\/wp-content\/uploads\/2021\/11\/moc-63700-madam-malkins-robes-for-all-occasions-and-potages-cauldron-shop-with-1119-pieces-1-300x300.jpg 300w, https:\/\/mouldking.store\/wp-content\/uploads\/2021\/11\/moc-63700-madam-malkins-robes-for-all-occasions-and-potages-cauldron-shop-with-1119-pieces-1-768x768.jpg 768w, https:\/\/mouldking.store\/wp-content\/uploads\/2021\/11\/moc-63700-madam-malkins-robes-for-all-occasions-and-potages-cauldron-shop-with-1119-pieces-1-600x600.jpg 600w, https:\/\/mouldking.store\/wp-content\/uploads\/2021\/11\/moc-63700-madam-malkins-robes-for-all-occasions-and-potages-cauldron-shop-with-1119-pieces-1-150x150.jpg 150w\" sizes=\"(max-width: 1000px) 100vw, 1000px\" \/><figcaption id=\"caption-attachment-27795\" class=\"wp-caption-text\">MOC-63700 Madam Malkin&#8217;s Robes for All Occasions and Potage&#8217;s Cauldron Shop with 1119 pieces<\/figcaption><\/figure>","protected":false},"excerpt":{"rendered":"<p>Product information: Brand: MOC Gender: Unisex Name: Madam Malkin&#8217;s Robes for All Occasions and Potage&#8217;s Cauldron Shop Age Range: &gt; 6 years old Model Number: MOC-63700 Classification: Assemblage Plastic Block Shape: Self-Locking Bricks Material: Plastic Plastic Type: ABS Bricks Blocks: 1119 PCS Contains detailed assembly instructions. Notice: 1. Without an original box, but we guarantee [&hellip;]<\/p>","protected":false},"featured_media":27796,"comment_status":"open","ping_status":"closed","template":"","meta":{"_acf_changed":false},"product_cat":[581],"product_tag":[3783,3782],"class_list":["product","first","instock","shipping-taxable","purchasable","product-type-simple"],"acf":[],"_links":{"self":[{"href":"https:\/\/mouldking.store\/de\/wp-json\/wp\/v2\/product\/27793","targetHints":{"allow":["GET"]}}],"collection":[{"href":"https:\/\/mouldking.store\/de\/wp-json\/wp\/v2\/product"}],"about":[{"href":"https:\/\/mouldking.store\/de\/wp-json\/wp\/v2\/types\/product"}],"replies":[{"embeddable":true,"href":"https:\/\/mouldking.store\/de\/wp-json\/wp\/v2\/comments?post=27793"}],"wp:featuredmedia":[{"embeddable":true,"href":"https:\/\/mouldking.store\/de\/wp-json\/wp\/v2\/media\/27796"}],"wp:attachment":[{"href":"https:\/\/mouldking.store\/de\/wp-json\/wp\/v2\/media?parent=27793"}],"wp:term":[{"taxonomy":"product_cat","embeddable":true,"href":"https:\/\/mouldking.store\/de\/wp-json\/wp\/v2\/product_cat?post=27793"},{"taxonomy":"product_tag","embeddable":true,"href":"https:\/\/mouldking.store\/de\/wp-json\/wp\/v2\/product_tag?post=27793"}],"curies":[{"name":"wp","href":"https:\/\/api.w.org\/{rel}","templated":true}]}}