{"id":27808,"date":"2021-11-24T12:37:48","date_gmt":"2021-11-24T12:37:48","guid":{"rendered":"https:\/\/mouldking.store\/?post_type=product&#038;p=27808"},"modified":"2022-04-21T15:17:35","modified_gmt":"2022-04-21T08:17:35","slug":"loz-1054-christmas-cafe-with-2506-pieces","status":"publish","type":"product","link":"https:\/\/mouldking.store\/de\/shop\/loz-1054-christmas-cafe-with-2506-pieces\/","title":{"rendered":"LOZ 1054 Weihnachtscafe mit 2506 Teilen"},"content":{"rendered":"<p>Produktinformation:<\/p>\n<ol>\n<li>Marke: LOZ<\/li>\n<li>Geschlecht: Unisex<\/li>\n<li>Name: Christmas Cafe<\/li>\n<li>Altersspanne: &gt; 6 Jahre alt<\/li>\n<li>Model Number: 1054<\/li>\n<li>Einstufung: Assemblage<\/li>\n<li>Kunststoffblockform: Selbstsichernde Steine<\/li>\n<li>Material: Kunststoff<\/li>\n<li>Kunststofftyp: ABS<\/li>\n<li>Bricks Blocks: 2506 PCS<\/li>\n<li>Enth\u00e4lt eine ausf\u00fchrliche Montageanleitung.<\/li>\n<\/ol>\n<p>Notiz:<br \/>\n1. Ohne Originalverpackung, aber wir garantieren, dass unsere Produkte eine Qualit\u00e4tssicherung und eine sch\u00f6ne Verpackung haben.<br \/>\n2. Wie alle Teile, die wir vor dem Versand \u00fcberpr\u00fcft haben, machen Sie sich keine Sorgen, wenn Sie feststellen, dass einige Teile fehlen oder besch\u00e4digt sind, und kontaktieren Sie uns einfach, und wir k\u00f6nnen sie Ihnen umgehend kostenlos erneut zusenden.<\/p>\n<figure id=\"attachment_27809\" aria-describedby=\"caption-attachment-27809\" style=\"width: 800px\" class=\"wp-caption aligncenter\"><img fetchpriority=\"high\" decoding=\"async\" class=\"wp-image-27809 size-full\" src=\"https:\/\/mouldking.store\/wp-content\/uploads\/2021\/11\/MODULAR-BUILDING-LOZ-1054-Christmas-Cafe-1.jpg\" alt=\"LOZ 1054 Christmas Cafe with 2506 pieces\" width=\"800\" height=\"800\" title=\"-\" srcset=\"https:\/\/mouldking.store\/wp-content\/uploads\/2021\/11\/MODULAR-BUILDING-LOZ-1054-Christmas-Cafe-1.jpg 800w, https:\/\/mouldking.store\/wp-content\/uploads\/2021\/11\/MODULAR-BUILDING-LOZ-1054-Christmas-Cafe-1-300x300.jpg 300w, https:\/\/mouldking.store\/wp-content\/uploads\/2021\/11\/MODULAR-BUILDING-LOZ-1054-Christmas-Cafe-1-768x768.jpg 768w, https:\/\/mouldking.store\/wp-content\/uploads\/2021\/11\/MODULAR-BUILDING-LOZ-1054-Christmas-Cafe-1-600x600.jpg 600w, https:\/\/mouldking.store\/wp-content\/uploads\/2021\/11\/MODULAR-BUILDING-LOZ-1054-Christmas-Cafe-1-150x150.jpg 150w\" sizes=\"(max-width: 800px) 100vw, 800px\" \/><figcaption id=\"caption-attachment-27809\" class=\"wp-caption-text\">LOZ 1054 Weihnachtscafe mit 2506 Teilen<\/figcaption><\/figure>\n<figure id=\"attachment_27811\" aria-describedby=\"caption-attachment-27811\" style=\"width: 790px\" class=\"wp-caption aligncenter\"><img decoding=\"async\" class=\"wp-image-27811 size-full\" src=\"https:\/\/mouldking.store\/wp-content\/uploads\/2021\/11\/MODULAR-BUILDING-LOZ-1054-Christmas-Cafe-3.jpg\" alt=\"LOZ 1054 Christmas Cafe with 2506 pieces\" width=\"790\" height=\"810\" title=\"-\" srcset=\"https:\/\/mouldking.store\/wp-content\/uploads\/2021\/11\/MODULAR-BUILDING-LOZ-1054-Christmas-Cafe-3.jpg 790w, https:\/\/mouldking.store\/wp-content\/uploads\/2021\/11\/MODULAR-BUILDING-LOZ-1054-Christmas-Cafe-3-293x300.jpg 293w, https:\/\/mouldking.store\/wp-content\/uploads\/2021\/11\/MODULAR-BUILDING-LOZ-1054-Christmas-Cafe-3-768x787.jpg 768w, https:\/\/mouldking.store\/wp-content\/uploads\/2021\/11\/MODULAR-BUILDING-LOZ-1054-Christmas-Cafe-3-300x308.jpg 300w, https:\/\/mouldking.store\/wp-content\/uploads\/2021\/11\/MODULAR-BUILDING-LOZ-1054-Christmas-Cafe-3-600x615.jpg 600w, https:\/\/mouldking.store\/wp-content\/uploads\/2021\/11\/MODULAR-BUILDING-LOZ-1054-Christmas-Cafe-3-146x150.jpg 146w\" sizes=\"(max-width: 790px) 100vw, 790px\" \/><figcaption id=\"caption-attachment-27811\" class=\"wp-caption-text\">LOZ 1054 Weihnachtscafe mit 2506 Teilen<\/figcaption><\/figure>\n<figure id=\"attachment_27813\" aria-describedby=\"caption-attachment-27813\" style=\"width: 790px\" class=\"wp-caption aligncenter\"><img decoding=\"async\" class=\"wp-image-27813 size-full\" src=\"https:\/\/mouldking.store\/wp-content\/uploads\/2021\/11\/MODULAR-BUILDING-LOZ-1054-Christmas-Cafe-5.jpg\" alt=\"LOZ 1054 Christmas Cafe with 2506 pieces\" width=\"790\" height=\"915\" title=\"-\" srcset=\"https:\/\/mouldking.store\/wp-content\/uploads\/2021\/11\/MODULAR-BUILDING-LOZ-1054-Christmas-Cafe-5.jpg 790w, https:\/\/mouldking.store\/wp-content\/uploads\/2021\/11\/MODULAR-BUILDING-LOZ-1054-Christmas-Cafe-5-259x300.jpg 259w, https:\/\/mouldking.store\/wp-content\/uploads\/2021\/11\/MODULAR-BUILDING-LOZ-1054-Christmas-Cafe-5-768x890.jpg 768w, https:\/\/mouldking.store\/wp-content\/uploads\/2021\/11\/MODULAR-BUILDING-LOZ-1054-Christmas-Cafe-5-300x347.jpg 300w, https:\/\/mouldking.store\/wp-content\/uploads\/2021\/11\/MODULAR-BUILDING-LOZ-1054-Christmas-Cafe-5-600x695.jpg 600w, https:\/\/mouldking.store\/wp-content\/uploads\/2021\/11\/MODULAR-BUILDING-LOZ-1054-Christmas-Cafe-5-130x150.jpg 130w\" sizes=\"(max-width: 790px) 100vw, 790px\" \/><figcaption id=\"caption-attachment-27813\" class=\"wp-caption-text\">LOZ 1054 Weihnachtscafe mit 2506 Teilen<\/figcaption><\/figure>\n<figure id=\"attachment_27814\" aria-describedby=\"caption-attachment-27814\" style=\"width: 676px\" class=\"wp-caption aligncenter\"><img loading=\"lazy\" decoding=\"async\" class=\"wp-image-27814 size-full\" src=\"https:\/\/mouldking.store\/wp-content\/uploads\/2021\/11\/MODULAR-BUILDING-LOZ-1054-Christmas-Cafe-6.jpg\" alt=\"LOZ 1054 Christmas Cafe with 2506 pieces\" width=\"676\" height=\"1024\" title=\"-\" srcset=\"https:\/\/mouldking.store\/wp-content\/uploads\/2021\/11\/MODULAR-BUILDING-LOZ-1054-Christmas-Cafe-6.jpg 676w, https:\/\/mouldking.store\/wp-content\/uploads\/2021\/11\/MODULAR-BUILDING-LOZ-1054-Christmas-Cafe-6-198x300.jpg 198w, https:\/\/mouldking.store\/wp-content\/uploads\/2021\/11\/MODULAR-BUILDING-LOZ-1054-Christmas-Cafe-6-300x454.jpg 300w, https:\/\/mouldking.store\/wp-content\/uploads\/2021\/11\/MODULAR-BUILDING-LOZ-1054-Christmas-Cafe-6-600x909.jpg 600w, https:\/\/mouldking.store\/wp-content\/uploads\/2021\/11\/MODULAR-BUILDING-LOZ-1054-Christmas-Cafe-6-99x150.jpg 99w\" sizes=\"(max-width: 676px) 100vw, 676px\" \/><figcaption id=\"caption-attachment-27814\" class=\"wp-caption-text\">LOZ 1054 Weihnachtscafe mit 2506 Teilen<\/figcaption><\/figure>\n<figure id=\"attachment_27812\" aria-describedby=\"caption-attachment-27812\" style=\"width: 762px\" class=\"wp-caption aligncenter\"><img loading=\"lazy\" decoding=\"async\" class=\"wp-image-27812 size-full\" src=\"https:\/\/mouldking.store\/wp-content\/uploads\/2021\/11\/MODULAR-BUILDING-LOZ-1054-Christmas-Cafe-4.jpg\" alt=\"LOZ 1054 Christmas Cafe with 2506 pieces\" width=\"762\" height=\"1024\" title=\"-\" srcset=\"https:\/\/mouldking.store\/wp-content\/uploads\/2021\/11\/MODULAR-BUILDING-LOZ-1054-Christmas-Cafe-4.jpg 762w, https:\/\/mouldking.store\/wp-content\/uploads\/2021\/11\/MODULAR-BUILDING-LOZ-1054-Christmas-Cafe-4-223x300.jpg 223w, https:\/\/mouldking.store\/wp-content\/uploads\/2021\/11\/MODULAR-BUILDING-LOZ-1054-Christmas-Cafe-4-300x403.jpg 300w, https:\/\/mouldking.store\/wp-content\/uploads\/2021\/11\/MODULAR-BUILDING-LOZ-1054-Christmas-Cafe-4-600x806.jpg 600w, https:\/\/mouldking.store\/wp-content\/uploads\/2021\/11\/MODULAR-BUILDING-LOZ-1054-Christmas-Cafe-4-112x150.jpg 112w\" sizes=\"(max-width: 762px) 100vw, 762px\" \/><figcaption id=\"caption-attachment-27812\" class=\"wp-caption-text\">LOZ 1054 Weihnachtscafe mit 2506 Teilen<\/figcaption><\/figure>\n<figure id=\"attachment_27810\" aria-describedby=\"caption-attachment-27810\" style=\"width: 790px\" class=\"wp-caption aligncenter\"><img loading=\"lazy\" decoding=\"async\" class=\"wp-image-27810 size-full\" src=\"https:\/\/mouldking.store\/wp-content\/uploads\/2021\/11\/MODULAR-BUILDING-LOZ-1054-Christmas-Cafe-2.jpg\" alt=\"LOZ 1054 Christmas Cafe with 2506 pieces\" width=\"790\" height=\"915\" title=\"-\" srcset=\"https:\/\/mouldking.store\/wp-content\/uploads\/2021\/11\/MODULAR-BUILDING-LOZ-1054-Christmas-Cafe-2.jpg 790w, https:\/\/mouldking.store\/wp-content\/uploads\/2021\/11\/MODULAR-BUILDING-LOZ-1054-Christmas-Cafe-2-259x300.jpg 259w, https:\/\/mouldking.store\/wp-content\/uploads\/2021\/11\/MODULAR-BUILDING-LOZ-1054-Christmas-Cafe-2-768x890.jpg 768w, https:\/\/mouldking.store\/wp-content\/uploads\/2021\/11\/MODULAR-BUILDING-LOZ-1054-Christmas-Cafe-2-300x347.jpg 300w, https:\/\/mouldking.store\/wp-content\/uploads\/2021\/11\/MODULAR-BUILDING-LOZ-1054-Christmas-Cafe-2-600x695.jpg 600w, https:\/\/mouldking.store\/wp-content\/uploads\/2021\/11\/MODULAR-BUILDING-LOZ-1054-Christmas-Cafe-2-130x150.jpg 130w\" sizes=\"(max-width: 790px) 100vw, 790px\" \/><figcaption id=\"caption-attachment-27810\" class=\"wp-caption-text\">LOZ 1054 Weihnachtscafe mit 2506 Teilen<\/figcaption><\/figure>","protected":false},"excerpt":{"rendered":"<p>Product information: Brand: LOZ Gender: Unisex Name: Christmas Cafe Age Range: &gt; 6 years old Model Number: 1054 Classification: Assemblage Plastic Block Shape: Self-Locking Bricks Material: Plastic Plastic Type: ABS Bricks Blocks: 2506 PCS Contains detailed assembly instructions. Notice: 1. Without an original box, but we guarantee our products have quality assurance and nice packaging. [&hellip;]<\/p>","protected":false},"featured_media":27809,"comment_status":"open","ping_status":"closed","template":"","meta":{"_acf_changed":false},"product_cat":[390],"product_tag":[3791,3795,3793,3792,3790,3789,3794],"class_list":["product","first","instock","shipping-taxable","purchasable","product-type-simple"],"acf":[],"_links":{"self":[{"href":"https:\/\/mouldking.store\/de\/wp-json\/wp\/v2\/product\/27808","targetHints":{"allow":["GET"]}}],"collection":[{"href":"https:\/\/mouldking.store\/de\/wp-json\/wp\/v2\/product"}],"about":[{"href":"https:\/\/mouldking.store\/de\/wp-json\/wp\/v2\/types\/product"}],"replies":[{"embeddable":true,"href":"https:\/\/mouldking.store\/de\/wp-json\/wp\/v2\/comments?post=27808"}],"wp:featuredmedia":[{"embeddable":true,"href":"https:\/\/mouldking.store\/de\/wp-json\/wp\/v2\/media\/27809"}],"wp:attachment":[{"href":"https:\/\/mouldking.store\/de\/wp-json\/wp\/v2\/media?parent=27808"}],"wp:term":[{"taxonomy":"product_cat","embeddable":true,"href":"https:\/\/mouldking.store\/de\/wp-json\/wp\/v2\/product_cat?post=27808"},{"taxonomy":"product_tag","embeddable":true,"href":"https:\/\/mouldking.store\/de\/wp-json\/wp\/v2\/product_tag?post=27808"}],"curies":[{"name":"wp","href":"https:\/\/api.w.org\/{rel}","templated":true}]}}