{"id":27917,"date":"2021-11-26T02:47:53","date_gmt":"2021-11-26T02:47:53","guid":{"rendered":"https:\/\/mouldking.store\/?post_type=product&#038;p=27917"},"modified":"2025-12-25T09:16:58","modified_gmt":"2025-12-25T02:16:58","slug":"moc-31325-colonial-one-battlestar-galacticaby-malcav-with-516-pieces","status":"publish","type":"product","link":"https:\/\/mouldking.store\/de\/shop\/moc-31325-colonial-one-battlestar-galacticaby-malcav-with-516-pieces\/","title":{"rendered":"MOC-31325 Colonial One \u2013 Battlestar Galacticaby von Malcav mit 516 Teilen"},"content":{"rendered":"<p>Produktinformation:<\/p>\n<ol>\n<li>Marke: MOC<\/li>\n<li>Geschlecht: Unisex<\/li>\n<li>Name: Colonial One &#8211; Battlestar Galacticaby Malcav<\/li>\n<li>Altersspanne: &gt; 6 Jahre alt<\/li>\n<li>Model Number: MOC-31325<\/li>\n<li>Einstufung: Assemblage<\/li>\n<li>Kunststoffblockform: Selbstsichernde Steine<\/li>\n<li>Material: Kunststoff<\/li>\n<li>Kunststofftyp: ABS<\/li>\n<li>Bricks Blocks: 516 PCS<\/li>\n<li>Enth\u00e4lt eine ausf\u00fchrliche Montageanleitung.<\/li>\n<\/ol>\n<p>Notiz:<br \/>\n1. Ohne Originalverpackung, aber wir garantieren, dass unsere Produkte eine Qualit\u00e4tssicherung und eine sch\u00f6ne Verpackung haben.<br \/>\n2. Wie alle Teile, die wir vor dem Versand \u00fcberpr\u00fcft haben, machen Sie sich keine Sorgen, wenn Sie feststellen, dass einige Teile fehlen oder besch\u00e4digt sind, und kontaktieren Sie uns einfach, und wir k\u00f6nnen sie Ihnen umgehend kostenlos erneut zusenden.<\/p>\n<figure id=\"attachment_27918\" aria-describedby=\"caption-attachment-27918\" style=\"width: 1000px\" class=\"wp-caption aligncenter\"><img fetchpriority=\"high\" decoding=\"async\" class=\"size-full wp-image-27918\" title=\"MOC-31325 Colonial One - Battlestar Galacticaby von Malcav mit 516 Teilen\" src=\"https:\/\/mouldking.store\/wp-content\/uploads\/2021\/11\/moc-31325-colonial-one-battlestar-galacticaby-malcav-with-516-pieces.jpg\" alt=\"MOC-31325 Colonial One - Battlestar Galacticaby Malcav with 516 pieces\" width=\"1000\" height=\"1000\" srcset=\"https:\/\/mouldking.store\/wp-content\/uploads\/2021\/11\/moc-31325-colonial-one-battlestar-galacticaby-malcav-with-516-pieces.jpg 1000w, https:\/\/mouldking.store\/wp-content\/uploads\/2021\/11\/moc-31325-colonial-one-battlestar-galacticaby-malcav-with-516-pieces-300x300.jpg 300w, https:\/\/mouldking.store\/wp-content\/uploads\/2021\/11\/moc-31325-colonial-one-battlestar-galacticaby-malcav-with-516-pieces-768x768.jpg 768w, https:\/\/mouldking.store\/wp-content\/uploads\/2021\/11\/moc-31325-colonial-one-battlestar-galacticaby-malcav-with-516-pieces-600x600.jpg 600w, https:\/\/mouldking.store\/wp-content\/uploads\/2021\/11\/moc-31325-colonial-one-battlestar-galacticaby-malcav-with-516-pieces-150x150.jpg 150w\" sizes=\"(max-width: 1000px) 100vw, 1000px\" \/><figcaption id=\"caption-attachment-27918\" class=\"wp-caption-text\">MOC-31325 Colonial One \u2013 Battlestar Galacticaby von Malcav mit 516 Teilen<\/figcaption><\/figure>\n<figure id=\"attachment_27919\" aria-describedby=\"caption-attachment-27919\" style=\"width: 1000px\" class=\"wp-caption aligncenter\"><img decoding=\"async\" class=\"size-full wp-image-27919\" title=\"MOC-31325 Colonial One - Battlestar Galacticaby von Malcav mit 516 Teilen\" src=\"https:\/\/mouldking.store\/wp-content\/uploads\/2021\/11\/moc-31325-colonial-one-battlestar-galacticaby-malcav-with-516-pieces-1.jpg\" alt=\"MOC-31325 Colonial One - Battlestar Galacticaby Malcav with 516 pieces\" width=\"1000\" height=\"1000\" srcset=\"https:\/\/mouldking.store\/wp-content\/uploads\/2021\/11\/moc-31325-colonial-one-battlestar-galacticaby-malcav-with-516-pieces-1.jpg 1000w, https:\/\/mouldking.store\/wp-content\/uploads\/2021\/11\/moc-31325-colonial-one-battlestar-galacticaby-malcav-with-516-pieces-1-300x300.jpg 300w, https:\/\/mouldking.store\/wp-content\/uploads\/2021\/11\/moc-31325-colonial-one-battlestar-galacticaby-malcav-with-516-pieces-1-768x768.jpg 768w, https:\/\/mouldking.store\/wp-content\/uploads\/2021\/11\/moc-31325-colonial-one-battlestar-galacticaby-malcav-with-516-pieces-1-600x600.jpg 600w, https:\/\/mouldking.store\/wp-content\/uploads\/2021\/11\/moc-31325-colonial-one-battlestar-galacticaby-malcav-with-516-pieces-1-150x150.jpg 150w\" sizes=\"(max-width: 1000px) 100vw, 1000px\" \/><figcaption id=\"caption-attachment-27919\" class=\"wp-caption-text\">MOC-31325 Colonial One \u2013 Battlestar Galacticaby von Malcav mit 516 Teilen<\/figcaption><\/figure>\n<figure id=\"attachment_27920\" aria-describedby=\"caption-attachment-27920\" style=\"width: 1000px\" class=\"wp-caption aligncenter\"><img decoding=\"async\" class=\"size-full wp-image-27920\" title=\"MOC-31325 Colonial One - Battlestar Galacticaby von Malcav mit 516 Teilen\" src=\"https:\/\/mouldking.store\/wp-content\/uploads\/2021\/11\/moc-31325-colonial-one-battlestar-galacticaby-malcav-with-516-pieces-2.jpg\" alt=\"MOC-31325 Colonial One - Battlestar Galacticaby Malcav with 516 pieces\" width=\"1000\" height=\"1000\" srcset=\"https:\/\/mouldking.store\/wp-content\/uploads\/2021\/11\/moc-31325-colonial-one-battlestar-galacticaby-malcav-with-516-pieces-2.jpg 1000w, https:\/\/mouldking.store\/wp-content\/uploads\/2021\/11\/moc-31325-colonial-one-battlestar-galacticaby-malcav-with-516-pieces-2-300x300.jpg 300w, https:\/\/mouldking.store\/wp-content\/uploads\/2021\/11\/moc-31325-colonial-one-battlestar-galacticaby-malcav-with-516-pieces-2-768x768.jpg 768w, https:\/\/mouldking.store\/wp-content\/uploads\/2021\/11\/moc-31325-colonial-one-battlestar-galacticaby-malcav-with-516-pieces-2-600x600.jpg 600w, https:\/\/mouldking.store\/wp-content\/uploads\/2021\/11\/moc-31325-colonial-one-battlestar-galacticaby-malcav-with-516-pieces-2-150x150.jpg 150w\" sizes=\"(max-width: 1000px) 100vw, 1000px\" \/><figcaption id=\"caption-attachment-27920\" class=\"wp-caption-text\">MOC-31325 Colonial One \u2013 Battlestar Galacticaby von Malcav mit 516 Teilen<\/figcaption><\/figure>","protected":false},"excerpt":{"rendered":"<p>Product information: Brand: MOC Gender: Unisex Name: Colonial One &#8211; Battlestar Galacticaby Malcav Age Range: &gt; 6 years old Model Number: MOC-31325 Classification: Assemblage Plastic Block Shape: Self-Locking Bricks Material: Plastic Plastic Type: ABS Bricks Blocks: 516 PCS Contains detailed assembly instructions. Notice: 1. Without an original box, but we guarantee our products have quality [&hellip;]<\/p>","protected":false},"featured_media":27921,"comment_status":"open","ping_status":"closed","template":"","meta":{"_acf_changed":false},"product_cat":[364],"product_tag":[3869,3868],"class_list":["product","first","instock","shipping-taxable","purchasable","product-type-simple"],"acf":[],"_links":{"self":[{"href":"https:\/\/mouldking.store\/de\/wp-json\/wp\/v2\/product\/27917","targetHints":{"allow":["GET"]}}],"collection":[{"href":"https:\/\/mouldking.store\/de\/wp-json\/wp\/v2\/product"}],"about":[{"href":"https:\/\/mouldking.store\/de\/wp-json\/wp\/v2\/types\/product"}],"replies":[{"embeddable":true,"href":"https:\/\/mouldking.store\/de\/wp-json\/wp\/v2\/comments?post=27917"}],"wp:featuredmedia":[{"embeddable":true,"href":"https:\/\/mouldking.store\/de\/wp-json\/wp\/v2\/media\/27921"}],"wp:attachment":[{"href":"https:\/\/mouldking.store\/de\/wp-json\/wp\/v2\/media?parent=27917"}],"wp:term":[{"taxonomy":"product_cat","embeddable":true,"href":"https:\/\/mouldking.store\/de\/wp-json\/wp\/v2\/product_cat?post=27917"},{"taxonomy":"product_tag","embeddable":true,"href":"https:\/\/mouldking.store\/de\/wp-json\/wp\/v2\/product_tag?post=27917"}],"curies":[{"name":"wp","href":"https:\/\/api.w.org\/{rel}","templated":true}]}}