{"id":27987,"date":"2021-11-27T04:42:31","date_gmt":"2021-11-26T21:42:31","guid":{"rendered":"https:\/\/mouldking.store\/?post_type=product&#038;p=27987"},"modified":"2025-12-25T09:16:58","modified_gmt":"2025-12-25T02:16:58","slug":"moc-15505-1967-eleanor-mustang-replica-with-1065-pieces","status":"publish","type":"product","link":"https:\/\/mouldking.store\/de\/shop\/moc-15505-1967-eleanor-mustang-replica-with-1065-pieces\/","title":{"rendered":"MOC-15505 1967 Eleanor Mustang Replica mit 1065 Teilen"},"content":{"rendered":"<p>Produktinformation:<\/p>\n<ol>\n<li>Marke: MOC<\/li>\n<li>Geschlecht: Unisex<\/li>\n<li>Name: 1967 Eleanor Mustang Replica<\/li>\n<li>Altersspanne: &gt; 6 Jahre alt<\/li>\n<li>Model Number: MOC-15505<\/li>\n<li>Einstufung: Assemblage<\/li>\n<li>Kunststoffblockform: Selbstsichernde Steine<\/li>\n<li>Material: Kunststoff<\/li>\n<li>Kunststofftyp: ABS<\/li>\n<li>Ziegelsteine: 1065 ST\u00dcCKE<\/li>\n<li>Vorbereitungszeit: 4-7 Wochen<\/li>\n<li>Enth\u00e4lt eine ausf\u00fchrliche Montageanleitung.<\/li>\n<\/ol>\n<p>Notiz:<br \/>\n1. Ohne Originalverpackung, aber wir garantieren, dass unsere Produkte eine Qualit\u00e4tssicherung und eine sch\u00f6ne Verpackung haben.<br \/>\n2. Wie alle Teile, die wir vor dem Versand \u00fcberpr\u00fcft haben, machen Sie sich keine Sorgen, wenn Sie feststellen, dass einige Teile fehlen oder besch\u00e4digt sind, und kontaktieren Sie uns einfach, und wir k\u00f6nnen sie Ihnen umgehend kostenlos erneut zusenden.<\/p>\n<figure id=\"attachment_27988\" aria-describedby=\"caption-attachment-27988\" style=\"width: 1000px\" class=\"wp-caption aligncenter\"><img fetchpriority=\"high\" decoding=\"async\" class=\"size-full wp-image-27988\" title=\"MOC-15505 1967 Eleanor Mustang Replica mit 1065 Teilen\" src=\"https:\/\/mouldking.store\/wp-content\/uploads\/2021\/11\/moc-15505-1967-eleanor-mustang-replica-with-1065-pieces.jpg\" alt=\"MOC-15505 1967 Eleanor Mustang Replica with 1065 pieces\" width=\"1000\" height=\"1000\" srcset=\"https:\/\/mouldking.store\/wp-content\/uploads\/2021\/11\/moc-15505-1967-eleanor-mustang-replica-with-1065-pieces.jpg 1000w, https:\/\/mouldking.store\/wp-content\/uploads\/2021\/11\/moc-15505-1967-eleanor-mustang-replica-with-1065-pieces-300x300.jpg 300w, https:\/\/mouldking.store\/wp-content\/uploads\/2021\/11\/moc-15505-1967-eleanor-mustang-replica-with-1065-pieces-768x768.jpg 768w, https:\/\/mouldking.store\/wp-content\/uploads\/2021\/11\/moc-15505-1967-eleanor-mustang-replica-with-1065-pieces-600x600.jpg 600w, https:\/\/mouldking.store\/wp-content\/uploads\/2021\/11\/moc-15505-1967-eleanor-mustang-replica-with-1065-pieces-150x150.jpg 150w\" sizes=\"(max-width: 1000px) 100vw, 1000px\" \/><figcaption id=\"caption-attachment-27988\" class=\"wp-caption-text\">MOC-15505 1967 Eleanor Mustang Replica mit 1065 Teilen<\/figcaption><\/figure>\n<figure id=\"attachment_27989\" aria-describedby=\"caption-attachment-27989\" style=\"width: 1000px\" class=\"wp-caption aligncenter\"><img decoding=\"async\" class=\"size-full wp-image-27989\" title=\"MOC-15505 1967 Eleanor Mustang Replica mit 1065 Teilen\" src=\"https:\/\/mouldking.store\/wp-content\/uploads\/2021\/11\/moc-15505-1967-eleanor-mustang-replica-with-1065-pieces-1.jpg\" alt=\"MOC-15505 1967 Eleanor Mustang Replica with 1065 pieces\" width=\"1000\" height=\"1000\" srcset=\"https:\/\/mouldking.store\/wp-content\/uploads\/2021\/11\/moc-15505-1967-eleanor-mustang-replica-with-1065-pieces-1.jpg 1000w, https:\/\/mouldking.store\/wp-content\/uploads\/2021\/11\/moc-15505-1967-eleanor-mustang-replica-with-1065-pieces-1-300x300.jpg 300w, https:\/\/mouldking.store\/wp-content\/uploads\/2021\/11\/moc-15505-1967-eleanor-mustang-replica-with-1065-pieces-1-768x768.jpg 768w, https:\/\/mouldking.store\/wp-content\/uploads\/2021\/11\/moc-15505-1967-eleanor-mustang-replica-with-1065-pieces-1-600x600.jpg 600w, https:\/\/mouldking.store\/wp-content\/uploads\/2021\/11\/moc-15505-1967-eleanor-mustang-replica-with-1065-pieces-1-150x150.jpg 150w\" sizes=\"(max-width: 1000px) 100vw, 1000px\" \/><figcaption id=\"caption-attachment-27989\" class=\"wp-caption-text\">MOC-15505 1967 Eleanor Mustang Replica mit 1065 Teilen<\/figcaption><\/figure>\n<figure id=\"attachment_27990\" aria-describedby=\"caption-attachment-27990\" style=\"width: 1000px\" class=\"wp-caption aligncenter\"><img decoding=\"async\" class=\"size-full wp-image-27990\" title=\"MOC-15505 1967 Eleanor Mustang Replica mit 1065 Teilen\" src=\"https:\/\/mouldking.store\/wp-content\/uploads\/2021\/11\/moc-15505-1967-eleanor-mustang-replica-with-1065-pieces-2.jpg\" alt=\"MOC-15505 1967 Eleanor Mustang Replica with 1065 pieces\" width=\"1000\" height=\"1000\" srcset=\"https:\/\/mouldking.store\/wp-content\/uploads\/2021\/11\/moc-15505-1967-eleanor-mustang-replica-with-1065-pieces-2.jpg 1000w, https:\/\/mouldking.store\/wp-content\/uploads\/2021\/11\/moc-15505-1967-eleanor-mustang-replica-with-1065-pieces-2-300x300.jpg 300w, https:\/\/mouldking.store\/wp-content\/uploads\/2021\/11\/moc-15505-1967-eleanor-mustang-replica-with-1065-pieces-2-768x768.jpg 768w, https:\/\/mouldking.store\/wp-content\/uploads\/2021\/11\/moc-15505-1967-eleanor-mustang-replica-with-1065-pieces-2-600x600.jpg 600w, https:\/\/mouldking.store\/wp-content\/uploads\/2021\/11\/moc-15505-1967-eleanor-mustang-replica-with-1065-pieces-2-150x150.jpg 150w\" sizes=\"(max-width: 1000px) 100vw, 1000px\" \/><figcaption id=\"caption-attachment-27990\" class=\"wp-caption-text\">MOC-15505 1967 Eleanor Mustang Replica mit 1065 Teilen<\/figcaption><\/figure>","protected":false},"excerpt":{"rendered":"<p>Product information: Brand: MOC Gender: Unisex Name: 1967 Eleanor Mustang Replica Age Range: &gt; 6 years old Model Number: MOC-15505 Classification: Assemblage Plastic Block Shape: Self-Locking Bricks Material: Plastic Plastic Type: ABS Bricks Blocks: 1065 PCS Arrange Time: 4-7 weeks Contains detailed assembly instructions. Notice: 1. Without an original box, but we guarantee our products [&hellip;]<\/p>","protected":false},"featured_media":27991,"comment_status":"open","ping_status":"closed","template":"","meta":{"_acf_changed":false},"product_cat":[364],"product_tag":[3898,3897],"class_list":["product","first","instock","shipping-taxable","purchasable","product-type-simple"],"acf":[],"_links":{"self":[{"href":"https:\/\/mouldking.store\/de\/wp-json\/wp\/v2\/product\/27987","targetHints":{"allow":["GET"]}}],"collection":[{"href":"https:\/\/mouldking.store\/de\/wp-json\/wp\/v2\/product"}],"about":[{"href":"https:\/\/mouldking.store\/de\/wp-json\/wp\/v2\/types\/product"}],"replies":[{"embeddable":true,"href":"https:\/\/mouldking.store\/de\/wp-json\/wp\/v2\/comments?post=27987"}],"wp:featuredmedia":[{"embeddable":true,"href":"https:\/\/mouldking.store\/de\/wp-json\/wp\/v2\/media\/27991"}],"wp:attachment":[{"href":"https:\/\/mouldking.store\/de\/wp-json\/wp\/v2\/media?parent=27987"}],"wp:term":[{"taxonomy":"product_cat","embeddable":true,"href":"https:\/\/mouldking.store\/de\/wp-json\/wp\/v2\/product_cat?post=27987"},{"taxonomy":"product_tag","embeddable":true,"href":"https:\/\/mouldking.store\/de\/wp-json\/wp\/v2\/product_tag?post=27987"}],"curies":[{"name":"wp","href":"https:\/\/api.w.org\/{rel}","templated":true}]}}