{"id":28026,"date":"2021-11-29T04:16:35","date_gmt":"2021-11-29T04:16:35","guid":{"rendered":"https:\/\/mouldking.store\/?post_type=product&#038;p=28026"},"modified":"2025-12-25T09:16:57","modified_gmt":"2025-12-25T02:16:57","slug":"moc-53166-deer-skull-dinosaur-fossils-with-275-pieces","status":"publish","type":"product","link":"https:\/\/mouldking.store\/de\/shop\/moc-53166-deer-skull-dinosaur-fossils-with-275-pieces\/","title":{"rendered":"MOC-53166 Hirschsch\u00e4del \u2013 Dinosaurierfossilien mit 275 Teilen"},"content":{"rendered":"<p>Produktinformation:<\/p>\n<ol>\n<li>Marke: MOC<\/li>\n<li>Geschlecht: Unisex<\/li>\n<li>Name: Hirschsch\u00e4del \u2013 Dinosaurierfossilien<\/li>\n<li>Altersspanne: &gt; 6 Jahre alt<\/li>\n<li>Modellnummer: MOC-53166<\/li>\n<li>Einstufung: Assemblage<\/li>\n<li>Kunststoffblockform: Selbstsichernde Steine<\/li>\n<li>Material: Kunststoff<\/li>\n<li>Kunststofftyp: ABS<\/li>\n<li>Ziegelsteine: 275 St\u00fcck<\/li>\n<li>Enth\u00e4lt eine ausf\u00fchrliche Montageanleitung.<\/li>\n<li>Vorbereitungszeit: 5-7 Wochen<\/li>\n<\/ol>\n<p>Notiz:<br \/>\n1. Ohne Originalverpackung, aber wir garantieren, dass unsere Produkte eine Qualit\u00e4tssicherung und eine sch\u00f6ne Verpackung haben.<br \/>\n2. Wie alle Teile, die wir vor dem Versand \u00fcberpr\u00fcft haben, machen Sie sich keine Sorgen, wenn Sie feststellen, dass einige Teile fehlen oder besch\u00e4digt sind, und kontaktieren Sie uns einfach, und wir k\u00f6nnen sie Ihnen umgehend kostenlos erneut zusenden.<\/p>\n<figure id=\"attachment_28027\" aria-describedby=\"caption-attachment-28027\" style=\"width: 1000px\" class=\"wp-caption aligncenter\"><img fetchpriority=\"high\" decoding=\"async\" class=\"size-full wp-image-28027\" title=\"MOC-53166 Hirschsch\u00e4del - Dinosaurierfossilien mit 275 Teilen\" src=\"https:\/\/mouldking.store\/wp-content\/uploads\/2021\/11\/moc-53166-deer-skull-dinosaur-fossils-with-275-pieces.jpg\" alt=\"MOC-53166 Deer Skull - Dinosaur Fossils with 275 pieces\" width=\"1000\" height=\"1000\" srcset=\"https:\/\/mouldking.store\/wp-content\/uploads\/2021\/11\/moc-53166-deer-skull-dinosaur-fossils-with-275-pieces.jpg 1000w, https:\/\/mouldking.store\/wp-content\/uploads\/2021\/11\/moc-53166-deer-skull-dinosaur-fossils-with-275-pieces-300x300.jpg 300w, https:\/\/mouldking.store\/wp-content\/uploads\/2021\/11\/moc-53166-deer-skull-dinosaur-fossils-with-275-pieces-768x768.jpg 768w, https:\/\/mouldking.store\/wp-content\/uploads\/2021\/11\/moc-53166-deer-skull-dinosaur-fossils-with-275-pieces-600x600.jpg 600w, https:\/\/mouldking.store\/wp-content\/uploads\/2021\/11\/moc-53166-deer-skull-dinosaur-fossils-with-275-pieces-150x150.jpg 150w\" sizes=\"(max-width: 1000px) 100vw, 1000px\" \/><figcaption id=\"caption-attachment-28027\" class=\"wp-caption-text\">MOC-53166 Hirschsch\u00e4del \u2013 Dinosaurierfossilien mit 275 Teilen<\/figcaption><\/figure>\n<figure id=\"attachment_28028\" aria-describedby=\"caption-attachment-28028\" style=\"width: 1000px\" class=\"wp-caption aligncenter\"><img decoding=\"async\" class=\"size-full wp-image-28028\" title=\"MOC-53166 Hirschsch\u00e4del - Dinosaurierfossilien mit 275 Teilen\" src=\"https:\/\/mouldking.store\/wp-content\/uploads\/2021\/11\/moc-53166-deer-skull-dinosaur-fossils-with-275-pieces-1.jpg\" alt=\"MOC-53166 Deer Skull - Dinosaur Fossils with 275 pieces\" width=\"1000\" height=\"1000\" srcset=\"https:\/\/mouldking.store\/wp-content\/uploads\/2021\/11\/moc-53166-deer-skull-dinosaur-fossils-with-275-pieces-1.jpg 1000w, https:\/\/mouldking.store\/wp-content\/uploads\/2021\/11\/moc-53166-deer-skull-dinosaur-fossils-with-275-pieces-1-300x300.jpg 300w, https:\/\/mouldking.store\/wp-content\/uploads\/2021\/11\/moc-53166-deer-skull-dinosaur-fossils-with-275-pieces-1-768x768.jpg 768w, https:\/\/mouldking.store\/wp-content\/uploads\/2021\/11\/moc-53166-deer-skull-dinosaur-fossils-with-275-pieces-1-600x600.jpg 600w, https:\/\/mouldking.store\/wp-content\/uploads\/2021\/11\/moc-53166-deer-skull-dinosaur-fossils-with-275-pieces-1-150x150.jpg 150w\" sizes=\"(max-width: 1000px) 100vw, 1000px\" \/><figcaption id=\"caption-attachment-28028\" class=\"wp-caption-text\">MOC-53166 Hirschsch\u00e4del \u2013 Dinosaurierfossilien mit 275 Teilen<\/figcaption><\/figure>\n<figure id=\"attachment_28029\" aria-describedby=\"caption-attachment-28029\" style=\"width: 1000px\" class=\"wp-caption aligncenter\"><img decoding=\"async\" class=\"size-full wp-image-28029\" title=\"MOC-53166 Hirschsch\u00e4del - Dinosaurierfossilien mit 275 Teilen\" src=\"https:\/\/mouldking.store\/wp-content\/uploads\/2021\/11\/moc-53166-deer-skull-dinosaur-fossils-with-275-pieces-2.jpg\" alt=\"MOC-53166 Deer Skull - Dinosaur Fossils with 275 pieces\" width=\"1000\" height=\"1000\" srcset=\"https:\/\/mouldking.store\/wp-content\/uploads\/2021\/11\/moc-53166-deer-skull-dinosaur-fossils-with-275-pieces-2.jpg 1000w, https:\/\/mouldking.store\/wp-content\/uploads\/2021\/11\/moc-53166-deer-skull-dinosaur-fossils-with-275-pieces-2-300x300.jpg 300w, https:\/\/mouldking.store\/wp-content\/uploads\/2021\/11\/moc-53166-deer-skull-dinosaur-fossils-with-275-pieces-2-768x768.jpg 768w, https:\/\/mouldking.store\/wp-content\/uploads\/2021\/11\/moc-53166-deer-skull-dinosaur-fossils-with-275-pieces-2-600x600.jpg 600w, https:\/\/mouldking.store\/wp-content\/uploads\/2021\/11\/moc-53166-deer-skull-dinosaur-fossils-with-275-pieces-2-150x150.jpg 150w\" sizes=\"(max-width: 1000px) 100vw, 1000px\" \/><figcaption id=\"caption-attachment-28029\" class=\"wp-caption-text\">MOC-53166 Hirschsch\u00e4del \u2013 Dinosaurierfossilien mit 275 Teilen<\/figcaption><\/figure>\n<p>&nbsp;<\/p>","protected":false},"excerpt":{"rendered":"<p>Product information: Brand: MOC Gender: Unisex Name: Deer Skull &#8211; Dinosaur Fossils Age Range: &gt; 6 years old Model Number: MOC-53166 Classification: Assemblage Plastic Block Shape: Self-Locking Bricks Material: Plastic Plastic Type: ABS Bricks Blocks: 275 PCS Contains detailed assembly instructions. Arrange Time: 5-7 weeks Notice: 1. Without an original box, but we guarantee our [&hellip;]<\/p>","protected":false},"featured_media":28030,"comment_status":"open","ping_status":"closed","template":"","meta":{"_acf_changed":false},"product_cat":[371],"product_tag":[3910,3909],"class_list":["product","first","instock","shipping-taxable","purchasable","product-type-simple"],"acf":[],"_links":{"self":[{"href":"https:\/\/mouldking.store\/de\/wp-json\/wp\/v2\/product\/28026","targetHints":{"allow":["GET"]}}],"collection":[{"href":"https:\/\/mouldking.store\/de\/wp-json\/wp\/v2\/product"}],"about":[{"href":"https:\/\/mouldking.store\/de\/wp-json\/wp\/v2\/types\/product"}],"replies":[{"embeddable":true,"href":"https:\/\/mouldking.store\/de\/wp-json\/wp\/v2\/comments?post=28026"}],"wp:featuredmedia":[{"embeddable":true,"href":"https:\/\/mouldking.store\/de\/wp-json\/wp\/v2\/media\/28030"}],"wp:attachment":[{"href":"https:\/\/mouldking.store\/de\/wp-json\/wp\/v2\/media?parent=28026"}],"wp:term":[{"taxonomy":"product_cat","embeddable":true,"href":"https:\/\/mouldking.store\/de\/wp-json\/wp\/v2\/product_cat?post=28026"},{"taxonomy":"product_tag","embeddable":true,"href":"https:\/\/mouldking.store\/de\/wp-json\/wp\/v2\/product_tag?post=28026"}],"curies":[{"name":"wp","href":"https:\/\/api.w.org\/{rel}","templated":true}]}}