{"id":28036,"date":"2021-11-29T10:42:01","date_gmt":"2021-11-29T03:42:01","guid":{"rendered":"https:\/\/mouldking.store\/?post_type=product&#038;p=28036"},"modified":"2025-12-25T09:16:57","modified_gmt":"2025-12-25T02:16:57","slug":"18k-k109-moc-64662-star-warship-explore-the-universe-put-together-space-ship-with-2116-pieces","status":"publish","type":"product","link":"https:\/\/mouldking.store\/de\/shop\/18k-k109-moc-64662-star-warship-explore-the-universe-put-together-space-ship-with-2116-pieces\/","title":{"rendered":"18K K109 MOC-64662 Star Warship Explore the Universe Zusammengebautes Raumschiff mit 2116 Teilen"},"content":{"rendered":"<p>Produktinformation:<\/p>\n<ol>\n<li>Marke: 18K<\/li>\n<li>Geschlecht: Unisex<\/li>\n<li>Name: Raumschiff<\/li>\n<li>Altersspanne: &gt; 6 Jahre alt<\/li>\n<li>Modellnummer: K109<\/li>\n<li>Einstufung: Assemblage<\/li>\n<li>Kunststoffblockform: Selbstsichernde Steine<\/li>\n<li>Material: Kunststoff<\/li>\n<li>Kunststofftyp: ABS<\/li>\n<li>Ziegelsteine: 2116 ST\u00dcCKE<\/li>\n<li>Enth\u00e4lt eine ausf\u00fchrliche Montageanleitung.<\/li>\n<\/ol>\n<p>Notiz:<br \/>\n1. Ohne Originalverpackung, aber wir garantieren, dass unsere Produkte eine Qualit\u00e4tssicherung und eine sch\u00f6ne Verpackung haben.<br \/>\n2. Wie alle Teile, die wir vor dem Versand \u00fcberpr\u00fcft haben, machen Sie sich keine Sorgen, wenn Sie feststellen, dass einige Teile fehlen oder besch\u00e4digt sind, und kontaktieren Sie uns einfach, und wir k\u00f6nnen sie Ihnen umgehend kostenlos erneut zusenden.<\/p>\n<figure id=\"attachment_28037\" aria-describedby=\"caption-attachment-28037\" style=\"width: 527px\" class=\"wp-caption aligncenter\"><img fetchpriority=\"high\" decoding=\"async\" class=\"wp-image-28037 size-full\" src=\"https:\/\/mouldking.store\/wp-content\/uploads\/2021\/11\/18K-K109-Space-Ship-with-2116-pieces-1.jpg\" alt=\"18K K109 Space Ship with 2116 pieces\" width=\"527\" height=\"486\" title=\"-\" srcset=\"https:\/\/mouldking.store\/wp-content\/uploads\/2021\/11\/18K-K109-Space-Ship-with-2116-pieces-1.jpg 527w, https:\/\/mouldking.store\/wp-content\/uploads\/2021\/11\/18K-K109-Space-Ship-with-2116-pieces-1-300x277.jpg 300w, https:\/\/mouldking.store\/wp-content\/uploads\/2021\/11\/18K-K109-Space-Ship-with-2116-pieces-1-150x138.jpg 150w\" sizes=\"(max-width: 527px) 100vw, 527px\" \/><figcaption id=\"caption-attachment-28037\" class=\"wp-caption-text\">18K K109 Raumschiff mit 2116 Teilen<\/figcaption><\/figure>\n<figure id=\"attachment_28039\" aria-describedby=\"caption-attachment-28039\" style=\"width: 663px\" class=\"wp-caption aligncenter\"><img decoding=\"async\" class=\"wp-image-28039 size-full\" src=\"https:\/\/mouldking.store\/wp-content\/uploads\/2021\/11\/18K-K109-Space-Ship-with-2116-pieces-3.jpg\" alt=\"18K K109 Space Ship with 2116 pieces\" width=\"663\" height=\"793\" title=\"-\" srcset=\"https:\/\/mouldking.store\/wp-content\/uploads\/2021\/11\/18K-K109-Space-Ship-with-2116-pieces-3.jpg 663w, https:\/\/mouldking.store\/wp-content\/uploads\/2021\/11\/18K-K109-Space-Ship-with-2116-pieces-3-251x300.jpg 251w, https:\/\/mouldking.store\/wp-content\/uploads\/2021\/11\/18K-K109-Space-Ship-with-2116-pieces-3-300x359.jpg 300w, https:\/\/mouldking.store\/wp-content\/uploads\/2021\/11\/18K-K109-Space-Ship-with-2116-pieces-3-600x718.jpg 600w, https:\/\/mouldking.store\/wp-content\/uploads\/2021\/11\/18K-K109-Space-Ship-with-2116-pieces-3-125x150.jpg 125w\" sizes=\"(max-width: 663px) 100vw, 663px\" \/><figcaption id=\"caption-attachment-28039\" class=\"wp-caption-text\">18K K109 Raumschiff mit 2116 Teilen<\/figcaption><\/figure>\n<figure id=\"attachment_28038\" aria-describedby=\"caption-attachment-28038\" style=\"width: 625px\" class=\"wp-caption aligncenter\"><img decoding=\"async\" class=\"wp-image-28038 size-full\" src=\"https:\/\/mouldking.store\/wp-content\/uploads\/2021\/11\/18K-K109-Space-Ship-with-2116-pieces-2.jpg\" alt=\"18K K109 Space Ship with 2116 pieces\" width=\"625\" height=\"532\" title=\"-\" srcset=\"https:\/\/mouldking.store\/wp-content\/uploads\/2021\/11\/18K-K109-Space-Ship-with-2116-pieces-2.jpg 625w, https:\/\/mouldking.store\/wp-content\/uploads\/2021\/11\/18K-K109-Space-Ship-with-2116-pieces-2-300x255.jpg 300w, https:\/\/mouldking.store\/wp-content\/uploads\/2021\/11\/18K-K109-Space-Ship-with-2116-pieces-2-600x511.jpg 600w, https:\/\/mouldking.store\/wp-content\/uploads\/2021\/11\/18K-K109-Space-Ship-with-2116-pieces-2-150x128.jpg 150w\" sizes=\"(max-width: 625px) 100vw, 625px\" \/><figcaption id=\"caption-attachment-28038\" class=\"wp-caption-text\">18K K109 Raumschiff mit 2116 Teilen<\/figcaption><\/figure>","protected":false},"excerpt":{"rendered":"<p>Produktinformationen: Marke: 18K Geschlecht: Unisex Name: Raumschiff Altersgruppe: &gt; 6 Jahre Modellnummer: K109 Klassifizierung: Zusammenbau Kunststoffblock Form: Selbstsichernde Steine Material: Kunststoff Kunststofftyp: ABS Steinbl\u00f6cke: 2116 Teile Enth\u00e4lt eine detaillierte Montageanleitung. Hinweis: 1. Ohne Originalverpackung, aber wir garantieren, dass unsere Produkte qualit\u00e4tsgesichert und sch\u00f6n verpackt sind. [\u2026]<\/p>","protected":false},"featured_media":28037,"comment_status":"open","ping_status":"closed","template":"","meta":{"_acf_changed":false},"product_cat":[415],"product_tag":[3915,3914,3913,3917,3918,3916],"class_list":["product","first","instock","shipping-taxable","purchasable","product-type-simple"],"acf":[],"_links":{"self":[{"href":"https:\/\/mouldking.store\/de\/wp-json\/wp\/v2\/product\/28036","targetHints":{"allow":["GET"]}}],"collection":[{"href":"https:\/\/mouldking.store\/de\/wp-json\/wp\/v2\/product"}],"about":[{"href":"https:\/\/mouldking.store\/de\/wp-json\/wp\/v2\/types\/product"}],"replies":[{"embeddable":true,"href":"https:\/\/mouldking.store\/de\/wp-json\/wp\/v2\/comments?post=28036"}],"wp:featuredmedia":[{"embeddable":true,"href":"https:\/\/mouldking.store\/de\/wp-json\/wp\/v2\/media\/28037"}],"wp:attachment":[{"href":"https:\/\/mouldking.store\/de\/wp-json\/wp\/v2\/media?parent=28036"}],"wp:term":[{"taxonomy":"product_cat","embeddable":true,"href":"https:\/\/mouldking.store\/de\/wp-json\/wp\/v2\/product_cat?post=28036"},{"taxonomy":"product_tag","embeddable":true,"href":"https:\/\/mouldking.store\/de\/wp-json\/wp\/v2\/product_tag?post=28036"}],"curies":[{"name":"wp","href":"https:\/\/api.w.org\/{rel}","templated":true}]}}