{"id":28066,"date":"2021-11-29T11:05:26","date_gmt":"2021-11-29T11:05:26","guid":{"rendered":"https:\/\/mouldking.store\/?post_type=product&#038;p=28066"},"modified":"2021-12-23T09:40:27","modified_gmt":"2021-12-23T09:40:27","slug":"mould-king-15009-rc-off-road-with-1288-pieces","status":"publish","type":"product","link":"https:\/\/mouldking.store\/de\/shop\/mould-king-15009-rc-off-road-with-1288-pieces\/","title":{"rendered":"Mould King 15009 RC Gel\u00e4ndewagen mit 1288 Teilen"},"content":{"rendered":"<p>Produktinformation:<\/p>\n<ol>\n<li>Marke: Mould King<\/li>\n<li>Geschlecht: Unisex<\/li>\n<li>Name: RC Off-Road<\/li>\n<li>Altersspanne: &gt; 8 Jahre alt<\/li>\n<li>Model Number: 15009<\/li>\n<li>Einstufung: Assemblage<\/li>\n<li>Kunststoffblockform: Selbstsichernde Steine<\/li>\n<li>Material: Kunststoff<\/li>\n<li>Kunststofftyp: ABS<\/li>\n<li>Bricks Blocks: 1288 PCS<\/li>\n<li>Enth\u00e4lt eine ausf\u00fchrliche Montageanleitung.<\/li>\n<\/ol>\n<p>Notiz:<br \/>\n1. Ohne Originalverpackung, aber wir garantieren, dass unsere Produkte eine Qualit\u00e4tssicherung und eine sch\u00f6ne Verpackung haben.<br \/>\n2. Wie alle Teile, die wir vor dem Versand \u00fcberpr\u00fcft haben, machen Sie sich keine Sorgen, wenn Sie feststellen, dass einige Teile fehlen oder besch\u00e4digt sind, und kontaktieren Sie uns einfach, und wir k\u00f6nnen sie Ihnen umgehend kostenlos erneut zusenden.<\/p>\n<figure id=\"attachment_28067\" aria-describedby=\"caption-attachment-28067\" style=\"width: 895px\" class=\"wp-caption aligncenter\"><img fetchpriority=\"high\" decoding=\"async\" class=\"wp-image-28067 size-full\" src=\"https:\/\/mouldking.store\/wp-content\/uploads\/2021\/11\/Mould-King-15009-RC-Off-Road-with-1288-pieces-1.jpg\" alt=\"Mould King 15009 RC Off-Road with 1288 pieces\" width=\"895\" height=\"865\" title=\"-\" srcset=\"https:\/\/mouldking.store\/wp-content\/uploads\/2021\/11\/Mould-King-15009-RC-Off-Road-with-1288-pieces-1.jpg 895w, https:\/\/mouldking.store\/wp-content\/uploads\/2021\/11\/Mould-King-15009-RC-Off-Road-with-1288-pieces-1-300x290.jpg 300w, https:\/\/mouldking.store\/wp-content\/uploads\/2021\/11\/Mould-King-15009-RC-Off-Road-with-1288-pieces-1-768x742.jpg 768w, https:\/\/mouldking.store\/wp-content\/uploads\/2021\/11\/Mould-King-15009-RC-Off-Road-with-1288-pieces-1-600x580.jpg 600w, https:\/\/mouldking.store\/wp-content\/uploads\/2021\/11\/Mould-King-15009-RC-Off-Road-with-1288-pieces-1-150x145.jpg 150w\" sizes=\"(max-width: 895px) 100vw, 895px\" \/><figcaption id=\"caption-attachment-28067\" class=\"wp-caption-text\">Mould King 15009 RC Gel\u00e4ndewagen mit 1288 Teilen<\/figcaption><\/figure>\n<figure id=\"attachment_28068\" aria-describedby=\"caption-attachment-28068\" style=\"width: 800px\" class=\"wp-caption aligncenter\"><img decoding=\"async\" class=\"wp-image-28068 size-full\" src=\"https:\/\/mouldking.store\/wp-content\/uploads\/2021\/11\/Mould-King-15009-RC-Off-Road-with-1288-pieces-2.jpg\" alt=\"Mould King 15009 RC Off-Road with 1288 pieces\" width=\"800\" height=\"800\" title=\"-\" srcset=\"https:\/\/mouldking.store\/wp-content\/uploads\/2021\/11\/Mould-King-15009-RC-Off-Road-with-1288-pieces-2.jpg 800w, https:\/\/mouldking.store\/wp-content\/uploads\/2021\/11\/Mould-King-15009-RC-Off-Road-with-1288-pieces-2-300x300.jpg 300w, https:\/\/mouldking.store\/wp-content\/uploads\/2021\/11\/Mould-King-15009-RC-Off-Road-with-1288-pieces-2-768x768.jpg 768w, https:\/\/mouldking.store\/wp-content\/uploads\/2021\/11\/Mould-King-15009-RC-Off-Road-with-1288-pieces-2-600x600.jpg 600w, https:\/\/mouldking.store\/wp-content\/uploads\/2021\/11\/Mould-King-15009-RC-Off-Road-with-1288-pieces-2-150x150.jpg 150w\" sizes=\"(max-width: 800px) 100vw, 800px\" \/><figcaption id=\"caption-attachment-28068\" class=\"wp-caption-text\">Mould King 15009 RC Gel\u00e4ndewagen mit 1288 Teilen<\/figcaption><\/figure>\n<figure id=\"attachment_28069\" aria-describedby=\"caption-attachment-28069\" style=\"width: 892px\" class=\"wp-caption aligncenter\"><img decoding=\"async\" class=\"wp-image-28069 size-full\" src=\"https:\/\/mouldking.store\/wp-content\/uploads\/2021\/11\/Mould-King-15009-RC-Off-Road-with-1288-pieces-3.jpg\" alt=\"Mould King 15009 RC Off-Road with 1288 pieces\" width=\"892\" height=\"890\" title=\"-\" srcset=\"https:\/\/mouldking.store\/wp-content\/uploads\/2021\/11\/Mould-King-15009-RC-Off-Road-with-1288-pieces-3.jpg 892w, https:\/\/mouldking.store\/wp-content\/uploads\/2021\/11\/Mould-King-15009-RC-Off-Road-with-1288-pieces-3-300x299.jpg 300w, https:\/\/mouldking.store\/wp-content\/uploads\/2021\/11\/Mould-King-15009-RC-Off-Road-with-1288-pieces-3-768x766.jpg 768w, https:\/\/mouldking.store\/wp-content\/uploads\/2021\/11\/Mould-King-15009-RC-Off-Road-with-1288-pieces-3-600x599.jpg 600w, https:\/\/mouldking.store\/wp-content\/uploads\/2021\/11\/Mould-King-15009-RC-Off-Road-with-1288-pieces-3-150x150.jpg 150w\" sizes=\"(max-width: 892px) 100vw, 892px\" \/><figcaption id=\"caption-attachment-28069\" class=\"wp-caption-text\">Mould King 15009 RC Gel\u00e4ndewagen mit 1288 Teilen<\/figcaption><\/figure>\n<figure id=\"attachment_28070\" aria-describedby=\"caption-attachment-28070\" style=\"width: 899px\" class=\"wp-caption aligncenter\"><img loading=\"lazy\" decoding=\"async\" class=\"wp-image-28070 size-full\" src=\"https:\/\/mouldking.store\/wp-content\/uploads\/2021\/11\/Mould-King-15009-RC-Off-Road-with-1288-pieces-4.jpg\" alt=\"Mould King 15009 RC Off-Road with 1288 pieces\" width=\"899\" height=\"841\" title=\"-\" srcset=\"https:\/\/mouldking.store\/wp-content\/uploads\/2021\/11\/Mould-King-15009-RC-Off-Road-with-1288-pieces-4.jpg 899w, https:\/\/mouldking.store\/wp-content\/uploads\/2021\/11\/Mould-King-15009-RC-Off-Road-with-1288-pieces-4-300x281.jpg 300w, https:\/\/mouldking.store\/wp-content\/uploads\/2021\/11\/Mould-King-15009-RC-Off-Road-with-1288-pieces-4-768x718.jpg 768w, https:\/\/mouldking.store\/wp-content\/uploads\/2021\/11\/Mould-King-15009-RC-Off-Road-with-1288-pieces-4-600x561.jpg 600w, https:\/\/mouldking.store\/wp-content\/uploads\/2021\/11\/Mould-King-15009-RC-Off-Road-with-1288-pieces-4-150x140.jpg 150w\" sizes=\"(max-width: 899px) 100vw, 899px\" \/><figcaption id=\"caption-attachment-28070\" class=\"wp-caption-text\">Mould King 15009 RC Gel\u00e4ndewagen mit 1288 Teilen<\/figcaption><\/figure>\n<figure id=\"attachment_28071\" aria-describedby=\"caption-attachment-28071\" style=\"width: 896px\" class=\"wp-caption aligncenter\"><img loading=\"lazy\" decoding=\"async\" class=\"wp-image-28071 size-full\" src=\"https:\/\/mouldking.store\/wp-content\/uploads\/2021\/11\/Mould-King-15009-RC-Off-Road-with-1288-pieces-5.jpg\" alt=\"Mould King 15009 RC Off-Road with 1288 pieces\" width=\"896\" height=\"824\" title=\"-\" srcset=\"https:\/\/mouldking.store\/wp-content\/uploads\/2021\/11\/Mould-King-15009-RC-Off-Road-with-1288-pieces-5.jpg 896w, https:\/\/mouldking.store\/wp-content\/uploads\/2021\/11\/Mould-King-15009-RC-Off-Road-with-1288-pieces-5-300x276.jpg 300w, https:\/\/mouldking.store\/wp-content\/uploads\/2021\/11\/Mould-King-15009-RC-Off-Road-with-1288-pieces-5-768x706.jpg 768w, https:\/\/mouldking.store\/wp-content\/uploads\/2021\/11\/Mould-King-15009-RC-Off-Road-with-1288-pieces-5-600x552.jpg 600w, https:\/\/mouldking.store\/wp-content\/uploads\/2021\/11\/Mould-King-15009-RC-Off-Road-with-1288-pieces-5-150x138.jpg 150w\" sizes=\"(max-width: 896px) 100vw, 896px\" \/><figcaption id=\"caption-attachment-28071\" class=\"wp-caption-text\">Mould King 15009 RC Gel\u00e4ndewagen mit 1288 Teilen<\/figcaption><\/figure>","protected":false},"excerpt":{"rendered":"<p>Product information: Brand: Mould King Gender: Unisex Name: RC Off-Road Age Range: &gt; 8 years old Model Number: 15009 Classification: Assemblage Plastic Block Shape: Self-Locking Bricks Material: Plastic Plastic Type: ABS Bricks Blocks: 1288 PCS Contains detailed assembly instructions. Notice: 1. Without an original box, but we guarantee our products have quality assurance and nice [&hellip;]<\/p>","protected":false},"featured_media":28067,"comment_status":"open","ping_status":"closed","template":"","meta":{"_acf_changed":false},"product_cat":[364],"product_tag":[3942,3944,3940,3939,3941,3946,3945,3943],"class_list":["product","first","instock","shipping-taxable","purchasable","product-type-simple"],"acf":[],"_links":{"self":[{"href":"https:\/\/mouldking.store\/de\/wp-json\/wp\/v2\/product\/28066","targetHints":{"allow":["GET"]}}],"collection":[{"href":"https:\/\/mouldking.store\/de\/wp-json\/wp\/v2\/product"}],"about":[{"href":"https:\/\/mouldking.store\/de\/wp-json\/wp\/v2\/types\/product"}],"replies":[{"embeddable":true,"href":"https:\/\/mouldking.store\/de\/wp-json\/wp\/v2\/comments?post=28066"}],"wp:featuredmedia":[{"embeddable":true,"href":"https:\/\/mouldking.store\/de\/wp-json\/wp\/v2\/media\/28067"}],"wp:attachment":[{"href":"https:\/\/mouldking.store\/de\/wp-json\/wp\/v2\/media?parent=28066"}],"wp:term":[{"taxonomy":"product_cat","embeddable":true,"href":"https:\/\/mouldking.store\/de\/wp-json\/wp\/v2\/product_cat?post=28066"},{"taxonomy":"product_tag","embeddable":true,"href":"https:\/\/mouldking.store\/de\/wp-json\/wp\/v2\/product_tag?post=28066"}],"curies":[{"name":"wp","href":"https:\/\/api.w.org\/{rel}","templated":true}]}}