{"id":28079,"date":"2021-11-29T11:13:13","date_gmt":"2021-11-29T11:13:13","guid":{"rendered":"https:\/\/mouldking.store\/?post_type=product&#038;p=28079"},"modified":"2021-12-23T09:40:27","modified_gmt":"2021-12-23T09:40:27","slug":"mould-king-15006-rc-challenger-with-545-pieces","status":"publish","type":"product","link":"https:\/\/mouldking.store\/de\/shop\/mould-king-15006-rc-challenger-with-545-pieces\/","title":{"rendered":"Mould King 15006 RC Challenger mit 545 Teilen"},"content":{"rendered":"<p>Produktinformation:<\/p>\n<ol>\n<li>Marke: Mould King<\/li>\n<li>Geschlecht: Unisex<\/li>\n<li>Name: RC Challenger<\/li>\n<li>Altersspanne: &gt; 8 Jahre alt<\/li>\n<li>Model Number: 15006<\/li>\n<li>Einstufung: Assemblage<\/li>\n<li>Kunststoffblockform: Selbstsichernde Steine<\/li>\n<li>Material: Kunststoff<\/li>\n<li>Kunststofftyp: ABS<\/li>\n<li>Bricks Blocks: 545 PCS<\/li>\n<li>Enth\u00e4lt eine ausf\u00fchrliche Montageanleitung.<\/li>\n<\/ol>\n<p>Notiz:<br \/>\n1. Ohne Originalverpackung, aber wir garantieren, dass unsere Produkte eine Qualit\u00e4tssicherung und eine sch\u00f6ne Verpackung haben.<br \/>\n2. Wie alle Teile, die wir vor dem Versand \u00fcberpr\u00fcft haben, machen Sie sich keine Sorgen, wenn Sie feststellen, dass einige Teile fehlen oder besch\u00e4digt sind, und kontaktieren Sie uns einfach, und wir k\u00f6nnen sie Ihnen umgehend kostenlos erneut zusenden.<\/p>\n<figure id=\"attachment_28080\" aria-describedby=\"caption-attachment-28080\" style=\"width: 800px\" class=\"wp-caption aligncenter\"><img fetchpriority=\"high\" decoding=\"async\" class=\"wp-image-28080 size-full\" src=\"https:\/\/mouldking.store\/wp-content\/uploads\/2021\/11\/Mould-King-15006-RC-Challenger-with-545-pieces-1.jpg\" alt=\"Mould King 15006 RC Challenger with 545 pieces\" width=\"800\" height=\"800\" title=\"-\" srcset=\"https:\/\/mouldking.store\/wp-content\/uploads\/2021\/11\/Mould-King-15006-RC-Challenger-with-545-pieces-1.jpg 800w, https:\/\/mouldking.store\/wp-content\/uploads\/2021\/11\/Mould-King-15006-RC-Challenger-with-545-pieces-1-300x300.jpg 300w, https:\/\/mouldking.store\/wp-content\/uploads\/2021\/11\/Mould-King-15006-RC-Challenger-with-545-pieces-1-768x768.jpg 768w, https:\/\/mouldking.store\/wp-content\/uploads\/2021\/11\/Mould-King-15006-RC-Challenger-with-545-pieces-1-600x600.jpg 600w, https:\/\/mouldking.store\/wp-content\/uploads\/2021\/11\/Mould-King-15006-RC-Challenger-with-545-pieces-1-150x150.jpg 150w\" sizes=\"(max-width: 800px) 100vw, 800px\" \/><figcaption id=\"caption-attachment-28080\" class=\"wp-caption-text\">Mould King 15006 RC Challenger mit 545 Teilen<\/figcaption><\/figure>\n<figure id=\"attachment_28083\" aria-describedby=\"caption-attachment-28083\" style=\"width: 800px\" class=\"wp-caption aligncenter\"><img decoding=\"async\" class=\"wp-image-28083\" src=\"https:\/\/mouldking.store\/wp-content\/uploads\/2021\/11\/Mould-King-15006-RC-Challenger-with-545-pieces-4-300x255.jpg\" alt=\"Mould King 15006 RC Challenger with 545 pieces\" width=\"800\" height=\"679\" title=\"-\" srcset=\"https:\/\/mouldking.store\/wp-content\/uploads\/2021\/11\/Mould-King-15006-RC-Challenger-with-545-pieces-4-300x255.jpg 300w, https:\/\/mouldking.store\/wp-content\/uploads\/2021\/11\/Mould-King-15006-RC-Challenger-with-545-pieces-4-768x652.jpg 768w, https:\/\/mouldking.store\/wp-content\/uploads\/2021\/11\/Mould-King-15006-RC-Challenger-with-545-pieces-4-600x509.jpg 600w, https:\/\/mouldking.store\/wp-content\/uploads\/2021\/11\/Mould-King-15006-RC-Challenger-with-545-pieces-4-150x127.jpg 150w, https:\/\/mouldking.store\/wp-content\/uploads\/2021\/11\/Mould-King-15006-RC-Challenger-with-545-pieces-4.jpg 1024w\" sizes=\"(max-width: 800px) 100vw, 800px\" \/><figcaption id=\"caption-attachment-28083\" class=\"wp-caption-text\">Mould King 15006 RC Challenger mit 545 Teilen<\/figcaption><\/figure>\n<figure id=\"attachment_28082\" aria-describedby=\"caption-attachment-28082\" style=\"width: 800px\" class=\"wp-caption aligncenter\"><img decoding=\"async\" class=\"wp-image-28082\" src=\"https:\/\/mouldking.store\/wp-content\/uploads\/2021\/11\/Mould-King-15006-RC-Challenger-with-545-pieces-3-300x272.jpg\" alt=\"Mould King 15006 RC Challenger with 545 pieces\" width=\"800\" height=\"726\" title=\"-\" srcset=\"https:\/\/mouldking.store\/wp-content\/uploads\/2021\/11\/Mould-King-15006-RC-Challenger-with-545-pieces-3-300x272.jpg 300w, https:\/\/mouldking.store\/wp-content\/uploads\/2021\/11\/Mould-King-15006-RC-Challenger-with-545-pieces-3-768x697.jpg 768w, https:\/\/mouldking.store\/wp-content\/uploads\/2021\/11\/Mould-King-15006-RC-Challenger-with-545-pieces-3-600x544.jpg 600w, https:\/\/mouldking.store\/wp-content\/uploads\/2021\/11\/Mould-King-15006-RC-Challenger-with-545-pieces-3-150x136.jpg 150w, https:\/\/mouldking.store\/wp-content\/uploads\/2021\/11\/Mould-King-15006-RC-Challenger-with-545-pieces-3.jpg 1024w\" sizes=\"(max-width: 800px) 100vw, 800px\" \/><figcaption id=\"caption-attachment-28082\" class=\"wp-caption-text\">Mould King 15006 RC Challenger mit 545 Teilen<\/figcaption><\/figure>\n<figure id=\"attachment_28081\" aria-describedby=\"caption-attachment-28081\" style=\"width: 800px\" class=\"wp-caption aligncenter\"><img loading=\"lazy\" decoding=\"async\" class=\"wp-image-28081\" src=\"https:\/\/mouldking.store\/wp-content\/uploads\/2021\/11\/Mould-King-15006-RC-Challenger-with-545-pieces-2-300x296.jpg\" alt=\"Mould King 15006 RC Challenger with 545 pieces\" width=\"800\" height=\"790\" title=\"-\" srcset=\"https:\/\/mouldking.store\/wp-content\/uploads\/2021\/11\/Mould-King-15006-RC-Challenger-with-545-pieces-2-300x296.jpg 300w, https:\/\/mouldking.store\/wp-content\/uploads\/2021\/11\/Mould-King-15006-RC-Challenger-with-545-pieces-2-768x758.jpg 768w, https:\/\/mouldking.store\/wp-content\/uploads\/2021\/11\/Mould-King-15006-RC-Challenger-with-545-pieces-2-600x592.jpg 600w, https:\/\/mouldking.store\/wp-content\/uploads\/2021\/11\/Mould-King-15006-RC-Challenger-with-545-pieces-2-150x148.jpg 150w, https:\/\/mouldking.store\/wp-content\/uploads\/2021\/11\/Mould-King-15006-RC-Challenger-with-545-pieces-2.jpg 1024w\" sizes=\"(max-width: 800px) 100vw, 800px\" \/><figcaption id=\"caption-attachment-28081\" class=\"wp-caption-text\">Mould King 15006 RC Challenger mit 545 Teilen<\/figcaption><\/figure>","protected":false},"excerpt":{"rendered":"<p>Product information: Brand: Mould King Gender: Unisex Name: RC Challenger Age Range: &gt; 8 years old Model Number: 15006 Classification: Assemblage Plastic Block Shape: Self-Locking Bricks Material: Plastic Plastic Type: ABS Bricks Blocks: 545 PCS Contains detailed assembly instructions. Notice: 1. Without an original box, but we guarantee our products have quality assurance and nice [&hellip;]<\/p>","protected":false},"featured_media":28080,"comment_status":"open","ping_status":"closed","template":"","meta":{"_acf_changed":false},"product_cat":[364],"product_tag":[3956,3958,3955,3954,3957,3960,3959,3961,3936],"class_list":["product","first","instock","shipping-taxable","purchasable","product-type-simple"],"acf":[],"_links":{"self":[{"href":"https:\/\/mouldking.store\/de\/wp-json\/wp\/v2\/product\/28079","targetHints":{"allow":["GET"]}}],"collection":[{"href":"https:\/\/mouldking.store\/de\/wp-json\/wp\/v2\/product"}],"about":[{"href":"https:\/\/mouldking.store\/de\/wp-json\/wp\/v2\/types\/product"}],"replies":[{"embeddable":true,"href":"https:\/\/mouldking.store\/de\/wp-json\/wp\/v2\/comments?post=28079"}],"wp:featuredmedia":[{"embeddable":true,"href":"https:\/\/mouldking.store\/de\/wp-json\/wp\/v2\/media\/28080"}],"wp:attachment":[{"href":"https:\/\/mouldking.store\/de\/wp-json\/wp\/v2\/media?parent=28079"}],"wp:term":[{"taxonomy":"product_cat","embeddable":true,"href":"https:\/\/mouldking.store\/de\/wp-json\/wp\/v2\/product_cat?post=28079"},{"taxonomy":"product_tag","embeddable":true,"href":"https:\/\/mouldking.store\/de\/wp-json\/wp\/v2\/product_tag?post=28079"}],"curies":[{"name":"wp","href":"https:\/\/api.w.org\/{rel}","templated":true}]}}