{"id":28089,"date":"2021-11-29T11:20:34","date_gmt":"2021-11-29T11:20:34","guid":{"rendered":"https:\/\/mouldking.store\/?post_type=product&#038;p=28089"},"modified":"2021-12-23T09:40:27","modified_gmt":"2021-12-23T09:40:27","slug":"mould-king-15043-rc-boeing-bell-v-22-with-588-pieces","status":"publish","type":"product","link":"https:\/\/mouldking.store\/de\/shop\/mould-king-15043-rc-boeing-bell-v-22-with-588-pieces\/","title":{"rendered":"Mould King 15043 RC Boeing Bell V-22 mit 588 Teilen"},"content":{"rendered":"<p>Produktinformation:<\/p>\n<ol>\n<li>Marke: Mould King<\/li>\n<li>Geschlecht: Unisex<\/li>\n<li>Name: RC Boeing Bell V-22<\/li>\n<li>Altersspanne: &gt; 8 Jahre alt<\/li>\n<li>Model Number: 15043<\/li>\n<li>Einstufung: Assemblage<\/li>\n<li>Kunststoffblockform: Selbstsichernde Steine<\/li>\n<li>Material: Kunststoff<\/li>\n<li>Kunststofftyp: ABS<\/li>\n<li>Bricks Blocks: 588 PCS<\/li>\n<li>Enth\u00e4lt eine ausf\u00fchrliche Montageanleitung.<\/li>\n<\/ol>\n<p>Notiz:<br \/>\n1. Ohne Originalverpackung, aber wir garantieren, dass unsere Produkte eine Qualit\u00e4tssicherung und eine sch\u00f6ne Verpackung haben.<br \/>\n2. Wie alle Teile, die wir vor dem Versand \u00fcberpr\u00fcft haben, machen Sie sich keine Sorgen, wenn Sie feststellen, dass einige Teile fehlen oder besch\u00e4digt sind, und kontaktieren Sie uns einfach, und wir k\u00f6nnen sie Ihnen umgehend kostenlos erneut zusenden.<\/p>\n<figure id=\"attachment_28090\" aria-describedby=\"caption-attachment-28090\" style=\"width: 800px\" class=\"wp-caption aligncenter\"><img fetchpriority=\"high\" decoding=\"async\" class=\"wp-image-28090 size-full\" src=\"https:\/\/mouldking.store\/wp-content\/uploads\/2021\/11\/Mould-King-15043-RC-Boeing-Bell-V-22-with-588-pieces-5.jpg\" alt=\"Mould King 15043 RC Boeing Bell V-22 with 588 pieces\" width=\"800\" height=\"800\" title=\"-\" srcset=\"https:\/\/mouldking.store\/wp-content\/uploads\/2021\/11\/Mould-King-15043-RC-Boeing-Bell-V-22-with-588-pieces-5.jpg 800w, https:\/\/mouldking.store\/wp-content\/uploads\/2021\/11\/Mould-King-15043-RC-Boeing-Bell-V-22-with-588-pieces-5-300x300.jpg 300w, https:\/\/mouldking.store\/wp-content\/uploads\/2021\/11\/Mould-King-15043-RC-Boeing-Bell-V-22-with-588-pieces-5-768x768.jpg 768w, https:\/\/mouldking.store\/wp-content\/uploads\/2021\/11\/Mould-King-15043-RC-Boeing-Bell-V-22-with-588-pieces-5-600x600.jpg 600w, https:\/\/mouldking.store\/wp-content\/uploads\/2021\/11\/Mould-King-15043-RC-Boeing-Bell-V-22-with-588-pieces-5-150x150.jpg 150w\" sizes=\"(max-width: 800px) 100vw, 800px\" \/><figcaption id=\"caption-attachment-28090\" class=\"wp-caption-text\">Mould King 15043 RC Boeing Bell V-22 mit 588 Teilen<\/figcaption><\/figure>\n<figure id=\"attachment_28094\" aria-describedby=\"caption-attachment-28094\" style=\"width: 800px\" class=\"wp-caption aligncenter\"><img decoding=\"async\" class=\"wp-image-28094 size-full\" src=\"https:\/\/mouldking.store\/wp-content\/uploads\/2021\/11\/Mould-King-15043-RC-Boeing-Bell-V-22-with-588-pieces-4.jpg\" alt=\"Mould King 15043 RC Boeing Bell V-22 with 588 pieces\" width=\"800\" height=\"800\" title=\"-\" srcset=\"https:\/\/mouldking.store\/wp-content\/uploads\/2021\/11\/Mould-King-15043-RC-Boeing-Bell-V-22-with-588-pieces-4.jpg 800w, https:\/\/mouldking.store\/wp-content\/uploads\/2021\/11\/Mould-King-15043-RC-Boeing-Bell-V-22-with-588-pieces-4-300x300.jpg 300w, https:\/\/mouldking.store\/wp-content\/uploads\/2021\/11\/Mould-King-15043-RC-Boeing-Bell-V-22-with-588-pieces-4-768x768.jpg 768w, https:\/\/mouldking.store\/wp-content\/uploads\/2021\/11\/Mould-King-15043-RC-Boeing-Bell-V-22-with-588-pieces-4-600x600.jpg 600w, https:\/\/mouldking.store\/wp-content\/uploads\/2021\/11\/Mould-King-15043-RC-Boeing-Bell-V-22-with-588-pieces-4-150x150.jpg 150w\" sizes=\"(max-width: 800px) 100vw, 800px\" \/><figcaption id=\"caption-attachment-28094\" class=\"wp-caption-text\">Mould King 15043 RC Boeing Bell V-22 mit 588 Teilen<\/figcaption><\/figure>\n<figure id=\"attachment_28091\" aria-describedby=\"caption-attachment-28091\" style=\"width: 800px\" class=\"wp-caption aligncenter\"><img decoding=\"async\" class=\"wp-image-28091\" src=\"https:\/\/mouldking.store\/wp-content\/uploads\/2021\/11\/Mould-King-15043-RC-Boeing-Bell-V-22-with-588-pieces-1-300x300.jpg\" alt=\"Mould King 15043 RC Boeing Bell V-22 with 588 pieces\" width=\"800\" height=\"800\" title=\"-\" srcset=\"https:\/\/mouldking.store\/wp-content\/uploads\/2021\/11\/Mould-King-15043-RC-Boeing-Bell-V-22-with-588-pieces-1-300x300.jpg 300w, https:\/\/mouldking.store\/wp-content\/uploads\/2021\/11\/Mould-King-15043-RC-Boeing-Bell-V-22-with-588-pieces-1-1024x1024.jpg 1024w, https:\/\/mouldking.store\/wp-content\/uploads\/2021\/11\/Mould-King-15043-RC-Boeing-Bell-V-22-with-588-pieces-1-768x768.jpg 768w, https:\/\/mouldking.store\/wp-content\/uploads\/2021\/11\/Mould-King-15043-RC-Boeing-Bell-V-22-with-588-pieces-1-600x600.jpg 600w, https:\/\/mouldking.store\/wp-content\/uploads\/2021\/11\/Mould-King-15043-RC-Boeing-Bell-V-22-with-588-pieces-1-150x150.jpg 150w, https:\/\/mouldking.store\/wp-content\/uploads\/2021\/11\/Mould-King-15043-RC-Boeing-Bell-V-22-with-588-pieces-1.jpg 1280w\" sizes=\"(max-width: 800px) 100vw, 800px\" \/><figcaption id=\"caption-attachment-28091\" class=\"wp-caption-text\">Mould King 15043 RC Boeing Bell V-22 mit 588 Teilen<\/figcaption><\/figure>\n<figure id=\"attachment_28093\" aria-describedby=\"caption-attachment-28093\" style=\"width: 790px\" class=\"wp-caption aligncenter\"><img loading=\"lazy\" decoding=\"async\" class=\"wp-image-28093 size-full\" src=\"https:\/\/mouldking.store\/wp-content\/uploads\/2021\/11\/Mould-King-15043-RC-Boeing-Bell-V-22-with-588-pieces-3.jpg\" alt=\"Mould King 15043 RC Boeing Bell V-22 with 588 pieces\" width=\"790\" height=\"773\" title=\"-\" srcset=\"https:\/\/mouldking.store\/wp-content\/uploads\/2021\/11\/Mould-King-15043-RC-Boeing-Bell-V-22-with-588-pieces-3.jpg 790w, https:\/\/mouldking.store\/wp-content\/uploads\/2021\/11\/Mould-King-15043-RC-Boeing-Bell-V-22-with-588-pieces-3-300x294.jpg 300w, https:\/\/mouldking.store\/wp-content\/uploads\/2021\/11\/Mould-King-15043-RC-Boeing-Bell-V-22-with-588-pieces-3-768x751.jpg 768w, https:\/\/mouldking.store\/wp-content\/uploads\/2021\/11\/Mould-King-15043-RC-Boeing-Bell-V-22-with-588-pieces-3-600x587.jpg 600w, https:\/\/mouldking.store\/wp-content\/uploads\/2021\/11\/Mould-King-15043-RC-Boeing-Bell-V-22-with-588-pieces-3-150x147.jpg 150w\" sizes=\"(max-width: 790px) 100vw, 790px\" \/><figcaption id=\"caption-attachment-28093\" class=\"wp-caption-text\">Mould King 15043 RC Boeing Bell V-22 mit 588 Teilen<\/figcaption><\/figure>\n<figure id=\"attachment_28092\" aria-describedby=\"caption-attachment-28092\" style=\"width: 790px\" class=\"wp-caption aligncenter\"><img loading=\"lazy\" decoding=\"async\" class=\"wp-image-28092 size-full\" src=\"https:\/\/mouldking.store\/wp-content\/uploads\/2021\/11\/Mould-King-15043-RC-Boeing-Bell-V-22-with-588-pieces-2.jpg\" alt=\"Mould King 15043 RC Boeing Bell V-22 with 588 pieces\" width=\"790\" height=\"729\" title=\"-\" srcset=\"https:\/\/mouldking.store\/wp-content\/uploads\/2021\/11\/Mould-King-15043-RC-Boeing-Bell-V-22-with-588-pieces-2.jpg 790w, https:\/\/mouldking.store\/wp-content\/uploads\/2021\/11\/Mould-King-15043-RC-Boeing-Bell-V-22-with-588-pieces-2-300x277.jpg 300w, https:\/\/mouldking.store\/wp-content\/uploads\/2021\/11\/Mould-King-15043-RC-Boeing-Bell-V-22-with-588-pieces-2-768x709.jpg 768w, https:\/\/mouldking.store\/wp-content\/uploads\/2021\/11\/Mould-King-15043-RC-Boeing-Bell-V-22-with-588-pieces-2-600x554.jpg 600w, https:\/\/mouldking.store\/wp-content\/uploads\/2021\/11\/Mould-King-15043-RC-Boeing-Bell-V-22-with-588-pieces-2-150x138.jpg 150w\" sizes=\"(max-width: 790px) 100vw, 790px\" \/><figcaption id=\"caption-attachment-28092\" class=\"wp-caption-text\">Mould King 15043 RC Boeing Bell V-22 mit 588 Teilen<\/figcaption><\/figure>","protected":false},"excerpt":{"rendered":"<p>Product information: Brand: Mould King Gender: Unisex Name: RC Boeing Bell V-22 Age Range: &gt; 8 years old Model Number: 15043 Classification: Assemblage Plastic Block Shape: Self-Locking Bricks Material: Plastic Plastic Type: ABS Bricks Blocks: 588 PCS Contains detailed assembly instructions. Notice: 1. Without an original box, but we guarantee our products have quality assurance [&hellip;]<\/p>","protected":false},"featured_media":28090,"comment_status":"open","ping_status":"closed","template":"","meta":{"_acf_changed":false},"product_cat":[372],"product_tag":[3972,3970,3969,3968,3974,3973,3975,3971],"class_list":["product","first","instock","shipping-taxable","purchasable","product-type-simple"],"acf":[],"_links":{"self":[{"href":"https:\/\/mouldking.store\/de\/wp-json\/wp\/v2\/product\/28089","targetHints":{"allow":["GET"]}}],"collection":[{"href":"https:\/\/mouldking.store\/de\/wp-json\/wp\/v2\/product"}],"about":[{"href":"https:\/\/mouldking.store\/de\/wp-json\/wp\/v2\/types\/product"}],"replies":[{"embeddable":true,"href":"https:\/\/mouldking.store\/de\/wp-json\/wp\/v2\/comments?post=28089"}],"wp:featuredmedia":[{"embeddable":true,"href":"https:\/\/mouldking.store\/de\/wp-json\/wp\/v2\/media\/28090"}],"wp:attachment":[{"href":"https:\/\/mouldking.store\/de\/wp-json\/wp\/v2\/media?parent=28089"}],"wp:term":[{"taxonomy":"product_cat","embeddable":true,"href":"https:\/\/mouldking.store\/de\/wp-json\/wp\/v2\/product_cat?post=28089"},{"taxonomy":"product_tag","embeddable":true,"href":"https:\/\/mouldking.store\/de\/wp-json\/wp\/v2\/product_tag?post=28089"}],"curies":[{"name":"wp","href":"https:\/\/api.w.org\/{rel}","templated":true}]}}