{"id":28128,"date":"2021-12-01T03:23:06","date_gmt":"2021-11-30T20:23:06","guid":{"rendered":"https:\/\/mouldking.store\/?post_type=product&#038;p=28128"},"modified":"2025-12-25T09:16:57","modified_gmt":"2025-12-25T02:16:57","slug":"moc-65837-urtya-tusken-hut-tent-with-771-pieces","status":"publish","type":"product","link":"https:\/\/mouldking.store\/de\/shop\/moc-65837-urtya-tusken-hut-tent-with-771-pieces\/","title":{"rendered":"MOC-65837 Urtya \u2013 Tusken-H\u00fctte\/Zelt mit 771 Teilen"},"content":{"rendered":"<p>Produktinformation:<\/p>\n<ol>\n<li>Marke: MOC<\/li>\n<li>Geschlecht: Unisex<\/li>\n<li>Name: Urtya &#8211; Tusken Hut\/Tent<\/li>\n<li>Altersspanne: &gt; 6 Jahre alt<\/li>\n<li>Model Number: MOC-65837<\/li>\n<li>Einstufung: Assemblage<\/li>\n<li>Kunststoffblockform: Selbstsichernde Steine<\/li>\n<li>Material: Kunststoff<\/li>\n<li>Kunststofftyp: ABS<\/li>\n<li>Bricks Blocks: 771 PCS<\/li>\n<li>Enth\u00e4lt eine ausf\u00fchrliche Montageanleitung.<\/li>\n<\/ol>\n<p>Notiz:<br \/>\n1. Ohne Originalverpackung, aber wir garantieren, dass unsere Produkte eine Qualit\u00e4tssicherung und eine sch\u00f6ne Verpackung haben.<br \/>\n2. Wie alle Teile, die wir vor dem Versand \u00fcberpr\u00fcft haben, machen Sie sich keine Sorgen, wenn Sie feststellen, dass einige Teile fehlen oder besch\u00e4digt sind, und kontaktieren Sie uns einfach, und wir k\u00f6nnen sie Ihnen umgehend kostenlos erneut zusenden.<\/p>\n<figure id=\"attachment_28129\" aria-describedby=\"caption-attachment-28129\" style=\"width: 1000px\" class=\"wp-caption aligncenter\"><img fetchpriority=\"high\" decoding=\"async\" class=\"size-full wp-image-28129\" title=\"MOC-65837 Urtya - Tusken H\u00fctte\/Zelt mit 771 Teilen\" src=\"https:\/\/mouldking.store\/wp-content\/uploads\/2021\/12\/moc-65837-urtya-tusken-huttent-with-771-pieces.jpg\" alt=\"MOC-65837 Urtya - Tusken Hut\/Tent with 771 pieces\" width=\"1000\" height=\"1000\" srcset=\"https:\/\/mouldking.store\/wp-content\/uploads\/2021\/12\/moc-65837-urtya-tusken-huttent-with-771-pieces.jpg 1000w, https:\/\/mouldking.store\/wp-content\/uploads\/2021\/12\/moc-65837-urtya-tusken-huttent-with-771-pieces-300x300.jpg 300w, https:\/\/mouldking.store\/wp-content\/uploads\/2021\/12\/moc-65837-urtya-tusken-huttent-with-771-pieces-768x768.jpg 768w, https:\/\/mouldking.store\/wp-content\/uploads\/2021\/12\/moc-65837-urtya-tusken-huttent-with-771-pieces-600x600.jpg 600w, https:\/\/mouldking.store\/wp-content\/uploads\/2021\/12\/moc-65837-urtya-tusken-huttent-with-771-pieces-150x150.jpg 150w\" sizes=\"(max-width: 1000px) 100vw, 1000px\" \/><figcaption id=\"caption-attachment-28129\" class=\"wp-caption-text\">MOC-65837 Urtya \u2013 Tusken-H\u00fctte\/Zelt mit 771 Teilen<\/figcaption><\/figure>\n<figure id=\"attachment_28130\" aria-describedby=\"caption-attachment-28130\" style=\"width: 1000px\" class=\"wp-caption aligncenter\"><img decoding=\"async\" class=\"size-full wp-image-28130\" title=\"MOC-65837 Urtya - Tusken H\u00fctte\/Zelt mit 771 Teilen\" src=\"https:\/\/mouldking.store\/wp-content\/uploads\/2021\/12\/moc-65837-urtya-tusken-huttent-with-771-pieces-1.jpg\" alt=\"MOC-65837 Urtya - Tusken Hut\/Tent with 771 pieces\" width=\"1000\" height=\"1000\" srcset=\"https:\/\/mouldking.store\/wp-content\/uploads\/2021\/12\/moc-65837-urtya-tusken-huttent-with-771-pieces-1.jpg 1000w, https:\/\/mouldking.store\/wp-content\/uploads\/2021\/12\/moc-65837-urtya-tusken-huttent-with-771-pieces-1-300x300.jpg 300w, https:\/\/mouldking.store\/wp-content\/uploads\/2021\/12\/moc-65837-urtya-tusken-huttent-with-771-pieces-1-768x768.jpg 768w, https:\/\/mouldking.store\/wp-content\/uploads\/2021\/12\/moc-65837-urtya-tusken-huttent-with-771-pieces-1-600x600.jpg 600w, https:\/\/mouldking.store\/wp-content\/uploads\/2021\/12\/moc-65837-urtya-tusken-huttent-with-771-pieces-1-150x150.jpg 150w\" sizes=\"(max-width: 1000px) 100vw, 1000px\" \/><figcaption id=\"caption-attachment-28130\" class=\"wp-caption-text\">MOC-65837 Urtya \u2013 Tusken-H\u00fctte\/Zelt mit 771 Teilen<\/figcaption><\/figure>","protected":false},"excerpt":{"rendered":"<p>Product information: Brand: MOC Gender: Unisex Name: Urtya &#8211; Tusken Hut\/Tent Age Range: &gt; 6 years old Model Number: MOC-65837 Classification: Assemblage Plastic Block Shape: Self-Locking Bricks Material: Plastic Plastic Type: ABS Bricks Blocks: 771 PCS Contains detailed assembly instructions. Notice: 1. Without an original box, but we guarantee our products have quality assurance and [&hellip;]<\/p>","protected":false},"featured_media":28131,"comment_status":"open","ping_status":"closed","template":"","meta":{"_acf_changed":false},"product_cat":[415],"product_tag":[3990,3991],"class_list":["product","first","instock","shipping-taxable","purchasable","product-type-simple"],"acf":[],"_links":{"self":[{"href":"https:\/\/mouldking.store\/de\/wp-json\/wp\/v2\/product\/28128","targetHints":{"allow":["GET"]}}],"collection":[{"href":"https:\/\/mouldking.store\/de\/wp-json\/wp\/v2\/product"}],"about":[{"href":"https:\/\/mouldking.store\/de\/wp-json\/wp\/v2\/types\/product"}],"replies":[{"embeddable":true,"href":"https:\/\/mouldking.store\/de\/wp-json\/wp\/v2\/comments?post=28128"}],"wp:featuredmedia":[{"embeddable":true,"href":"https:\/\/mouldking.store\/de\/wp-json\/wp\/v2\/media\/28131"}],"wp:attachment":[{"href":"https:\/\/mouldking.store\/de\/wp-json\/wp\/v2\/media?parent=28128"}],"wp:term":[{"taxonomy":"product_cat","embeddable":true,"href":"https:\/\/mouldking.store\/de\/wp-json\/wp\/v2\/product_cat?post=28128"},{"taxonomy":"product_tag","embeddable":true,"href":"https:\/\/mouldking.store\/de\/wp-json\/wp\/v2\/product_tag?post=28128"}],"curies":[{"name":"wp","href":"https:\/\/api.w.org\/{rel}","templated":true}]}}