{"id":28190,"date":"2021-12-02T11:35:32","date_gmt":"2021-12-02T11:35:32","guid":{"rendered":"https:\/\/mouldking.store\/?post_type=product&#038;p=28190"},"modified":"2021-12-23T09:40:25","modified_gmt":"2021-12-23T09:40:25","slug":"mould-king-27006-ferrari-488-gtb","status":"publish","type":"product","link":"https:\/\/mouldking.store\/de\/shop\/mould-king-27006-ferrari-488-gtb\/","title":{"rendered":"Mold King 27006 Ferrari 488 GTB mit 329 Teilen"},"content":{"rendered":"<p>Produktinformation:<\/p>\n<ol>\n<li>Marke: Mould King<\/li>\n<li>Geschlecht: Unisex<\/li>\n<li>Name: Ferrari 488 GTB<\/li>\n<li>Altersspanne: &gt; 8 Jahre alt<\/li>\n<li>Modellnummer: 27006<\/li>\n<li>Einstufung: Assemblage<\/li>\n<li>Kunststoffblockform: Selbstsichernde Steine<\/li>\n<li>Material: Kunststoff<\/li>\n<li>Kunststofftyp: ABS<\/li>\n<li>Ziegelsteine: 329 ST\u00dcCKE<\/li>\n<li>Enth\u00e4lt eine ausf\u00fchrliche Montageanleitung.<\/li>\n<\/ol>\n<p>Notiz:<br \/>\n1. Ohne Originalverpackung, aber wir garantieren, dass unsere Produkte eine Qualit\u00e4tssicherung und eine sch\u00f6ne Verpackung haben.<br \/>\n2. Wie alle Teile, die wir vor dem Versand \u00fcberpr\u00fcft haben, machen Sie sich keine Sorgen, wenn Sie feststellen, dass einige Teile fehlen oder besch\u00e4digt sind, und kontaktieren Sie uns einfach, und wir k\u00f6nnen sie Ihnen umgehend kostenlos erneut zusenden.<\/p>\n<figure id=\"attachment_28191\" aria-describedby=\"caption-attachment-28191\" style=\"width: 635px\" class=\"wp-caption aligncenter\"><img fetchpriority=\"high\" decoding=\"async\" class=\"wp-image-28191 size-full\" src=\"https:\/\/mouldking.store\/wp-content\/uploads\/2021\/12\/TECHNICIAN-MOULDKING-27006-Ferrari-488-GTB-1.jpg\" alt=\"Mould King 27006 Ferrari 488 GTB\" width=\"635\" height=\"638\" title=\"-\" srcset=\"https:\/\/mouldking.store\/wp-content\/uploads\/2021\/12\/TECHNICIAN-MOULDKING-27006-Ferrari-488-GTB-1.jpg 635w, https:\/\/mouldking.store\/wp-content\/uploads\/2021\/12\/TECHNICIAN-MOULDKING-27006-Ferrari-488-GTB-1-300x301.jpg 300w, https:\/\/mouldking.store\/wp-content\/uploads\/2021\/12\/TECHNICIAN-MOULDKING-27006-Ferrari-488-GTB-1-600x603.jpg 600w, https:\/\/mouldking.store\/wp-content\/uploads\/2021\/12\/TECHNICIAN-MOULDKING-27006-Ferrari-488-GTB-1-150x150.jpg 150w\" sizes=\"(max-width: 635px) 100vw, 635px\" \/><figcaption id=\"caption-attachment-28191\" class=\"wp-caption-text\">Formenk\u00f6nig 27006 Ferrari 488 GTB<\/figcaption><\/figure>\n<figure id=\"attachment_28194\" aria-describedby=\"caption-attachment-28194\" style=\"width: 642px\" class=\"wp-caption aligncenter\"><img decoding=\"async\" class=\"wp-image-28194 size-full\" src=\"https:\/\/mouldking.store\/wp-content\/uploads\/2021\/12\/TECHNICIAN-MOULDKING-27006-Ferrari-488-GTB-4.jpg\" alt=\"Mould King 27006 Ferrari 488 GTB\" width=\"642\" height=\"811\" title=\"-\" srcset=\"https:\/\/mouldking.store\/wp-content\/uploads\/2021\/12\/TECHNICIAN-MOULDKING-27006-Ferrari-488-GTB-4.jpg 642w, https:\/\/mouldking.store\/wp-content\/uploads\/2021\/12\/TECHNICIAN-MOULDKING-27006-Ferrari-488-GTB-4-237x300.jpg 237w, https:\/\/mouldking.store\/wp-content\/uploads\/2021\/12\/TECHNICIAN-MOULDKING-27006-Ferrari-488-GTB-4-300x379.jpg 300w, https:\/\/mouldking.store\/wp-content\/uploads\/2021\/12\/TECHNICIAN-MOULDKING-27006-Ferrari-488-GTB-4-600x758.jpg 600w, https:\/\/mouldking.store\/wp-content\/uploads\/2021\/12\/TECHNICIAN-MOULDKING-27006-Ferrari-488-GTB-4-119x150.jpg 119w\" sizes=\"(max-width: 642px) 100vw, 642px\" \/><figcaption id=\"caption-attachment-28194\" class=\"wp-caption-text\">Formenk\u00f6nig 27006 Ferrari 488 GTB<\/figcaption><\/figure>\n<figure id=\"attachment_28193\" aria-describedby=\"caption-attachment-28193\" style=\"width: 643px\" class=\"wp-caption aligncenter\"><img decoding=\"async\" class=\"wp-image-28193 size-full\" src=\"https:\/\/mouldking.store\/wp-content\/uploads\/2021\/12\/TECHNICIAN-MOULDKING-27006-Ferrari-488-GTB-3.jpg\" alt=\"Mould King 27006 Ferrari 488 GTB\" width=\"643\" height=\"673\" title=\"-\" srcset=\"https:\/\/mouldking.store\/wp-content\/uploads\/2021\/12\/TECHNICIAN-MOULDKING-27006-Ferrari-488-GTB-3.jpg 643w, https:\/\/mouldking.store\/wp-content\/uploads\/2021\/12\/TECHNICIAN-MOULDKING-27006-Ferrari-488-GTB-3-287x300.jpg 287w, https:\/\/mouldking.store\/wp-content\/uploads\/2021\/12\/TECHNICIAN-MOULDKING-27006-Ferrari-488-GTB-3-300x314.jpg 300w, https:\/\/mouldking.store\/wp-content\/uploads\/2021\/12\/TECHNICIAN-MOULDKING-27006-Ferrari-488-GTB-3-600x628.jpg 600w, https:\/\/mouldking.store\/wp-content\/uploads\/2021\/12\/TECHNICIAN-MOULDKING-27006-Ferrari-488-GTB-3-143x150.jpg 143w\" sizes=\"(max-width: 643px) 100vw, 643px\" \/><figcaption id=\"caption-attachment-28193\" class=\"wp-caption-text\">Formenk\u00f6nig 27006 Ferrari 488 GTB<\/figcaption><\/figure>\n<figure id=\"attachment_28192\" aria-describedby=\"caption-attachment-28192\" style=\"width: 639px\" class=\"wp-caption aligncenter\"><img loading=\"lazy\" decoding=\"async\" class=\"wp-image-28192 size-full\" src=\"https:\/\/mouldking.store\/wp-content\/uploads\/2021\/12\/TECHNICIAN-MOULDKING-27006-Ferrari-488-GTB-2.jpg\" alt=\"Mould King 27006 Ferrari 488 GTB\" width=\"639\" height=\"760\" title=\"-\" srcset=\"https:\/\/mouldking.store\/wp-content\/uploads\/2021\/12\/TECHNICIAN-MOULDKING-27006-Ferrari-488-GTB-2.jpg 639w, https:\/\/mouldking.store\/wp-content\/uploads\/2021\/12\/TECHNICIAN-MOULDKING-27006-Ferrari-488-GTB-2-252x300.jpg 252w, https:\/\/mouldking.store\/wp-content\/uploads\/2021\/12\/TECHNICIAN-MOULDKING-27006-Ferrari-488-GTB-2-300x357.jpg 300w, https:\/\/mouldking.store\/wp-content\/uploads\/2021\/12\/TECHNICIAN-MOULDKING-27006-Ferrari-488-GTB-2-600x714.jpg 600w, https:\/\/mouldking.store\/wp-content\/uploads\/2021\/12\/TECHNICIAN-MOULDKING-27006-Ferrari-488-GTB-2-126x150.jpg 126w\" sizes=\"(max-width: 639px) 100vw, 639px\" \/><figcaption id=\"caption-attachment-28192\" class=\"wp-caption-text\">Formenk\u00f6nig 27006 Ferrari 488 GTB<\/figcaption><\/figure>","protected":false},"excerpt":{"rendered":"<p>Product information: Brand: Mould King Gender: Unisex Name: Ferrari 488 GTB Age Range: &gt; 8 years old Model Number: 27006 Classification: Assemblage Plastic Block Shape: Self-Locking Bricks Material: Plastic Plastic Type: ABS Bricks Blocks: 329 PCS Contains detailed assembly instructions. Notice: 1. Without an original box, but we guarantee our products have quality assurance and [&hellip;]<\/p>","protected":false},"featured_media":28191,"comment_status":"open","ping_status":"closed","template":"","meta":{"_acf_changed":false},"product_cat":[364],"product_tag":[4029,4024,4031,4023,4022,4025,4027,4028,4030,4026,4033,4032],"class_list":["product","first","instock","shipping-taxable","purchasable","product-type-simple"],"acf":[],"_links":{"self":[{"href":"https:\/\/mouldking.store\/de\/wp-json\/wp\/v2\/product\/28190","targetHints":{"allow":["GET"]}}],"collection":[{"href":"https:\/\/mouldking.store\/de\/wp-json\/wp\/v2\/product"}],"about":[{"href":"https:\/\/mouldking.store\/de\/wp-json\/wp\/v2\/types\/product"}],"replies":[{"embeddable":true,"href":"https:\/\/mouldking.store\/de\/wp-json\/wp\/v2\/comments?post=28190"}],"wp:featuredmedia":[{"embeddable":true,"href":"https:\/\/mouldking.store\/de\/wp-json\/wp\/v2\/media\/28191"}],"wp:attachment":[{"href":"https:\/\/mouldking.store\/de\/wp-json\/wp\/v2\/media?parent=28190"}],"wp:term":[{"taxonomy":"product_cat","embeddable":true,"href":"https:\/\/mouldking.store\/de\/wp-json\/wp\/v2\/product_cat?post=28190"},{"taxonomy":"product_tag","embeddable":true,"href":"https:\/\/mouldking.store\/de\/wp-json\/wp\/v2\/product_tag?post=28190"}],"curies":[{"name":"wp","href":"https:\/\/api.w.org\/{rel}","templated":true}]}}