{"id":28226,"date":"2021-12-04T06:45:30","date_gmt":"2021-12-03T23:45:30","guid":{"rendered":"https:\/\/mouldking.store\/?post_type=product&#038;p=28226"},"modified":"2025-12-25T09:16:55","modified_gmt":"2025-12-25T02:16:55","slug":"moc-59227-mill-on-the-hill-with-1776-pieces-2","status":"publish","type":"product","link":"https:\/\/mouldking.store\/de\/shop\/moc-59227-mill-on-the-hill-with-1776-pieces-2\/","title":{"rendered":"MOC-59227 M\u00fchle auf dem H\u00fcgel mit 1776 St\u00fcck"},"content":{"rendered":"<p>Produktinformation:<\/p>\n<ol>\n<li>Marke: MOC-Fabrik<\/li>\n<li>Geschlecht: Unisex<\/li>\n<li>Name: M\u00fchle auf dem H\u00fcgel<\/li>\n<li>Altersspanne: &gt; 6 Jahre alt<\/li>\n<li>Modellnummer: 59227<\/li>\n<li>Einstufung: Assemblage<\/li>\n<li>Kunststoffblockform: Selbstsichernde Steine<\/li>\n<li>Material: Kunststoff<\/li>\n<li>Kunststofftyp: ABS<\/li>\n<li>Ziegelsteine: 1776 PCS<\/li>\n<li>Enth\u00e4lt eine ausf\u00fchrliche Montageanleitung.<\/li>\n<\/ol>\n<p>Notiz:<br \/>\n1. Ohne Originalverpackung, aber wir garantieren, dass unsere Produkte eine Qualit\u00e4tssicherung und eine sch\u00f6ne Verpackung haben.<br \/>\n2. Wie alle Teile, die wir vor dem Versand \u00fcberpr\u00fcft haben, machen Sie sich keine Sorgen, wenn Sie feststellen, dass einige Teile fehlen oder besch\u00e4digt sind, und kontaktieren Sie uns einfach, und wir k\u00f6nnen sie Ihnen umgehend kostenlos erneut zusenden.<\/p>\n<figure id=\"attachment_28227\" aria-describedby=\"caption-attachment-28227\" style=\"width: 800px\" class=\"wp-caption aligncenter\"><img fetchpriority=\"high\" decoding=\"async\" class=\"wp-image-28227 size-full\" src=\"https:\/\/mouldking.store\/wp-content\/uploads\/2021\/12\/MOC-59227-Mill-on-the-Hill-with-1776-pieces-1.png\" alt=\"MOC-59227 Mill on the Hill with 1776 pieces\" width=\"800\" height=\"800\" title=\"-\" srcset=\"https:\/\/mouldking.store\/wp-content\/uploads\/2021\/12\/MOC-59227-Mill-on-the-Hill-with-1776-pieces-1.png 800w, https:\/\/mouldking.store\/wp-content\/uploads\/2021\/12\/MOC-59227-Mill-on-the-Hill-with-1776-pieces-1-300x300.png 300w, https:\/\/mouldking.store\/wp-content\/uploads\/2021\/12\/MOC-59227-Mill-on-the-Hill-with-1776-pieces-1-768x768.png 768w, https:\/\/mouldking.store\/wp-content\/uploads\/2021\/12\/MOC-59227-Mill-on-the-Hill-with-1776-pieces-1-600x600.png 600w, https:\/\/mouldking.store\/wp-content\/uploads\/2021\/12\/MOC-59227-Mill-on-the-Hill-with-1776-pieces-1-150x150.png 150w\" sizes=\"(max-width: 800px) 100vw, 800px\" \/><figcaption id=\"caption-attachment-28227\" class=\"wp-caption-text\">MOC-59227 M\u00fchle auf dem H\u00fcgel mit 1776 St\u00fcck<\/figcaption><\/figure>\n<figure id=\"attachment_28228\" aria-describedby=\"caption-attachment-28228\" style=\"width: 800px\" class=\"wp-caption aligncenter\"><img decoding=\"async\" class=\"wp-image-28228\" src=\"https:\/\/mouldking.store\/wp-content\/uploads\/2021\/12\/MOC-59227-Mill-on-the-Hill-with-1776-pieces-1-300x300.jpg\" alt=\"MOC-59227 Mill on the Hill with 1776 pieces\" width=\"800\" height=\"800\" title=\"-\" srcset=\"https:\/\/mouldking.store\/wp-content\/uploads\/2021\/12\/MOC-59227-Mill-on-the-Hill-with-1776-pieces-1-300x300.jpg 300w, https:\/\/mouldking.store\/wp-content\/uploads\/2021\/12\/MOC-59227-Mill-on-the-Hill-with-1776-pieces-1-768x768.jpg 768w, https:\/\/mouldking.store\/wp-content\/uploads\/2021\/12\/MOC-59227-Mill-on-the-Hill-with-1776-pieces-1-600x600.jpg 600w, https:\/\/mouldking.store\/wp-content\/uploads\/2021\/12\/MOC-59227-Mill-on-the-Hill-with-1776-pieces-1-150x150.jpg 150w, https:\/\/mouldking.store\/wp-content\/uploads\/2021\/12\/MOC-59227-Mill-on-the-Hill-with-1776-pieces-1.jpg 1000w\" sizes=\"(max-width: 800px) 100vw, 800px\" \/><figcaption id=\"caption-attachment-28228\" class=\"wp-caption-text\">MOC-59227 M\u00fchle auf dem H\u00fcgel mit 1776 St\u00fcck<\/figcaption><\/figure>\n<figure id=\"attachment_28229\" aria-describedby=\"caption-attachment-28229\" style=\"width: 800px\" class=\"wp-caption aligncenter\"><img decoding=\"async\" class=\"wp-image-28229\" src=\"https:\/\/mouldking.store\/wp-content\/uploads\/2021\/12\/MOC-59227-Mill-on-the-Hill-with-1776-pieces-2-300x300.jpg\" alt=\"MOC-59227 Mill on the Hill with 1776 pieces\" width=\"800\" height=\"800\" title=\"-\" srcset=\"https:\/\/mouldking.store\/wp-content\/uploads\/2021\/12\/MOC-59227-Mill-on-the-Hill-with-1776-pieces-2-300x300.jpg 300w, https:\/\/mouldking.store\/wp-content\/uploads\/2021\/12\/MOC-59227-Mill-on-the-Hill-with-1776-pieces-2-768x768.jpg 768w, https:\/\/mouldking.store\/wp-content\/uploads\/2021\/12\/MOC-59227-Mill-on-the-Hill-with-1776-pieces-2-600x600.jpg 600w, https:\/\/mouldking.store\/wp-content\/uploads\/2021\/12\/MOC-59227-Mill-on-the-Hill-with-1776-pieces-2-150x150.jpg 150w, https:\/\/mouldking.store\/wp-content\/uploads\/2021\/12\/MOC-59227-Mill-on-the-Hill-with-1776-pieces-2.jpg 1000w\" sizes=\"(max-width: 800px) 100vw, 800px\" \/><figcaption id=\"caption-attachment-28229\" class=\"wp-caption-text\">MOC-59227 M\u00fchle auf dem H\u00fcgel mit 1776 St\u00fcck<\/figcaption><\/figure>","protected":false},"excerpt":{"rendered":"<p>Product information: Brand: MOC Factory Gender: Unisex Name: Mill on the Hill Age Range: &gt; 6 years old Model Number: 59227 Classification: Assemblage Plastic Block Shape: Self-Locking Bricks Material: Plastic Plastic Type: ABS Bricks Blocks: 1776 PCS Contains detailed assembly instructions. Notice: 1. Without an original box, but we guarantee our products have quality assurance [&hellip;]<\/p>","protected":false},"featured_media":28227,"comment_status":"open","ping_status":"closed","template":"","meta":{"_acf_changed":false},"product_cat":[371],"product_tag":[3049,4054,3048,4053,4052],"class_list":["product","first","instock","shipping-taxable","purchasable","product-type-simple"],"acf":[],"_links":{"self":[{"href":"https:\/\/mouldking.store\/de\/wp-json\/wp\/v2\/product\/28226","targetHints":{"allow":["GET"]}}],"collection":[{"href":"https:\/\/mouldking.store\/de\/wp-json\/wp\/v2\/product"}],"about":[{"href":"https:\/\/mouldking.store\/de\/wp-json\/wp\/v2\/types\/product"}],"replies":[{"embeddable":true,"href":"https:\/\/mouldking.store\/de\/wp-json\/wp\/v2\/comments?post=28226"}],"wp:featuredmedia":[{"embeddable":true,"href":"https:\/\/mouldking.store\/de\/wp-json\/wp\/v2\/media\/28227"}],"wp:attachment":[{"href":"https:\/\/mouldking.store\/de\/wp-json\/wp\/v2\/media?parent=28226"}],"wp:term":[{"taxonomy":"product_cat","embeddable":true,"href":"https:\/\/mouldking.store\/de\/wp-json\/wp\/v2\/product_cat?post=28226"},{"taxonomy":"product_tag","embeddable":true,"href":"https:\/\/mouldking.store\/de\/wp-json\/wp\/v2\/product_tag?post=28226"}],"curies":[{"name":"wp","href":"https:\/\/api.w.org\/{rel}","templated":true}]}}