{"id":28234,"date":"2021-12-04T06:53:49","date_gmt":"2021-12-03T23:53:49","guid":{"rendered":"https:\/\/mouldking.store\/?post_type=product&#038;p=28234"},"modified":"2025-12-25T09:16:55","modified_gmt":"2025-12-25T02:16:55","slug":"moc-40522-jedi-temple-with-3421-pieces","status":"publish","type":"product","link":"https:\/\/mouldking.store\/de\/shop\/moc-40522-jedi-temple-with-3421-pieces\/","title":{"rendered":"MOC-40522 Jedi-Tempel mit 3421 Teilen"},"content":{"rendered":"<p>Produktinformation:<\/p>\n<ol>\n<li>Marke: MOC-Fabrik<\/li>\n<li>Geschlecht: Unisex<\/li>\n<li>Name: Jedi Temple<\/li>\n<li>Altersspanne: &gt; 6 Jahre alt<\/li>\n<li>Model Number: 40522<\/li>\n<li>Einstufung: Assemblage<\/li>\n<li>Kunststoffblockform: Selbstsichernde Steine<\/li>\n<li>Material: Kunststoff<\/li>\n<li>Kunststofftyp: ABS<\/li>\n<li>Bricks Blocks: 3421 PCS<\/li>\n<li>Enth\u00e4lt eine ausf\u00fchrliche Montageanleitung.<\/li>\n<\/ol>\n<p>Notiz:<br \/>\n1. Ohne Originalverpackung, aber wir garantieren, dass unsere Produkte eine Qualit\u00e4tssicherung und eine sch\u00f6ne Verpackung haben.<br \/>\n2. Wie alle Teile, die wir vor dem Versand \u00fcberpr\u00fcft haben, machen Sie sich keine Sorgen, wenn Sie feststellen, dass einige Teile fehlen oder besch\u00e4digt sind, und kontaktieren Sie uns einfach, und wir k\u00f6nnen sie Ihnen umgehend kostenlos erneut zusenden.<\/p>\n<figure id=\"attachment_28235\" aria-describedby=\"caption-attachment-28235\" style=\"width: 800px\" class=\"wp-caption aligncenter\"><img fetchpriority=\"high\" decoding=\"async\" class=\"wp-image-28235 size-full\" src=\"https:\/\/mouldking.store\/wp-content\/uploads\/2021\/12\/MOC-40522-Jedi-Temple-with-3421-pieces.png\" alt=\"MOC-40522 Jedi Temple with 3421 pieces\" width=\"800\" height=\"800\" title=\"-\" srcset=\"https:\/\/mouldking.store\/wp-content\/uploads\/2021\/12\/MOC-40522-Jedi-Temple-with-3421-pieces.png 800w, https:\/\/mouldking.store\/wp-content\/uploads\/2021\/12\/MOC-40522-Jedi-Temple-with-3421-pieces-300x300.png 300w, https:\/\/mouldking.store\/wp-content\/uploads\/2021\/12\/MOC-40522-Jedi-Temple-with-3421-pieces-768x768.png 768w, https:\/\/mouldking.store\/wp-content\/uploads\/2021\/12\/MOC-40522-Jedi-Temple-with-3421-pieces-600x600.png 600w, https:\/\/mouldking.store\/wp-content\/uploads\/2021\/12\/MOC-40522-Jedi-Temple-with-3421-pieces-150x150.png 150w\" sizes=\"(max-width: 800px) 100vw, 800px\" \/><figcaption id=\"caption-attachment-28235\" class=\"wp-caption-text\">MOC-40522 Jedi-Tempel mit 3421 Teilen<\/figcaption><\/figure>\n<figure id=\"attachment_28236\" aria-describedby=\"caption-attachment-28236\" style=\"width: 800px\" class=\"wp-caption aligncenter\"><img decoding=\"async\" class=\"wp-image-28236 size-full\" src=\"https:\/\/mouldking.store\/wp-content\/uploads\/2021\/12\/MOC-40522-Jedi-Temple-with-3421-pieces.jpg\" alt=\"MOC-40522 Jedi Temple with 3421 pieces\" width=\"800\" height=\"800\" title=\"-\" srcset=\"https:\/\/mouldking.store\/wp-content\/uploads\/2021\/12\/MOC-40522-Jedi-Temple-with-3421-pieces.jpg 800w, https:\/\/mouldking.store\/wp-content\/uploads\/2021\/12\/MOC-40522-Jedi-Temple-with-3421-pieces-300x300.jpg 300w, https:\/\/mouldking.store\/wp-content\/uploads\/2021\/12\/MOC-40522-Jedi-Temple-with-3421-pieces-768x768.jpg 768w, https:\/\/mouldking.store\/wp-content\/uploads\/2021\/12\/MOC-40522-Jedi-Temple-with-3421-pieces-600x600.jpg 600w, https:\/\/mouldking.store\/wp-content\/uploads\/2021\/12\/MOC-40522-Jedi-Temple-with-3421-pieces-150x150.jpg 150w\" sizes=\"(max-width: 800px) 100vw, 800px\" \/><figcaption id=\"caption-attachment-28236\" class=\"wp-caption-text\">MOC-40522 Jedi-Tempel mit 3421 Teilen<\/figcaption><\/figure>","protected":false},"excerpt":{"rendered":"<p>Product information: Brand: MOC Factory Gender: Unisex Name: Jedi Temple Age Range: &gt; 6 years old Model Number: 40522 Classification: Assemblage Plastic Block Shape: Self-Locking Bricks Material: Plastic Plastic Type: ABS Bricks Blocks: 3421 PCS Contains detailed assembly instructions. Notice: 1. Without an original box, but we guarantee our products have quality assurance and nice [&hellip;]<\/p>","protected":false},"featured_media":28235,"comment_status":"open","ping_status":"closed","template":"","meta":{"_acf_changed":false},"product_cat":[415],"product_tag":[4061,4062,4060,4059,4058],"class_list":["product","first","instock","shipping-taxable","purchasable","product-type-simple"],"acf":[],"_links":{"self":[{"href":"https:\/\/mouldking.store\/de\/wp-json\/wp\/v2\/product\/28234","targetHints":{"allow":["GET"]}}],"collection":[{"href":"https:\/\/mouldking.store\/de\/wp-json\/wp\/v2\/product"}],"about":[{"href":"https:\/\/mouldking.store\/de\/wp-json\/wp\/v2\/types\/product"}],"replies":[{"embeddable":true,"href":"https:\/\/mouldking.store\/de\/wp-json\/wp\/v2\/comments?post=28234"}],"wp:featuredmedia":[{"embeddable":true,"href":"https:\/\/mouldking.store\/de\/wp-json\/wp\/v2\/media\/28235"}],"wp:attachment":[{"href":"https:\/\/mouldking.store\/de\/wp-json\/wp\/v2\/media?parent=28234"}],"wp:term":[{"taxonomy":"product_cat","embeddable":true,"href":"https:\/\/mouldking.store\/de\/wp-json\/wp\/v2\/product_cat?post=28234"},{"taxonomy":"product_tag","embeddable":true,"href":"https:\/\/mouldking.store\/de\/wp-json\/wp\/v2\/product_tag?post=28234"}],"curies":[{"name":"wp","href":"https:\/\/api.w.org\/{rel}","templated":true}]}}