{"id":28237,"date":"2021-12-04T06:57:06","date_gmt":"2021-12-04T06:57:06","guid":{"rendered":"https:\/\/mouldking.store\/?post_type=product&#038;p=28237"},"modified":"2021-12-23T09:40:24","modified_gmt":"2021-12-23T09:40:24","slug":"pzx-9913-titanic-with-3800-pieces","status":"publish","type":"product","link":"https:\/\/mouldking.store\/de\/shop\/pzx-9913-titanic-with-3800-pieces\/","title":{"rendered":"PZX 9913 Titanic mit 3800 Teilen"},"content":{"rendered":"<p>Produktinformation:<\/p>\n<ol>\n<li>Marke: PZX<\/li>\n<li>Geschlecht: Unisex<\/li>\n<li>Name: Titanic<\/li>\n<li>Altersspanne: &gt; 6 Jahre alt<\/li>\n<li>Modellnummer: 9913<\/li>\n<li>Einstufung: Assemblage<\/li>\n<li>Kunststoffblockform: Selbstsichernde Steine<\/li>\n<li>Material: Kunststoff<\/li>\n<li>Kunststofftyp: ABS<\/li>\n<li>Ziegelsteine: 3800 St\u00fcck<\/li>\n<li>Enth\u00e4lt eine ausf\u00fchrliche Montageanleitung.<\/li>\n<\/ol>\n<p>Notiz:<br \/>\n1. Ohne Originalverpackung, aber wir garantieren, dass unsere Produkte eine Qualit\u00e4tssicherung und eine sch\u00f6ne Verpackung haben.<br \/>\n2. Wie alle Teile, die wir vor dem Versand \u00fcberpr\u00fcft haben, machen Sie sich keine Sorgen, wenn Sie feststellen, dass einige Teile fehlen oder besch\u00e4digt sind, und kontaktieren Sie uns einfach, und wir k\u00f6nnen sie Ihnen umgehend kostenlos erneut zusenden.<\/p>\n<figure id=\"attachment_28238\" aria-describedby=\"caption-attachment-28238\" style=\"width: 800px\" class=\"wp-caption aligncenter\"><img fetchpriority=\"high\" decoding=\"async\" class=\"wp-image-28238 size-full\" src=\"https:\/\/mouldking.store\/wp-content\/uploads\/2021\/12\/PZX-9913-Titanic-with-3800-pieces-1.jpg\" alt=\"PZX 9913 Titanic with 3800 pieces\" width=\"800\" height=\"800\" title=\"-\" srcset=\"https:\/\/mouldking.store\/wp-content\/uploads\/2021\/12\/PZX-9913-Titanic-with-3800-pieces-1.jpg 800w, https:\/\/mouldking.store\/wp-content\/uploads\/2021\/12\/PZX-9913-Titanic-with-3800-pieces-1-300x300.jpg 300w, https:\/\/mouldking.store\/wp-content\/uploads\/2021\/12\/PZX-9913-Titanic-with-3800-pieces-1-768x768.jpg 768w, https:\/\/mouldking.store\/wp-content\/uploads\/2021\/12\/PZX-9913-Titanic-with-3800-pieces-1-600x600.jpg 600w, https:\/\/mouldking.store\/wp-content\/uploads\/2021\/12\/PZX-9913-Titanic-with-3800-pieces-1-150x150.jpg 150w\" sizes=\"(max-width: 800px) 100vw, 800px\" \/><figcaption id=\"caption-attachment-28238\" class=\"wp-caption-text\">PZX 9913 Titanic mit 3800 Teilen<\/figcaption><\/figure>\n<figure id=\"attachment_28239\" aria-describedby=\"caption-attachment-28239\" style=\"width: 800px\" class=\"wp-caption aligncenter\"><img decoding=\"async\" class=\"wp-image-28239\" src=\"https:\/\/mouldking.store\/wp-content\/uploads\/2021\/12\/PZX-9913-Titanic-with-3800-pieces-2-300x225.jpg\" alt=\"PZX 9913 Titanic with 3800 pieces\" width=\"800\" height=\"600\" title=\"-\" srcset=\"https:\/\/mouldking.store\/wp-content\/uploads\/2021\/12\/PZX-9913-Titanic-with-3800-pieces-2-300x225.jpg 300w, https:\/\/mouldking.store\/wp-content\/uploads\/2021\/12\/PZX-9913-Titanic-with-3800-pieces-2-768x576.jpg 768w, https:\/\/mouldking.store\/wp-content\/uploads\/2021\/12\/PZX-9913-Titanic-with-3800-pieces-2-600x450.jpg 600w, https:\/\/mouldking.store\/wp-content\/uploads\/2021\/12\/PZX-9913-Titanic-with-3800-pieces-2-150x113.jpg 150w, https:\/\/mouldking.store\/wp-content\/uploads\/2021\/12\/PZX-9913-Titanic-with-3800-pieces-2.jpg 1024w\" sizes=\"(max-width: 800px) 100vw, 800px\" \/><figcaption id=\"caption-attachment-28239\" class=\"wp-caption-text\">PZX 9913 Titanic mit 3800 Teilen<\/figcaption><\/figure>\n<figure id=\"attachment_28240\" aria-describedby=\"caption-attachment-28240\" style=\"width: 800px\" class=\"wp-caption aligncenter\"><img decoding=\"async\" class=\"wp-image-28240\" src=\"https:\/\/mouldking.store\/wp-content\/uploads\/2021\/12\/PZX-9913-Titanic-with-3800-pieces-3-300x225.jpg\" alt=\"PZX 9913 Titanic with 3800 pieces\" width=\"800\" height=\"600\" title=\"-\" srcset=\"https:\/\/mouldking.store\/wp-content\/uploads\/2021\/12\/PZX-9913-Titanic-with-3800-pieces-3-300x225.jpg 300w, https:\/\/mouldking.store\/wp-content\/uploads\/2021\/12\/PZX-9913-Titanic-with-3800-pieces-3-768x576.jpg 768w, https:\/\/mouldking.store\/wp-content\/uploads\/2021\/12\/PZX-9913-Titanic-with-3800-pieces-3-600x450.jpg 600w, https:\/\/mouldking.store\/wp-content\/uploads\/2021\/12\/PZX-9913-Titanic-with-3800-pieces-3-150x113.jpg 150w, https:\/\/mouldking.store\/wp-content\/uploads\/2021\/12\/PZX-9913-Titanic-with-3800-pieces-3.jpg 1024w\" sizes=\"(max-width: 800px) 100vw, 800px\" \/><figcaption id=\"caption-attachment-28240\" class=\"wp-caption-text\">PZX 9913 Titanic mit 3800 Teilen<\/figcaption><\/figure>\n<figure id=\"attachment_28241\" aria-describedby=\"caption-attachment-28241\" style=\"width: 800px\" class=\"wp-caption aligncenter\"><img loading=\"lazy\" decoding=\"async\" class=\"wp-image-28241\" src=\"https:\/\/mouldking.store\/wp-content\/uploads\/2021\/12\/PZX-9913-Titanic-with-3800-pieces-4-300x225.jpg\" alt=\"PZX 9913 Titanic with 3800 pieces\" width=\"800\" height=\"600\" title=\"-\" srcset=\"https:\/\/mouldking.store\/wp-content\/uploads\/2021\/12\/PZX-9913-Titanic-with-3800-pieces-4-300x225.jpg 300w, https:\/\/mouldking.store\/wp-content\/uploads\/2021\/12\/PZX-9913-Titanic-with-3800-pieces-4-768x576.jpg 768w, https:\/\/mouldking.store\/wp-content\/uploads\/2021\/12\/PZX-9913-Titanic-with-3800-pieces-4-600x450.jpg 600w, https:\/\/mouldking.store\/wp-content\/uploads\/2021\/12\/PZX-9913-Titanic-with-3800-pieces-4-150x113.jpg 150w, https:\/\/mouldking.store\/wp-content\/uploads\/2021\/12\/PZX-9913-Titanic-with-3800-pieces-4.jpg 1024w\" sizes=\"(max-width: 800px) 100vw, 800px\" \/><figcaption id=\"caption-attachment-28241\" class=\"wp-caption-text\">PZX 9913 Titanic mit 3800 Teilen<\/figcaption><\/figure>","protected":false},"excerpt":{"rendered":"<p>Product information: Brand: PZX Gender: Unisex Name: Titanic Age Range: &gt; 6 years old Model Number: 9913 Classification: Assemblage Plastic Block Shape: Self-Locking Bricks Material: Plastic Plastic Type: ABS Bricks Blocks: 3800 PCS Contains detailed assembly instructions. Notice: 1. Without an original box, but we guarantee our products have quality assurance and nice packaging. 2. [&hellip;]<\/p>","protected":false},"featured_media":28238,"comment_status":"open","ping_status":"closed","template":"","meta":{"_acf_changed":false},"product_cat":[371,581],"product_tag":[4066,4067,4064,4063,4065,4068],"class_list":["product","first","instock","shipping-taxable","purchasable","product-type-simple"],"acf":[],"_links":{"self":[{"href":"https:\/\/mouldking.store\/de\/wp-json\/wp\/v2\/product\/28237","targetHints":{"allow":["GET"]}}],"collection":[{"href":"https:\/\/mouldking.store\/de\/wp-json\/wp\/v2\/product"}],"about":[{"href":"https:\/\/mouldking.store\/de\/wp-json\/wp\/v2\/types\/product"}],"replies":[{"embeddable":true,"href":"https:\/\/mouldking.store\/de\/wp-json\/wp\/v2\/comments?post=28237"}],"wp:featuredmedia":[{"embeddable":true,"href":"https:\/\/mouldking.store\/de\/wp-json\/wp\/v2\/media\/28238"}],"wp:attachment":[{"href":"https:\/\/mouldking.store\/de\/wp-json\/wp\/v2\/media?parent=28237"}],"wp:term":[{"taxonomy":"product_cat","embeddable":true,"href":"https:\/\/mouldking.store\/de\/wp-json\/wp\/v2\/product_cat?post=28237"},{"taxonomy":"product_tag","embeddable":true,"href":"https:\/\/mouldking.store\/de\/wp-json\/wp\/v2\/product_tag?post=28237"}],"curies":[{"name":"wp","href":"https:\/\/api.w.org\/{rel}","templated":true}]}}