{"id":28263,"date":"2021-12-04T07:12:14","date_gmt":"2021-12-04T07:12:14","guid":{"rendered":"https:\/\/mouldking.store\/?post_type=product&#038;p=28263"},"modified":"2021-12-23T09:40:24","modified_gmt":"2021-12-23T09:40:24","slug":"jiestar-89131-clothing-store-with-3065-pieces","status":"publish","type":"product","link":"https:\/\/mouldking.store\/de\/shop\/jiestar-89131-clothing-store-with-3065-pieces\/","title":{"rendered":"JIESTAR 89131 Bekleidungsgesch\u00e4ft mit 3065 Teilen"},"content":{"rendered":"<p>Produktinformation:<\/p>\n<ol>\n<li>Marke: JIESTAR<\/li>\n<li>Geschlecht: Unisex<\/li>\n<li>Name: Clothing Store<\/li>\n<li>Altersspanne: &gt; 6 Jahre alt<\/li>\n<li>Model Number: 89131<\/li>\n<li>Einstufung: Assemblage<\/li>\n<li>Kunststoffblockform: Selbstsichernde Steine<\/li>\n<li>Material: Kunststoff<\/li>\n<li>Kunststofftyp: ABS<\/li>\n<li>Bricks Blocks: 3065 PCS<\/li>\n<li>Enth\u00e4lt eine ausf\u00fchrliche Montageanleitung.<\/li>\n<\/ol>\n<p>Notiz:<br \/>\n1. Ohne Originalverpackung, aber wir garantieren, dass unsere Produkte eine Qualit\u00e4tssicherung und eine sch\u00f6ne Verpackung haben.<br \/>\n2. Wie alle Teile, die wir vor dem Versand \u00fcberpr\u00fcft haben, machen Sie sich keine Sorgen, wenn Sie feststellen, dass einige Teile fehlen oder besch\u00e4digt sind, und kontaktieren Sie uns einfach, und wir k\u00f6nnen sie Ihnen umgehend kostenlos erneut zusenden.<\/p>\n<figure id=\"attachment_28266\" aria-describedby=\"caption-attachment-28266\" style=\"width: 652px\" class=\"wp-caption aligncenter\"><img fetchpriority=\"high\" decoding=\"async\" class=\"wp-image-28266 size-full\" src=\"https:\/\/mouldking.store\/wp-content\/uploads\/2021\/12\/JIESTAR-89131-Clothing-Store-with-3065-pieces-3.jpg\" alt=\"JIESTAR 89131 Clothing Store with 3065 pieces\" width=\"652\" height=\"1024\" title=\"-\" srcset=\"https:\/\/mouldking.store\/wp-content\/uploads\/2021\/12\/JIESTAR-89131-Clothing-Store-with-3065-pieces-3.jpg 652w, https:\/\/mouldking.store\/wp-content\/uploads\/2021\/12\/JIESTAR-89131-Clothing-Store-with-3065-pieces-3-191x300.jpg 191w, https:\/\/mouldking.store\/wp-content\/uploads\/2021\/12\/JIESTAR-89131-Clothing-Store-with-3065-pieces-3-300x471.jpg 300w, https:\/\/mouldking.store\/wp-content\/uploads\/2021\/12\/JIESTAR-89131-Clothing-Store-with-3065-pieces-3-600x942.jpg 600w, https:\/\/mouldking.store\/wp-content\/uploads\/2021\/12\/JIESTAR-89131-Clothing-Store-with-3065-pieces-3-96x150.jpg 96w\" sizes=\"(max-width: 652px) 100vw, 652px\" \/><figcaption id=\"caption-attachment-28266\" class=\"wp-caption-text\">JIESTAR 89131 Bekleidungsgesch\u00e4ft mit 3065 Teilen<\/figcaption><\/figure>\n<figure id=\"attachment_28265\" aria-describedby=\"caption-attachment-28265\" style=\"width: 711px\" class=\"wp-caption aligncenter\"><img decoding=\"async\" class=\"wp-image-28265 size-full\" src=\"https:\/\/mouldking.store\/wp-content\/uploads\/2021\/12\/JIESTAR-89131-Clothing-Store-with-3065-pieces-2.jpg\" alt=\"JIESTAR 89131 Clothing Store with 3065 pieces\" width=\"711\" height=\"1024\" title=\"-\" srcset=\"https:\/\/mouldking.store\/wp-content\/uploads\/2021\/12\/JIESTAR-89131-Clothing-Store-with-3065-pieces-2.jpg 711w, https:\/\/mouldking.store\/wp-content\/uploads\/2021\/12\/JIESTAR-89131-Clothing-Store-with-3065-pieces-2-208x300.jpg 208w, https:\/\/mouldking.store\/wp-content\/uploads\/2021\/12\/JIESTAR-89131-Clothing-Store-with-3065-pieces-2-300x432.jpg 300w, https:\/\/mouldking.store\/wp-content\/uploads\/2021\/12\/JIESTAR-89131-Clothing-Store-with-3065-pieces-2-600x864.jpg 600w, https:\/\/mouldking.store\/wp-content\/uploads\/2021\/12\/JIESTAR-89131-Clothing-Store-with-3065-pieces-2-104x150.jpg 104w\" sizes=\"(max-width: 711px) 100vw, 711px\" \/><figcaption id=\"caption-attachment-28265\" class=\"wp-caption-text\">JIESTAR 89131 Bekleidungsgesch\u00e4ft mit 3065 Teilen<\/figcaption><\/figure>\n<figure id=\"attachment_28264\" aria-describedby=\"caption-attachment-28264\" style=\"width: 900px\" class=\"wp-caption aligncenter\"><img decoding=\"async\" class=\"wp-image-28264 size-full\" src=\"https:\/\/mouldking.store\/wp-content\/uploads\/2021\/12\/JIESTAR-89131-Clothing-Store-with-3065-pieces-1.jpg\" alt=\"JIESTAR 89131 Clothing Store with 3065 pieces\" width=\"900\" height=\"830\" title=\"-\" srcset=\"https:\/\/mouldking.store\/wp-content\/uploads\/2021\/12\/JIESTAR-89131-Clothing-Store-with-3065-pieces-1.jpg 900w, https:\/\/mouldking.store\/wp-content\/uploads\/2021\/12\/JIESTAR-89131-Clothing-Store-with-3065-pieces-1-300x277.jpg 300w, https:\/\/mouldking.store\/wp-content\/uploads\/2021\/12\/JIESTAR-89131-Clothing-Store-with-3065-pieces-1-768x708.jpg 768w, https:\/\/mouldking.store\/wp-content\/uploads\/2021\/12\/JIESTAR-89131-Clothing-Store-with-3065-pieces-1-600x553.jpg 600w, https:\/\/mouldking.store\/wp-content\/uploads\/2021\/12\/JIESTAR-89131-Clothing-Store-with-3065-pieces-1-150x138.jpg 150w\" sizes=\"(max-width: 900px) 100vw, 900px\" \/><figcaption id=\"caption-attachment-28264\" class=\"wp-caption-text\">JIESTAR 89131 Bekleidungsgesch\u00e4ft mit 3065 Teilen<\/figcaption><\/figure>","protected":false},"excerpt":{"rendered":"<p>Product information: Brand: JIESTAR Gender: Unisex Name: Clothing Store Age Range: &gt; 6 years old Model Number: 89131 Classification: Assemblage Plastic Block Shape: Self-Locking Bricks Material: Plastic Plastic Type: ABS Bricks Blocks: 3065 PCS Contains detailed assembly instructions. Notice: 1. Without an original box, but we guarantee our products have quality assurance and nice packaging. [&hellip;]<\/p>","protected":false},"featured_media":28267,"comment_status":"open","ping_status":"closed","template":"","meta":{"_acf_changed":false},"product_cat":[390],"product_tag":[4100,4099,4101,4098,3075,4097,4095,4094,4096,1693],"class_list":["product","first","instock","shipping-taxable","purchasable","product-type-simple"],"acf":[],"_links":{"self":[{"href":"https:\/\/mouldking.store\/de\/wp-json\/wp\/v2\/product\/28263","targetHints":{"allow":["GET"]}}],"collection":[{"href":"https:\/\/mouldking.store\/de\/wp-json\/wp\/v2\/product"}],"about":[{"href":"https:\/\/mouldking.store\/de\/wp-json\/wp\/v2\/types\/product"}],"replies":[{"embeddable":true,"href":"https:\/\/mouldking.store\/de\/wp-json\/wp\/v2\/comments?post=28263"}],"wp:featuredmedia":[{"embeddable":true,"href":"https:\/\/mouldking.store\/de\/wp-json\/wp\/v2\/media\/28267"}],"wp:attachment":[{"href":"https:\/\/mouldking.store\/de\/wp-json\/wp\/v2\/media?parent=28263"}],"wp:term":[{"taxonomy":"product_cat","embeddable":true,"href":"https:\/\/mouldking.store\/de\/wp-json\/wp\/v2\/product_cat?post=28263"},{"taxonomy":"product_tag","embeddable":true,"href":"https:\/\/mouldking.store\/de\/wp-json\/wp\/v2\/product_tag?post=28263"}],"curies":[{"name":"wp","href":"https:\/\/api.w.org\/{rel}","templated":true}]}}