{"id":28274,"date":"2021-12-04T07:19:33","date_gmt":"2021-12-04T07:19:33","guid":{"rendered":"https:\/\/mouldking.store\/?post_type=product&#038;p=28274"},"modified":"2021-12-23T09:40:24","modified_gmt":"2021-12-23T09:40:24","slug":"k-box-10225-beetle-car-with-2369-pieces","status":"publish","type":"product","link":"https:\/\/mouldking.store\/de\/shop\/k-box-10225-beetle-car-with-2369-pieces\/","title":{"rendered":"K-BOX 10225 K\u00e4ferauto mit 2369 Teilen"},"content":{"rendered":"<p>Produktinformation:<\/p>\n<ol>\n<li>Marke: K-BOX<\/li>\n<li>Geschlecht: Unisex<\/li>\n<li>Name: Beetle Car<\/li>\n<li>Altersspanne: &gt; 14 Jahre alt<\/li>\n<li>Model Number: 10225<\/li>\n<li>Einstufung: Assemblage<\/li>\n<li>Kunststoffblockform: Selbstsichernde Steine<\/li>\n<li>Material: Kunststoff<\/li>\n<li>Kunststofftyp: ABS<\/li>\n<li>Bricks Blocks: 2369 PCS<\/li>\n<li>Enth\u00e4lt eine ausf\u00fchrliche Montageanleitung.<\/li>\n<\/ol>\n<p>Notiz:<br \/>\n1. Ohne Originalverpackung, aber wir garantieren, dass unsere Produkte eine Qualit\u00e4tssicherung und eine sch\u00f6ne Verpackung haben.<br \/>\n2. Wie alle Teile, die wir vor dem Versand \u00fcberpr\u00fcft haben, machen Sie sich keine Sorgen, wenn Sie feststellen, dass einige Teile fehlen oder besch\u00e4digt sind, und kontaktieren Sie uns einfach, und wir k\u00f6nnen sie Ihnen umgehend kostenlos erneut zusenden.<\/p>\n<figure id=\"attachment_28280\" aria-describedby=\"caption-attachment-28280\" style=\"width: 722px\" class=\"wp-caption aligncenter\"><img fetchpriority=\"high\" decoding=\"async\" class=\"wp-image-28280 size-full\" src=\"https:\/\/mouldking.store\/wp-content\/uploads\/2021\/12\/K-BOX-10225-Beetle-Car-with-2369-pieces-6.jpg\" alt=\"K-BOX 10225 Beetle Car with 2369 pieces\" width=\"722\" height=\"1024\" title=\"-\" srcset=\"https:\/\/mouldking.store\/wp-content\/uploads\/2021\/12\/K-BOX-10225-Beetle-Car-with-2369-pieces-6.jpg 722w, https:\/\/mouldking.store\/wp-content\/uploads\/2021\/12\/K-BOX-10225-Beetle-Car-with-2369-pieces-6-212x300.jpg 212w, https:\/\/mouldking.store\/wp-content\/uploads\/2021\/12\/K-BOX-10225-Beetle-Car-with-2369-pieces-6-300x425.jpg 300w, https:\/\/mouldking.store\/wp-content\/uploads\/2021\/12\/K-BOX-10225-Beetle-Car-with-2369-pieces-6-600x851.jpg 600w, https:\/\/mouldking.store\/wp-content\/uploads\/2021\/12\/K-BOX-10225-Beetle-Car-with-2369-pieces-6-106x150.jpg 106w\" sizes=\"(max-width: 722px) 100vw, 722px\" \/><figcaption id=\"caption-attachment-28280\" class=\"wp-caption-text\">K-BOX 10225 K\u00e4ferauto mit 2369 Teilen<\/figcaption><\/figure>\n<figure id=\"attachment_28277\" aria-describedby=\"caption-attachment-28277\" style=\"width: 800px\" class=\"wp-caption aligncenter\"><img decoding=\"async\" class=\"wp-image-28277 size-full\" src=\"https:\/\/mouldking.store\/wp-content\/uploads\/2021\/12\/K-BOX-10225-Beetle-Car-with-2369-pieces-3.jpg\" alt=\"K-BOX 10225 Beetle Car with 2369 pieces\" width=\"800\" height=\"800\" title=\"-\" srcset=\"https:\/\/mouldking.store\/wp-content\/uploads\/2021\/12\/K-BOX-10225-Beetle-Car-with-2369-pieces-3.jpg 800w, https:\/\/mouldking.store\/wp-content\/uploads\/2021\/12\/K-BOX-10225-Beetle-Car-with-2369-pieces-3-300x300.jpg 300w, https:\/\/mouldking.store\/wp-content\/uploads\/2021\/12\/K-BOX-10225-Beetle-Car-with-2369-pieces-3-768x768.jpg 768w, https:\/\/mouldking.store\/wp-content\/uploads\/2021\/12\/K-BOX-10225-Beetle-Car-with-2369-pieces-3-600x600.jpg 600w, https:\/\/mouldking.store\/wp-content\/uploads\/2021\/12\/K-BOX-10225-Beetle-Car-with-2369-pieces-3-150x150.jpg 150w\" sizes=\"(max-width: 800px) 100vw, 800px\" \/><figcaption id=\"caption-attachment-28277\" class=\"wp-caption-text\">K-BOX 10225 K\u00e4ferauto mit 2369 Teilen<\/figcaption><\/figure>\n<figure id=\"attachment_28276\" aria-describedby=\"caption-attachment-28276\" style=\"width: 800px\" class=\"wp-caption aligncenter\"><img decoding=\"async\" class=\"wp-image-28276 size-full\" src=\"https:\/\/mouldking.store\/wp-content\/uploads\/2021\/12\/K-BOX-10225-Beetle-Car-with-2369-pieces-2.jpg\" alt=\"K-BOX 10225 Beetle Car with 2369 pieces\" width=\"800\" height=\"800\" title=\"-\" srcset=\"https:\/\/mouldking.store\/wp-content\/uploads\/2021\/12\/K-BOX-10225-Beetle-Car-with-2369-pieces-2.jpg 800w, https:\/\/mouldking.store\/wp-content\/uploads\/2021\/12\/K-BOX-10225-Beetle-Car-with-2369-pieces-2-300x300.jpg 300w, https:\/\/mouldking.store\/wp-content\/uploads\/2021\/12\/K-BOX-10225-Beetle-Car-with-2369-pieces-2-768x768.jpg 768w, https:\/\/mouldking.store\/wp-content\/uploads\/2021\/12\/K-BOX-10225-Beetle-Car-with-2369-pieces-2-600x600.jpg 600w, https:\/\/mouldking.store\/wp-content\/uploads\/2021\/12\/K-BOX-10225-Beetle-Car-with-2369-pieces-2-150x150.jpg 150w\" sizes=\"(max-width: 800px) 100vw, 800px\" \/><figcaption id=\"caption-attachment-28276\" class=\"wp-caption-text\">K-BOX 10225 K\u00e4ferauto mit 2369 Teilen<\/figcaption><\/figure>\n<figure id=\"attachment_28278\" aria-describedby=\"caption-attachment-28278\" style=\"width: 750px\" class=\"wp-caption aligncenter\"><img loading=\"lazy\" decoding=\"async\" class=\"wp-image-28278 size-full\" src=\"https:\/\/mouldking.store\/wp-content\/uploads\/2021\/12\/K-BOX-10225-Beetle-Car-with-2369-pieces-4.jpg\" alt=\"K-BOX 10225 Beetle Car with 2369 pieces\" width=\"750\" height=\"994\" title=\"-\" srcset=\"https:\/\/mouldking.store\/wp-content\/uploads\/2021\/12\/K-BOX-10225-Beetle-Car-with-2369-pieces-4.jpg 750w, https:\/\/mouldking.store\/wp-content\/uploads\/2021\/12\/K-BOX-10225-Beetle-Car-with-2369-pieces-4-226x300.jpg 226w, https:\/\/mouldking.store\/wp-content\/uploads\/2021\/12\/K-BOX-10225-Beetle-Car-with-2369-pieces-4-300x398.jpg 300w, https:\/\/mouldking.store\/wp-content\/uploads\/2021\/12\/K-BOX-10225-Beetle-Car-with-2369-pieces-4-600x795.jpg 600w, https:\/\/mouldking.store\/wp-content\/uploads\/2021\/12\/K-BOX-10225-Beetle-Car-with-2369-pieces-4-113x150.jpg 113w\" sizes=\"(max-width: 750px) 100vw, 750px\" \/><figcaption id=\"caption-attachment-28278\" class=\"wp-caption-text\">K-BOX 10225 K\u00e4ferauto mit 2369 Teilen<\/figcaption><\/figure>\n<figure id=\"attachment_28279\" aria-describedby=\"caption-attachment-28279\" style=\"width: 750px\" class=\"wp-caption aligncenter\"><img loading=\"lazy\" decoding=\"async\" class=\"wp-image-28279 size-full\" src=\"https:\/\/mouldking.store\/wp-content\/uploads\/2021\/12\/K-BOX-10225-Beetle-Car-with-2369-pieces-5.jpg\" alt=\"K-BOX 10225 Beetle Car with 2369 pieces\" width=\"750\" height=\"725\" title=\"-\" srcset=\"https:\/\/mouldking.store\/wp-content\/uploads\/2021\/12\/K-BOX-10225-Beetle-Car-with-2369-pieces-5.jpg 750w, https:\/\/mouldking.store\/wp-content\/uploads\/2021\/12\/K-BOX-10225-Beetle-Car-with-2369-pieces-5-300x290.jpg 300w, https:\/\/mouldking.store\/wp-content\/uploads\/2021\/12\/K-BOX-10225-Beetle-Car-with-2369-pieces-5-600x580.jpg 600w, https:\/\/mouldking.store\/wp-content\/uploads\/2021\/12\/K-BOX-10225-Beetle-Car-with-2369-pieces-5-150x145.jpg 150w\" sizes=\"(max-width: 750px) 100vw, 750px\" \/><figcaption id=\"caption-attachment-28279\" class=\"wp-caption-text\">K-BOX 10225 K\u00e4ferauto mit 2369 Teilen<\/figcaption><\/figure>","protected":false},"excerpt":{"rendered":"<p>Product information: Brand: K-BOX Gender: Unisex Name: Beetle Car Age Range: &gt; 14 years old Model Number: 10225 Classification: Assemblage Plastic Block Shape: Self-Locking Bricks Material: Plastic Plastic Type: ABS Bricks Blocks: 2369 PCS Contains detailed assembly instructions. Notice: 1. Without an original box, but we guarantee our products have quality assurance and nice packaging. [&hellip;]<\/p>","protected":false},"featured_media":28275,"comment_status":"open","ping_status":"closed","template":"","meta":{"_acf_changed":false},"product_cat":[364],"product_tag":[2971,4114,4113,4112,4115],"class_list":["product","first","instock","shipping-taxable","purchasable","product-type-simple"],"acf":[],"_links":{"self":[{"href":"https:\/\/mouldking.store\/de\/wp-json\/wp\/v2\/product\/28274","targetHints":{"allow":["GET"]}}],"collection":[{"href":"https:\/\/mouldking.store\/de\/wp-json\/wp\/v2\/product"}],"about":[{"href":"https:\/\/mouldking.store\/de\/wp-json\/wp\/v2\/types\/product"}],"replies":[{"embeddable":true,"href":"https:\/\/mouldking.store\/de\/wp-json\/wp\/v2\/comments?post=28274"}],"wp:featuredmedia":[{"embeddable":true,"href":"https:\/\/mouldking.store\/de\/wp-json\/wp\/v2\/media\/28275"}],"wp:attachment":[{"href":"https:\/\/mouldking.store\/de\/wp-json\/wp\/v2\/media?parent=28274"}],"wp:term":[{"taxonomy":"product_cat","embeddable":true,"href":"https:\/\/mouldking.store\/de\/wp-json\/wp\/v2\/product_cat?post=28274"},{"taxonomy":"product_tag","embeddable":true,"href":"https:\/\/mouldking.store\/de\/wp-json\/wp\/v2\/product_tag?post=28274"}],"curies":[{"name":"wp","href":"https:\/\/api.w.org\/{rel}","templated":true}]}}