{"id":28311,"date":"2021-12-06T02:56:45","date_gmt":"2021-12-06T02:56:45","guid":{"rendered":"https:\/\/mouldking.store\/?post_type=product&#038;p=28311"},"modified":"2025-12-25T09:16:55","modified_gmt":"2025-12-25T02:16:55","slug":"moc-35055-micro-castle-and-dragon-with-120-pieces","status":"publish","type":"product","link":"https:\/\/mouldking.store\/de\/shop\/moc-35055-micro-castle-and-dragon-with-120-pieces\/","title":{"rendered":"MOC-35055 Micro Castle und Dragon mit 120 Teilen"},"content":{"rendered":"<p>Produktinformation:<\/p>\n<ol>\n<li>Marke: MOC<\/li>\n<li>Geschlecht: Unisex<\/li>\n<li>Name: Micro Castle and Dragon<\/li>\n<li>Altersspanne: &gt; 6 Jahre alt<\/li>\n<li>Model Number: MOC-35055<\/li>\n<li>Einstufung: Assemblage<\/li>\n<li>Kunststoffblockform: Selbstsichernde Steine<\/li>\n<li>Material: Kunststoff<\/li>\n<li>Kunststofftyp: ABS<\/li>\n<li>Bricks Blocks: 120 PCS<\/li>\n<li>Enth\u00e4lt eine ausf\u00fchrliche Montageanleitung.<\/li>\n<\/ol>\n<p>Notiz:<br \/>\n1. Ohne Originalverpackung, aber wir garantieren, dass unsere Produkte eine Qualit\u00e4tssicherung und eine sch\u00f6ne Verpackung haben.<br \/>\n2. Wie alle Teile, die wir vor dem Versand \u00fcberpr\u00fcft haben, machen Sie sich keine Sorgen, wenn Sie feststellen, dass einige Teile fehlen oder besch\u00e4digt sind, und kontaktieren Sie uns einfach, und wir k\u00f6nnen sie Ihnen umgehend kostenlos erneut zusenden.<\/p>\n<figure id=\"attachment_28312\" aria-describedby=\"caption-attachment-28312\" style=\"width: 1024px\" class=\"wp-caption aligncenter\"><img fetchpriority=\"high\" decoding=\"async\" class=\"size-large wp-image-28312\" title=\"MOC-35055 Micro Castle und Dragon mit 120 Teilen\" src=\"https:\/\/mouldking.store\/wp-content\/uploads\/2021\/12\/moc-35055-micro-castle-and-dragon-with-120-pieces-1024x1024.jpg\" alt=\"MOC-35055 Micro Castle and Dragon with 120 pieces\" width=\"1024\" height=\"1024\" srcset=\"https:\/\/mouldking.store\/wp-content\/uploads\/2021\/12\/moc-35055-micro-castle-and-dragon-with-120-pieces-1024x1024.jpg 1024w, https:\/\/mouldking.store\/wp-content\/uploads\/2021\/12\/moc-35055-micro-castle-and-dragon-with-120-pieces-300x300.jpg 300w, https:\/\/mouldking.store\/wp-content\/uploads\/2021\/12\/moc-35055-micro-castle-and-dragon-with-120-pieces-768x768.jpg 768w, https:\/\/mouldking.store\/wp-content\/uploads\/2021\/12\/moc-35055-micro-castle-and-dragon-with-120-pieces-600x600.jpg 600w, https:\/\/mouldking.store\/wp-content\/uploads\/2021\/12\/moc-35055-micro-castle-and-dragon-with-120-pieces-150x150.jpg 150w, https:\/\/mouldking.store\/wp-content\/uploads\/2021\/12\/moc-35055-micro-castle-and-dragon-with-120-pieces.jpg 1280w\" sizes=\"(max-width: 1024px) 100vw, 1024px\" \/><figcaption id=\"caption-attachment-28312\" class=\"wp-caption-text\">MOC-35055 Micro Castle und Dragon mit 120 Teilen<\/figcaption><\/figure>\n<figure id=\"attachment_28313\" aria-describedby=\"caption-attachment-28313\" style=\"width: 1024px\" class=\"wp-caption aligncenter\"><img decoding=\"async\" class=\"size-large wp-image-28313\" title=\"MOC-35055 Micro Castle und Dragon mit 120 Teilen\" src=\"https:\/\/mouldking.store\/wp-content\/uploads\/2021\/12\/moc-35055-micro-castle-and-dragon-with-120-pieces-1-1024x1024.jpg\" alt=\"MOC-35055 Micro Castle and Dragon with 120 pieces\" width=\"1024\" height=\"1024\" srcset=\"https:\/\/mouldking.store\/wp-content\/uploads\/2021\/12\/moc-35055-micro-castle-and-dragon-with-120-pieces-1-1024x1024.jpg 1024w, https:\/\/mouldking.store\/wp-content\/uploads\/2021\/12\/moc-35055-micro-castle-and-dragon-with-120-pieces-1-300x300.jpg 300w, https:\/\/mouldking.store\/wp-content\/uploads\/2021\/12\/moc-35055-micro-castle-and-dragon-with-120-pieces-1-768x768.jpg 768w, https:\/\/mouldking.store\/wp-content\/uploads\/2021\/12\/moc-35055-micro-castle-and-dragon-with-120-pieces-1-600x600.jpg 600w, https:\/\/mouldking.store\/wp-content\/uploads\/2021\/12\/moc-35055-micro-castle-and-dragon-with-120-pieces-1-150x150.jpg 150w, https:\/\/mouldking.store\/wp-content\/uploads\/2021\/12\/moc-35055-micro-castle-and-dragon-with-120-pieces-1.jpg 1280w\" sizes=\"(max-width: 1024px) 100vw, 1024px\" \/><figcaption id=\"caption-attachment-28313\" class=\"wp-caption-text\">MOC-35055 Micro Castle und Dragon mit 120 Teilen<\/figcaption><\/figure>\n<figure id=\"attachment_28314\" aria-describedby=\"caption-attachment-28314\" style=\"width: 1024px\" class=\"wp-caption aligncenter\"><img decoding=\"async\" class=\"size-large wp-image-28314\" title=\"MOC-35055 Micro Castle und Dragon mit 120 Teilen\" src=\"https:\/\/mouldking.store\/wp-content\/uploads\/2021\/12\/moc-35055-micro-castle-and-dragon-with-120-pieces-2-1024x1024.jpg\" alt=\"MOC-35055 Micro Castle and Dragon with 120 pieces\" width=\"1024\" height=\"1024\" srcset=\"https:\/\/mouldking.store\/wp-content\/uploads\/2021\/12\/moc-35055-micro-castle-and-dragon-with-120-pieces-2-1024x1024.jpg 1024w, https:\/\/mouldking.store\/wp-content\/uploads\/2021\/12\/moc-35055-micro-castle-and-dragon-with-120-pieces-2-300x300.jpg 300w, https:\/\/mouldking.store\/wp-content\/uploads\/2021\/12\/moc-35055-micro-castle-and-dragon-with-120-pieces-2-768x768.jpg 768w, https:\/\/mouldking.store\/wp-content\/uploads\/2021\/12\/moc-35055-micro-castle-and-dragon-with-120-pieces-2-600x600.jpg 600w, https:\/\/mouldking.store\/wp-content\/uploads\/2021\/12\/moc-35055-micro-castle-and-dragon-with-120-pieces-2-150x150.jpg 150w, https:\/\/mouldking.store\/wp-content\/uploads\/2021\/12\/moc-35055-micro-castle-and-dragon-with-120-pieces-2.jpg 1280w\" sizes=\"(max-width: 1024px) 100vw, 1024px\" \/><figcaption id=\"caption-attachment-28314\" class=\"wp-caption-text\">MOC-35055 Micro Castle und Dragon mit 120 Teilen<\/figcaption><\/figure>","protected":false},"excerpt":{"rendered":"<p>Product information: Brand: MOC Gender: Unisex Name: Micro Castle and Dragon Age Range: &gt; 6 years old Model Number: MOC-35055 Classification: Assemblage Plastic Block Shape: Self-Locking Bricks Material: Plastic Plastic Type: ABS Bricks Blocks: 120 PCS Contains detailed assembly instructions. Notice: 1. Without an original box, but we guarantee our products have quality assurance and [&hellip;]<\/p>","protected":false},"featured_media":28315,"comment_status":"open","ping_status":"closed","template":"","meta":{"_acf_changed":false},"product_cat":[371],"product_tag":[4136,4135],"class_list":["product","first","instock","shipping-taxable","purchasable","product-type-simple"],"acf":[],"_links":{"self":[{"href":"https:\/\/mouldking.store\/de\/wp-json\/wp\/v2\/product\/28311","targetHints":{"allow":["GET"]}}],"collection":[{"href":"https:\/\/mouldking.store\/de\/wp-json\/wp\/v2\/product"}],"about":[{"href":"https:\/\/mouldking.store\/de\/wp-json\/wp\/v2\/types\/product"}],"replies":[{"embeddable":true,"href":"https:\/\/mouldking.store\/de\/wp-json\/wp\/v2\/comments?post=28311"}],"wp:featuredmedia":[{"embeddable":true,"href":"https:\/\/mouldking.store\/de\/wp-json\/wp\/v2\/media\/28315"}],"wp:attachment":[{"href":"https:\/\/mouldking.store\/de\/wp-json\/wp\/v2\/media?parent=28311"}],"wp:term":[{"taxonomy":"product_cat","embeddable":true,"href":"https:\/\/mouldking.store\/de\/wp-json\/wp\/v2\/product_cat?post=28311"},{"taxonomy":"product_tag","embeddable":true,"href":"https:\/\/mouldking.store\/de\/wp-json\/wp\/v2\/product_tag?post=28311"}],"curies":[{"name":"wp","href":"https:\/\/api.w.org\/{rel}","templated":true}]}}