{"id":28359,"date":"2021-12-08T03:53:32","date_gmt":"2021-12-08T03:53:32","guid":{"rendered":"https:\/\/mouldking.store\/?post_type=product&#038;p=28359"},"modified":"2025-12-25T09:16:55","modified_gmt":"2025-12-25T02:16:55","slug":"moc-29813-stifos-vertical-stand-for-mf-with-63-pieces","status":"publish","type":"product","link":"https:\/\/mouldking.store\/de\/shop\/moc-29813-stifos-vertical-stand-for-mf-with-63-pieces\/","title":{"rendered":"MOC-29813 Stifos \u2013 Vertikalst\u00e4nder f\u00fcr MF mit 63 Teilen"},"content":{"rendered":"<p>Produktinformation:<\/p>\n<ol>\n<li>Marke: MOC<\/li>\n<li>Geschlecht: Unisex<\/li>\n<li>Name: Stifos \u2013 Vertikalst\u00e4nder f\u00fcr MF<\/li>\n<li>Altersspanne: &gt; 6 Jahre alt<\/li>\n<li>Modellnummer: MOC-29813<\/li>\n<li>Einstufung: Assemblage<\/li>\n<li>Kunststoffblockform: Selbstsichernde Steine<\/li>\n<li>Material: Kunststoff<\/li>\n<li>Kunststofftyp: ABS<\/li>\n<li>Ziegelsteine: 63 ST\u00dcCKE<\/li>\n<li>Enth\u00e4lt eine ausf\u00fchrliche Montageanleitung.<\/li>\n<li>Zeiteinteilung: 4-8 Wochen<\/li>\n<\/ol>\n<p>Notiz:<br \/>\n1. Ohne Originalverpackung, aber wir garantieren, dass unsere Produkte eine Qualit\u00e4tssicherung und eine sch\u00f6ne Verpackung haben.<br \/>\n2. Wie alle Teile, die wir vor dem Versand \u00fcberpr\u00fcft haben, machen Sie sich keine Sorgen, wenn Sie feststellen, dass einige Teile fehlen oder besch\u00e4digt sind, und kontaktieren Sie uns einfach, und wir k\u00f6nnen sie Ihnen umgehend kostenlos erneut zusenden.<\/p>\n<figure id=\"attachment_28360\" aria-describedby=\"caption-attachment-28360\" style=\"width: 1000px\" class=\"wp-caption aligncenter\"><img fetchpriority=\"high\" decoding=\"async\" class=\"size-full wp-image-28360\" title=\"MOC-29813 Stifos - Vertikalst\u00e4nder f\u00fcr MF mit 63 Teilen\" src=\"https:\/\/mouldking.store\/wp-content\/uploads\/2021\/12\/moc-29813-stifos-vertical-stand-for-mf-with-63-pieces.jpg\" alt=\"MOC-29813 Stifos - Vertical Stand for MF with 63 pieces\" width=\"1000\" height=\"1000\" srcset=\"https:\/\/mouldking.store\/wp-content\/uploads\/2021\/12\/moc-29813-stifos-vertical-stand-for-mf-with-63-pieces.jpg 1000w, https:\/\/mouldking.store\/wp-content\/uploads\/2021\/12\/moc-29813-stifos-vertical-stand-for-mf-with-63-pieces-300x300.jpg 300w, https:\/\/mouldking.store\/wp-content\/uploads\/2021\/12\/moc-29813-stifos-vertical-stand-for-mf-with-63-pieces-768x768.jpg 768w, https:\/\/mouldking.store\/wp-content\/uploads\/2021\/12\/moc-29813-stifos-vertical-stand-for-mf-with-63-pieces-600x600.jpg 600w, https:\/\/mouldking.store\/wp-content\/uploads\/2021\/12\/moc-29813-stifos-vertical-stand-for-mf-with-63-pieces-150x150.jpg 150w\" sizes=\"(max-width: 1000px) 100vw, 1000px\" \/><figcaption id=\"caption-attachment-28360\" class=\"wp-caption-text\">MOC-29813 Stifos \u2013 Vertikalst\u00e4nder f\u00fcr MF mit 63 Teilen<\/figcaption><\/figure>\n<figure id=\"attachment_28361\" aria-describedby=\"caption-attachment-28361\" style=\"width: 1000px\" class=\"wp-caption aligncenter\"><img decoding=\"async\" class=\"size-full wp-image-28361\" title=\"MOC-29813 Stifos - Vertikalst\u00e4nder f\u00fcr MF mit 63 Teilen\" src=\"https:\/\/mouldking.store\/wp-content\/uploads\/2021\/12\/moc-29813-stifos-vertical-stand-for-mf-with-63-pieces-1.jpg\" alt=\"MOC-29813 Stifos - Vertical Stand for MF with 63 pieces\" width=\"1000\" height=\"1000\" srcset=\"https:\/\/mouldking.store\/wp-content\/uploads\/2021\/12\/moc-29813-stifos-vertical-stand-for-mf-with-63-pieces-1.jpg 1000w, https:\/\/mouldking.store\/wp-content\/uploads\/2021\/12\/moc-29813-stifos-vertical-stand-for-mf-with-63-pieces-1-300x300.jpg 300w, https:\/\/mouldking.store\/wp-content\/uploads\/2021\/12\/moc-29813-stifos-vertical-stand-for-mf-with-63-pieces-1-768x768.jpg 768w, https:\/\/mouldking.store\/wp-content\/uploads\/2021\/12\/moc-29813-stifos-vertical-stand-for-mf-with-63-pieces-1-600x600.jpg 600w, https:\/\/mouldking.store\/wp-content\/uploads\/2021\/12\/moc-29813-stifos-vertical-stand-for-mf-with-63-pieces-1-150x150.jpg 150w\" sizes=\"(max-width: 1000px) 100vw, 1000px\" \/><figcaption id=\"caption-attachment-28361\" class=\"wp-caption-text\">MOC-29813 Stifos \u2013 Vertikalst\u00e4nder f\u00fcr MF mit 63 Teilen<\/figcaption><\/figure>\n<figure id=\"attachment_28362\" aria-describedby=\"caption-attachment-28362\" style=\"width: 1000px\" class=\"wp-caption aligncenter\"><img decoding=\"async\" class=\"size-full wp-image-28362\" title=\"MOC-29813 Stifos - Vertikalst\u00e4nder f\u00fcr MF mit 63 Teilen\" src=\"https:\/\/mouldking.store\/wp-content\/uploads\/2021\/12\/moc-29813-stifos-vertical-stand-for-mf-with-63-pieces-2.jpg\" alt=\"MOC-29813 Stifos - Vertical Stand for MF with 63 pieces\" width=\"1000\" height=\"1000\" srcset=\"https:\/\/mouldking.store\/wp-content\/uploads\/2021\/12\/moc-29813-stifos-vertical-stand-for-mf-with-63-pieces-2.jpg 1000w, https:\/\/mouldking.store\/wp-content\/uploads\/2021\/12\/moc-29813-stifos-vertical-stand-for-mf-with-63-pieces-2-300x300.jpg 300w, https:\/\/mouldking.store\/wp-content\/uploads\/2021\/12\/moc-29813-stifos-vertical-stand-for-mf-with-63-pieces-2-768x768.jpg 768w, https:\/\/mouldking.store\/wp-content\/uploads\/2021\/12\/moc-29813-stifos-vertical-stand-for-mf-with-63-pieces-2-600x600.jpg 600w, https:\/\/mouldking.store\/wp-content\/uploads\/2021\/12\/moc-29813-stifos-vertical-stand-for-mf-with-63-pieces-2-150x150.jpg 150w\" sizes=\"(max-width: 1000px) 100vw, 1000px\" \/><figcaption id=\"caption-attachment-28362\" class=\"wp-caption-text\">MOC-29813 Stifos \u2013 Vertikalst\u00e4nder f\u00fcr MF mit 63 Teilen<\/figcaption><\/figure>","protected":false},"excerpt":{"rendered":"<p>Product information: Brand: MOC Gender: Unisex Name: Stifos &#8211; Vertical Stand for MF Age Range: &gt; 6 years old Model Number: MOC-29813 Classification: Assemblage Plastic Block Shape: Self-Locking Bricks Material: Plastic Plastic Type: ABS Bricks Blocks: 63 PCS Contains detailed assembly instructions. Time arrange: 4-8 weeks Notice: 1. Without an original box, but we guarantee [&hellip;]<\/p>","protected":false},"featured_media":28363,"comment_status":"open","ping_status":"closed","template":"","meta":{"_acf_changed":false},"product_cat":[415],"product_tag":[4150,4151],"class_list":["product","first","instock","shipping-taxable","purchasable","product-type-simple"],"acf":[],"_links":{"self":[{"href":"https:\/\/mouldking.store\/de\/wp-json\/wp\/v2\/product\/28359","targetHints":{"allow":["GET"]}}],"collection":[{"href":"https:\/\/mouldking.store\/de\/wp-json\/wp\/v2\/product"}],"about":[{"href":"https:\/\/mouldking.store\/de\/wp-json\/wp\/v2\/types\/product"}],"replies":[{"embeddable":true,"href":"https:\/\/mouldking.store\/de\/wp-json\/wp\/v2\/comments?post=28359"}],"wp:featuredmedia":[{"embeddable":true,"href":"https:\/\/mouldking.store\/de\/wp-json\/wp\/v2\/media\/28363"}],"wp:attachment":[{"href":"https:\/\/mouldking.store\/de\/wp-json\/wp\/v2\/media?parent=28359"}],"wp:term":[{"taxonomy":"product_cat","embeddable":true,"href":"https:\/\/mouldking.store\/de\/wp-json\/wp\/v2\/product_cat?post=28359"},{"taxonomy":"product_tag","embeddable":true,"href":"https:\/\/mouldking.store\/de\/wp-json\/wp\/v2\/product_tag?post=28359"}],"curies":[{"name":"wp","href":"https:\/\/api.w.org\/{rel}","templated":true}]}}