{"id":28398,"date":"2021-12-09T06:11:24","date_gmt":"2021-12-09T06:11:24","guid":{"rendered":"https:\/\/mouldking.store\/?post_type=product&#038;p=28398"},"modified":"2025-12-25T09:16:54","modified_gmt":"2025-12-25T02:16:54","slug":"moc-77462-robot-pack-mazinger-z-great-mazinger-goldrake-with-484-pieces","status":"publish","type":"product","link":"https:\/\/mouldking.store\/de\/shop\/moc-77462-robot-pack-mazinger-z-great-mazinger-goldrake-with-484-pieces\/","title":{"rendered":"MOC-77462 Roboterpaket Mazinger Z, Great Mazinger, Goldrake mit 484 Teilen"},"content":{"rendered":"<p>Produktinformation:<\/p>\n<ol>\n<li>Marke: MOC<\/li>\n<li>Geschlecht: Unisex<\/li>\n<li>Name: Robot Pack Mazinger Z, Great Mazinger, Goldrake<\/li>\n<li>Altersspanne: &gt; 6 Jahre alt<\/li>\n<li>Model Number: MOC-77462<\/li>\n<li>Einstufung: Assemblage<\/li>\n<li>Kunststoffblockform: Selbstsichernde Steine<\/li>\n<li>Material: Kunststoff<\/li>\n<li>Kunststofftyp: ABS<\/li>\n<li>Bricks Blocks: 484 PCS<\/li>\n<li>Enth\u00e4lt eine ausf\u00fchrliche Montageanleitung.<\/li>\n<\/ol>\n<p>Notiz:<br \/>\n1. Ohne Originalverpackung, aber wir garantieren, dass unsere Produkte eine Qualit\u00e4tssicherung und eine sch\u00f6ne Verpackung haben.<br \/>\n2. Wie alle Teile, die wir vor dem Versand \u00fcberpr\u00fcft haben, machen Sie sich keine Sorgen, wenn Sie feststellen, dass einige Teile fehlen oder besch\u00e4digt sind, und kontaktieren Sie uns einfach, und wir k\u00f6nnen sie Ihnen umgehend kostenlos erneut zusenden.<\/p>\n<figure id=\"attachment_28399\" aria-describedby=\"caption-attachment-28399\" style=\"width: 1000px\" class=\"wp-caption aligncenter\"><img fetchpriority=\"high\" decoding=\"async\" class=\"size-full wp-image-28399\" title=\"MOC-77462 Roboterpaket Mazinger Z, Great Mazinger, Goldrake mit 484 Teilen\" src=\"https:\/\/mouldking.store\/wp-content\/uploads\/2021\/12\/moc-77462-robot-pack-mazinger-z-great-mazinger-goldrake-with-484-pieces.jpg\" alt=\"MOC-77462 Robot Pack Mazinger Z, Great Mazinger, Goldrake with 484 pieces\" width=\"1000\" height=\"1000\" srcset=\"https:\/\/mouldking.store\/wp-content\/uploads\/2021\/12\/moc-77462-robot-pack-mazinger-z-great-mazinger-goldrake-with-484-pieces.jpg 1000w, https:\/\/mouldking.store\/wp-content\/uploads\/2021\/12\/moc-77462-robot-pack-mazinger-z-great-mazinger-goldrake-with-484-pieces-300x300.jpg 300w, https:\/\/mouldking.store\/wp-content\/uploads\/2021\/12\/moc-77462-robot-pack-mazinger-z-great-mazinger-goldrake-with-484-pieces-768x768.jpg 768w, https:\/\/mouldking.store\/wp-content\/uploads\/2021\/12\/moc-77462-robot-pack-mazinger-z-great-mazinger-goldrake-with-484-pieces-600x600.jpg 600w, https:\/\/mouldking.store\/wp-content\/uploads\/2021\/12\/moc-77462-robot-pack-mazinger-z-great-mazinger-goldrake-with-484-pieces-150x150.jpg 150w\" sizes=\"(max-width: 1000px) 100vw, 1000px\" \/><figcaption id=\"caption-attachment-28399\" class=\"wp-caption-text\">MOC-77462 Roboterpaket Mazinger Z, Great Mazinger, Goldrake mit 484 Teilen<\/figcaption><\/figure>\n<figure id=\"attachment_28400\" aria-describedby=\"caption-attachment-28400\" style=\"width: 1000px\" class=\"wp-caption aligncenter\"><img decoding=\"async\" class=\"size-full wp-image-28400\" title=\"MOC-77462 Roboterpaket Mazinger Z, Great Mazinger, Goldrake mit 484 Teilen\" src=\"https:\/\/mouldking.store\/wp-content\/uploads\/2021\/12\/moc-77462-robot-pack-mazinger-z-great-mazinger-goldrake-with-484-pieces-1.jpg\" alt=\"MOC-77462 Robot Pack Mazinger Z, Great Mazinger, Goldrake with 484 pieces\" width=\"1000\" height=\"1000\" srcset=\"https:\/\/mouldking.store\/wp-content\/uploads\/2021\/12\/moc-77462-robot-pack-mazinger-z-great-mazinger-goldrake-with-484-pieces-1.jpg 1000w, https:\/\/mouldking.store\/wp-content\/uploads\/2021\/12\/moc-77462-robot-pack-mazinger-z-great-mazinger-goldrake-with-484-pieces-1-300x300.jpg 300w, https:\/\/mouldking.store\/wp-content\/uploads\/2021\/12\/moc-77462-robot-pack-mazinger-z-great-mazinger-goldrake-with-484-pieces-1-768x768.jpg 768w, https:\/\/mouldking.store\/wp-content\/uploads\/2021\/12\/moc-77462-robot-pack-mazinger-z-great-mazinger-goldrake-with-484-pieces-1-600x600.jpg 600w, https:\/\/mouldking.store\/wp-content\/uploads\/2021\/12\/moc-77462-robot-pack-mazinger-z-great-mazinger-goldrake-with-484-pieces-1-150x150.jpg 150w\" sizes=\"(max-width: 1000px) 100vw, 1000px\" \/><figcaption id=\"caption-attachment-28400\" class=\"wp-caption-text\">MOC-77462 Roboterpaket Mazinger Z, Great Mazinger, Goldrake mit 484 Teilen<\/figcaption><\/figure>","protected":false},"excerpt":{"rendered":"<p>Product information: Brand: MOC Gender: Unisex Name: Robot Pack Mazinger Z, Great Mazinger, Goldrake Age Range: &gt; 6 years old Model Number: MOC-77462 Classification: Assemblage Plastic Block Shape: Self-Locking Bricks Material: Plastic Plastic Type: ABS Bricks Blocks: 484 PCS Contains detailed assembly instructions. Notice: 1. Without an original box, but we guarantee our products have [&hellip;]<\/p>","protected":false},"featured_media":28401,"comment_status":"open","ping_status":"closed","template":"","meta":{"_acf_changed":false},"product_cat":[581],"product_tag":[3657,4168,4166,4167],"class_list":["product","first","instock","shipping-taxable","purchasable","product-type-simple"],"acf":[],"_links":{"self":[{"href":"https:\/\/mouldking.store\/de\/wp-json\/wp\/v2\/product\/28398","targetHints":{"allow":["GET"]}}],"collection":[{"href":"https:\/\/mouldking.store\/de\/wp-json\/wp\/v2\/product"}],"about":[{"href":"https:\/\/mouldking.store\/de\/wp-json\/wp\/v2\/types\/product"}],"replies":[{"embeddable":true,"href":"https:\/\/mouldking.store\/de\/wp-json\/wp\/v2\/comments?post=28398"}],"wp:featuredmedia":[{"embeddable":true,"href":"https:\/\/mouldking.store\/de\/wp-json\/wp\/v2\/media\/28401"}],"wp:attachment":[{"href":"https:\/\/mouldking.store\/de\/wp-json\/wp\/v2\/media?parent=28398"}],"wp:term":[{"taxonomy":"product_cat","embeddable":true,"href":"https:\/\/mouldking.store\/de\/wp-json\/wp\/v2\/product_cat?post=28398"},{"taxonomy":"product_tag","embeddable":true,"href":"https:\/\/mouldking.store\/de\/wp-json\/wp\/v2\/product_tag?post=28398"}],"curies":[{"name":"wp","href":"https:\/\/api.w.org\/{rel}","templated":true}]}}