{"id":28410,"date":"2021-12-09T06:37:25","date_gmt":"2021-12-09T06:37:25","guid":{"rendered":"https:\/\/mouldking.store\/?post_type=product&#038;p=28410"},"modified":"2025-12-25T09:16:54","modified_gmt":"2025-12-25T02:16:54","slug":"moc-6617-working-mini-combination-safe-with-141-piecess","status":"publish","type":"product","link":"https:\/\/mouldking.store\/de\/shop\/moc-6617-working-mini-combination-safe-with-141-piecess\/","title":{"rendered":"MOC-6617 Working Mini Combination Safe with 141 piecess"},"content":{"rendered":"<p>Produktinformation:<\/p>\n<ol>\n<li>Marke: MOC<\/li>\n<li>Geschlecht: Unisex<\/li>\n<li>Name: Working Mini Combination Safe<\/li>\n<li>Altersspanne: &gt; 6 Jahre alt<\/li>\n<li>Model Number: MOC-6617<\/li>\n<li>Einstufung: Assemblage<\/li>\n<li>Kunststoffblockform: Selbstsichernde Steine<\/li>\n<li>Material: Kunststoff<\/li>\n<li>Kunststofftyp: ABS<\/li>\n<li>Ziegelsteine: 141 ST\u00dcCKE<\/li>\n<li>Enth\u00e4lt eine ausf\u00fchrliche Montageanleitung.<\/li>\n<\/ol>\n<p>Notiz:<br \/>\n1. Ohne Originalverpackung, aber wir garantieren, dass unsere Produkte eine Qualit\u00e4tssicherung und eine sch\u00f6ne Verpackung haben.<br \/>\n2. Wie alle Teile, die wir vor dem Versand \u00fcberpr\u00fcft haben, machen Sie sich keine Sorgen, wenn Sie feststellen, dass einige Teile fehlen oder besch\u00e4digt sind, und kontaktieren Sie uns einfach, und wir k\u00f6nnen sie Ihnen umgehend kostenlos erneut zusenden.<\/p>\n<figure id=\"attachment_28411\" aria-describedby=\"caption-attachment-28411\" style=\"width: 1000px\" class=\"wp-caption aligncenter\"><img fetchpriority=\"high\" decoding=\"async\" class=\"size-full wp-image-28411\" title=\"MOC-6617 Working Mini Combination Safe with 141 piecess\" src=\"https:\/\/mouldking.store\/wp-content\/uploads\/2021\/12\/moc-6617-working-mini-combination-safe-with-141-piecess.jpg\" alt=\"MOC-6617 Working Mini Combination Safe with 141 piecess\" width=\"1000\" height=\"1000\" srcset=\"https:\/\/mouldking.store\/wp-content\/uploads\/2021\/12\/moc-6617-working-mini-combination-safe-with-141-piecess.jpg 1000w, https:\/\/mouldking.store\/wp-content\/uploads\/2021\/12\/moc-6617-working-mini-combination-safe-with-141-piecess-300x300.jpg 300w, https:\/\/mouldking.store\/wp-content\/uploads\/2021\/12\/moc-6617-working-mini-combination-safe-with-141-piecess-768x768.jpg 768w, https:\/\/mouldking.store\/wp-content\/uploads\/2021\/12\/moc-6617-working-mini-combination-safe-with-141-piecess-600x600.jpg 600w, https:\/\/mouldking.store\/wp-content\/uploads\/2021\/12\/moc-6617-working-mini-combination-safe-with-141-piecess-150x150.jpg 150w\" sizes=\"(max-width: 1000px) 100vw, 1000px\" \/><figcaption id=\"caption-attachment-28411\" class=\"wp-caption-text\">MOC-6617 Working Mini Combination Safe with 141 piecess<\/figcaption><\/figure>\n<figure id=\"attachment_28412\" aria-describedby=\"caption-attachment-28412\" style=\"width: 1000px\" class=\"wp-caption aligncenter\"><img decoding=\"async\" class=\"size-full wp-image-28412\" title=\"MOC-6617 Working Mini Combination Safe with 141 piecess\" src=\"https:\/\/mouldking.store\/wp-content\/uploads\/2021\/12\/moc-6617-working-mini-combination-safe-with-141-piecess-1.jpg\" alt=\"MOC-6617 Working Mini Combination Safe with 141 piecess\" width=\"1000\" height=\"1000\" srcset=\"https:\/\/mouldking.store\/wp-content\/uploads\/2021\/12\/moc-6617-working-mini-combination-safe-with-141-piecess-1.jpg 1000w, https:\/\/mouldking.store\/wp-content\/uploads\/2021\/12\/moc-6617-working-mini-combination-safe-with-141-piecess-1-300x300.jpg 300w, https:\/\/mouldking.store\/wp-content\/uploads\/2021\/12\/moc-6617-working-mini-combination-safe-with-141-piecess-1-768x768.jpg 768w, https:\/\/mouldking.store\/wp-content\/uploads\/2021\/12\/moc-6617-working-mini-combination-safe-with-141-piecess-1-600x600.jpg 600w, https:\/\/mouldking.store\/wp-content\/uploads\/2021\/12\/moc-6617-working-mini-combination-safe-with-141-piecess-1-150x150.jpg 150w\" sizes=\"(max-width: 1000px) 100vw, 1000px\" \/><figcaption id=\"caption-attachment-28412\" class=\"wp-caption-text\">MOC-6617 Working Mini Combination Safe with 141 piecess<\/figcaption><\/figure>\n<figure id=\"attachment_28413\" aria-describedby=\"caption-attachment-28413\" style=\"width: 1000px\" class=\"wp-caption aligncenter\"><img decoding=\"async\" class=\"size-full wp-image-28413\" title=\"MOC-6617 Working Mini Combination Safe with 141 piecess\" src=\"https:\/\/mouldking.store\/wp-content\/uploads\/2021\/12\/moc-6617-working-mini-combination-safe-with-141-piecess-2.jpg\" alt=\"MOC-6617 Working Mini Combination Safe with 141 piecess\" width=\"1000\" height=\"1000\" srcset=\"https:\/\/mouldking.store\/wp-content\/uploads\/2021\/12\/moc-6617-working-mini-combination-safe-with-141-piecess-2.jpg 1000w, https:\/\/mouldking.store\/wp-content\/uploads\/2021\/12\/moc-6617-working-mini-combination-safe-with-141-piecess-2-300x300.jpg 300w, https:\/\/mouldking.store\/wp-content\/uploads\/2021\/12\/moc-6617-working-mini-combination-safe-with-141-piecess-2-768x768.jpg 768w, https:\/\/mouldking.store\/wp-content\/uploads\/2021\/12\/moc-6617-working-mini-combination-safe-with-141-piecess-2-600x600.jpg 600w, https:\/\/mouldking.store\/wp-content\/uploads\/2021\/12\/moc-6617-working-mini-combination-safe-with-141-piecess-2-150x150.jpg 150w\" sizes=\"(max-width: 1000px) 100vw, 1000px\" \/><figcaption id=\"caption-attachment-28413\" class=\"wp-caption-text\">MOC-6617 Working Mini Combination Safe with 141 piecess<\/figcaption><\/figure>","protected":false},"excerpt":{"rendered":"<p>Product information: Brand: MOC Gender: Unisex Name: Working Mini Combination Safe Age Range: &gt; 6 years old Model Number: MOC-6617 Classification: Assemblage Plastic Block Shape: Self-Locking Bricks Material: Plastic Plastic Type: ABS Bricks Blocks: 141 PCS Contains detailed assembly instructions. Notice: 1. Without an original box, but we guarantee our products have quality assurance and [&hellip;]<\/p>","protected":false},"featured_media":28414,"comment_status":"open","ping_status":"closed","template":"","meta":{"_acf_changed":false},"product_cat":[371],"product_tag":[4173,4174],"class_list":["product","first","instock","shipping-taxable","purchasable","product-type-simple"],"acf":[],"_links":{"self":[{"href":"https:\/\/mouldking.store\/de\/wp-json\/wp\/v2\/product\/28410","targetHints":{"allow":["GET"]}}],"collection":[{"href":"https:\/\/mouldking.store\/de\/wp-json\/wp\/v2\/product"}],"about":[{"href":"https:\/\/mouldking.store\/de\/wp-json\/wp\/v2\/types\/product"}],"replies":[{"embeddable":true,"href":"https:\/\/mouldking.store\/de\/wp-json\/wp\/v2\/comments?post=28410"}],"wp:featuredmedia":[{"embeddable":true,"href":"https:\/\/mouldking.store\/de\/wp-json\/wp\/v2\/media\/28414"}],"wp:attachment":[{"href":"https:\/\/mouldking.store\/de\/wp-json\/wp\/v2\/media?parent=28410"}],"wp:term":[{"taxonomy":"product_cat","embeddable":true,"href":"https:\/\/mouldking.store\/de\/wp-json\/wp\/v2\/product_cat?post=28410"},{"taxonomy":"product_tag","embeddable":true,"href":"https:\/\/mouldking.store\/de\/wp-json\/wp\/v2\/product_tag?post=28410"}],"curies":[{"name":"wp","href":"https:\/\/api.w.org\/{rel}","templated":true}]}}