{"id":28416,"date":"2021-12-09T06:46:41","date_gmt":"2021-12-08T23:46:41","guid":{"rendered":"https:\/\/mouldking.store\/?post_type=product&#038;p=28416"},"modified":"2025-12-25T09:16:54","modified_gmt":"2025-12-25T02:16:54","slug":"moc-56760-post-apocalyptic-survivors-base-on-docks-with-2180-pieces","status":"publish","type":"product","link":"https:\/\/mouldking.store\/de\/shop\/moc-56760-post-apocalyptic-survivors-base-on-docks-with-2180-pieces\/","title":{"rendered":"MOC-56760 Post Apocalyptic Survivors Base on Docks with 2180 pieces"},"content":{"rendered":"<p>Produktinformation:<\/p>\n<ol>\n<li>Marke: MOC<\/li>\n<li>Geschlecht: Unisex<\/li>\n<li>Name: Post Apocalyptic Survivors Base on Docks<\/li>\n<li>Altersspanne: &gt; 6 Jahre alt<\/li>\n<li>Model Number: MOC-56760<\/li>\n<li>Einstufung: Assemblage<\/li>\n<li>Kunststoffblockform: Selbstsichernde Steine<\/li>\n<li>Material: Kunststoff<\/li>\n<li>Kunststofftyp: ABS<\/li>\n<li>Bricks Blocks: 2180 PCS<\/li>\n<li>Dimensions: 34 x 39 x 35 cm<\/li>\n<li>Weight: 1.84 kg<\/li>\n<li>Zeit vereinbaren: 30-50 Tage (Sonderanfertigung)<\/li>\n<li>Enth\u00e4lt eine ausf\u00fchrliche Montageanleitung.<\/li>\n<\/ol>\n<p>Notiz:<br \/>\n1. Ohne Originalverpackung, aber wir garantieren, dass unsere Produkte eine Qualit\u00e4tssicherung und eine sch\u00f6ne Verpackung haben.<br \/>\n2. Wie alle Teile, die wir vor dem Versand \u00fcberpr\u00fcft haben, machen Sie sich keine Sorgen, wenn Sie feststellen, dass einige Teile fehlen oder besch\u00e4digt sind, und kontaktieren Sie uns einfach, und wir k\u00f6nnen sie Ihnen umgehend kostenlos erneut zusenden.<\/p>\n<figure id=\"attachment_28417\" aria-describedby=\"caption-attachment-28417\" style=\"width: 1000px\" class=\"wp-caption aligncenter\"><img fetchpriority=\"high\" decoding=\"async\" class=\"size-full wp-image-28417\" title=\"MOC-56760 Post Apocalyptic Survivors Base on Docks with 2180 pieces\" src=\"https:\/\/mouldking.store\/wp-content\/uploads\/2021\/12\/moc-56760-post-apocalyptic-survivors-base-on-docks-with-2180-pieces.jpg\" alt=\"MOC-56760 Post Apocalyptic Survivors Base on Docks with 2180 pieces\" width=\"1000\" height=\"1000\" srcset=\"https:\/\/mouldking.store\/wp-content\/uploads\/2021\/12\/moc-56760-post-apocalyptic-survivors-base-on-docks-with-2180-pieces.jpg 1000w, https:\/\/mouldking.store\/wp-content\/uploads\/2021\/12\/moc-56760-post-apocalyptic-survivors-base-on-docks-with-2180-pieces-300x300.jpg 300w, https:\/\/mouldking.store\/wp-content\/uploads\/2021\/12\/moc-56760-post-apocalyptic-survivors-base-on-docks-with-2180-pieces-768x768.jpg 768w, https:\/\/mouldking.store\/wp-content\/uploads\/2021\/12\/moc-56760-post-apocalyptic-survivors-base-on-docks-with-2180-pieces-600x600.jpg 600w, https:\/\/mouldking.store\/wp-content\/uploads\/2021\/12\/moc-56760-post-apocalyptic-survivors-base-on-docks-with-2180-pieces-150x150.jpg 150w\" sizes=\"(max-width: 1000px) 100vw, 1000px\" \/><figcaption id=\"caption-attachment-28417\" class=\"wp-caption-text\">MOC-56760 Post Apocalyptic Survivors Base on Docks with 2180 pieces<\/figcaption><\/figure>\n<figure id=\"attachment_28418\" aria-describedby=\"caption-attachment-28418\" style=\"width: 1000px\" class=\"wp-caption aligncenter\"><img decoding=\"async\" class=\"size-full wp-image-28418\" title=\"MOC-56760 Post Apocalyptic Survivors Base on Docks with 2180 pieces\" src=\"https:\/\/mouldking.store\/wp-content\/uploads\/2021\/12\/moc-56760-post-apocalyptic-survivors-base-on-docks-with-2180-pieces-1.jpg\" alt=\"MOC-56760 Post Apocalyptic Survivors Base on Docks with 2180 pieces\" width=\"1000\" height=\"1000\" srcset=\"https:\/\/mouldking.store\/wp-content\/uploads\/2021\/12\/moc-56760-post-apocalyptic-survivors-base-on-docks-with-2180-pieces-1.jpg 1000w, https:\/\/mouldking.store\/wp-content\/uploads\/2021\/12\/moc-56760-post-apocalyptic-survivors-base-on-docks-with-2180-pieces-1-300x300.jpg 300w, https:\/\/mouldking.store\/wp-content\/uploads\/2021\/12\/moc-56760-post-apocalyptic-survivors-base-on-docks-with-2180-pieces-1-768x768.jpg 768w, https:\/\/mouldking.store\/wp-content\/uploads\/2021\/12\/moc-56760-post-apocalyptic-survivors-base-on-docks-with-2180-pieces-1-600x600.jpg 600w, https:\/\/mouldking.store\/wp-content\/uploads\/2021\/12\/moc-56760-post-apocalyptic-survivors-base-on-docks-with-2180-pieces-1-150x150.jpg 150w\" sizes=\"(max-width: 1000px) 100vw, 1000px\" \/><figcaption id=\"caption-attachment-28418\" class=\"wp-caption-text\">MOC-56760 Post Apocalyptic Survivors Base on Docks with 2180 pieces<\/figcaption><\/figure>\n<p>&nbsp;<\/p>","protected":false},"excerpt":{"rendered":"<p>Product information: Brand: MOC Gender: Unisex Name: Post Apocalyptic Survivors Base on Docks Age Range: &gt; 6 years old Model Number: MOC-56760 Classification: Assemblage Plastic Block Shape: Self-Locking Bricks Material: Plastic Plastic Type: ABS Bricks Blocks: 2180 PCS Dimensions: 34 x 39 x 35 cm Weight: 1.84 kg Arrange Time: 30-50 days (custom item) Contains [&hellip;]<\/p>","protected":false},"featured_media":28419,"comment_status":"open","ping_status":"closed","template":"","meta":{"_acf_changed":false},"product_cat":[390],"product_tag":[4175,4176],"class_list":["product","first","instock","shipping-taxable","purchasable","product-type-simple"],"acf":[],"_links":{"self":[{"href":"https:\/\/mouldking.store\/de\/wp-json\/wp\/v2\/product\/28416","targetHints":{"allow":["GET"]}}],"collection":[{"href":"https:\/\/mouldking.store\/de\/wp-json\/wp\/v2\/product"}],"about":[{"href":"https:\/\/mouldking.store\/de\/wp-json\/wp\/v2\/types\/product"}],"replies":[{"embeddable":true,"href":"https:\/\/mouldking.store\/de\/wp-json\/wp\/v2\/comments?post=28416"}],"wp:featuredmedia":[{"embeddable":true,"href":"https:\/\/mouldking.store\/de\/wp-json\/wp\/v2\/media\/28419"}],"wp:attachment":[{"href":"https:\/\/mouldking.store\/de\/wp-json\/wp\/v2\/media?parent=28416"}],"wp:term":[{"taxonomy":"product_cat","embeddable":true,"href":"https:\/\/mouldking.store\/de\/wp-json\/wp\/v2\/product_cat?post=28416"},{"taxonomy":"product_tag","embeddable":true,"href":"https:\/\/mouldking.store\/de\/wp-json\/wp\/v2\/product_tag?post=28416"}],"curies":[{"name":"wp","href":"https:\/\/api.w.org\/{rel}","templated":true}]}}