{"id":28533,"date":"2021-12-15T15:36:43","date_gmt":"2021-12-15T15:36:43","guid":{"rendered":"https:\/\/mouldking.store\/?post_type=product&#038;p=28533"},"modified":"2025-12-25T09:16:52","modified_gmt":"2025-12-25T02:16:52","slug":"moc-29526-ultimate-m1a2-abrams-tank-with-scissor-type-bridge-and-launcher-with-3081-pieces","status":"publish","type":"product","link":"https:\/\/mouldking.store\/de\/shop\/moc-29526-ultimate-m1a2-abrams-tank-with-scissor-type-bridge-and-launcher-with-3081-pieces\/","title":{"rendered":"MOC-29526 Ultimate M1A2 Abrams Tank mit Scissor Type Bridge und Launcher mit 3081 Teilen"},"content":{"rendered":"<p>Produktinformation:<\/p>\n<ol>\n<li>Marke: MOC<\/li>\n<li>Geschlecht: Unisex<\/li>\n<li>Name: Ultimate M1A2 Abrams Tank with Scissor Type Bridge And Launcher<\/li>\n<li>Altersspanne: &gt; 6 Jahre alt<\/li>\n<li>Model Number: MOC-29526<\/li>\n<li>Einstufung: Assemblage<\/li>\n<li>Kunststoffblockform: Selbstsichernde Steine<\/li>\n<li>Material: Kunststoff<\/li>\n<li>Kunststofftyp: ABS<\/li>\n<li>Bricks Blocks: 3081 PCS<\/li>\n<li>Enth\u00e4lt eine ausf\u00fchrliche Montageanleitung.<\/li>\n<\/ol>\n<p>Notiz:<br \/>\n1. Ohne Originalverpackung, aber wir garantieren, dass unsere Produkte eine Qualit\u00e4tssicherung und eine sch\u00f6ne Verpackung haben.<br \/>\n2. Wie alle Teile, die wir vor dem Versand \u00fcberpr\u00fcft haben, machen Sie sich keine Sorgen, wenn Sie feststellen, dass einige Teile fehlen oder besch\u00e4digt sind, und kontaktieren Sie uns einfach, und wir k\u00f6nnen sie Ihnen umgehend kostenlos erneut zusenden.<\/p>\n<figure id=\"attachment_28534\" aria-describedby=\"caption-attachment-28534\" style=\"width: 800px\" class=\"wp-caption aligncenter\"><img fetchpriority=\"high\" decoding=\"async\" class=\"size-full wp-image-28534\" title=\"MOC-29526 Ultimate M1A2 Abrams Tank mit Scissor Type Bridge und Launcher mit 3081 Teilen\" src=\"https:\/\/mouldking.store\/wp-content\/uploads\/2021\/12\/moc-29526-ultimate-m1a2-abrams-tank-with-scissor-type-bridge-and-launcher-with-3081-pieces.jpg\" alt=\"MOC-29526 Ultimate M1A2 Abrams Tank with Scissor Type Bridge And Launcher with 3081 pieces\" width=\"800\" height=\"800\" srcset=\"https:\/\/mouldking.store\/wp-content\/uploads\/2021\/12\/moc-29526-ultimate-m1a2-abrams-tank-with-scissor-type-bridge-and-launcher-with-3081-pieces.jpg 800w, https:\/\/mouldking.store\/wp-content\/uploads\/2021\/12\/moc-29526-ultimate-m1a2-abrams-tank-with-scissor-type-bridge-and-launcher-with-3081-pieces-300x300.jpg 300w, https:\/\/mouldking.store\/wp-content\/uploads\/2021\/12\/moc-29526-ultimate-m1a2-abrams-tank-with-scissor-type-bridge-and-launcher-with-3081-pieces-768x768.jpg 768w, https:\/\/mouldking.store\/wp-content\/uploads\/2021\/12\/moc-29526-ultimate-m1a2-abrams-tank-with-scissor-type-bridge-and-launcher-with-3081-pieces-600x600.jpg 600w, https:\/\/mouldking.store\/wp-content\/uploads\/2021\/12\/moc-29526-ultimate-m1a2-abrams-tank-with-scissor-type-bridge-and-launcher-with-3081-pieces-150x150.jpg 150w\" sizes=\"(max-width: 800px) 100vw, 800px\" \/><figcaption id=\"caption-attachment-28534\" class=\"wp-caption-text\">MOC-29526 Ultimate M1A2 Abrams Tank mit Scissor Type Bridge und Launcher mit 3081 Teilen<\/figcaption><\/figure>","protected":false},"excerpt":{"rendered":"<p>Product information: Brand: MOC Gender: Unisex Name: Ultimate M1A2 Abrams Tank with Scissor Type Bridge And Launcher Age Range: &gt; 6 years old Model Number: MOC-29526 Classification: Assemblage Plastic Block Shape: Self-Locking Bricks Material: Plastic Plastic Type: ABS Bricks Blocks: 3081 PCS Contains detailed assembly instructions. Notice: 1. Without an original box, but we guarantee [&hellip;]<\/p>","protected":false},"featured_media":28535,"comment_status":"open","ping_status":"closed","template":"","meta":{"_acf_changed":false},"product_cat":[15],"product_tag":[4215,4216],"class_list":["product","first","instock","shipping-taxable","purchasable","product-type-simple"],"acf":[],"_links":{"self":[{"href":"https:\/\/mouldking.store\/de\/wp-json\/wp\/v2\/product\/28533","targetHints":{"allow":["GET"]}}],"collection":[{"href":"https:\/\/mouldking.store\/de\/wp-json\/wp\/v2\/product"}],"about":[{"href":"https:\/\/mouldking.store\/de\/wp-json\/wp\/v2\/types\/product"}],"replies":[{"embeddable":true,"href":"https:\/\/mouldking.store\/de\/wp-json\/wp\/v2\/comments?post=28533"}],"wp:featuredmedia":[{"embeddable":true,"href":"https:\/\/mouldking.store\/de\/wp-json\/wp\/v2\/media\/28535"}],"wp:attachment":[{"href":"https:\/\/mouldking.store\/de\/wp-json\/wp\/v2\/media?parent=28533"}],"wp:term":[{"taxonomy":"product_cat","embeddable":true,"href":"https:\/\/mouldking.store\/de\/wp-json\/wp\/v2\/product_cat?post=28533"},{"taxonomy":"product_tag","embeddable":true,"href":"https:\/\/mouldking.store\/de\/wp-json\/wp\/v2\/product_tag?post=28533"}],"curies":[{"name":"wp","href":"https:\/\/api.w.org\/{rel}","templated":true}]}}