{"id":28664,"date":"2021-12-20T16:43:05","date_gmt":"2021-12-20T16:43:05","guid":{"rendered":"https:\/\/mouldking.store\/?post_type=product&#038;p=28664"},"modified":"2025-12-25T09:16:51","modified_gmt":"2025-12-25T02:16:51","slug":"moc-6021-constitution-class-u-s-s-enterprise-with-199-pieces","status":"publish","type":"product","link":"https:\/\/mouldking.store\/de\/shop\/moc-6021-constitution-class-u-s-s-enterprise-with-199-pieces\/","title":{"rendered":"MOC-6021 Constitution Class USS Enterprise mit 199 Teilen"},"content":{"rendered":"<p>Produktinformation:<\/p>\n<ol>\n<li>Marke: MOC<\/li>\n<li>Geschlecht: Unisex<\/li>\n<li>Name: Constitution Class U.S.S. Enterprise<\/li>\n<li>Altersspanne: &gt; 6 Jahre alt<\/li>\n<li>Model Number: MOC-6021<\/li>\n<li>Einstufung: Assemblage<\/li>\n<li>Kunststoffblockform: Selbstsichernde Steine<\/li>\n<li>Material: Kunststoff<\/li>\n<li>Kunststofftyp: ABS<\/li>\n<li>Bricks Blocks: 199 PCS<\/li>\n<li>Enth\u00e4lt eine ausf\u00fchrliche Montageanleitung.<\/li>\n<\/ol>\n<p>Notiz:<br \/>\n1. Ohne Originalverpackung, aber wir garantieren, dass unsere Produkte eine Qualit\u00e4tssicherung und eine sch\u00f6ne Verpackung haben.<br \/>\n2. Wie alle Teile, die wir vor dem Versand \u00fcberpr\u00fcft haben, machen Sie sich keine Sorgen, wenn Sie feststellen, dass einige Teile fehlen oder besch\u00e4digt sind, und kontaktieren Sie uns einfach, und wir k\u00f6nnen sie Ihnen umgehend kostenlos erneut zusenden.<\/p>\n<figure id=\"attachment_28666\" aria-describedby=\"caption-attachment-28666\" style=\"width: 800px\" class=\"wp-caption aligncenter\"><img fetchpriority=\"high\" decoding=\"async\" class=\"size-full wp-image-28666\" title=\"MOC-6021 Constitution Class USS Enterprise mit 199 Teilen\" src=\"https:\/\/mouldking.store\/wp-content\/uploads\/2021\/12\/moc-6021-constitution-class-u-s-s-enterprise-with-199-pieces.jpg\" alt=\"MOC-6021 Constitution Class U.S.S. Enterprise with 199 pieces\" width=\"800\" height=\"800\" srcset=\"https:\/\/mouldking.store\/wp-content\/uploads\/2021\/12\/moc-6021-constitution-class-u-s-s-enterprise-with-199-pieces.jpg 800w, https:\/\/mouldking.store\/wp-content\/uploads\/2021\/12\/moc-6021-constitution-class-u-s-s-enterprise-with-199-pieces-300x300.jpg 300w, https:\/\/mouldking.store\/wp-content\/uploads\/2021\/12\/moc-6021-constitution-class-u-s-s-enterprise-with-199-pieces-768x768.jpg 768w, https:\/\/mouldking.store\/wp-content\/uploads\/2021\/12\/moc-6021-constitution-class-u-s-s-enterprise-with-199-pieces-600x600.jpg 600w, https:\/\/mouldking.store\/wp-content\/uploads\/2021\/12\/moc-6021-constitution-class-u-s-s-enterprise-with-199-pieces-150x150.jpg 150w\" sizes=\"(max-width: 800px) 100vw, 800px\" \/><figcaption id=\"caption-attachment-28666\" class=\"wp-caption-text\">MOC-6021 Constitution Class USS Enterprise mit 199 Teilen<\/figcaption><\/figure>\n<figure id=\"attachment_28667\" aria-describedby=\"caption-attachment-28667\" style=\"width: 800px\" class=\"wp-caption aligncenter\"><img decoding=\"async\" class=\"size-full wp-image-28667\" title=\"MOC-6021 Constitution Class USS Enterprise mit 199 Teilen\" src=\"https:\/\/mouldking.store\/wp-content\/uploads\/2021\/12\/moc-6021-constitution-class-u-s-s-enterprise-with-199-pieces-1.jpg\" alt=\"MOC-6021 Constitution Class U.S.S. Enterprise with 199 pieces\" width=\"800\" height=\"800\" srcset=\"https:\/\/mouldking.store\/wp-content\/uploads\/2021\/12\/moc-6021-constitution-class-u-s-s-enterprise-with-199-pieces-1.jpg 800w, https:\/\/mouldking.store\/wp-content\/uploads\/2021\/12\/moc-6021-constitution-class-u-s-s-enterprise-with-199-pieces-1-300x300.jpg 300w, https:\/\/mouldking.store\/wp-content\/uploads\/2021\/12\/moc-6021-constitution-class-u-s-s-enterprise-with-199-pieces-1-768x768.jpg 768w, https:\/\/mouldking.store\/wp-content\/uploads\/2021\/12\/moc-6021-constitution-class-u-s-s-enterprise-with-199-pieces-1-600x600.jpg 600w, https:\/\/mouldking.store\/wp-content\/uploads\/2021\/12\/moc-6021-constitution-class-u-s-s-enterprise-with-199-pieces-1-150x150.jpg 150w\" sizes=\"(max-width: 800px) 100vw, 800px\" \/><figcaption id=\"caption-attachment-28667\" class=\"wp-caption-text\">MOC-6021 Constitution Class USS Enterprise mit 199 Teilen<\/figcaption><\/figure>\n<figure id=\"attachment_28667\" aria-describedby=\"caption-attachment-28667\" style=\"width: 800px\" class=\"wp-caption aligncenter\"><img decoding=\"async\" class=\"size-full wp-image-28667\" title=\"MOC-6021 Constitution Class USS Enterprise mit 199 Teilen\" src=\"https:\/\/mouldking.store\/wp-content\/uploads\/2021\/12\/moc-6021-constitution-class-u-s-s-enterprise-with-199-pieces-1.jpg\" alt=\"MOC-6021 Constitution Class U.S.S. Enterprise with 199 pieces\" width=\"800\" height=\"800\" srcset=\"https:\/\/mouldking.store\/wp-content\/uploads\/2021\/12\/moc-6021-constitution-class-u-s-s-enterprise-with-199-pieces-1.jpg 800w, https:\/\/mouldking.store\/wp-content\/uploads\/2021\/12\/moc-6021-constitution-class-u-s-s-enterprise-with-199-pieces-1-300x300.jpg 300w, https:\/\/mouldking.store\/wp-content\/uploads\/2021\/12\/moc-6021-constitution-class-u-s-s-enterprise-with-199-pieces-1-768x768.jpg 768w, https:\/\/mouldking.store\/wp-content\/uploads\/2021\/12\/moc-6021-constitution-class-u-s-s-enterprise-with-199-pieces-1-600x600.jpg 600w, https:\/\/mouldking.store\/wp-content\/uploads\/2021\/12\/moc-6021-constitution-class-u-s-s-enterprise-with-199-pieces-1-150x150.jpg 150w\" sizes=\"(max-width: 800px) 100vw, 800px\" \/><figcaption id=\"caption-attachment-28667\" class=\"wp-caption-text\">MOC-6021 Constitution Class USS Enterprise mit 199 Teilen<\/figcaption><\/figure>","protected":false},"excerpt":{"rendered":"<p>Product information: Brand: MOC Gender: Unisex Name: Constitution Class U.S.S. Enterprise Age Range: &gt; 6 years old Model Number: MOC-6021 Classification: Assemblage Plastic Block Shape: Self-Locking Bricks Material: Plastic Plastic Type: ABS Bricks Blocks: 199 PCS Contains detailed assembly instructions. Notice: 1. Without an original box, but we guarantee our products have quality assurance and [&hellip;]<\/p>","protected":false},"featured_media":28669,"comment_status":"open","ping_status":"closed","template":"","meta":{"_acf_changed":false},"product_cat":[581],"product_tag":[4268,4267],"class_list":["product","first","instock","shipping-taxable","purchasable","product-type-simple"],"acf":[],"_links":{"self":[{"href":"https:\/\/mouldking.store\/de\/wp-json\/wp\/v2\/product\/28664","targetHints":{"allow":["GET"]}}],"collection":[{"href":"https:\/\/mouldking.store\/de\/wp-json\/wp\/v2\/product"}],"about":[{"href":"https:\/\/mouldking.store\/de\/wp-json\/wp\/v2\/types\/product"}],"replies":[{"embeddable":true,"href":"https:\/\/mouldking.store\/de\/wp-json\/wp\/v2\/comments?post=28664"}],"wp:featuredmedia":[{"embeddable":true,"href":"https:\/\/mouldking.store\/de\/wp-json\/wp\/v2\/media\/28669"}],"wp:attachment":[{"href":"https:\/\/mouldking.store\/de\/wp-json\/wp\/v2\/media?parent=28664"}],"wp:term":[{"taxonomy":"product_cat","embeddable":true,"href":"https:\/\/mouldking.store\/de\/wp-json\/wp\/v2\/product_cat?post=28664"},{"taxonomy":"product_tag","embeddable":true,"href":"https:\/\/mouldking.store\/de\/wp-json\/wp\/v2\/product_tag?post=28664"}],"curies":[{"name":"wp","href":"https:\/\/api.w.org\/{rel}","templated":true}]}}