{"id":28691,"date":"2021-12-21T03:59:25","date_gmt":"2021-12-20T20:59:25","guid":{"rendered":"https:\/\/mouldking.store\/?post_type=product&#038;p=28691"},"modified":"2025-12-25T09:16:51","modified_gmt":"2025-12-25T02:16:51","slug":"moc-9424-ucs-colonial-viper-battlestar-galactica-with-2691-pieces","status":"publish","type":"product","link":"https:\/\/mouldking.store\/de\/shop\/moc-9424-ucs-colonial-viper-battlestar-galactica-with-2691-pieces\/","title":{"rendered":"MOC-9424 UCS Colonial Viper \u2013 Battlestar Galactica mit 2691 St\u00fcck"},"content":{"rendered":"<p>Produktinformation:<\/p>\n<ol>\n<li>Marke: MOC<\/li>\n<li>Geschlecht: Unisex<\/li>\n<li>Name: UCS Colonial Viper \u2013 Battlestar Galactica<\/li>\n<li>Altersspanne: &gt; 6 Jahre alt<\/li>\n<li>Modellnummer: MOC-9424<\/li>\n<li>Einstufung: Assemblage<\/li>\n<li>Kunststoffblockform: Selbstsichernde Steine<\/li>\n<li>Material: Kunststoff<\/li>\n<li>Kunststofftyp: ABS<\/li>\n<li>Ziegelsteine: 2691 PCS<\/li>\n<li>Enth\u00e4lt eine ausf\u00fchrliche Montageanleitung.<\/li>\n<\/ol>\n<p>Notiz:<br \/>\n1. Ohne Originalverpackung, aber wir garantieren, dass unsere Produkte eine Qualit\u00e4tssicherung und eine sch\u00f6ne Verpackung haben.<br \/>\n2. Wie alle Teile, die wir vor dem Versand \u00fcberpr\u00fcft haben, machen Sie sich keine Sorgen, wenn Sie feststellen, dass einige Teile fehlen oder besch\u00e4digt sind, und kontaktieren Sie uns einfach, und wir k\u00f6nnen sie Ihnen umgehend kostenlos erneut zusenden.<\/p>\n<figure id=\"attachment_28693\" aria-describedby=\"caption-attachment-28693\" style=\"width: 1000px\" class=\"wp-caption aligncenter\"><img fetchpriority=\"high\" decoding=\"async\" class=\"size-full wp-image-28693\" title=\"MOC-9424 UCS Colonial Viper - Battlestar Galactica mit 2691 St\u00fcck\" src=\"https:\/\/mouldking.store\/wp-content\/uploads\/2021\/12\/moc-9424-ucs-colonial-viper-battlestar-galactica-with-2691-pieces.jpg\" alt=\"MOC-9424 UCS Colonial Viper - Battlestar Galactica with 2691 pieces\" width=\"1000\" height=\"1000\" srcset=\"https:\/\/mouldking.store\/wp-content\/uploads\/2021\/12\/moc-9424-ucs-colonial-viper-battlestar-galactica-with-2691-pieces.jpg 1000w, https:\/\/mouldking.store\/wp-content\/uploads\/2021\/12\/moc-9424-ucs-colonial-viper-battlestar-galactica-with-2691-pieces-300x300.jpg 300w, https:\/\/mouldking.store\/wp-content\/uploads\/2021\/12\/moc-9424-ucs-colonial-viper-battlestar-galactica-with-2691-pieces-768x768.jpg 768w, https:\/\/mouldking.store\/wp-content\/uploads\/2021\/12\/moc-9424-ucs-colonial-viper-battlestar-galactica-with-2691-pieces-600x600.jpg 600w, https:\/\/mouldking.store\/wp-content\/uploads\/2021\/12\/moc-9424-ucs-colonial-viper-battlestar-galactica-with-2691-pieces-150x150.jpg 150w\" sizes=\"(max-width: 1000px) 100vw, 1000px\" \/><figcaption id=\"caption-attachment-28693\" class=\"wp-caption-text\">MOC-9424 UCS Colonial Viper \u2013 Battlestar Galactica mit 2691 St\u00fcck<\/figcaption><\/figure>\n<figure id=\"attachment_28694\" aria-describedby=\"caption-attachment-28694\" style=\"width: 1000px\" class=\"wp-caption aligncenter\"><img decoding=\"async\" class=\"size-full wp-image-28694\" title=\"MOC-9424 UCS Colonial Viper - Battlestar Galactica mit 2691 St\u00fcck\" src=\"https:\/\/mouldking.store\/wp-content\/uploads\/2021\/12\/moc-9424-ucs-colonial-viper-battlestar-galactica-with-2691-pieces-1.jpg\" alt=\"MOC-9424 UCS Colonial Viper - Battlestar Galactica with 2691 pieces\" width=\"1000\" height=\"1000\" srcset=\"https:\/\/mouldking.store\/wp-content\/uploads\/2021\/12\/moc-9424-ucs-colonial-viper-battlestar-galactica-with-2691-pieces-1.jpg 1000w, https:\/\/mouldking.store\/wp-content\/uploads\/2021\/12\/moc-9424-ucs-colonial-viper-battlestar-galactica-with-2691-pieces-1-300x300.jpg 300w, https:\/\/mouldking.store\/wp-content\/uploads\/2021\/12\/moc-9424-ucs-colonial-viper-battlestar-galactica-with-2691-pieces-1-768x768.jpg 768w, https:\/\/mouldking.store\/wp-content\/uploads\/2021\/12\/moc-9424-ucs-colonial-viper-battlestar-galactica-with-2691-pieces-1-600x600.jpg 600w, https:\/\/mouldking.store\/wp-content\/uploads\/2021\/12\/moc-9424-ucs-colonial-viper-battlestar-galactica-with-2691-pieces-1-150x150.jpg 150w\" sizes=\"(max-width: 1000px) 100vw, 1000px\" \/><figcaption id=\"caption-attachment-28694\" class=\"wp-caption-text\">MOC-9424 UCS Colonial Viper \u2013 Battlestar Galactica mit 2691 St\u00fcck<\/figcaption><\/figure>\n<figure id=\"attachment_28695\" aria-describedby=\"caption-attachment-28695\" style=\"width: 1000px\" class=\"wp-caption aligncenter\"><img decoding=\"async\" class=\"size-full wp-image-28695\" title=\"MOC-9424 UCS Colonial Viper - Battlestar Galactica mit 2691 St\u00fcck\" src=\"https:\/\/mouldking.store\/wp-content\/uploads\/2021\/12\/moc-9424-ucs-colonial-viper-battlestar-galactica-with-2691-pieces-2.jpg\" alt=\"MOC-9424 UCS Colonial Viper - Battlestar Galactica with 2691 pieces\" width=\"1000\" height=\"1000\" srcset=\"https:\/\/mouldking.store\/wp-content\/uploads\/2021\/12\/moc-9424-ucs-colonial-viper-battlestar-galactica-with-2691-pieces-2.jpg 1000w, https:\/\/mouldking.store\/wp-content\/uploads\/2021\/12\/moc-9424-ucs-colonial-viper-battlestar-galactica-with-2691-pieces-2-300x300.jpg 300w, https:\/\/mouldking.store\/wp-content\/uploads\/2021\/12\/moc-9424-ucs-colonial-viper-battlestar-galactica-with-2691-pieces-2-768x768.jpg 768w, https:\/\/mouldking.store\/wp-content\/uploads\/2021\/12\/moc-9424-ucs-colonial-viper-battlestar-galactica-with-2691-pieces-2-600x600.jpg 600w, https:\/\/mouldking.store\/wp-content\/uploads\/2021\/12\/moc-9424-ucs-colonial-viper-battlestar-galactica-with-2691-pieces-2-150x150.jpg 150w\" sizes=\"(max-width: 1000px) 100vw, 1000px\" \/><figcaption id=\"caption-attachment-28695\" class=\"wp-caption-text\">MOC-9424 UCS Colonial Viper \u2013 Battlestar Galactica mit 2691 St\u00fcck<\/figcaption><\/figure>","protected":false},"excerpt":{"rendered":"<p>Product information: Brand: MOC Gender: Unisex Name: UCS Colonial Viper &#8211; Battlestar Galactica Age Range: &gt; 6 years old Model Number: MOC-9424 Classification: Assemblage Plastic Block Shape: Self-Locking Bricks Material: Plastic Plastic Type: ABS Bricks Blocks: 2691 PCS Contains detailed assembly instructions. Notice: 1. Without an original box, but we guarantee our products have quality [&hellip;]<\/p>","protected":false},"featured_media":28697,"comment_status":"open","ping_status":"closed","template":"","meta":{"_acf_changed":false},"product_cat":[581],"product_tag":[4277,4278],"class_list":["product","first","instock","shipping-taxable","purchasable","product-type-simple"],"acf":[],"_links":{"self":[{"href":"https:\/\/mouldking.store\/de\/wp-json\/wp\/v2\/product\/28691","targetHints":{"allow":["GET"]}}],"collection":[{"href":"https:\/\/mouldking.store\/de\/wp-json\/wp\/v2\/product"}],"about":[{"href":"https:\/\/mouldking.store\/de\/wp-json\/wp\/v2\/types\/product"}],"replies":[{"embeddable":true,"href":"https:\/\/mouldking.store\/de\/wp-json\/wp\/v2\/comments?post=28691"}],"wp:featuredmedia":[{"embeddable":true,"href":"https:\/\/mouldking.store\/de\/wp-json\/wp\/v2\/media\/28697"}],"wp:attachment":[{"href":"https:\/\/mouldking.store\/de\/wp-json\/wp\/v2\/media?parent=28691"}],"wp:term":[{"taxonomy":"product_cat","embeddable":true,"href":"https:\/\/mouldking.store\/de\/wp-json\/wp\/v2\/product_cat?post=28691"},{"taxonomy":"product_tag","embeddable":true,"href":"https:\/\/mouldking.store\/de\/wp-json\/wp\/v2\/product_tag?post=28691"}],"curies":[{"name":"wp","href":"https:\/\/api.w.org\/{rel}","templated":true}]}}