{"id":28718,"date":"2021-12-21T04:40:20","date_gmt":"2021-12-20T21:40:20","guid":{"rendered":"https:\/\/mouldking.store\/?post_type=product&#038;p=28718"},"modified":"2025-12-25T09:16:50","modified_gmt":"2025-12-25T02:16:50","slug":"moc-4463-audi-r8-v10-second-generation-with-1839-pieces","status":"publish","type":"product","link":"https:\/\/mouldking.store\/de\/shop\/moc-4463-audi-r8-v10-second-generation-with-1839-pieces\/","title":{"rendered":"MOC-4463 Audi R8 V10 Zweite Generation mit 1839 St\u00fcck"},"content":{"rendered":"<p>Produktinformation:<\/p>\n<ol>\n<li>Marke: MOC<\/li>\n<li>Geschlecht: Unisex<\/li>\n<li>Name: Audi R8 V10 Second Generation<\/li>\n<li>Altersspanne: &gt; 6 Jahre alt<\/li>\n<li>Model Number: MOC-4463<\/li>\n<li>Einstufung: Assemblage<\/li>\n<li>Kunststoffblockform: Selbstsichernde Steine<\/li>\n<li>Material: Kunststoff<\/li>\n<li>Kunststofftyp: ABS<\/li>\n<li>Bricks Blocks: 1839 PCS<\/li>\n<li>Enth\u00e4lt eine ausf\u00fchrliche Montageanleitung.<\/li>\n<\/ol>\n<p>Notiz:<br \/>\n1. Ohne Originalverpackung, aber wir garantieren, dass unsere Produkte eine Qualit\u00e4tssicherung und eine sch\u00f6ne Verpackung haben.<br \/>\n2. Wie alle Teile, die wir vor dem Versand \u00fcberpr\u00fcft haben, machen Sie sich keine Sorgen, wenn Sie feststellen, dass einige Teile fehlen oder besch\u00e4digt sind, und kontaktieren Sie uns einfach, und wir k\u00f6nnen sie Ihnen umgehend kostenlos erneut zusenden.<\/p>\n<figure id=\"attachment_28719\" aria-describedby=\"caption-attachment-28719\" style=\"width: 800px\" class=\"wp-caption aligncenter\"><img fetchpriority=\"high\" decoding=\"async\" class=\"size-full wp-image-28719\" title=\"MOC-4463 Audi R8 V10 Zweite Generation mit 1839 St\u00fcck\" src=\"https:\/\/mouldking.store\/wp-content\/uploads\/2021\/12\/moc-4463-audi-r8-v10-second-generation-with-1839-pieces.png\" alt=\"MOC-4463 Audi R8 V10 Second Generation with 1839 pieces\" width=\"800\" height=\"800\" srcset=\"https:\/\/mouldking.store\/wp-content\/uploads\/2021\/12\/moc-4463-audi-r8-v10-second-generation-with-1839-pieces.png 800w, https:\/\/mouldking.store\/wp-content\/uploads\/2021\/12\/moc-4463-audi-r8-v10-second-generation-with-1839-pieces-300x300.png 300w, https:\/\/mouldking.store\/wp-content\/uploads\/2021\/12\/moc-4463-audi-r8-v10-second-generation-with-1839-pieces-768x768.png 768w, https:\/\/mouldking.store\/wp-content\/uploads\/2021\/12\/moc-4463-audi-r8-v10-second-generation-with-1839-pieces-600x600.png 600w, https:\/\/mouldking.store\/wp-content\/uploads\/2021\/12\/moc-4463-audi-r8-v10-second-generation-with-1839-pieces-150x150.png 150w\" sizes=\"(max-width: 800px) 100vw, 800px\" \/><figcaption id=\"caption-attachment-28719\" class=\"wp-caption-text\">MOC-4463 Audi R8 V10 Zweite Generation mit 1839 St\u00fcck<\/figcaption><\/figure>\n<figure id=\"attachment_28720\" aria-describedby=\"caption-attachment-28720\" style=\"width: 800px\" class=\"wp-caption aligncenter\"><img decoding=\"async\" class=\"size-full wp-image-28720\" title=\"MOC-4463 Audi R8 V10 Zweite Generation mit 1839 St\u00fcck\" src=\"https:\/\/mouldking.store\/wp-content\/uploads\/2021\/12\/moc-4463-audi-r8-v10-second-generation-with-1839-pieces-1.png\" alt=\"MOC-4463 Audi R8 V10 Second Generation with 1839 pieces\" width=\"800\" height=\"800\" srcset=\"https:\/\/mouldking.store\/wp-content\/uploads\/2021\/12\/moc-4463-audi-r8-v10-second-generation-with-1839-pieces-1.png 800w, https:\/\/mouldking.store\/wp-content\/uploads\/2021\/12\/moc-4463-audi-r8-v10-second-generation-with-1839-pieces-1-300x300.png 300w, https:\/\/mouldking.store\/wp-content\/uploads\/2021\/12\/moc-4463-audi-r8-v10-second-generation-with-1839-pieces-1-768x768.png 768w, https:\/\/mouldking.store\/wp-content\/uploads\/2021\/12\/moc-4463-audi-r8-v10-second-generation-with-1839-pieces-1-600x600.png 600w, https:\/\/mouldking.store\/wp-content\/uploads\/2021\/12\/moc-4463-audi-r8-v10-second-generation-with-1839-pieces-1-150x150.png 150w\" sizes=\"(max-width: 800px) 100vw, 800px\" \/><figcaption id=\"caption-attachment-28720\" class=\"wp-caption-text\">MOC-4463 Audi R8 V10 Zweite Generation mit 1839 St\u00fcck<\/figcaption><\/figure>\n<figure id=\"attachment_28721\" aria-describedby=\"caption-attachment-28721\" style=\"width: 800px\" class=\"wp-caption aligncenter\"><img decoding=\"async\" class=\"size-full wp-image-28721\" title=\"MOC-4463 Audi R8 V10 Zweite Generation mit 1839 St\u00fcck\" src=\"https:\/\/mouldking.store\/wp-content\/uploads\/2021\/12\/moc-4463-audi-r8-v10-second-generation-with-1839-pieces-2.png\" alt=\"MOC-4463 Audi R8 V10 Second Generation with 1839 pieces\" width=\"800\" height=\"800\" srcset=\"https:\/\/mouldking.store\/wp-content\/uploads\/2021\/12\/moc-4463-audi-r8-v10-second-generation-with-1839-pieces-2.png 800w, https:\/\/mouldking.store\/wp-content\/uploads\/2021\/12\/moc-4463-audi-r8-v10-second-generation-with-1839-pieces-2-300x300.png 300w, https:\/\/mouldking.store\/wp-content\/uploads\/2021\/12\/moc-4463-audi-r8-v10-second-generation-with-1839-pieces-2-768x768.png 768w, https:\/\/mouldking.store\/wp-content\/uploads\/2021\/12\/moc-4463-audi-r8-v10-second-generation-with-1839-pieces-2-600x600.png 600w, https:\/\/mouldking.store\/wp-content\/uploads\/2021\/12\/moc-4463-audi-r8-v10-second-generation-with-1839-pieces-2-150x150.png 150w\" sizes=\"(max-width: 800px) 100vw, 800px\" \/><figcaption id=\"caption-attachment-28721\" class=\"wp-caption-text\">MOC-4463 Audi R8 V10 Zweite Generation mit 1839 St\u00fcck<\/figcaption><\/figure>","protected":false},"excerpt":{"rendered":"<p>Product information: Brand: MOC Gender: Unisex Name: Audi R8 V10 Second Generation Age Range: &gt; 6 years old Model Number: MOC-4463 Classification: Assemblage Plastic Block Shape: Self-Locking Bricks Material: Plastic Plastic Type: ABS Bricks Blocks: 1839 PCS Contains detailed assembly instructions. Notice: 1. Without an original box, but we guarantee our products have quality assurance [&hellip;]<\/p>","protected":false},"featured_media":28722,"comment_status":"open","ping_status":"closed","template":"","meta":{"_acf_changed":false},"product_cat":[364],"product_tag":[816,817],"class_list":["product","first","instock","shipping-taxable","purchasable","product-type-simple"],"acf":[],"_links":{"self":[{"href":"https:\/\/mouldking.store\/de\/wp-json\/wp\/v2\/product\/28718","targetHints":{"allow":["GET"]}}],"collection":[{"href":"https:\/\/mouldking.store\/de\/wp-json\/wp\/v2\/product"}],"about":[{"href":"https:\/\/mouldking.store\/de\/wp-json\/wp\/v2\/types\/product"}],"replies":[{"embeddable":true,"href":"https:\/\/mouldking.store\/de\/wp-json\/wp\/v2\/comments?post=28718"}],"wp:featuredmedia":[{"embeddable":true,"href":"https:\/\/mouldking.store\/de\/wp-json\/wp\/v2\/media\/28722"}],"wp:attachment":[{"href":"https:\/\/mouldking.store\/de\/wp-json\/wp\/v2\/media?parent=28718"}],"wp:term":[{"taxonomy":"product_cat","embeddable":true,"href":"https:\/\/mouldking.store\/de\/wp-json\/wp\/v2\/product_cat?post=28718"},{"taxonomy":"product_tag","embeddable":true,"href":"https:\/\/mouldking.store\/de\/wp-json\/wp\/v2\/product_tag?post=28718"}],"curies":[{"name":"wp","href":"https:\/\/api.w.org\/{rel}","templated":true}]}}