{"id":28728,"date":"2021-12-21T06:00:33","date_gmt":"2021-12-20T23:00:33","guid":{"rendered":"https:\/\/mouldking.store\/?post_type=product&#038;p=28728"},"modified":"2025-12-25T09:16:50","modified_gmt":"2025-12-25T02:16:50","slug":"moc-44946-micro-assault-on-hoth-at-at-at-st-with-567-pieces","status":"publish","type":"product","link":"https:\/\/mouldking.store\/de\/shop\/moc-44946-micro-assault-on-hoth-at-at-at-st-with-567-pieces\/","title":{"rendered":"MOC-44946 Micro Assault on Hoth + AT-AT &amp; AT-ST mit 567 Teilen"},"content":{"rendered":"<p>Produktinformation:<\/p>\n<ol>\n<li>Marke: MOC<\/li>\n<li>Geschlecht: Unisex<\/li>\n<li>Name: Mikroangriff auf Hoth AT-AT &amp; AT-ST<\/li>\n<li>Altersspanne: &gt; 6 Jahre alt<\/li>\n<li>Modellnummer: MOC-44946<\/li>\n<li>Einstufung: Assemblage<\/li>\n<li>Kunststoffblockform: Selbstsichernde Steine<\/li>\n<li>Material: Kunststoff<\/li>\n<li>Kunststofftyp: ABS<\/li>\n<li>Ziegelsteine: 567 ST\u00dcCKE<\/li>\n<li>Enth\u00e4lt eine ausf\u00fchrliche Montageanleitung.<\/li>\n<\/ol>\n<p>Notiz:<br \/>\n1. Ohne Originalverpackung, aber wir garantieren, dass unsere Produkte eine Qualit\u00e4tssicherung und eine sch\u00f6ne Verpackung haben.<br \/>\n2. Wie alle Teile, die wir vor dem Versand \u00fcberpr\u00fcft haben, machen Sie sich keine Sorgen, wenn Sie feststellen, dass einige Teile fehlen oder besch\u00e4digt sind, und kontaktieren Sie uns einfach, und wir k\u00f6nnen sie Ihnen umgehend kostenlos erneut zusenden.<\/p>\n<figure id=\"attachment_28729\" aria-describedby=\"caption-attachment-28729\" style=\"width: 800px\" class=\"wp-caption aligncenter\"><img fetchpriority=\"high\" decoding=\"async\" class=\"size-full wp-image-28729\" title=\"MOC-44946 Micro Assault on Hoth + AT-AT &amp; AT-ST mit 567 Teilen\" src=\"https:\/\/mouldking.store\/wp-content\/uploads\/2021\/12\/moc-44946-micro-assault-on-hoth-at-at-at-st-with-567-pieces.jpg\" alt=\"MOC-44946 Micro Assault on Hoth + AT-AT &amp; AT-ST with 567 pieces\" width=\"800\" height=\"800\" srcset=\"https:\/\/mouldking.store\/wp-content\/uploads\/2021\/12\/moc-44946-micro-assault-on-hoth-at-at-at-st-with-567-pieces.jpg 800w, https:\/\/mouldking.store\/wp-content\/uploads\/2021\/12\/moc-44946-micro-assault-on-hoth-at-at-at-st-with-567-pieces-300x300.jpg 300w, https:\/\/mouldking.store\/wp-content\/uploads\/2021\/12\/moc-44946-micro-assault-on-hoth-at-at-at-st-with-567-pieces-768x768.jpg 768w, https:\/\/mouldking.store\/wp-content\/uploads\/2021\/12\/moc-44946-micro-assault-on-hoth-at-at-at-st-with-567-pieces-600x600.jpg 600w, https:\/\/mouldking.store\/wp-content\/uploads\/2021\/12\/moc-44946-micro-assault-on-hoth-at-at-at-st-with-567-pieces-150x150.jpg 150w\" sizes=\"(max-width: 800px) 100vw, 800px\" \/><figcaption id=\"caption-attachment-28729\" class=\"wp-caption-text\">MOC-44946 Micro Assault on Hoth + AT-AT &amp; AT-ST mit 567 Teilen<\/figcaption><\/figure>\n<p>&nbsp;<\/p>","protected":false},"excerpt":{"rendered":"<p>Product information: Brand: MOC Gender: Unisex Name: Micro Assault on Hoth AT-AT &amp; AT-ST Age Range: &gt; 6 years old Model Number: MOC-44946 Classification: Assemblage Plastic Block Shape: Self-Locking Bricks Material: Plastic Plastic Type: ABS Bricks Blocks: 567 PCS Contains detailed assembly instructions. Notice: 1. Without an original box, but we guarantee our products have [&hellip;]<\/p>","protected":false},"featured_media":28730,"comment_status":"open","ping_status":"closed","template":"","meta":{"_acf_changed":false},"product_cat":[415],"product_tag":[4293,4292],"class_list":["product","first","instock","sale","shipping-taxable","purchasable","product-type-simple"],"acf":[],"_links":{"self":[{"href":"https:\/\/mouldking.store\/de\/wp-json\/wp\/v2\/product\/28728","targetHints":{"allow":["GET"]}}],"collection":[{"href":"https:\/\/mouldking.store\/de\/wp-json\/wp\/v2\/product"}],"about":[{"href":"https:\/\/mouldking.store\/de\/wp-json\/wp\/v2\/types\/product"}],"replies":[{"embeddable":true,"href":"https:\/\/mouldking.store\/de\/wp-json\/wp\/v2\/comments?post=28728"}],"wp:featuredmedia":[{"embeddable":true,"href":"https:\/\/mouldking.store\/de\/wp-json\/wp\/v2\/media\/28730"}],"wp:attachment":[{"href":"https:\/\/mouldking.store\/de\/wp-json\/wp\/v2\/media?parent=28728"}],"wp:term":[{"taxonomy":"product_cat","embeddable":true,"href":"https:\/\/mouldking.store\/de\/wp-json\/wp\/v2\/product_cat?post=28728"},{"taxonomy":"product_tag","embeddable":true,"href":"https:\/\/mouldking.store\/de\/wp-json\/wp\/v2\/product_tag?post=28728"}],"curies":[{"name":"wp","href":"https:\/\/api.w.org\/{rel}","templated":true}]}}