{"id":28852,"date":"2021-12-28T04:33:08","date_gmt":"2021-12-27T21:33:08","guid":{"rendered":"https:\/\/mouldking.store\/?post_type=product&#038;p=28852"},"modified":"2025-12-25T09:16:48","modified_gmt":"2025-12-25T02:16:48","slug":"moc-37121-star-wars-venator-republic-attack-cruiser-with-830-pieces","status":"publish","type":"product","link":"https:\/\/mouldking.store\/de\/shop\/moc-37121-star-wars-venator-republic-attack-cruiser-with-830-pieces\/","title":{"rendered":"MOC-37121 Star Wars Venator Republic Angriffskreuzer mit 830 Teilen"},"content":{"rendered":"<p>Produktinformation:<\/p>\n<ol>\n<li>Marke: MOC<\/li>\n<li>Geschlecht: Unisex<\/li>\n<li>Name: Star Wars Venator Republic Angriffskreuzer<\/li>\n<li>Altersspanne: &gt; 6 Jahre alt<\/li>\n<li>Modellnummer: MOC-37121<\/li>\n<li>Einstufung: Assemblage<\/li>\n<li>Kunststoffblockform: Selbstsichernde Steine<\/li>\n<li>Material: Kunststoff<\/li>\n<li>Kunststofftyp: ABS<\/li>\n<li>Ziegelsteine: 830 ST\u00dcCKE<\/li>\n<li>Enth\u00e4lt eine ausf\u00fchrliche Montageanleitung.<\/li>\n<\/ol>\n<p>Notiz:<br \/>\n1. Ohne Originalverpackung, aber wir garantieren, dass unsere Produkte eine Qualit\u00e4tssicherung und eine sch\u00f6ne Verpackung haben.<br \/>\n2. Wie alle Teile, die wir vor dem Versand \u00fcberpr\u00fcft haben, machen Sie sich keine Sorgen, wenn Sie feststellen, dass einige Teile fehlen oder besch\u00e4digt sind, und kontaktieren Sie uns einfach, und wir k\u00f6nnen sie Ihnen umgehend kostenlos erneut zusenden.<\/p>\n<figure id=\"attachment_28853\" aria-describedby=\"caption-attachment-28853\" style=\"width: 800px\" class=\"wp-caption aligncenter\"><img fetchpriority=\"high\" decoding=\"async\" class=\"size-full wp-image-28853\" title=\"MOC-37121 Star Wars Venator Republic Angriffskreuzer mit 830 Teilen\" src=\"https:\/\/mouldking.store\/wp-content\/uploads\/2021\/12\/moc-37121-star-wars-venator-republic-attack-cruiser-with-830-pieces.jpg\" alt=\"MOC-37121 Star Wars Venator Republic Attack Cruiser with 830 pieces\" width=\"800\" height=\"800\" srcset=\"https:\/\/mouldking.store\/wp-content\/uploads\/2021\/12\/moc-37121-star-wars-venator-republic-attack-cruiser-with-830-pieces.jpg 800w, https:\/\/mouldking.store\/wp-content\/uploads\/2021\/12\/moc-37121-star-wars-venator-republic-attack-cruiser-with-830-pieces-300x300.jpg 300w, https:\/\/mouldking.store\/wp-content\/uploads\/2021\/12\/moc-37121-star-wars-venator-republic-attack-cruiser-with-830-pieces-768x768.jpg 768w, https:\/\/mouldking.store\/wp-content\/uploads\/2021\/12\/moc-37121-star-wars-venator-republic-attack-cruiser-with-830-pieces-600x600.jpg 600w, https:\/\/mouldking.store\/wp-content\/uploads\/2021\/12\/moc-37121-star-wars-venator-republic-attack-cruiser-with-830-pieces-150x150.jpg 150w\" sizes=\"(max-width: 800px) 100vw, 800px\" \/><figcaption id=\"caption-attachment-28853\" class=\"wp-caption-text\">MOC-37121 Star Wars Venator Republic Angriffskreuzer mit 830 Teilen<\/figcaption><\/figure>\n<figure id=\"attachment_28854\" aria-describedby=\"caption-attachment-28854\" style=\"width: 800px\" class=\"wp-caption aligncenter\"><img decoding=\"async\" class=\"size-full wp-image-28854\" title=\"MOC-37121 Star Wars Venator Republic Angriffskreuzer mit 830 Teilen\" src=\"https:\/\/mouldking.store\/wp-content\/uploads\/2021\/12\/moc-37121-star-wars-venator-republic-attack-cruiser-with-830-pieces-1.jpg\" alt=\"MOC-37121 Star Wars Venator Republic Attack Cruiser with 830 pieces\" width=\"800\" height=\"800\" srcset=\"https:\/\/mouldking.store\/wp-content\/uploads\/2021\/12\/moc-37121-star-wars-venator-republic-attack-cruiser-with-830-pieces-1.jpg 800w, https:\/\/mouldking.store\/wp-content\/uploads\/2021\/12\/moc-37121-star-wars-venator-republic-attack-cruiser-with-830-pieces-1-300x300.jpg 300w, https:\/\/mouldking.store\/wp-content\/uploads\/2021\/12\/moc-37121-star-wars-venator-republic-attack-cruiser-with-830-pieces-1-768x768.jpg 768w, https:\/\/mouldking.store\/wp-content\/uploads\/2021\/12\/moc-37121-star-wars-venator-republic-attack-cruiser-with-830-pieces-1-600x600.jpg 600w, https:\/\/mouldking.store\/wp-content\/uploads\/2021\/12\/moc-37121-star-wars-venator-republic-attack-cruiser-with-830-pieces-1-150x150.jpg 150w\" sizes=\"(max-width: 800px) 100vw, 800px\" \/><figcaption id=\"caption-attachment-28854\" class=\"wp-caption-text\">MOC-37121 Star Wars Venator Republic Angriffskreuzer mit 830 Teilen<\/figcaption><\/figure>\n<p>&nbsp;<\/p>","protected":false},"excerpt":{"rendered":"<p>Produktinformationen: Marke: MOC Geschlecht: Unisex Name: Star Wars Venator Republic Attack Cruiser Altersgruppe: &gt; 6 Jahre Modellnummer: MOC-37121 Klassifizierung: Assemblage Plastic Block Form: Selbstverriegelnde Steine Material: Kunststoff Kunststofftyp: ABS Bricks Blocks : 830 PCS Enth\u00e4lt eine ausf\u00fchrliche Montageanleitung. Hinweis: 1. Ohne Originalverpackung, aber wir garantieren, dass unsere Produkte Qualit\u00e4t haben [\u2026]<\/p>","protected":false},"featured_media":28855,"comment_status":"open","ping_status":"closed","template":"","meta":{"_acf_changed":false},"product_cat":[415],"product_tag":[4333,4334],"class_list":["product","first","instock","shipping-taxable","purchasable","product-type-simple"],"acf":[],"_links":{"self":[{"href":"https:\/\/mouldking.store\/de\/wp-json\/wp\/v2\/product\/28852","targetHints":{"allow":["GET"]}}],"collection":[{"href":"https:\/\/mouldking.store\/de\/wp-json\/wp\/v2\/product"}],"about":[{"href":"https:\/\/mouldking.store\/de\/wp-json\/wp\/v2\/types\/product"}],"replies":[{"embeddable":true,"href":"https:\/\/mouldking.store\/de\/wp-json\/wp\/v2\/comments?post=28852"}],"wp:featuredmedia":[{"embeddable":true,"href":"https:\/\/mouldking.store\/de\/wp-json\/wp\/v2\/media\/28855"}],"wp:attachment":[{"href":"https:\/\/mouldking.store\/de\/wp-json\/wp\/v2\/media?parent=28852"}],"wp:term":[{"taxonomy":"product_cat","embeddable":true,"href":"https:\/\/mouldking.store\/de\/wp-json\/wp\/v2\/product_cat?post=28852"},{"taxonomy":"product_tag","embeddable":true,"href":"https:\/\/mouldking.store\/de\/wp-json\/wp\/v2\/product_tag?post=28852"}],"curies":[{"name":"wp","href":"https:\/\/api.w.org\/{rel}","templated":true}]}}