{"id":28917,"date":"2021-12-30T03:45:25","date_gmt":"2021-12-29T20:45:25","guid":{"rendered":"https:\/\/mouldking.store\/?post_type=product&#038;p=28917"},"modified":"2025-12-25T09:16:48","modified_gmt":"2025-12-25T02:16:48","slug":"moc-24500-honda-s2000-ap2-with-1648-pieces","status":"publish","type":"product","link":"https:\/\/mouldking.store\/de\/shop\/moc-24500-honda-s2000-ap2-with-1648-pieces\/","title":{"rendered":"MOC-24500 Honda S2000 AP2 with 1648 pieces"},"content":{"rendered":"<p>Produktinformation:<\/p>\n<ol>\n<li>Marke: MOC<\/li>\n<li>Geschlecht: Unisex<\/li>\n<li>Name: Honda S2000 AP2<\/li>\n<li>Altersspanne: &gt; 6 Jahre alt<\/li>\n<li>Model Number: MOC-24500<\/li>\n<li>Einstufung: Assemblage<\/li>\n<li>Kunststoffblockform: Selbstsichernde Steine<\/li>\n<li>Material: Kunststoff<\/li>\n<li>Kunststofftyp: ABS<\/li>\n<li>Bricks Blocks: 1648 PCS<\/li>\n<li>Enth\u00e4lt eine ausf\u00fchrliche Montageanleitung.<\/li>\n<li>Vorbereitungszeit: 5-7 Wochen<\/li>\n<\/ol>\n<p>Notiz:<br \/>\n1. Ohne Originalverpackung, aber wir garantieren, dass unsere Produkte eine Qualit\u00e4tssicherung und eine sch\u00f6ne Verpackung haben.<br \/>\n2. Wie alle Teile, die wir vor dem Versand \u00fcberpr\u00fcft haben, machen Sie sich keine Sorgen, wenn Sie feststellen, dass einige Teile fehlen oder besch\u00e4digt sind, und kontaktieren Sie uns einfach, und wir k\u00f6nnen sie Ihnen umgehend kostenlos erneut zusenden.<\/p>\n<figure id=\"attachment_28918\" aria-describedby=\"caption-attachment-28918\" style=\"width: 800px\" class=\"wp-caption aligncenter\"><img fetchpriority=\"high\" decoding=\"async\" class=\"size-full wp-image-28918\" title=\"MOC-24500 Honda S2000 AP2 with 1648 pieces\" src=\"https:\/\/mouldking.store\/wp-content\/uploads\/2021\/12\/moc-24500-honda-s2000-ap2-with-1648-pieces.jpg\" alt=\"MOC-24500 Honda S2000 AP2 with 1648 pieces\" width=\"800\" height=\"800\" srcset=\"https:\/\/mouldking.store\/wp-content\/uploads\/2021\/12\/moc-24500-honda-s2000-ap2-with-1648-pieces.jpg 800w, https:\/\/mouldking.store\/wp-content\/uploads\/2021\/12\/moc-24500-honda-s2000-ap2-with-1648-pieces-300x300.jpg 300w, https:\/\/mouldking.store\/wp-content\/uploads\/2021\/12\/moc-24500-honda-s2000-ap2-with-1648-pieces-768x768.jpg 768w, https:\/\/mouldking.store\/wp-content\/uploads\/2021\/12\/moc-24500-honda-s2000-ap2-with-1648-pieces-600x600.jpg 600w, https:\/\/mouldking.store\/wp-content\/uploads\/2021\/12\/moc-24500-honda-s2000-ap2-with-1648-pieces-150x150.jpg 150w\" sizes=\"(max-width: 800px) 100vw, 800px\" \/><figcaption id=\"caption-attachment-28918\" class=\"wp-caption-text\">MOC-24500 Honda S2000 AP2 with 1648 pieces<\/figcaption><\/figure>\n<figure id=\"attachment_28919\" aria-describedby=\"caption-attachment-28919\" style=\"width: 800px\" class=\"wp-caption aligncenter\"><img decoding=\"async\" class=\"size-full wp-image-28919\" title=\"MOC-24500 Honda S2000 AP2 with 1648 pieces\" src=\"https:\/\/mouldking.store\/wp-content\/uploads\/2021\/12\/moc-24500-honda-s2000-ap2-with-1648-pieces-1.jpg\" alt=\"MOC-24500 Honda S2000 AP2 with 1648 pieces\" width=\"800\" height=\"800\" srcset=\"https:\/\/mouldking.store\/wp-content\/uploads\/2021\/12\/moc-24500-honda-s2000-ap2-with-1648-pieces-1.jpg 800w, https:\/\/mouldking.store\/wp-content\/uploads\/2021\/12\/moc-24500-honda-s2000-ap2-with-1648-pieces-1-300x300.jpg 300w, https:\/\/mouldking.store\/wp-content\/uploads\/2021\/12\/moc-24500-honda-s2000-ap2-with-1648-pieces-1-768x768.jpg 768w, https:\/\/mouldking.store\/wp-content\/uploads\/2021\/12\/moc-24500-honda-s2000-ap2-with-1648-pieces-1-600x600.jpg 600w, https:\/\/mouldking.store\/wp-content\/uploads\/2021\/12\/moc-24500-honda-s2000-ap2-with-1648-pieces-1-150x150.jpg 150w\" sizes=\"(max-width: 800px) 100vw, 800px\" \/><figcaption id=\"caption-attachment-28919\" class=\"wp-caption-text\">MOC-24500 Honda S2000 AP2 with 1648 pieces<\/figcaption><\/figure>\n<figure id=\"attachment_28920\" aria-describedby=\"caption-attachment-28920\" style=\"width: 800px\" class=\"wp-caption aligncenter\"><img decoding=\"async\" class=\"size-full wp-image-28920\" title=\"MOC-24500 Honda S2000 AP2 with 1648 pieces\" src=\"https:\/\/mouldking.store\/wp-content\/uploads\/2021\/12\/moc-24500-honda-s2000-ap2-with-1648-pieces-2.jpg\" alt=\"MOC-24500 Honda S2000 AP2 with 1648 pieces\" width=\"800\" height=\"800\" srcset=\"https:\/\/mouldking.store\/wp-content\/uploads\/2021\/12\/moc-24500-honda-s2000-ap2-with-1648-pieces-2.jpg 800w, https:\/\/mouldking.store\/wp-content\/uploads\/2021\/12\/moc-24500-honda-s2000-ap2-with-1648-pieces-2-300x300.jpg 300w, https:\/\/mouldking.store\/wp-content\/uploads\/2021\/12\/moc-24500-honda-s2000-ap2-with-1648-pieces-2-768x768.jpg 768w, https:\/\/mouldking.store\/wp-content\/uploads\/2021\/12\/moc-24500-honda-s2000-ap2-with-1648-pieces-2-600x600.jpg 600w, https:\/\/mouldking.store\/wp-content\/uploads\/2021\/12\/moc-24500-honda-s2000-ap2-with-1648-pieces-2-150x150.jpg 150w\" sizes=\"(max-width: 800px) 100vw, 800px\" \/><figcaption id=\"caption-attachment-28920\" class=\"wp-caption-text\">MOC-24500 Honda S2000 AP2 with 1648 pieces<\/figcaption><\/figure>","protected":false},"excerpt":{"rendered":"<p>Product information: Brand: MOC Gender: Unisex Name: Honda S2000 AP2 Age Range: &gt; 6 years old Model Number: MOC-24500 Classification: Assemblage Plastic Block Shape: Self-Locking Bricks Material: Plastic Plastic Type: ABS Bricks Blocks: 1648 PCS Contains detailed assembly instructions. Arrange Time: 5-7 weeks Notice: 1. Without an original box, but we guarantee our products have [&hellip;]<\/p>","protected":false},"featured_media":28921,"comment_status":"open","ping_status":"closed","template":"","meta":{"_acf_changed":false},"product_cat":[364],"product_tag":[4360,4359],"class_list":["product","first","instock","shipping-taxable","purchasable","product-type-simple"],"acf":[],"_links":{"self":[{"href":"https:\/\/mouldking.store\/de\/wp-json\/wp\/v2\/product\/28917","targetHints":{"allow":["GET"]}}],"collection":[{"href":"https:\/\/mouldking.store\/de\/wp-json\/wp\/v2\/product"}],"about":[{"href":"https:\/\/mouldking.store\/de\/wp-json\/wp\/v2\/types\/product"}],"replies":[{"embeddable":true,"href":"https:\/\/mouldking.store\/de\/wp-json\/wp\/v2\/comments?post=28917"}],"wp:featuredmedia":[{"embeddable":true,"href":"https:\/\/mouldking.store\/de\/wp-json\/wp\/v2\/media\/28921"}],"wp:attachment":[{"href":"https:\/\/mouldking.store\/de\/wp-json\/wp\/v2\/media?parent=28917"}],"wp:term":[{"taxonomy":"product_cat","embeddable":true,"href":"https:\/\/mouldking.store\/de\/wp-json\/wp\/v2\/product_cat?post=28917"},{"taxonomy":"product_tag","embeddable":true,"href":"https:\/\/mouldking.store\/de\/wp-json\/wp\/v2\/product_tag?post=28917"}],"curies":[{"name":"wp","href":"https:\/\/api.w.org\/{rel}","templated":true}]}}