{"id":28954,"date":"2022-01-01T07:22:34","date_gmt":"2022-01-01T07:22:34","guid":{"rendered":"https:\/\/mouldking.store\/?post_type=product&#038;p=28954"},"modified":"2025-12-25T09:12:31","modified_gmt":"2025-12-25T02:12:31","slug":"moc-32708-titanfall-2-vipers-northstar-titan-with-768-pieces","status":"publish","type":"product","link":"https:\/\/mouldking.store\/de\/shop\/moc-32708-titanfall-2-vipers-northstar-titan-with-768-pieces\/","title":{"rendered":"MOC-32708 Titanfall 2 Viper&#039;s Northstar Titan mit 768 Teilen"},"content":{"rendered":"<p>Produktinformation:<\/p>\n<ol>\n<li>Marke: MOC<\/li>\n<li>Geschlecht: Unisex<\/li>\n<li>Name: Titanfall 2 Viper\u2019s Northstar Titan<\/li>\n<li>Altersspanne: &gt; 6 Jahre alt<\/li>\n<li>Modellnummer: MOC-32708<\/li>\n<li>Einstufung: Assemblage<\/li>\n<li>Kunststoffblockform: Selbstsichernde Steine<\/li>\n<li>Material: Kunststoff<\/li>\n<li>Kunststofftyp: ABS<\/li>\n<li>Ziegelsteine: 768 ST\u00dcCKE<\/li>\n<li>Enth\u00e4lt eine ausf\u00fchrliche Montageanleitung.<\/li>\n<\/ol>\n<p>Notiz:<br \/>\n1. Ohne Originalverpackung, aber wir garantieren, dass unsere Produkte eine Qualit\u00e4tssicherung und eine sch\u00f6ne Verpackung haben.<br \/>\n2. Wie alle Teile, die wir vor dem Versand \u00fcberpr\u00fcft haben, machen Sie sich keine Sorgen, wenn Sie feststellen, dass einige Teile fehlen oder besch\u00e4digt sind, und kontaktieren Sie uns einfach, und wir k\u00f6nnen sie Ihnen umgehend kostenlos erneut zusenden.<\/p>\n<figure id=\"attachment_28955\" aria-describedby=\"caption-attachment-28955\" style=\"width: 1000px\" class=\"wp-caption aligncenter\"><img fetchpriority=\"high\" decoding=\"async\" class=\"size-full wp-image-28955\" title=\"MOC-32708 Titanfall 2 Viper&#039;s Northstar Titan mit 768 Teilen\" src=\"https:\/\/mouldking.store\/wp-content\/uploads\/2022\/01\/moc-32708-titanfall-2-vipers-northstar-titan-with-768-pieces.jpg\" alt=\"MOC-32708 Titanfall 2 Viper's Northstar Titan with 768 pieces\" width=\"1000\" height=\"1000\" srcset=\"https:\/\/mouldking.store\/wp-content\/uploads\/2022\/01\/moc-32708-titanfall-2-vipers-northstar-titan-with-768-pieces.jpg 1000w, https:\/\/mouldking.store\/wp-content\/uploads\/2022\/01\/moc-32708-titanfall-2-vipers-northstar-titan-with-768-pieces-300x300.jpg 300w, https:\/\/mouldking.store\/wp-content\/uploads\/2022\/01\/moc-32708-titanfall-2-vipers-northstar-titan-with-768-pieces-768x768.jpg 768w, https:\/\/mouldking.store\/wp-content\/uploads\/2022\/01\/moc-32708-titanfall-2-vipers-northstar-titan-with-768-pieces-600x600.jpg 600w, https:\/\/mouldking.store\/wp-content\/uploads\/2022\/01\/moc-32708-titanfall-2-vipers-northstar-titan-with-768-pieces-150x150.jpg 150w\" sizes=\"(max-width: 1000px) 100vw, 1000px\" \/><figcaption id=\"caption-attachment-28955\" class=\"wp-caption-text\">MOC-32708 Titanfall 2 Viper&#039;s Northstar Titan mit 768 Teilen<\/figcaption><\/figure>\n<figure id=\"attachment_28956\" aria-describedby=\"caption-attachment-28956\" style=\"width: 1000px\" class=\"wp-caption aligncenter\"><img decoding=\"async\" class=\"size-full wp-image-28956\" title=\"MOC-32708 Titanfall 2 Viper&#039;s Northstar Titan mit 768 Teilen\" src=\"https:\/\/mouldking.store\/wp-content\/uploads\/2022\/01\/moc-32708-titanfall-2-vipers-northstar-titan-with-768-pieces-1.jpg\" alt=\"MOC-32708 Titanfall 2 Viper's Northstar Titan with 768 pieces\" width=\"1000\" height=\"1000\" srcset=\"https:\/\/mouldking.store\/wp-content\/uploads\/2022\/01\/moc-32708-titanfall-2-vipers-northstar-titan-with-768-pieces-1.jpg 1000w, https:\/\/mouldking.store\/wp-content\/uploads\/2022\/01\/moc-32708-titanfall-2-vipers-northstar-titan-with-768-pieces-1-300x300.jpg 300w, https:\/\/mouldking.store\/wp-content\/uploads\/2022\/01\/moc-32708-titanfall-2-vipers-northstar-titan-with-768-pieces-1-768x768.jpg 768w, https:\/\/mouldking.store\/wp-content\/uploads\/2022\/01\/moc-32708-titanfall-2-vipers-northstar-titan-with-768-pieces-1-600x600.jpg 600w, https:\/\/mouldking.store\/wp-content\/uploads\/2022\/01\/moc-32708-titanfall-2-vipers-northstar-titan-with-768-pieces-1-150x150.jpg 150w\" sizes=\"(max-width: 1000px) 100vw, 1000px\" \/><figcaption id=\"caption-attachment-28956\" class=\"wp-caption-text\">MOC-32708 Titanfall 2 Viper&#039;s Northstar Titan mit 768 Teilen<\/figcaption><\/figure>\n<figure id=\"attachment_28957\" aria-describedby=\"caption-attachment-28957\" style=\"width: 1000px\" class=\"wp-caption aligncenter\"><img decoding=\"async\" class=\"size-full wp-image-28957\" title=\"MOC-32708 Titanfall 2 Viper&#039;s Northstar Titan mit 768 Teilen\" src=\"https:\/\/mouldking.store\/wp-content\/uploads\/2022\/01\/moc-32708-titanfall-2-vipers-northstar-titan-with-768-pieces-2.jpg\" alt=\"MOC-32708 Titanfall 2 Viper's Northstar Titan with 768 pieces\" width=\"1000\" height=\"1000\" srcset=\"https:\/\/mouldking.store\/wp-content\/uploads\/2022\/01\/moc-32708-titanfall-2-vipers-northstar-titan-with-768-pieces-2.jpg 1000w, https:\/\/mouldking.store\/wp-content\/uploads\/2022\/01\/moc-32708-titanfall-2-vipers-northstar-titan-with-768-pieces-2-300x300.jpg 300w, https:\/\/mouldking.store\/wp-content\/uploads\/2022\/01\/moc-32708-titanfall-2-vipers-northstar-titan-with-768-pieces-2-768x768.jpg 768w, https:\/\/mouldking.store\/wp-content\/uploads\/2022\/01\/moc-32708-titanfall-2-vipers-northstar-titan-with-768-pieces-2-600x600.jpg 600w, https:\/\/mouldking.store\/wp-content\/uploads\/2022\/01\/moc-32708-titanfall-2-vipers-northstar-titan-with-768-pieces-2-150x150.jpg 150w\" sizes=\"(max-width: 1000px) 100vw, 1000px\" \/><figcaption id=\"caption-attachment-28957\" class=\"wp-caption-text\">MOC-32708 Titanfall 2 Viper&#039;s Northstar Titan mit 768 Teilen<\/figcaption><\/figure>","protected":false},"excerpt":{"rendered":"<p>Product information: Brand: MOC Gender: Unisex Name: Titanfall 2 Viper&#8217;s Northstar Titan Age Range: &gt; 6 years old Model Number: MOC-32708 Classification: Assemblage Plastic Block Shape: Self-Locking Bricks Material: Plastic Plastic Type: ABS Bricks Blocks: 768 PCS Contains detailed assembly instructions. Notice: 1. Without an original box, but we guarantee our products have quality assurance [&hellip;]<\/p>","protected":false},"featured_media":28958,"comment_status":"open","ping_status":"closed","template":"","meta":{"_acf_changed":false},"product_cat":[364],"product_tag":[4371,4372],"class_list":["product","first","instock","shipping-taxable","purchasable","product-type-simple"],"acf":[],"_links":{"self":[{"href":"https:\/\/mouldking.store\/de\/wp-json\/wp\/v2\/product\/28954","targetHints":{"allow":["GET"]}}],"collection":[{"href":"https:\/\/mouldking.store\/de\/wp-json\/wp\/v2\/product"}],"about":[{"href":"https:\/\/mouldking.store\/de\/wp-json\/wp\/v2\/types\/product"}],"replies":[{"embeddable":true,"href":"https:\/\/mouldking.store\/de\/wp-json\/wp\/v2\/comments?post=28954"}],"wp:featuredmedia":[{"embeddable":true,"href":"https:\/\/mouldking.store\/de\/wp-json\/wp\/v2\/media\/28958"}],"wp:attachment":[{"href":"https:\/\/mouldking.store\/de\/wp-json\/wp\/v2\/media?parent=28954"}],"wp:term":[{"taxonomy":"product_cat","embeddable":true,"href":"https:\/\/mouldking.store\/de\/wp-json\/wp\/v2\/product_cat?post=28954"},{"taxonomy":"product_tag","embeddable":true,"href":"https:\/\/mouldking.store\/de\/wp-json\/wp\/v2\/product_tag?post=28954"}],"curies":[{"name":"wp","href":"https:\/\/api.w.org\/{rel}","templated":true}]}}