{"id":28978,"date":"2022-01-01T08:10:14","date_gmt":"2022-01-01T08:10:14","guid":{"rendered":"https:\/\/mouldking.store\/?post_type=product&#038;p=28978"},"modified":"2025-12-25T09:12:31","modified_gmt":"2025-12-25T02:12:31","slug":"moc-19873-rick-morty-portal-gun-with-188-pieces","status":"publish","type":"product","link":"https:\/\/mouldking.store\/de\/shop\/moc-19873-rick-morty-portal-gun-with-188-pieces\/","title":{"rendered":"MOC-19873 Rick &amp; Morty Portal Gun mit 188 Teilen"},"content":{"rendered":"<p>Produktinformation:<\/p>\n<ol>\n<li>Marke: MOC<\/li>\n<li>Geschlecht: Unisex<\/li>\n<li>Name: Rick &amp; Morty-Portalkanone<\/li>\n<li>Altersspanne: &gt; 6 Jahre alt<\/li>\n<li>Modellnummer: MOC-19873<\/li>\n<li>Einstufung: Assemblage<\/li>\n<li>Kunststoffblockform: Selbstsichernde Steine<\/li>\n<li>Material: Kunststoff<\/li>\n<li>Kunststofftyp: ABS<\/li>\n<li>Ziegelsteine: 188 St\u00fcck<\/li>\n<li>Enth\u00e4lt eine ausf\u00fchrliche Montageanleitung.<\/li>\n<\/ol>\n<p>Notiz:<br \/>\n1. Ohne Originalverpackung, aber wir garantieren, dass unsere Produkte eine Qualit\u00e4tssicherung und eine sch\u00f6ne Verpackung haben.<br \/>\n2. Wie alle Teile, die wir vor dem Versand \u00fcberpr\u00fcft haben, machen Sie sich keine Sorgen, wenn Sie feststellen, dass einige Teile fehlen oder besch\u00e4digt sind, und kontaktieren Sie uns einfach, und wir k\u00f6nnen sie Ihnen umgehend kostenlos erneut zusenden.<\/p>\n<figure id=\"attachment_28979\" aria-describedby=\"caption-attachment-28979\" style=\"width: 800px\" class=\"wp-caption aligncenter\"><img fetchpriority=\"high\" decoding=\"async\" class=\"size-full wp-image-28979\" title=\"MOC-19873 Rick &amp; Morty Portal Gun mit 188 Teilen\" src=\"https:\/\/mouldking.store\/wp-content\/uploads\/2022\/01\/moc-19873-rick-morty-portal-gun-with-188-pieces.jpg\" alt=\"MOC-19873 Rick &amp; Morty Portal Gun with 188 pieces\" width=\"800\" height=\"800\" srcset=\"https:\/\/mouldking.store\/wp-content\/uploads\/2022\/01\/moc-19873-rick-morty-portal-gun-with-188-pieces.jpg 800w, https:\/\/mouldking.store\/wp-content\/uploads\/2022\/01\/moc-19873-rick-morty-portal-gun-with-188-pieces-300x300.jpg 300w, https:\/\/mouldking.store\/wp-content\/uploads\/2022\/01\/moc-19873-rick-morty-portal-gun-with-188-pieces-768x768.jpg 768w, https:\/\/mouldking.store\/wp-content\/uploads\/2022\/01\/moc-19873-rick-morty-portal-gun-with-188-pieces-600x600.jpg 600w, https:\/\/mouldking.store\/wp-content\/uploads\/2022\/01\/moc-19873-rick-morty-portal-gun-with-188-pieces-150x150.jpg 150w\" sizes=\"(max-width: 800px) 100vw, 800px\" \/><figcaption id=\"caption-attachment-28979\" class=\"wp-caption-text\">MOC-19873 Rick &amp; Morty Portal Gun mit 188 Teilen<\/figcaption><\/figure>\n<figure id=\"attachment_28980\" aria-describedby=\"caption-attachment-28980\" style=\"width: 800px\" class=\"wp-caption aligncenter\"><img decoding=\"async\" class=\"size-full wp-image-28980\" title=\"MOC-19873 Rick &amp; Morty Portal Gun mit 188 Teilen\" src=\"https:\/\/mouldking.store\/wp-content\/uploads\/2022\/01\/moc-19873-rick-morty-portal-gun-with-188-pieces-1.jpg\" alt=\"MOC-19873 Rick &amp; Morty Portal Gun with 188 pieces\" width=\"800\" height=\"800\" srcset=\"https:\/\/mouldking.store\/wp-content\/uploads\/2022\/01\/moc-19873-rick-morty-portal-gun-with-188-pieces-1.jpg 800w, https:\/\/mouldking.store\/wp-content\/uploads\/2022\/01\/moc-19873-rick-morty-portal-gun-with-188-pieces-1-300x300.jpg 300w, https:\/\/mouldking.store\/wp-content\/uploads\/2022\/01\/moc-19873-rick-morty-portal-gun-with-188-pieces-1-768x768.jpg 768w, https:\/\/mouldking.store\/wp-content\/uploads\/2022\/01\/moc-19873-rick-morty-portal-gun-with-188-pieces-1-600x600.jpg 600w, https:\/\/mouldking.store\/wp-content\/uploads\/2022\/01\/moc-19873-rick-morty-portal-gun-with-188-pieces-1-150x150.jpg 150w\" sizes=\"(max-width: 800px) 100vw, 800px\" \/><figcaption id=\"caption-attachment-28980\" class=\"wp-caption-text\">MOC-19873 Rick &amp; Morty Portal Gun mit 188 Teilen<\/figcaption><\/figure>","protected":false},"excerpt":{"rendered":"<p>Product information: Brand: MOC Gender: Unisex Name: Rick &amp; Morty Portal Gun Age Range: &gt; 6 years old Model Number: MOC-19873 Classification: Assemblage Plastic Block Shape: Self-Locking Bricks Material: Plastic Plastic Type: ABS Bricks Blocks: 188 PCS Contains detailed assembly instructions. Notice: 1. Without an original box, but we guarantee our products have quality assurance [&hellip;]<\/p>","protected":false},"featured_media":28981,"comment_status":"open","ping_status":"closed","template":"","meta":{"_acf_changed":false},"product_cat":[371],"product_tag":[4383,4384],"class_list":["product","first","instock","shipping-taxable","purchasable","product-type-simple"],"acf":[],"_links":{"self":[{"href":"https:\/\/mouldking.store\/de\/wp-json\/wp\/v2\/product\/28978","targetHints":{"allow":["GET"]}}],"collection":[{"href":"https:\/\/mouldking.store\/de\/wp-json\/wp\/v2\/product"}],"about":[{"href":"https:\/\/mouldking.store\/de\/wp-json\/wp\/v2\/types\/product"}],"replies":[{"embeddable":true,"href":"https:\/\/mouldking.store\/de\/wp-json\/wp\/v2\/comments?post=28978"}],"wp:featuredmedia":[{"embeddable":true,"href":"https:\/\/mouldking.store\/de\/wp-json\/wp\/v2\/media\/28981"}],"wp:attachment":[{"href":"https:\/\/mouldking.store\/de\/wp-json\/wp\/v2\/media?parent=28978"}],"wp:term":[{"taxonomy":"product_cat","embeddable":true,"href":"https:\/\/mouldking.store\/de\/wp-json\/wp\/v2\/product_cat?post=28978"},{"taxonomy":"product_tag","embeddable":true,"href":"https:\/\/mouldking.store\/de\/wp-json\/wp\/v2\/product_tag?post=28978"}],"curies":[{"name":"wp","href":"https:\/\/api.w.org\/{rel}","templated":true}]}}