{"id":29030,"date":"2022-01-03T03:36:17","date_gmt":"2022-01-02T20:36:17","guid":{"rendered":"https:\/\/mouldking.store\/?post_type=product&#038;p=29030"},"modified":"2025-12-25T09:12:30","modified_gmt":"2025-12-25T02:12:30","slug":"moc-10929-black-velvet-with-2956-pieces","status":"publish","type":"product","link":"https:\/\/mouldking.store\/de\/shop\/moc-10929-black-velvet-with-2956-pieces\/","title":{"rendered":"MOC-10929 Black Velvet mit 2956 Teilen"},"content":{"rendered":"<p>Produktinformation:<\/p>\n<ol>\n<li>Marke: MOC<\/li>\n<li>Geschlecht: Unisex<\/li>\n<li>Name: Black Velvet<\/li>\n<li>Altersspanne: &gt; 6 Jahre alt<\/li>\n<li>Model Number: MOC-10929<\/li>\n<li>Einstufung: Assemblage<\/li>\n<li>Kunststoffblockform: Selbstsichernde Steine<\/li>\n<li>Material: Kunststoff<\/li>\n<li>Kunststofftyp: ABS<\/li>\n<li>Bricks Blocks: 2956 PCS<\/li>\n<li>Enth\u00e4lt eine ausf\u00fchrliche Montageanleitung.<\/li>\n<\/ol>\n<p>Notiz:<br \/>\n1. Ohne Originalverpackung, aber wir garantieren, dass unsere Produkte eine Qualit\u00e4tssicherung und eine sch\u00f6ne Verpackung haben.<br \/>\n2. Wie alle Teile, die wir vor dem Versand \u00fcberpr\u00fcft haben, machen Sie sich keine Sorgen, wenn Sie feststellen, dass einige Teile fehlen oder besch\u00e4digt sind, und kontaktieren Sie uns einfach, und wir k\u00f6nnen sie Ihnen umgehend kostenlos erneut zusenden.<\/p>\n<figure id=\"attachment_29031\" aria-describedby=\"caption-attachment-29031\" style=\"width: 800px\" class=\"wp-caption aligncenter\"><img fetchpriority=\"high\" decoding=\"async\" class=\"size-full wp-image-29031\" title=\"MOC-10929 Black Velvet mit 2956 Teilen\" src=\"https:\/\/mouldking.store\/wp-content\/uploads\/2022\/01\/moc-10929-black-velvet-with-2956-pieces.jpg\" alt=\"MOC-10929 Black Velvet with 2956 pieces\" width=\"800\" height=\"800\" srcset=\"https:\/\/mouldking.store\/wp-content\/uploads\/2022\/01\/moc-10929-black-velvet-with-2956-pieces.jpg 800w, https:\/\/mouldking.store\/wp-content\/uploads\/2022\/01\/moc-10929-black-velvet-with-2956-pieces-300x300.jpg 300w, https:\/\/mouldking.store\/wp-content\/uploads\/2022\/01\/moc-10929-black-velvet-with-2956-pieces-768x768.jpg 768w, https:\/\/mouldking.store\/wp-content\/uploads\/2022\/01\/moc-10929-black-velvet-with-2956-pieces-600x600.jpg 600w, https:\/\/mouldking.store\/wp-content\/uploads\/2022\/01\/moc-10929-black-velvet-with-2956-pieces-150x150.jpg 150w\" sizes=\"(max-width: 800px) 100vw, 800px\" \/><figcaption id=\"caption-attachment-29031\" class=\"wp-caption-text\">MOC-10929 Black Velvet mit 2956 Teilen<\/figcaption><\/figure>\n<figure id=\"attachment_29032\" aria-describedby=\"caption-attachment-29032\" style=\"width: 800px\" class=\"wp-caption aligncenter\"><img decoding=\"async\" class=\"size-full wp-image-29032\" title=\"MOC-10929 Black Velvet mit 2956 Teilen\" src=\"https:\/\/mouldking.store\/wp-content\/uploads\/2022\/01\/moc-10929-black-velvet-with-2956-pieces-1.jpg\" alt=\"MOC-10929 Black Velvet with 2956 pieces\" width=\"800\" height=\"800\" srcset=\"https:\/\/mouldking.store\/wp-content\/uploads\/2022\/01\/moc-10929-black-velvet-with-2956-pieces-1.jpg 800w, https:\/\/mouldking.store\/wp-content\/uploads\/2022\/01\/moc-10929-black-velvet-with-2956-pieces-1-300x300.jpg 300w, https:\/\/mouldking.store\/wp-content\/uploads\/2022\/01\/moc-10929-black-velvet-with-2956-pieces-1-768x768.jpg 768w, https:\/\/mouldking.store\/wp-content\/uploads\/2022\/01\/moc-10929-black-velvet-with-2956-pieces-1-600x600.jpg 600w, https:\/\/mouldking.store\/wp-content\/uploads\/2022\/01\/moc-10929-black-velvet-with-2956-pieces-1-150x150.jpg 150w\" sizes=\"(max-width: 800px) 100vw, 800px\" \/><figcaption id=\"caption-attachment-29032\" class=\"wp-caption-text\">MOC-10929 Black Velvet mit 2956 Teilen<\/figcaption><\/figure>\n<figure id=\"attachment_29033\" aria-describedby=\"caption-attachment-29033\" style=\"width: 800px\" class=\"wp-caption aligncenter\"><img decoding=\"async\" class=\"size-full wp-image-29033\" title=\"MOC-10929 Black Velvet mit 2956 Teilen\" src=\"https:\/\/mouldking.store\/wp-content\/uploads\/2022\/01\/moc-10929-black-velvet-with-2956-pieces-2.jpg\" alt=\"MOC-10929 Black Velvet with 2956 pieces\" width=\"800\" height=\"800\" srcset=\"https:\/\/mouldking.store\/wp-content\/uploads\/2022\/01\/moc-10929-black-velvet-with-2956-pieces-2.jpg 800w, https:\/\/mouldking.store\/wp-content\/uploads\/2022\/01\/moc-10929-black-velvet-with-2956-pieces-2-300x300.jpg 300w, https:\/\/mouldking.store\/wp-content\/uploads\/2022\/01\/moc-10929-black-velvet-with-2956-pieces-2-768x768.jpg 768w, https:\/\/mouldking.store\/wp-content\/uploads\/2022\/01\/moc-10929-black-velvet-with-2956-pieces-2-600x600.jpg 600w, https:\/\/mouldking.store\/wp-content\/uploads\/2022\/01\/moc-10929-black-velvet-with-2956-pieces-2-150x150.jpg 150w\" sizes=\"(max-width: 800px) 100vw, 800px\" \/><figcaption id=\"caption-attachment-29033\" class=\"wp-caption-text\">MOC-10929 Black Velvet mit 2956 Teilen<\/figcaption><\/figure>","protected":false},"excerpt":{"rendered":"<p>Product information: Brand: MOC Gender: Unisex Name: Black Velvet Age Range: &gt; 6 years old Model Number: MOC-10929 Classification: Assemblage Plastic Block Shape: Self-Locking Bricks Material: Plastic Plastic Type: ABS Bricks Blocks: 2956 PCS Contains detailed assembly instructions. Notice: 1. Without an original box, but we guarantee our products have quality assurance and nice packaging. [&hellip;]<\/p>","protected":false},"featured_media":29034,"comment_status":"open","ping_status":"closed","template":"","meta":{"_acf_changed":false},"product_cat":[390],"product_tag":[4404,4403],"class_list":["product","first","instock","shipping-taxable","purchasable","product-type-simple"],"acf":[],"_links":{"self":[{"href":"https:\/\/mouldking.store\/de\/wp-json\/wp\/v2\/product\/29030","targetHints":{"allow":["GET"]}}],"collection":[{"href":"https:\/\/mouldking.store\/de\/wp-json\/wp\/v2\/product"}],"about":[{"href":"https:\/\/mouldking.store\/de\/wp-json\/wp\/v2\/types\/product"}],"replies":[{"embeddable":true,"href":"https:\/\/mouldking.store\/de\/wp-json\/wp\/v2\/comments?post=29030"}],"wp:featuredmedia":[{"embeddable":true,"href":"https:\/\/mouldking.store\/de\/wp-json\/wp\/v2\/media\/29034"}],"wp:attachment":[{"href":"https:\/\/mouldking.store\/de\/wp-json\/wp\/v2\/media?parent=29030"}],"wp:term":[{"taxonomy":"product_cat","embeddable":true,"href":"https:\/\/mouldking.store\/de\/wp-json\/wp\/v2\/product_cat?post=29030"},{"taxonomy":"product_tag","embeddable":true,"href":"https:\/\/mouldking.store\/de\/wp-json\/wp\/v2\/product_tag?post=29030"}],"curies":[{"name":"wp","href":"https:\/\/api.w.org\/{rel}","templated":true}]}}