{"id":29051,"date":"2022-01-04T03:35:03","date_gmt":"2022-01-04T03:35:03","guid":{"rendered":"https:\/\/mouldking.store\/?post_type=product&#038;p=29051"},"modified":"2025-12-25T09:12:30","modified_gmt":"2025-12-25T02:12:30","slug":"moc-11246-a-team-gmc-vandura-van-with-230-pieces","status":"publish","type":"product","link":"https:\/\/mouldking.store\/de\/shop\/moc-11246-a-team-gmc-vandura-van-with-230-pieces\/","title":{"rendered":"MOC-11246 A-Team GMC Vandura Van with 230 pieces"},"content":{"rendered":"<p>Produktinformation:<\/p>\n<ol>\n<li>Marke: MOC<\/li>\n<li>Geschlecht: Unisex<\/li>\n<li>Name: A-Team GMC Vandura Van<\/li>\n<li>Altersspanne: &gt; 6 Jahre alt<\/li>\n<li>Model Number: MOC-11246<\/li>\n<li>Einstufung: Assemblage<\/li>\n<li>Kunststoffblockform: Selbstsichernde Steine<\/li>\n<li>Material: Kunststoff<\/li>\n<li>Kunststofftyp: ABS<\/li>\n<li>Bricks Blocks: 230 PCS<\/li>\n<li>Enth\u00e4lt eine ausf\u00fchrliche Montageanleitung.<\/li>\n<\/ol>\n<p>Notiz:<br \/>\n1. Ohne Originalverpackung, aber wir garantieren, dass unsere Produkte eine Qualit\u00e4tssicherung und eine sch\u00f6ne Verpackung haben.<br \/>\n2. Wie alle Teile, die wir vor dem Versand \u00fcberpr\u00fcft haben, machen Sie sich keine Sorgen, wenn Sie feststellen, dass einige Teile fehlen oder besch\u00e4digt sind, und kontaktieren Sie uns einfach, und wir k\u00f6nnen sie Ihnen umgehend kostenlos erneut zusenden.<\/p>\n<figure id=\"attachment_29052\" aria-describedby=\"caption-attachment-29052\" style=\"width: 800px\" class=\"wp-caption aligncenter\"><img fetchpriority=\"high\" decoding=\"async\" class=\"size-full wp-image-29052\" title=\"MOC-11246 A-Team GMC Vandura Van with 230 pieces\" src=\"https:\/\/mouldking.store\/wp-content\/uploads\/2022\/01\/moc-11246-a-team-gmc-vandura-van-with-230-pieces.jpg\" alt=\"MOC-11246 A-Team GMC Vandura Van with 230 pieces\" width=\"800\" height=\"800\" srcset=\"https:\/\/mouldking.store\/wp-content\/uploads\/2022\/01\/moc-11246-a-team-gmc-vandura-van-with-230-pieces.jpg 800w, https:\/\/mouldking.store\/wp-content\/uploads\/2022\/01\/moc-11246-a-team-gmc-vandura-van-with-230-pieces-300x300.jpg 300w, https:\/\/mouldking.store\/wp-content\/uploads\/2022\/01\/moc-11246-a-team-gmc-vandura-van-with-230-pieces-768x768.jpg 768w, https:\/\/mouldking.store\/wp-content\/uploads\/2022\/01\/moc-11246-a-team-gmc-vandura-van-with-230-pieces-600x600.jpg 600w, https:\/\/mouldking.store\/wp-content\/uploads\/2022\/01\/moc-11246-a-team-gmc-vandura-van-with-230-pieces-150x150.jpg 150w\" sizes=\"(max-width: 800px) 100vw, 800px\" \/><figcaption id=\"caption-attachment-29052\" class=\"wp-caption-text\">MOC-11246 A-Team GMC Vandura Van with 230 pieces<\/figcaption><\/figure>\n<figure id=\"attachment_29053\" aria-describedby=\"caption-attachment-29053\" style=\"width: 800px\" class=\"wp-caption aligncenter\"><img decoding=\"async\" class=\"size-full wp-image-29053\" title=\"MOC-11246 A-Team GMC Vandura Van with 230 pieces\" src=\"https:\/\/mouldking.store\/wp-content\/uploads\/2022\/01\/moc-11246-a-team-gmc-vandura-van-with-230-pieces.png\" alt=\"MOC-11246 A-Team GMC Vandura Van with 230 pieces\" width=\"800\" height=\"800\" srcset=\"https:\/\/mouldking.store\/wp-content\/uploads\/2022\/01\/moc-11246-a-team-gmc-vandura-van-with-230-pieces.png 800w, https:\/\/mouldking.store\/wp-content\/uploads\/2022\/01\/moc-11246-a-team-gmc-vandura-van-with-230-pieces-300x300.png 300w, https:\/\/mouldking.store\/wp-content\/uploads\/2022\/01\/moc-11246-a-team-gmc-vandura-van-with-230-pieces-768x768.png 768w, https:\/\/mouldking.store\/wp-content\/uploads\/2022\/01\/moc-11246-a-team-gmc-vandura-van-with-230-pieces-600x600.png 600w, https:\/\/mouldking.store\/wp-content\/uploads\/2022\/01\/moc-11246-a-team-gmc-vandura-van-with-230-pieces-150x150.png 150w\" sizes=\"(max-width: 800px) 100vw, 800px\" \/><figcaption id=\"caption-attachment-29053\" class=\"wp-caption-text\">MOC-11246 A-Team GMC Vandura Van with 230 pieces<\/figcaption><\/figure>","protected":false},"excerpt":{"rendered":"<p>Product information: Brand: MOC Gender: Unisex Name: A-Team GMC Vandura Van Age Range: &gt; 6 years old Model Number: MOC-11246 Classification: Assemblage Plastic Block Shape: Self-Locking Bricks Material: Plastic Plastic Type: ABS Bricks Blocks: 230 PCS Contains detailed assembly instructions. Notice: 1. Without an original box, but we guarantee our products have quality assurance and [&hellip;]<\/p>","protected":false},"featured_media":29054,"comment_status":"open","ping_status":"closed","template":"","meta":{"_acf_changed":false},"product_cat":[364],"product_tag":[4408,4407],"class_list":["product","first","instock","shipping-taxable","purchasable","product-type-simple"],"acf":[],"_links":{"self":[{"href":"https:\/\/mouldking.store\/de\/wp-json\/wp\/v2\/product\/29051","targetHints":{"allow":["GET"]}}],"collection":[{"href":"https:\/\/mouldking.store\/de\/wp-json\/wp\/v2\/product"}],"about":[{"href":"https:\/\/mouldking.store\/de\/wp-json\/wp\/v2\/types\/product"}],"replies":[{"embeddable":true,"href":"https:\/\/mouldking.store\/de\/wp-json\/wp\/v2\/comments?post=29051"}],"wp:featuredmedia":[{"embeddable":true,"href":"https:\/\/mouldking.store\/de\/wp-json\/wp\/v2\/media\/29054"}],"wp:attachment":[{"href":"https:\/\/mouldking.store\/de\/wp-json\/wp\/v2\/media?parent=29051"}],"wp:term":[{"taxonomy":"product_cat","embeddable":true,"href":"https:\/\/mouldking.store\/de\/wp-json\/wp\/v2\/product_cat?post=29051"},{"taxonomy":"product_tag","embeddable":true,"href":"https:\/\/mouldking.store\/de\/wp-json\/wp\/v2\/product_tag?post=29051"}],"curies":[{"name":"wp","href":"https:\/\/api.w.org\/{rel}","templated":true}]}}