{"id":29127,"date":"2022-01-07T03:13:20","date_gmt":"2022-01-07T03:13:20","guid":{"rendered":"https:\/\/mouldking.store\/?post_type=product&#038;p=29127"},"modified":"2025-12-25T09:12:29","modified_gmt":"2025-12-25T02:12:29","slug":"moc-77171-forbidden-island-with-2935-pieces","status":"publish","type":"product","link":"https:\/\/mouldking.store\/de\/shop\/moc-77171-forbidden-island-with-2935-pieces\/","title":{"rendered":"MOC-77171 Verbotene Insel mit 2935 Teilen"},"content":{"rendered":"<p>Produktinformation:<\/p>\n<ol>\n<li>Marke: MOC<\/li>\n<li>Geschlecht: Unisex<\/li>\n<li>Name: Verbotene Insel<\/li>\n<li>Altersspanne: &gt; 6 Jahre alt<\/li>\n<li>Modellnummer: MOC-77171<\/li>\n<li>Einstufung: Assemblage<\/li>\n<li>Kunststoffblockform: Selbstsichernde Steine<\/li>\n<li>Material: Kunststoff<\/li>\n<li>Kunststofftyp: ABS<\/li>\n<li>Ziegelsteine: 2935 PCS<\/li>\n<li>Enth\u00e4lt eine ausf\u00fchrliche Montageanleitung.<\/li>\n<\/ol>\n<p>Notiz:<br \/>\n1. Ohne Originalverpackung, aber wir garantieren, dass unsere Produkte eine Qualit\u00e4tssicherung und eine sch\u00f6ne Verpackung haben.<br \/>\n2. Wie alle Teile, die wir vor dem Versand \u00fcberpr\u00fcft haben, machen Sie sich keine Sorgen, wenn Sie feststellen, dass einige Teile fehlen oder besch\u00e4digt sind, und kontaktieren Sie uns einfach, und wir k\u00f6nnen sie Ihnen umgehend kostenlos erneut zusenden.<\/p>\n<figure id=\"attachment_29128\" aria-describedby=\"caption-attachment-29128\" style=\"width: 1000px\" class=\"wp-caption aligncenter\"><img fetchpriority=\"high\" decoding=\"async\" class=\"size-full wp-image-29128\" title=\"MOC-77171 Verbotene Insel mit 2935 Teilen\" src=\"https:\/\/mouldking.store\/wp-content\/uploads\/2022\/01\/moc-77171-forbidden-island-with-2935-pieces.jpg\" alt=\"MOC-77171 Forbidden Island with 2935 pieces\" width=\"1000\" height=\"1000\" srcset=\"https:\/\/mouldking.store\/wp-content\/uploads\/2022\/01\/moc-77171-forbidden-island-with-2935-pieces.jpg 1000w, https:\/\/mouldking.store\/wp-content\/uploads\/2022\/01\/moc-77171-forbidden-island-with-2935-pieces-300x300.jpg 300w, https:\/\/mouldking.store\/wp-content\/uploads\/2022\/01\/moc-77171-forbidden-island-with-2935-pieces-768x768.jpg 768w, https:\/\/mouldking.store\/wp-content\/uploads\/2022\/01\/moc-77171-forbidden-island-with-2935-pieces-600x600.jpg 600w, https:\/\/mouldking.store\/wp-content\/uploads\/2022\/01\/moc-77171-forbidden-island-with-2935-pieces-150x150.jpg 150w\" sizes=\"(max-width: 1000px) 100vw, 1000px\" \/><figcaption id=\"caption-attachment-29128\" class=\"wp-caption-text\">MOC-77171 Verbotene Insel mit 2935 Teilen<\/figcaption><\/figure>\n<figure id=\"attachment_29129\" aria-describedby=\"caption-attachment-29129\" style=\"width: 1000px\" class=\"wp-caption aligncenter\"><img decoding=\"async\" class=\"size-full wp-image-29129\" title=\"MOC-77171 Verbotene Insel mit 2935 Teilen\" src=\"https:\/\/mouldking.store\/wp-content\/uploads\/2022\/01\/moc-77171-forbidden-island-with-2935-pieces-1.jpg\" alt=\"MOC-77171 Forbidden Island with 2935 pieces\" width=\"1000\" height=\"1000\" srcset=\"https:\/\/mouldking.store\/wp-content\/uploads\/2022\/01\/moc-77171-forbidden-island-with-2935-pieces-1.jpg 1000w, https:\/\/mouldking.store\/wp-content\/uploads\/2022\/01\/moc-77171-forbidden-island-with-2935-pieces-1-300x300.jpg 300w, https:\/\/mouldking.store\/wp-content\/uploads\/2022\/01\/moc-77171-forbidden-island-with-2935-pieces-1-768x768.jpg 768w, https:\/\/mouldking.store\/wp-content\/uploads\/2022\/01\/moc-77171-forbidden-island-with-2935-pieces-1-600x600.jpg 600w, https:\/\/mouldking.store\/wp-content\/uploads\/2022\/01\/moc-77171-forbidden-island-with-2935-pieces-1-150x150.jpg 150w\" sizes=\"(max-width: 1000px) 100vw, 1000px\" \/><figcaption id=\"caption-attachment-29129\" class=\"wp-caption-text\">MOC-77171 Verbotene Insel mit 2935 Teilen<\/figcaption><\/figure>\n<figure id=\"attachment_29130\" aria-describedby=\"caption-attachment-29130\" style=\"width: 1000px\" class=\"wp-caption aligncenter\"><img decoding=\"async\" class=\"size-full wp-image-29130\" title=\"MOC-77171 Verbotene Insel mit 2935 Teilen\" src=\"https:\/\/mouldking.store\/wp-content\/uploads\/2022\/01\/moc-77171-forbidden-island-with-2935-pieces-2.jpg\" alt=\"MOC-77171 Forbidden Island with 2935 pieces\" width=\"1000\" height=\"1000\" srcset=\"https:\/\/mouldking.store\/wp-content\/uploads\/2022\/01\/moc-77171-forbidden-island-with-2935-pieces-2.jpg 1000w, https:\/\/mouldking.store\/wp-content\/uploads\/2022\/01\/moc-77171-forbidden-island-with-2935-pieces-2-300x300.jpg 300w, https:\/\/mouldking.store\/wp-content\/uploads\/2022\/01\/moc-77171-forbidden-island-with-2935-pieces-2-768x768.jpg 768w, https:\/\/mouldking.store\/wp-content\/uploads\/2022\/01\/moc-77171-forbidden-island-with-2935-pieces-2-600x600.jpg 600w, https:\/\/mouldking.store\/wp-content\/uploads\/2022\/01\/moc-77171-forbidden-island-with-2935-pieces-2-150x150.jpg 150w\" sizes=\"(max-width: 1000px) 100vw, 1000px\" \/><figcaption id=\"caption-attachment-29130\" class=\"wp-caption-text\">MOC-77171 Verbotene Insel mit 2935 Teilen<\/figcaption><\/figure>","protected":false},"excerpt":{"rendered":"<p>Product information: Brand: MOC Gender: Unisex Name: Forbidden Island Age Range: &gt; 6 years old Model Number: MOC-77171 Classification: Assemblage Plastic Block Shape: Self-Locking Bricks Material: Plastic Plastic Type: ABS Bricks Blocks: 2935 PCS Contains detailed assembly instructions. Notice: 1. Without an original box, but we guarantee our products have quality assurance and nice packaging. [&hellip;]<\/p>","protected":false},"featured_media":29131,"comment_status":"open","ping_status":"closed","template":"","meta":{"_acf_changed":false},"product_cat":[390],"product_tag":[4434,4433],"class_list":["product","first","instock","shipping-taxable","purchasable","product-type-simple"],"acf":[],"_links":{"self":[{"href":"https:\/\/mouldking.store\/de\/wp-json\/wp\/v2\/product\/29127","targetHints":{"allow":["GET"]}}],"collection":[{"href":"https:\/\/mouldking.store\/de\/wp-json\/wp\/v2\/product"}],"about":[{"href":"https:\/\/mouldking.store\/de\/wp-json\/wp\/v2\/types\/product"}],"replies":[{"embeddable":true,"href":"https:\/\/mouldking.store\/de\/wp-json\/wp\/v2\/comments?post=29127"}],"wp:featuredmedia":[{"embeddable":true,"href":"https:\/\/mouldking.store\/de\/wp-json\/wp\/v2\/media\/29131"}],"wp:attachment":[{"href":"https:\/\/mouldking.store\/de\/wp-json\/wp\/v2\/media?parent=29127"}],"wp:term":[{"taxonomy":"product_cat","embeddable":true,"href":"https:\/\/mouldking.store\/de\/wp-json\/wp\/v2\/product_cat?post=29127"},{"taxonomy":"product_tag","embeddable":true,"href":"https:\/\/mouldking.store\/de\/wp-json\/wp\/v2\/product_tag?post=29127"}],"curies":[{"name":"wp","href":"https:\/\/api.w.org\/{rel}","templated":true}]}}